{"id":5804,"date":"2024-11-10T14:41:28","date_gmt":"2024-11-10T13:41:28","guid":{"rendered":"https:\/\/dtfprint.hr\/proizvod\/kariban-ka2026-zenska-organic-180-pique-polo-majica\/"},"modified":"2026-04-09T12:31:54","modified_gmt":"2026-04-09T10:31:54","slug":"kariban-ka2026-zenska-organic-180-pique-polo-majica","status":"publish","type":"product","link":"https:\/\/dtfprint.hr\/fr\/proizvod\/kariban-ka2026-zenska-organic-180-pique-polo-majica\/","title":{"rendered":"Kariban KA2026 POLO FEMME PIQU\u00c9 BIO 180"},"content":{"rendered":"<p>Proizvo\u0111a\u010d: Kariban<\/p>\n<p>Sastav: 100% Pamuk|Organic cotton<\/p>\n<p>Odr\u017eavanje: <\/p>\n<p>Izrez i ostale specifikacije: Kratki rukav<\/p>\n<p><img decoding=\"async\" src=\"https:\/\/images.promotekstil.hr\/brands-logo\/kariban.png\" alt=\"Kariban\" \/><\/p>\n<p>Caract\u00e9ristiques:<\/p>\n<p>100% cotton<br \/>\nThis polo shirt is made from 100% organic combed cotton<br \/>\nStraight fit<br \/>\nRibbed neck and cuffs<br \/>\nPlacket with 2matching buttons<br \/>\nTape at inner neck and side slits<br \/>\nSide stitching<br \/>\nTwin needle stitching at half moon. cuffs and hem<br \/>\nNo brand label at neck. only size tag for easy customization<br \/>\nCertified STANDARD 100 by OEKO-TEX\u00aeN\u00b0 CQ1007\/6. IFTH<\/p>\n<p><img decoding=\"async\" src=\"https:\/\/images.promotekstil.hr\/other-images\/specimages\/0iyrgv_a_b_polo-ladies.png\" \/><\/p>\n<table class=\"size_table\">\n<tbody>\n<tr>\n<td><\/td>\n<td>XS<\/td>\n<td>S<\/td>\n<td>M<\/td>\n<td>L<\/td>\n<td>XL<\/td>\n<td>2XL<\/td>\n<td>3XL<\/td>\n<\/tr>\n<tr>\n<td>\u0160irina prsa (B)<\/td>\n<td>0<\/td>\n<td>0<\/td>\n<td>0<\/td>\n<td>0<\/td>\n<td>0<\/td>\n<td>0<\/td>\n<td>0<\/td>\n<\/tr>\n<tr>\n<td>\u0160irina ramena (B)<\/td>\n<td>0<\/td>\n<td>0<\/td>\n<td>0<\/td>\n<td>0<\/td>\n<td>0<\/td>\n<td>0<\/td>\n<td>0<\/td>\n<\/tr>\n<tr>\n<td>Sredi\u0161nja duljina rukava (C)<\/td>\n<td>0<\/td>\n<td>0<\/td>\n<td>0<\/td>\n<td>0<\/td>\n<td>0<\/td>\n<td>0<\/td>\n<td>0<\/td>\n<\/tr>\n<\/tbody>\n<\/table>\n<p>&nbsp;<\/p>","protected":false},"excerpt":{"rendered":"<p>\u017dENSKA ORGANIC 180 PIQU\u00c9 POLO MAJICA<\/p>","protected":false},"featured_media":5805,"template":"","meta":{"_seopress_robots_primary_cat":"","_seopress_titles_title":"","_seopress_titles_desc":"","_seopress_robots_index":""},"product_brand":[],"product_cat":[310,306,309],"product_tag":[344,342,323],"class_list":{"0":"post-5804","1":"product","2":"type-product","3":"status-publish","4":"has-post-thumbnail","6":"product_cat-kariban","7":"product_cat-polo-majica","8":"product_cat-zenska-odjeca","9":"product_tag-ka2026","10":"product_tag-kariban","11":"product_tag-polo-majica","12":"product_shipping_class-dvije-dostave","14":"first","15":"instock","16":"taxable","17":"shipping-taxable","18":"purchasable","19":"product-type-variable"},"tiered_pricing_type":"fixed","tiered_pricing_fixed_rules":[],"tiered_pricing_product_settings":{"layout":"default","base_unit_name":{"singular":null,"plural":null},"default_variation":null},"tiered_pricing_minimum_quantity":null,"tiered_pricing_roles_data":[],"tiered_pricing_percentage_rules":[],"tiered_pricing_maximum_quantity":null,"tiered_pricing_quantity_step":null,"_links":{"self":[{"href":"https:\/\/dtfprint.hr\/fr\/wp-json\/wp\/v2\/product\/5804","targetHints":{"allow":["GET"]}}],"collection":[{"href":"https:\/\/dtfprint.hr\/fr\/wp-json\/wp\/v2\/product"}],"about":[{"href":"https:\/\/dtfprint.hr\/fr\/wp-json\/wp\/v2\/types\/product"}],"wp:featuredmedia":[{"embeddable":true,"href":"https:\/\/dtfprint.hr\/fr\/wp-json\/wp\/v2\/media\/5805"}],"wp:attachment":[{"href":"https:\/\/dtfprint.hr\/fr\/wp-json\/wp\/v2\/media?parent=5804"}],"wp:term":[{"taxonomy":"product_brand","embeddable":true,"href":"https:\/\/dtfprint.hr\/fr\/wp-json\/wp\/v2\/product_brand?post=5804"},{"taxonomy":"product_cat","embeddable":true,"href":"https:\/\/dtfprint.hr\/fr\/wp-json\/wp\/v2\/product_cat?post=5804"},{"taxonomy":"product_tag","embeddable":true,"href":"https:\/\/dtfprint.hr\/fr\/wp-json\/wp\/v2\/product_tag?post=5804"}],"curies":[{"name":"wp","href":"https:\/\/api.w.org\/{rel}","templated":true}]}}