{"id":5594,"date":"2024-11-10T14:41:09","date_gmt":"2024-11-10T13:41:09","guid":{"rendered":"https:\/\/dtfprint.hr\/proizvod\/gildan-gil64800-softstyle-zenski-double-pique-polo-majica\/"},"modified":"2026-04-09T12:31:54","modified_gmt":"2026-04-09T10:31:54","slug":"gildan-gil64800-softstyle-zenski-double-pique-polo-majica","status":"publish","type":"product","link":"https:\/\/dtfprint.hr\/fr\/proizvod\/gildan-gil64800-softstyle-zenski-double-pique-polo-majica\/","title":{"rendered":"Polo Gildan GIL64800 SOFTSTYLE DOUBLE PIQU\u00c9 POUR FEMME"},"content":{"rendered":"<p>Proizvo\u0111a\u010d: Gildan<\/p>\n<p>Sastav: 100% Pamuk|Piqu\u00e9<\/p>\n<p>Odr\u017eavanje: <img decoding=\"async\" src=\"https:\/\/images.promotekstil.hr\/other-images\/care-labels\/mw_40c.jpg\" style=\"height: 20px;margin-right: 5px\" alt=\"Normal agitation at 40 \u00b0C\" title=\"Normal agitation at 40 \u00b0C\" \/><img decoding=\"async\" src=\"https:\/\/images.promotekstil.hr\/other-images\/care-labels\/td_nor_m.jpg\" style=\"height: 20px;margin-right: 5px\" alt=\"Normalno su\u0161enje u su\u0161ilici na srednjoj temperaturi\" title=\"Normalno su\u0161enje u su\u0161ilici na srednjoj temperaturi\" \/><img decoding=\"async\" src=\"https:\/\/images.promotekstil.hr\/other-images\/care-labels\/ir_dontt.jpg\" style=\"height: 20px;margin-right: 5px\" alt=\"Ne peglati\" title=\"Ne peglati\" \/><img decoding=\"async\" src=\"https:\/\/images.promotekstil.hr\/other-images\/care-labels\/dc_donot.jpg\" style=\"height: 20px;margin-right: 5px\" alt=\"Ne \u010distiti kemijski\" title=\"Ne \u010distiti kemijski\" \/><img decoding=\"async\" src=\"https:\/\/images.promotekstil.hr\/other-images\/care-labels\/b_nonchl.jpg\" style=\"height: 20px;margin-right: 5px\" alt=\"Izbjeljiva\u010d bez klora kada je to potrebno\" title=\"Izbjeljiva\u010d bez klora kada je to potrebno\" \/><\/p>\n<p>Izrez i ostale specifikacije: Kratki rukav; Bo\u010dni \u0161av; Fitted<\/p>\n<p><img decoding=\"async\" src=\"https:\/\/images.promotekstil.hr\/brands-logo\/gildan.png\" alt=\"Gildan\" \/><\/p>\n<p>Caract\u00e9ristiques:<\/p>\n<p>177.0 G\/SqM (White 172.0 G\/SqM)<br \/>\n100% Ring Spun Cotton<br \/>\nIn transition to 100% Combed Ring Spun Cotton<br \/>\nSemi-fitted contoured silhouette with side seam<br \/>\nContoured welt collar<br \/>\nTearaway label<br \/>\nRolled forward topstitched shoulder<br \/>\nClean finished reversed placket with reinforced bottom box<br \/>\nTwin needle sleeve and bottom hems<br \/>\n4 colour-matched buttons<br \/>\n    Transferring into GIL64800-B3<\/p>\n<p><img decoding=\"async\" src=\"https:\/\/images.promotekstil.hr\/other-images\/specimages\/keeadb_polo-ladies.png\" \/><\/p>\n<table class=\"size_table\">\n<tbody>\n<tr>\n<td><\/td>\n<td>S<\/td>\n<td>M<\/td>\n<td>L<\/td>\n<td>XL<\/td>\n<td>2XL<\/td>\n<\/tr>\n<tr>\n<td>Duljina tijela (A)<\/td>\n<td>65<\/td>\n<td>67<\/td>\n<td>70<\/td>\n<td>72<\/td>\n<td>75<\/td>\n<\/tr>\n<tr>\n<td>\u0160irina prsa (B)<\/td>\n<td>42<\/td>\n<td>45<\/td>\n<td>50<\/td>\n<td>54<\/td>\n<td>58<\/td>\n<\/tr>\n<tr>\n<td>Sredi\u0161nja duljina rukava (C)<\/td>\n<td>38<\/td>\n<td>39<\/td>\n<td>41<\/td>\n<td>43<\/td>\n<td>45<\/td>\n<\/tr>\n<\/tbody>\n<\/table>\n<p>&nbsp;<\/p>","protected":false},"excerpt":{"rendered":"<p>SOFTSTYLE\u00ae \u017dENSKI DOUBLE PIQU\u00c9 POLO MAJICA<\/p>","protected":false},"featured_media":0,"template":"","meta":{"_seopress_robots_primary_cat":"","_seopress_titles_title":"","_seopress_titles_desc":"","_seopress_robots_index":""},"product_brand":[],"product_cat":[303,306,309],"product_tag":[338,315,323],"class_list":{"0":"post-5594","1":"product","2":"type-product","3":"status-publish","5":"product_cat-gildan","6":"product_cat-polo-majica","7":"product_cat-zenska-odjeca","8":"product_tag-gil64800","9":"product_tag-gildan","10":"product_tag-polo-majica","11":"product_shipping_class-dvije-dostave","13":"first","14":"instock","15":"taxable","16":"shipping-taxable","17":"product-type-variable"},"tiered_pricing_type":"fixed","tiered_pricing_fixed_rules":[],"tiered_pricing_product_settings":{"layout":"default","base_unit_name":{"singular":null,"plural":null},"default_variation":null},"tiered_pricing_minimum_quantity":null,"tiered_pricing_roles_data":[],"tiered_pricing_percentage_rules":[],"tiered_pricing_maximum_quantity":null,"tiered_pricing_quantity_step":null,"_links":{"self":[{"href":"https:\/\/dtfprint.hr\/fr\/wp-json\/wp\/v2\/product\/5594","targetHints":{"allow":["GET"]}}],"collection":[{"href":"https:\/\/dtfprint.hr\/fr\/wp-json\/wp\/v2\/product"}],"about":[{"href":"https:\/\/dtfprint.hr\/fr\/wp-json\/wp\/v2\/types\/product"}],"wp:attachment":[{"href":"https:\/\/dtfprint.hr\/fr\/wp-json\/wp\/v2\/media?parent=5594"}],"wp:term":[{"taxonomy":"product_brand","embeddable":true,"href":"https:\/\/dtfprint.hr\/fr\/wp-json\/wp\/v2\/product_brand?post=5594"},{"taxonomy":"product_cat","embeddable":true,"href":"https:\/\/dtfprint.hr\/fr\/wp-json\/wp\/v2\/product_cat?post=5594"},{"taxonomy":"product_tag","embeddable":true,"href":"https:\/\/dtfprint.hr\/fr\/wp-json\/wp\/v2\/product_tag?post=5594"}],"curies":[{"name":"wp","href":"https:\/\/api.w.org\/{rel}","templated":true}]}}