{"id":515,"date":"2024-09-27T02:43:01","date_gmt":"2024-09-27T00:43:01","guid":{"rendered":"https:\/\/dtfprint.hr\/?post_type=product&#038;p=515"},"modified":"2025-11-28T22:27:35","modified_gmt":"2025-11-28T21:27:35","slug":"melangeur-magnetique-intellab-ms500-pour-peinture-dtf-3000-ml","status":"publish","type":"product","link":"https:\/\/dtfprint.hr\/fr\/proizvod\/intllab-ms500-magnetska-mjesalica-za-dtf-boju-3000ml\/","title":{"rendered":"M\u00e9langeur magn\u00e9tique INTLLAB MS500 pour peinture DTF, 3000 ml"},"content":{"rendered":"<p>Le m\u00e9langeur magn\u00e9tique INTLLAB MS500 est id\u00e9al pour m\u00e9langer les encres DTF. Sa capacit\u00e9 peut atteindre 3\u00a0000 ml et sa vitesse est r\u00e9glable pour un m\u00e9lange optimal. Aliment\u00e9 par un adaptateur 12 V, il est \u00e9quip\u00e9 d&#039;un carrousel magn\u00e9tique et assure une r\u00e9partition homog\u00e8ne des pigments, notamment du blanc, pour des r\u00e9sultats d&#039;impression exceptionnels. Il est recommand\u00e9 d&#039;utiliser une prise connect\u00e9e pour faire fonctionner l&#039;appareil pendant 30 minutes avant de commencer l&#039;impression afin d&#039;optimiser le m\u00e9lange des encres. Garantie 6 mois.<\/p>","protected":false},"excerpt":{"rendered":"<p>Le m\u00e9langeur magn\u00e9tique INTLLAB MS500 est id\u00e9al pour m\u00e9langer les couleurs DTF, avec une capacit\u00e9 allant jusqu&#039;\u00e0 3000 ml, avec une vitesse de rotation r\u00e9glable pour un m\u00e9lange optimal.<\/p>","protected":false},"featured_media":518,"template":"","meta":{"_seopress_robots_primary_cat":"none","_seopress_titles_title":"","_seopress_titles_desc":"","_seopress_robots_index":""},"product_brand":[],"product_cat":[35],"product_tag":[58],"class_list":{"0":"post-515","1":"product","2":"type-product","3":"status-publish","4":"has-post-thumbnail","6":"product_cat-oprema-za-radionu","7":"product_tag-magnetska-mjesalica","8":"product_shipping_class-dostava-iz-poslovnice","10":"first","11":"instock","12":"sale","13":"taxable","14":"shipping-taxable","15":"purchasable","16":"product-type-simple"},"tiered_pricing_type":"fixed","tiered_pricing_fixed_rules":[],"tiered_pricing_product_settings":{"layout":"default","base_unit_name":{"singular":null,"plural":null},"default_variation":null},"tiered_pricing_minimum_quantity":null,"tiered_pricing_roles_data":[],"tiered_pricing_percentage_rules":[],"tiered_pricing_maximum_quantity":null,"tiered_pricing_quantity_step":null,"_links":{"self":[{"href":"https:\/\/dtfprint.hr\/fr\/wp-json\/wp\/v2\/product\/515","targetHints":{"allow":["GET"]}}],"collection":[{"href":"https:\/\/dtfprint.hr\/fr\/wp-json\/wp\/v2\/product"}],"about":[{"href":"https:\/\/dtfprint.hr\/fr\/wp-json\/wp\/v2\/types\/product"}],"wp:featuredmedia":[{"embeddable":true,"href":"https:\/\/dtfprint.hr\/fr\/wp-json\/wp\/v2\/media\/518"}],"wp:attachment":[{"href":"https:\/\/dtfprint.hr\/fr\/wp-json\/wp\/v2\/media?parent=515"}],"wp:term":[{"taxonomy":"product_brand","embeddable":true,"href":"https:\/\/dtfprint.hr\/fr\/wp-json\/wp\/v2\/product_brand?post=515"},{"taxonomy":"product_cat","embeddable":true,"href":"https:\/\/dtfprint.hr\/fr\/wp-json\/wp\/v2\/product_cat?post=515"},{"taxonomy":"product_tag","embeddable":true,"href":"https:\/\/dtfprint.hr\/fr\/wp-json\/wp\/v2\/product_tag?post=515"}],"curies":[{"name":"wp","href":"https:\/\/api.w.org\/{rel}","templated":true}]}}