{"id":3731,"date":"2024-11-10T14:38:16","date_gmt":"2024-11-10T13:38:16","guid":{"rendered":"https:\/\/dtfprint.hr\/proizvod\/gildan-gil65000-zenska-majica-kratkih-rukava-midweight-softstyle\/"},"modified":"2026-04-09T12:31:54","modified_gmt":"2026-04-09T10:31:54","slug":"gildan-gil65000-zenska-majica-kratkih-rukava-midweight-softstyle","status":"publish","type":"product","link":"https:\/\/dtfprint.hr\/fr\/proizvod\/gildan-gil65000-zenska-majica-kratkih-rukava-midweight-softstyle\/","title":{"rendered":"T-shirt doux \u00e0 manches courtes pour femme Gildan GIL65000, poids moyen"},"content":{"rendered":"<p>Proizvo\u0111a\u010d: Gildan<\/p>\n<p>Sastav: 100% Pamuk<\/p>\n<p>Odr\u017eavanje: <\/p>\n<p>Izrez i ostale specifikacije: Kratki rukav; Okrugli izrez; Bo\u010dni \u0161av<\/p>\n<p><img decoding=\"async\" src=\"https:\/\/images.promotekstil.hr\/brands-logo\/gildan.png\" alt=\"Gildan\" \/><\/p>\n<p>Caract\u00e9ristiques:<\/p>\n<p>183.0 G\/SqM (White 180.0 G\/SqM)<br \/>\n100% Ring Spun Cotton<br \/>\nRs Sport Grey 90% Cotton\/10% Polyester<br \/>\nYarn Count 24\/1<br \/>\nReplaces style 4100L<br \/>\nMade with our soft ring spun cotton and cotton blends &#8211;<br \/>\nSoftstyle Midweight features high stitch density fabric that offers a smooth printing surface. ideal for DTG.<br \/>\nProud Better Cotton\u2122 member.<br \/>\nCotton products from Gildan support more sustainable + ethical cotton farming.<br \/>\nCompanion styles: 65000. 65000B<br \/>\nRing spun fabric feels great against your skin<br \/>\nNon-topstitched. narrow width. rib collar<br \/>\nTaped neck and shoulders for comfort and durability<br \/>\nSemi-fitted. side seamed body<br \/>\nHigh-performing black tear-away label<\/p>\n<p><img decoding=\"async\" src=\"https:\/\/images.promotekstil.hr\/other-images\/specimages\/6nsbrh_tshirt-ladies.png\" \/><\/p>\n<table class=\"size_table\">\n<tbody>\n<tr>\n<td><\/td>\n<td>S<\/td>\n<td>M<\/td>\n<td>L<\/td>\n<td>XL<\/td>\n<td>2XL<\/td>\n<\/tr>\n<tr>\n<td>Duljina tijela (A)<\/td>\n<td>64.770<\/td>\n<td>66.040<\/td>\n<td>68.580<\/td>\n<td>71.120<\/td>\n<td>72.390<\/td>\n<\/tr>\n<tr>\n<td>\u0160irina prsa (B)<\/td>\n<td>43.180<\/td>\n<td>48.260<\/td>\n<td>53.340<\/td>\n<td>58.420<\/td>\n<td>63.500<\/td>\n<\/tr>\n<tr>\n<td>Sredi\u0161nja duljina rukava (C)<\/td>\n<td>34.925<\/td>\n<td>36.830<\/td>\n<td>38.735<\/td>\n<td>41.275<\/td>\n<td>43.180<\/td>\n<\/tr>\n<\/tbody>\n<\/table>\n<p>&nbsp;<\/p>","protected":false},"excerpt":{"rendered":"<p>\u017dENSKA MAJICA KRATKIH RUKAVA MIDWEIGHT SOFTSTYLE<\/p>","protected":false},"featured_media":3732,"template":"","meta":{"_seopress_robots_primary_cat":"","_seopress_titles_title":"","_seopress_titles_desc":"","_seopress_robots_index":""},"product_brand":[],"product_cat":[303,304,309],"product_tag":[340,315,319],"class_list":{"0":"post-3731","1":"product","2":"type-product","3":"status-publish","4":"has-post-thumbnail","6":"product_cat-gildan","7":"product_cat-majica","8":"product_cat-zenska-odjeca","9":"product_tag-gil65000","10":"product_tag-gildan","11":"product_tag-majica","12":"product_shipping_class-dvije-dostave","14":"first","15":"instock","16":"taxable","17":"shipping-taxable","18":"purchasable","19":"product-type-variable"},"tiered_pricing_type":"fixed","tiered_pricing_fixed_rules":[],"tiered_pricing_product_settings":{"layout":"default","base_unit_name":{"singular":null,"plural":null},"default_variation":null},"tiered_pricing_minimum_quantity":null,"tiered_pricing_roles_data":[],"tiered_pricing_percentage_rules":[],"tiered_pricing_maximum_quantity":null,"tiered_pricing_quantity_step":null,"_links":{"self":[{"href":"https:\/\/dtfprint.hr\/fr\/wp-json\/wp\/v2\/product\/3731","targetHints":{"allow":["GET"]}}],"collection":[{"href":"https:\/\/dtfprint.hr\/fr\/wp-json\/wp\/v2\/product"}],"about":[{"href":"https:\/\/dtfprint.hr\/fr\/wp-json\/wp\/v2\/types\/product"}],"wp:featuredmedia":[{"embeddable":true,"href":"https:\/\/dtfprint.hr\/fr\/wp-json\/wp\/v2\/media\/3732"}],"wp:attachment":[{"href":"https:\/\/dtfprint.hr\/fr\/wp-json\/wp\/v2\/media?parent=3731"}],"wp:term":[{"taxonomy":"product_brand","embeddable":true,"href":"https:\/\/dtfprint.hr\/fr\/wp-json\/wp\/v2\/product_brand?post=3731"},{"taxonomy":"product_cat","embeddable":true,"href":"https:\/\/dtfprint.hr\/fr\/wp-json\/wp\/v2\/product_cat?post=3731"},{"taxonomy":"product_tag","embeddable":true,"href":"https:\/\/dtfprint.hr\/fr\/wp-json\/wp\/v2\/product_tag?post=3731"}],"curies":[{"name":"wp","href":"https:\/\/api.w.org\/{rel}","templated":true}]}}