{"id":348,"date":"2024-09-24T02:13:05","date_gmt":"2024-09-24T00:13:05","guid":{"rendered":"https:\/\/dtfprint.hr\/?post_type=product&#038;p=348"},"modified":"2024-10-20T03:57:39","modified_gmt":"2024-10-20T01:57:39","slug":"melangeur-de-peinture-dtf","status":"publish","type":"product","link":"https:\/\/dtfprint.hr\/fr\/proizvod\/mjesalica-za-dtf-boju\/","title":{"rendered":"M\u00e9langeur de peinture DTF"},"content":{"rendered":"<p>Le m\u00e9langeur d&#039;encre DTF est l&#039;appareil id\u00e9al pour maintenir la qualit\u00e9 de l&#039;encre dans les imprimantes DTF. D&#039;une puissance de 50 W, il fait tourner les bouteilles d&#039;encre DTF, emp\u00eachant ainsi la s\u00e9dimentation des pigments et garantissant une viscosit\u00e9 optimale de l&#039;encre. Adapt\u00e9 aux bouteilles rondes et carr\u00e9es, il r\u00e9duit consid\u00e9rablement le risque d&#039;obstruction de la t\u00eate d&#039;impression. Il est particuli\u00e8rement utile pour m\u00e9langer les pigments blancs. Cet appareil est garanti un an.<\/p>\n<p><strong>Caract\u00e9ristiques:<\/strong><\/p>\n<ul>\n<li>Puissance : 50 W<\/li>\n<li>Bouteilles compatibles : Rondes et carr\u00e9es<\/li>\n<li>Fonction : Emp\u00eache le d\u00e9p\u00f4t de pigments et assure une viscosit\u00e9 optimale<\/li>\n<li>Garantie : 1 an<\/li>\n<li>Objectif : Pour les imprimantes DTF<\/li>\n<\/ul>\n<p><strong>Description du produit:<\/strong><\/p>\n<p>Ce m\u00e9langeur d&#039;encre DTF est con\u00e7u pour faciliter le travail quotidien avec les imprimantes DTF, en garantissant une r\u00e9partition homog\u00e8ne des pigments d&#039;encre dans le flacon. Un m\u00e9lange inappropri\u00e9 peut obstruer la t\u00eate d&#039;impression, entra\u00eenant des impressions de mauvaise qualit\u00e9 et des r\u00e9parations co\u00fbteuses. Gr\u00e2ce \u00e0 sa puissance de 50 W, l&#039;appareil assure une rotation continue des flacons, pr\u00e9servant ainsi la stabilit\u00e9 de l&#039;encre et r\u00e9duisant les co\u00fbts de maintenance de l&#039;imprimante.<\/p>","protected":false},"excerpt":{"rendered":"<p>Le m\u00e9langeur d&#039;encre DTF est l&#039;appareil id\u00e9al pour maintenir la qualit\u00e9 de l&#039;encre dans les imprimantes DTF. D&#039;une puissance de 50 W, il fait tourner les bouteilles d&#039;encre DTF, emp\u00eachant ainsi la s\u00e9dimentation des pigments et garantissant une viscosit\u00e9 optimale de l&#039;encre. Adapt\u00e9 aux bouteilles rondes et carr\u00e9es, il r\u00e9duit consid\u00e9rablement le risque d&#039;obstruction de la t\u00eate d&#039;impression. Il est particuli\u00e8rement utile pour m\u00e9langer les pigments blancs. Cet appareil est garanti un an.<\/p>","protected":false},"featured_media":351,"template":"","meta":{"_seopress_robots_primary_cat":"none","_seopress_titles_title":"","_seopress_titles_desc":"","_seopress_robots_index":""},"product_brand":[],"product_cat":[35],"product_tag":[25,55],"class_list":{"0":"post-348","1":"product","2":"type-product","3":"status-publish","4":"has-post-thumbnail","6":"product_cat-oprema-za-radionu","7":"product_tag-boja-za-dtf","8":"product_tag-mjesalica-boje","9":"product_shipping_class-dostava-iz-poslovnice","11":"first","12":"outofstock","13":"sale","14":"taxable","15":"shipping-taxable","16":"purchasable","17":"product-type-simple"},"tiered_pricing_type":"fixed","tiered_pricing_fixed_rules":[],"tiered_pricing_product_settings":{"layout":"default","base_unit_name":{"singular":null,"plural":null},"default_variation":null},"tiered_pricing_minimum_quantity":null,"tiered_pricing_roles_data":[],"tiered_pricing_percentage_rules":[],"tiered_pricing_maximum_quantity":null,"tiered_pricing_quantity_step":null,"_links":{"self":[{"href":"https:\/\/dtfprint.hr\/fr\/wp-json\/wp\/v2\/product\/348","targetHints":{"allow":["GET"]}}],"collection":[{"href":"https:\/\/dtfprint.hr\/fr\/wp-json\/wp\/v2\/product"}],"about":[{"href":"https:\/\/dtfprint.hr\/fr\/wp-json\/wp\/v2\/types\/product"}],"wp:featuredmedia":[{"embeddable":true,"href":"https:\/\/dtfprint.hr\/fr\/wp-json\/wp\/v2\/media\/351"}],"wp:attachment":[{"href":"https:\/\/dtfprint.hr\/fr\/wp-json\/wp\/v2\/media?parent=348"}],"wp:term":[{"taxonomy":"product_brand","embeddable":true,"href":"https:\/\/dtfprint.hr\/fr\/wp-json\/wp\/v2\/product_brand?post=348"},{"taxonomy":"product_cat","embeddable":true,"href":"https:\/\/dtfprint.hr\/fr\/wp-json\/wp\/v2\/product_cat?post=348"},{"taxonomy":"product_tag","embeddable":true,"href":"https:\/\/dtfprint.hr\/fr\/wp-json\/wp\/v2\/product_tag?post=348"}],"curies":[{"name":"wp","href":"https:\/\/api.w.org\/{rel}","templated":true}]}}