{"id":3097,"date":"2024-11-10T14:37:23","date_gmt":"2024-11-10T13:37:23","guid":{"rendered":"https:\/\/dtfprint.hr\/proizvod\/gildan-gil64000-softstyle-zenska-majica-kratkih-rukava\/"},"modified":"2026-04-09T12:31:54","modified_gmt":"2026-04-09T10:31:54","slug":"gildan-gil64000-softstyle-zenska-majica-kratkih-rukava","status":"publish","type":"product","link":"https:\/\/dtfprint.hr\/fr\/proizvod\/gildan-gil64000-softstyle-zenska-majica-kratkih-rukava\/","title":{"rendered":"T-SHIRT \u00c0 MANCHES COURTES POUR FEMMES Gildan GIL64000 SOFTSTYLE"},"content":{"rendered":"<p>Proizvo\u0111a\u010d: Gildan<\/p>\n<p>Sastav: 100% Pamuk<\/p>\n<p>Odr\u017eavanje: <img decoding=\"async\" src=\"https:\/\/images.promotekstil.hr\/other-images\/care-labels\/mw_30c.jpg\" style=\"height: 20px;margin-right: 5px\" alt=\"Normal agitation at 30 \u00b0C\" title=\"Normal agitation at 30 \u00b0C\" \/><img decoding=\"async\" src=\"https:\/\/images.promotekstil.hr\/other-images\/care-labels\/td_nor_l.jpg\" style=\"height: 20px;margin-right: 5px\" alt=\"Normalno su\u0161enje u su\u0161ilici na niskoj temperaturi\" title=\"Normalno su\u0161enje u su\u0161ilici na niskoj temperaturi\" \/><img decoding=\"async\" src=\"https:\/\/images.promotekstil.hr\/other-images\/care-labels\/ir_dontt.jpg\" style=\"height: 20px;margin-right: 5px\" alt=\"Ne peglati\" title=\"Ne peglati\" \/><img decoding=\"async\" src=\"https:\/\/images.promotekstil.hr\/other-images\/care-labels\/dc_donot.jpg\" style=\"height: 20px;margin-right: 5px\" alt=\"Ne \u010distiti kemijski\" title=\"Ne \u010distiti kemijski\" \/><img decoding=\"async\" src=\"https:\/\/images.promotekstil.hr\/other-images\/care-labels\/b_nonchl.jpg\" style=\"height: 20px;margin-right: 5px\" alt=\"Izbjeljiva\u010d bez klora kada je to potrebno\" title=\"Izbjeljiva\u010d bez klora kada je to potrebno\" \/><\/p>\n<p>Izrez i ostale specifikacije: Kratki rukav; Okrugli izrez; Bo\u010dni \u0161av; Fitted<\/p>\n<p><img decoding=\"async\" src=\"https:\/\/images.promotekstil.hr\/brands-logo\/gildan.png\" alt=\"Gildan\" \/><\/p>\n<p>Caract\u00e9ristiques:<\/p>\n<p>153.0 G\/SqM (White 144.0 G\/SqM)<br \/>\n100% Ring Spun Cotton<br \/>\nIn transition to 100% Combed Ring Spun Cotton<br \/>\nCotton\/polyester mix for several colors<br \/>\nFitted silhouette with side seam<br \/>\nHigh stitch density for smoother printing surface<br \/>\nSeamless twin needle 1\/2&#8243; collar<br \/>\nTaped neck and shoulders<br \/>\nTearaway label<br \/>\nTwin needle sleeve and bottom hems<br \/>\nGone through a design change. our stock is mixed<br \/>\nMight have larger chest width. longer sleeve length in some cases<\/p>\n<p><img decoding=\"async\" src=\"https:\/\/images.promotekstil.hr\/other-images\/specimages\/9dsprj_a_b_tshirt-ladies.png\" \/><\/p>\n<table class=\"size_table\">\n<tbody>\n<tr>\n<td><\/td>\n<td>S<\/td>\n<td>M<\/td>\n<td>L<\/td>\n<td>XL<\/td>\n<td>2XL<\/td>\n<\/tr>\n<tr>\n<td>Duljina tijela (A)<\/td>\n<td>64<\/td>\n<td>67<\/td>\n<td>69<\/td>\n<td>71<\/td>\n<td>72<\/td>\n<\/tr>\n<tr>\n<td>\u0160irina prsa (B)<\/td>\n<td>41<\/td>\n<td>43<\/td>\n<td>47<\/td>\n<td>50<\/td>\n<td>56<\/td>\n<\/tr>\n<\/tbody>\n<\/table>\n<p>&nbsp;<\/p>","protected":false},"excerpt":{"rendered":"<p>SOFTSTYLE\u00ae \u017dENSKA MAJICA KRATKIH RUKAVA<\/p>","protected":false},"featured_media":0,"template":"","meta":{"_seopress_robots_primary_cat":"","_seopress_titles_title":"","_seopress_titles_desc":"","_seopress_robots_index":""},"product_brand":[],"product_cat":[303,304,309],"product_tag":[337,315,319],"class_list":{"0":"post-3097","1":"product","2":"type-product","3":"status-publish","5":"product_cat-gildan","6":"product_cat-majica","7":"product_cat-zenska-odjeca","8":"product_tag-gil64000","9":"product_tag-gildan","10":"product_tag-majica","11":"product_shipping_class-dvije-dostave","13":"first","14":"instock","15":"taxable","16":"shipping-taxable","17":"purchasable","18":"product-type-variable"},"tiered_pricing_type":"fixed","tiered_pricing_fixed_rules":[],"tiered_pricing_product_settings":{"layout":"default","base_unit_name":{"singular":null,"plural":null},"default_variation":null},"tiered_pricing_minimum_quantity":null,"tiered_pricing_roles_data":[],"tiered_pricing_percentage_rules":[],"tiered_pricing_maximum_quantity":null,"tiered_pricing_quantity_step":null,"_links":{"self":[{"href":"https:\/\/dtfprint.hr\/fr\/wp-json\/wp\/v2\/product\/3097","targetHints":{"allow":["GET"]}}],"collection":[{"href":"https:\/\/dtfprint.hr\/fr\/wp-json\/wp\/v2\/product"}],"about":[{"href":"https:\/\/dtfprint.hr\/fr\/wp-json\/wp\/v2\/types\/product"}],"wp:attachment":[{"href":"https:\/\/dtfprint.hr\/fr\/wp-json\/wp\/v2\/media?parent=3097"}],"wp:term":[{"taxonomy":"product_brand","embeddable":true,"href":"https:\/\/dtfprint.hr\/fr\/wp-json\/wp\/v2\/product_brand?post=3097"},{"taxonomy":"product_cat","embeddable":true,"href":"https:\/\/dtfprint.hr\/fr\/wp-json\/wp\/v2\/product_cat?post=3097"},{"taxonomy":"product_tag","embeddable":true,"href":"https:\/\/dtfprint.hr\/fr\/wp-json\/wp\/v2\/product_tag?post=3097"}],"curies":[{"name":"wp","href":"https:\/\/api.w.org\/{rel}","templated":true}]}}