{"id":262,"date":"2024-09-19T00:09:40","date_gmt":"2024-09-18T22:09:40","guid":{"rendered":"https:\/\/dtfprint.hr\/?post_type=product&#038;p=262"},"modified":"2025-12-11T21:50:46","modified_gmt":"2025-12-11T20:50:46","slug":"batonnets-universels-pour-le-nettoyage-de-la-tete-dimpression-50-pieces","status":"publish","type":"product","link":"https:\/\/dtfprint.hr\/fr\/proizvod\/univerzalni-stapici-za-ciscenje-glave-printera-50kom\/","title":{"rendered":"B\u00e2tonnets universels pour le nettoyage de la t\u00eate d&#039;impression, 50 pi\u00e8ces"},"content":{"rendered":"<p>Les b\u00e2tonnets en polyester poss\u00e8dent une large t\u00eate rectangulaire et un manche robuste mais flexible. Ces b\u00e2tonnets sont largement utilis\u00e9s sur les imprimantes \u00e0 jet d&#039;encre grand format. Ils sont parfaitement con\u00e7us pour nettoyer la station de bouchage et la zone autour de la t\u00eate d&#039;impression, sans endommager les \u00e9quipements sensibles. Ils sont constitu\u00e9s d&#039;une t\u00eate en polyester tress\u00e9 double couche et d&#039;un manche en polypropyl\u00e8ne 100%, assembl\u00e9s par thermocollage sans colle. Cela garantit une qualit\u00e9 sup\u00e9rieure et une utilisation sans contamination, ce qui les rend parfaits pour le nettoyage et l&#039;\u00e9chantillonnage des surfaces. Leurs applications industrielles incluent l&#039;impression, l&#039;optique, les biotechnologies, l&#039;industrie pharmaceutique, le travail du bois, les applications v\u00e9t\u00e9rinaires et l&#039;informatique.<\/p>\n<p>Caract\u00e9ristiques:<\/p>\n<ul>\n<li>Grande t\u00eate rectangulaire en polyester 100%<\/li>\n<li>Manche flexible en polypropyl\u00e8ne 100%<\/li>\n<li>Technique de collage thermique sans colle<\/li>\n<li>Durable<\/li>\n<li>Absorbant<\/li>\n<li>Polyvalent<\/li>\n<li>Construction sans poils<\/li>\n<li>Aucune fibre ou particule dispers\u00e9e<\/li>\n<li>Nettoyage de pr\u00e9cision<\/li>\n<li>Parfait pour les t\u00e2ches sensibles<\/li>\n<\/ul>\n<p>Application:<\/p>\n<ul>\n<li>Imprimantes<\/li>\n<li>Dispositifs optiques<\/li>\n<li>Cam\u00e9ras<\/li>\n<li>Dispositifs \u00e0 bande magn\u00e9tique<\/li>\n<li>Claviers d&#039;ordinateur<\/li>\n<li>machines \u00e0 \u00e9crire<\/li>\n<li>circuits imprim\u00e9s<\/li>\n<li>\u00c9crans plasma\/LCD<\/li>\n<li>Ouvertures de ventilation de la climatisation<\/li>\n<\/ul>\n<p>Caract\u00e9ristiques:<\/p>\n<ul>\n<li>Le paquet contient 50 b\u00e2tonnets.<\/li>\n<li>Mat\u00e9riau de la t\u00eate : polyester 100%<\/li>\n<li>Mat\u00e9riau du manche : polypropyl\u00e8ne 100%<\/li>\n<li>Couleur du manche : vert<\/li>\n<\/ul>","protected":false},"excerpt":{"rendered":"<p>B\u00e2tonnets durables sans fibres ni particules pour le nettoyage des imprimantes \u00e0 jet d&#039;encre, des essuie-glaces et des stations de capsulage.<\/p>","protected":false},"featured_media":265,"template":"","meta":{"_seopress_robots_primary_cat":"none","_seopress_titles_title":"","_seopress_titles_desc":"","_seopress_robots_index":""},"product_brand":[],"product_cat":[17,35],"product_tag":[52,50,51,49,48],"class_list":{"0":"post-262","1":"product","2":"type-product","3":"status-publish","4":"has-post-thumbnail","6":"product_cat-dtf-repromaterijal","7":"product_cat-oprema-za-radionu","8":"product_tag-ciscenje-capping-stanice","9":"product_tag-ciscenje-glave","10":"product_tag-ciscenje-wipera","11":"product_tag-stapici","12":"product_tag-stapici-za-ciscenje","13":"product_shipping_class-dostava-iz-poslovnice","15":"first","16":"instock","17":"sale","18":"taxable","19":"shipping-taxable","20":"purchasable","21":"product-type-simple"},"tiered_pricing_type":"fixed","tiered_pricing_fixed_rules":[],"tiered_pricing_product_settings":{"layout":"default","base_unit_name":{"singular":null,"plural":null},"default_variation":null},"tiered_pricing_minimum_quantity":null,"tiered_pricing_roles_data":[],"tiered_pricing_percentage_rules":[],"tiered_pricing_maximum_quantity":null,"tiered_pricing_quantity_step":null,"_links":{"self":[{"href":"https:\/\/dtfprint.hr\/fr\/wp-json\/wp\/v2\/product\/262","targetHints":{"allow":["GET"]}}],"collection":[{"href":"https:\/\/dtfprint.hr\/fr\/wp-json\/wp\/v2\/product"}],"about":[{"href":"https:\/\/dtfprint.hr\/fr\/wp-json\/wp\/v2\/types\/product"}],"wp:featuredmedia":[{"embeddable":true,"href":"https:\/\/dtfprint.hr\/fr\/wp-json\/wp\/v2\/media\/265"}],"wp:attachment":[{"href":"https:\/\/dtfprint.hr\/fr\/wp-json\/wp\/v2\/media?parent=262"}],"wp:term":[{"taxonomy":"product_brand","embeddable":true,"href":"https:\/\/dtfprint.hr\/fr\/wp-json\/wp\/v2\/product_brand?post=262"},{"taxonomy":"product_cat","embeddable":true,"href":"https:\/\/dtfprint.hr\/fr\/wp-json\/wp\/v2\/product_cat?post=262"},{"taxonomy":"product_tag","embeddable":true,"href":"https:\/\/dtfprint.hr\/fr\/wp-json\/wp\/v2\/product_tag?post=262"}],"curies":[{"name":"wp","href":"https:\/\/api.w.org\/{rel}","templated":true}]}}