{"id":235,"date":"2024-09-17T13:00:03","date_gmt":"2024-09-17T11:00:03","guid":{"rendered":"https:\/\/dtfprint.hr\/?post_type=product&#038;p=235"},"modified":"2024-10-20T03:57:51","modified_gmt":"2024-10-20T01:57:51","slug":"creer-une-feuille-de-route-dtf-en-ligne","status":"publish","type":"product","link":"https:\/\/dtfprint.hr\/fr\/proizvod\/kreiraj-dtf-gangsheet-online\/","title":{"rendered":"Concepteur de d\u00e9calcomanies DTF en ligne \u2013 DTF Gangsheet"},"content":{"rendered":"<p>Pour les d\u00e9butants ou ceux qui ne disposent pas de logiciel de cr\u00e9ation, le concepteur en ligne DTFprint.hr pour la cr\u00e9ation de rouleaux de transfert est la solution id\u00e9ale. Gr\u00e2ce \u00e0 son interface intuitive et \u00e0 ses nombreux outils de personnalisation, cr\u00e9er des transferts n&#039;a jamais \u00e9t\u00e9 aussi simple. T\u00e9l\u00e9chargez simplement vos images\/photos haute r\u00e9solution, ajustez les tailles et multipliez facilement les transferts. Notre concepteur en ligne garantit une mise en page optimale pour maximiser la surface et r\u00e9aliser des \u00e9conomies, simplifiant ainsi la cr\u00e9ation et la commande de vos transferts DTF. Laissez libre cours \u00e0 votre cr\u00e9ativit\u00e9 et optimisez votre processus de commande et d&#039;application de transferts gr\u00e2ce \u00e0 notre concepteur en ligne.<\/p>\n<p>Si vous avez d\u00e9j\u00e0 un ou plusieurs PDF pr\u00eats, vous pouvez les t\u00e9l\u00e9charger et les commander selon nos instructions via le lien : <a href=\"https:\/\/dtfprint.hr\/fr\/produit\/telecharger-et-commander-une-copie-pdf-dtf\/\">T\u00e9l\u00e9charger le transfert PDF DTF \u2013 58 cm de largeur, jusqu&#039;\u00e0 100 m de longueur<\/a><\/p>\n<p>Dans cette vid\u00e9o, nous vous montrons comment commander des imprimantes DTF en quelques \u00e9tapes simples gr\u00e2ce au concepteur DTF en ligne sur la page DTFprint.hr. Personnalisez vos propres designs, choisissez les tailles et cr\u00e9ez facilement les motifs de transfert DTF parfaits pour vos projets. Tout ce dont vous avez besoin pour imprimer rapidement et facilement des t-shirts par transfert thermique sur film DTF. Id\u00e9al pour personnaliser v\u00eatements ou objets promotionnels\u00a0! Restez connect\u00e9s pour plus de conseils sur les imageurs DTF et leur utilisation.<\/p>\n<p><iframe loading=\"lazy\" title=\"Lecteur vid\u00e9o YouTube\" src=\"https:\/\/www.youtube.com\/embed\/OR2rh3omDbA?si=1FRzElzxQ8dU0_EY\" width=\"370\" height=\"208\" frameborder=\"0\" allowfullscreen=\"allowfullscreen\"><\/iframe><\/p>\n<p>DTF, d\u00e9calcomanies DTF, transferts DTF, concepteur en ligne, feuille DTF, pressage de t-shirts, transfert thermique, d\u00e9calcomanies thermiques.<\/p>","protected":false},"excerpt":{"rendered":"<p>Pour les d\u00e9butants ou ceux qui ne disposent pas de logiciel de conception, le concepteur de rouleaux d&#039;impression en ligne DTFprint.hr est la solution parfaite. Avec une interface conviviale et une gamme d&#039;outils de personnalisation, cr\u00e9er un mappeur n&#039;a jamais \u00e9t\u00e9 aussi simple.<\/p>","protected":false},"featured_media":266,"template":"","meta":{"_seopress_robots_primary_cat":"none","_seopress_titles_title":"","_seopress_titles_desc":"","_seopress_robots_index":""},"product_brand":[],"product_cat":[43],"product_tag":[46,21,47],"class_list":{"0":"post-235","1":"product","2":"type-product","3":"status-publish","4":"has-post-thumbnail","6":"product_cat-dtf-preslikaci","7":"product_tag-dtf-preslikaci","8":"product_tag-gang-sheet","9":"product_tag-preslikaci-za-majice","10":"product_shipping_class-dostava-iz-poslovnice","12":"first","13":"instock","14":"taxable","15":"shipping-taxable","16":"purchasable","17":"product-type-variable"},"tiered_pricing_type":"fixed","tiered_pricing_fixed_rules":[],"tiered_pricing_product_settings":{"layout":"default","base_unit_name":{"singular":null,"plural":null},"default_variation":null},"tiered_pricing_minimum_quantity":null,"tiered_pricing_roles_data":[],"tiered_pricing_percentage_rules":[],"tiered_pricing_maximum_quantity":null,"tiered_pricing_quantity_step":null,"_links":{"self":[{"href":"https:\/\/dtfprint.hr\/fr\/wp-json\/wp\/v2\/product\/235","targetHints":{"allow":["GET"]}}],"collection":[{"href":"https:\/\/dtfprint.hr\/fr\/wp-json\/wp\/v2\/product"}],"about":[{"href":"https:\/\/dtfprint.hr\/fr\/wp-json\/wp\/v2\/types\/product"}],"wp:featuredmedia":[{"embeddable":true,"href":"https:\/\/dtfprint.hr\/fr\/wp-json\/wp\/v2\/media\/266"}],"wp:attachment":[{"href":"https:\/\/dtfprint.hr\/fr\/wp-json\/wp\/v2\/media?parent=235"}],"wp:term":[{"taxonomy":"product_brand","embeddable":true,"href":"https:\/\/dtfprint.hr\/fr\/wp-json\/wp\/v2\/product_brand?post=235"},{"taxonomy":"product_cat","embeddable":true,"href":"https:\/\/dtfprint.hr\/fr\/wp-json\/wp\/v2\/product_cat?post=235"},{"taxonomy":"product_tag","embeddable":true,"href":"https:\/\/dtfprint.hr\/fr\/wp-json\/wp\/v2\/product_tag?post=235"}],"curies":[{"name":"wp","href":"https:\/\/api.w.org\/{rel}","templated":true}]}}