{"id":187,"date":"2024-09-12T16:33:25","date_gmt":"2024-09-12T14:33:25","guid":{"rendered":"https:\/\/dtfprint.hr\/?post_type=product&#038;p=187"},"modified":"2026-02-03T09:05:36","modified_gmt":"2026-02-03T08:05:36","slug":"telecharger-et-commander-une-copie-pdf-dtf","status":"publish","type":"product","link":"https:\/\/dtfprint.hr\/fr\/proizvod\/uploadaj-i-naruci-pdf-dtf-preslikac\/","title":{"rendered":"T\u00e9l\u00e9charger le transfert PDF DTF \u2013 58 cm de largeur, jusqu&#039;\u00e0 100 m de longueur"},"content":{"rendered":"","protected":false},"excerpt":{"rendered":"<p>T\u00e9l\u00e9chargez un ou plusieurs PDF pr\u00eats \u00e0 imprimer, saisissez les dimensions et commandez des transferts DTF pour vos produits textiles avec calcul automatique du prix en fonction de la longueur command\u00e9e. Plus de m\u00e8tres = plus d&#039;\u00e9conomies\u00a0!<\/p>","protected":false},"featured_media":204,"template":"","meta":{"_seopress_robots_primary_cat":"none","_seopress_titles_title":"","_seopress_titles_desc":"","_seopress_robots_index":""},"product_brand":[],"product_cat":[43],"product_tag":[66,20,45,44],"class_list":{"0":"post-187","1":"product","2":"type-product","3":"status-publish","4":"has-post-thumbnail","6":"product_cat-dtf-preslikaci","7":"product_tag-dtf-cijena","8":"product_tag-dtf-preslikac","9":"product_tag-dtf-preslikac-cijena","10":"product_tag-naruci-dtf-preslikace","11":"product_shipping_class-dostava-iz-poslovnice","13":"first","14":"instock","15":"taxable","16":"shipping-taxable","17":"purchasable","18":"product-type-simple"},"tiered_pricing_type":"fixed","tiered_pricing_fixed_rules":[],"tiered_pricing_product_settings":{"layout":"default","base_unit_name":{"singular":null,"plural":null},"default_variation":null},"tiered_pricing_minimum_quantity":null,"tiered_pricing_roles_data":[],"tiered_pricing_percentage_rules":[],"tiered_pricing_maximum_quantity":null,"tiered_pricing_quantity_step":null,"_links":{"self":[{"href":"https:\/\/dtfprint.hr\/fr\/wp-json\/wp\/v2\/product\/187","targetHints":{"allow":["GET"]}}],"collection":[{"href":"https:\/\/dtfprint.hr\/fr\/wp-json\/wp\/v2\/product"}],"about":[{"href":"https:\/\/dtfprint.hr\/fr\/wp-json\/wp\/v2\/types\/product"}],"wp:featuredmedia":[{"embeddable":true,"href":"https:\/\/dtfprint.hr\/fr\/wp-json\/wp\/v2\/media\/204"}],"wp:attachment":[{"href":"https:\/\/dtfprint.hr\/fr\/wp-json\/wp\/v2\/media?parent=187"}],"wp:term":[{"taxonomy":"product_brand","embeddable":true,"href":"https:\/\/dtfprint.hr\/fr\/wp-json\/wp\/v2\/product_brand?post=187"},{"taxonomy":"product_cat","embeddable":true,"href":"https:\/\/dtfprint.hr\/fr\/wp-json\/wp\/v2\/product_cat?post=187"},{"taxonomy":"product_tag","embeddable":true,"href":"https:\/\/dtfprint.hr\/fr\/wp-json\/wp\/v2\/product_tag?post=187"}],"curies":[{"name":"wp","href":"https:\/\/api.w.org\/{rel}","templated":true}]}}