{"id":175,"date":"2024-09-09T02:13:53","date_gmt":"2024-09-09T00:13:53","guid":{"rendered":"https:\/\/dtfprint.hr\/shop\/?post_type=product&#038;p=175"},"modified":"2024-10-20T03:58:21","modified_gmt":"2024-10-20T01:58:21","slug":"plieuse-de-t-shirts-quickfold-en-5-secondes","status":"publish","type":"product","link":"https:\/\/dtfprint.hr\/fr\/proizvod\/preklapalica-za-majice-quickfold-u-5-sekundi\/","title":{"rendered":"Plieuse de t-shirts QuickFold \u2013 en 5 secondes"},"content":{"rendered":"<p>Simplifiez votre travail d&#039;impression avec <strong>Plieuse de t-shirts QuickFold<\/strong>Cet outil pratique vous permet de plier un t-shirt en seulement 5 secondes, rapidement et proprement, ce qui le rend parfait pour les imprimeurs qui souhaitent plier efficacement les t-shirts apr\u00e8s impression. Avec <strong>Pliage rapide<\/strong>Les t-shirts seront pr\u00eats \u00e0 \u00eatre exp\u00e9di\u00e9s instantan\u00e9ment, offrant ainsi aux clients des produits assembl\u00e9s avec professionnalisme. Fabriqu\u00e9 dans un mat\u00e9riau l\u00e9ger et r\u00e9sistant, il permet de gagner du temps et de simplifier les op\u00e9rations quotidiennes des imprimeries. Id\u00e9al pour toutes les tailles de t-shirts, il contribue \u00e0 une organisation et une productivit\u00e9 optimales.<\/p>\n<p>Pliez n&#039;importe quelle taille de T-shirt au format A4 en 5 secondes.<\/p>","protected":false},"excerpt":{"rendered":"<p>L&#039;outil pratique vous permet de plier un T-shirt en seulement 5 secondes, rapidement et proprement.<\/p>","protected":false},"featured_media":178,"template":"","meta":{"_seopress_robots_primary_cat":"none","_seopress_titles_title":"","_seopress_titles_desc":"","_seopress_robots_index":""},"product_brand":[],"product_cat":[35],"product_tag":[37,36],"class_list":{"0":"post-175","1":"product","2":"type-product","3":"status-publish","4":"has-post-thumbnail","6":"product_cat-oprema-za-radionu","7":"product_tag-preklapalica","8":"product_tag-t-shirt-folder","9":"product_shipping_class-dostava-iz-poslovnice","11":"first","12":"outofstock","13":"sale","14":"taxable","15":"shipping-taxable","16":"purchasable","17":"product-type-simple"},"tiered_pricing_type":"fixed","tiered_pricing_fixed_rules":[],"tiered_pricing_product_settings":{"layout":"default","base_unit_name":{"singular":null,"plural":null},"default_variation":null},"tiered_pricing_minimum_quantity":null,"tiered_pricing_roles_data":[],"tiered_pricing_percentage_rules":[],"tiered_pricing_maximum_quantity":null,"tiered_pricing_quantity_step":null,"_links":{"self":[{"href":"https:\/\/dtfprint.hr\/fr\/wp-json\/wp\/v2\/product\/175","targetHints":{"allow":["GET"]}}],"collection":[{"href":"https:\/\/dtfprint.hr\/fr\/wp-json\/wp\/v2\/product"}],"about":[{"href":"https:\/\/dtfprint.hr\/fr\/wp-json\/wp\/v2\/types\/product"}],"wp:featuredmedia":[{"embeddable":true,"href":"https:\/\/dtfprint.hr\/fr\/wp-json\/wp\/v2\/media\/178"}],"wp:attachment":[{"href":"https:\/\/dtfprint.hr\/fr\/wp-json\/wp\/v2\/media?parent=175"}],"wp:term":[{"taxonomy":"product_brand","embeddable":true,"href":"https:\/\/dtfprint.hr\/fr\/wp-json\/wp\/v2\/product_brand?post=175"},{"taxonomy":"product_cat","embeddable":true,"href":"https:\/\/dtfprint.hr\/fr\/wp-json\/wp\/v2\/product_cat?post=175"},{"taxonomy":"product_tag","embeddable":true,"href":"https:\/\/dtfprint.hr\/fr\/wp-json\/wp\/v2\/product_tag?post=175"}],"curies":[{"name":"wp","href":"https:\/\/api.w.org\/{rel}","templated":true}]}}