{"id":10921,"date":"2025-10-29T05:51:28","date_gmt":"2025-10-29T04:51:28","guid":{"rendered":"https:\/\/dtfprint.hr\/proizvod\/secabo-tm5-termo-presa-za-salice\/"},"modified":"2025-11-04T09:50:55","modified_gmt":"2025-11-04T08:50:55","slug":"secabo-tm5-termo-presa-za-salice","status":"publish","type":"product","link":"https:\/\/dtfprint.hr\/fr\/proizvod\/secabo-tm5-termo-presa-za-salice\/","title":{"rendered":"Presse thermique Secabo TM5 pour tasses"},"content":{"rendered":"<p>S pre\u0161om za \u0161alice TM5 tvrtke Secabo narud\u017ebe se mogu br\u017ee obraditi. Mo\u017ee vr\u0161iti prijenose na do 5 \u0161alica istovremeno, zahvaljuju\u0107i 5 zasebno kontroliranih grija\u0107ih elemenata. To \u010dini TM5 idealnim za u\u010dinkovite sublimacijske prijenose na kerami\u010dke \u0161alice i sli\u010dne predmete, posebno za ve\u0107e naklade ili ve\u0107u propusnost. Digitalni regulatori kontroliraju temperaturu i vrijeme grija\u0107ih elemenata precizno i pouzdano. Kontaktni pritisak mo\u017ee se lako podesiti pomo\u0107u ru\u010dnog kota\u010da. Aparat se isporu\u010duje s 5 man\u017eeta za \u0161alice od 325 ml, uz besplatnu dodatnu rezervnu man\u017eetu. Dodatni grija\u010d za male \u0161alice dostupan je kao opcija. Na\u0161a preporuka: Pojedina\u010dne grija\u0107e elemente uklju\u010dite samo za stvarnu uporabu, jer to \u0161titi grija\u0107e elemente i \u0161tedi energiju.<\/p>","protected":false},"excerpt":{"rendered":"<p>S pre\u0161om za \u0161alice TM5 tvrtke Secabo narud\u017ebe se mogu br\u017ee obraditi. Mo\u017ee vr\u0161iti prijenose na do 5 \u0161alica istovremeno, zahvaljuju\u0107i 5 zasebno kontroliranih grija\u0107ih elemenata.<\/p>","protected":false},"featured_media":10918,"template":"","meta":{"_seopress_robots_primary_cat":"none","_seopress_titles_title":"","_seopress_titles_desc":"","_seopress_robots_index":""},"product_brand":[],"product_cat":[486],"product_tag":[73,487,64,65],"class_list":{"0":"post-10921","1":"product","2":"type-product","3":"status-publish","4":"has-post-thumbnail","6":"product_cat-secabo","7":"product_tag-secabo","8":"product_tag-secabo-heat-press","9":"product_tag-termo-presa","10":"product_tag-termo-presa-za-majice","12":"first","13":"outofstock","14":"sale","15":"taxable","16":"shipping-taxable","17":"purchasable","18":"product-type-simple"},"tiered_pricing_type":"fixed","tiered_pricing_fixed_rules":[],"tiered_pricing_product_settings":{"layout":"default","base_unit_name":{"singular":null,"plural":null},"default_variation":null},"tiered_pricing_minimum_quantity":null,"tiered_pricing_roles_data":[],"tiered_pricing_percentage_rules":[],"tiered_pricing_maximum_quantity":null,"tiered_pricing_quantity_step":null,"_links":{"self":[{"href":"https:\/\/dtfprint.hr\/fr\/wp-json\/wp\/v2\/product\/10921","targetHints":{"allow":["GET"]}}],"collection":[{"href":"https:\/\/dtfprint.hr\/fr\/wp-json\/wp\/v2\/product"}],"about":[{"href":"https:\/\/dtfprint.hr\/fr\/wp-json\/wp\/v2\/types\/product"}],"wp:featuredmedia":[{"embeddable":true,"href":"https:\/\/dtfprint.hr\/fr\/wp-json\/wp\/v2\/media\/10918"}],"wp:attachment":[{"href":"https:\/\/dtfprint.hr\/fr\/wp-json\/wp\/v2\/media?parent=10921"}],"wp:term":[{"taxonomy":"product_brand","embeddable":true,"href":"https:\/\/dtfprint.hr\/fr\/wp-json\/wp\/v2\/product_brand?post=10921"},{"taxonomy":"product_cat","embeddable":true,"href":"https:\/\/dtfprint.hr\/fr\/wp-json\/wp\/v2\/product_cat?post=10921"},{"taxonomy":"product_tag","embeddable":true,"href":"https:\/\/dtfprint.hr\/fr\/wp-json\/wp\/v2\/product_tag?post=10921"}],"curies":[{"name":"wp","href":"https:\/\/api.w.org\/{rel}","templated":true}]}}