{"id":10917,"date":"2025-10-29T05:51:11","date_gmt":"2025-10-29T04:51:11","guid":{"rendered":"https:\/\/dtfprint.hr\/proizvod\/secabo-tm2-termo-presa-za-salice\/"},"modified":"2025-11-04T09:50:55","modified_gmt":"2025-11-04T08:50:55","slug":"secabo-tm2-termo-presa-za-salice","status":"publish","type":"product","link":"https:\/\/dtfprint.hr\/fr\/proizvod\/secabo-tm2-termo-presa-za-salice\/","title":{"rendered":"Presse thermique Secabo TM2 pour tasses"},"content":{"rendered":"<p>Pre\u0161a za \u0161alice TM2 tvrtke Secabo ima iznimno \u0161irok grija\u0107i element koji vam omogu\u0107uje ispis 2 \u0161alice u isto vrijeme &#8211; ili visoke\/velike \u0161alice do 21 cm visine. Bilo da ste po\u010detnik ili profesionalac &#8211; s TM2 sublimacijski prijenosi na kerami\u010dke \u0161alice i sli\u010dne predmete posebno su u\u010dinkoviti. Digitalni regulator precizno i pouzdano kontrolira temperaturu i vrijeme. Kontaktni pritisak mo\u017ee se lako podesiti pomo\u0107u ru\u010dnog kota\u010da. Ure\u0111aj se isporu\u010duje s navlakom za \u0161alice od 325 ml. Opcijski je dostupno \u0161est dodatnih grija\u0107ih elemenata u razli\u010ditim veli\u010dinama, uklju\u010duju\u0107i i za sto\u017easte \u0161alice. Na\u0161a preporuka: Heat Press uklju\u010dite samo za stvarnu uporabu, jer to \u0161titi grija\u0107i element i \u0161tedi energiju.<\/p>","protected":false},"excerpt":{"rendered":"<p>Pre\u0161a za \u0161alice TM2 tvrtke Secabo ima iznimno \u0161irok grija\u0107i element koji vam omogu\u0107uje ispis 2 \u0161alice u isto vrijeme &#8211; ili visoke\/velike \u0161alice do 21 cm visine.<\/p>","protected":false},"featured_media":10912,"template":"","meta":{"_seopress_robots_primary_cat":"none","_seopress_titles_title":"","_seopress_titles_desc":"","_seopress_robots_index":""},"product_brand":[],"product_cat":[486],"product_tag":[73,487,64,65],"class_list":{"0":"post-10917","1":"product","2":"type-product","3":"status-publish","4":"has-post-thumbnail","6":"product_cat-secabo","7":"product_tag-secabo","8":"product_tag-secabo-heat-press","9":"product_tag-termo-presa","10":"product_tag-termo-presa-za-majice","12":"first","13":"instock","14":"sale","15":"taxable","16":"shipping-taxable","17":"purchasable","18":"product-type-simple"},"tiered_pricing_type":"fixed","tiered_pricing_fixed_rules":[],"tiered_pricing_product_settings":{"layout":"default","base_unit_name":{"singular":null,"plural":null},"default_variation":null},"tiered_pricing_minimum_quantity":null,"tiered_pricing_roles_data":[],"tiered_pricing_percentage_rules":[],"tiered_pricing_maximum_quantity":null,"tiered_pricing_quantity_step":null,"_links":{"self":[{"href":"https:\/\/dtfprint.hr\/fr\/wp-json\/wp\/v2\/product\/10917","targetHints":{"allow":["GET"]}}],"collection":[{"href":"https:\/\/dtfprint.hr\/fr\/wp-json\/wp\/v2\/product"}],"about":[{"href":"https:\/\/dtfprint.hr\/fr\/wp-json\/wp\/v2\/types\/product"}],"wp:featuredmedia":[{"embeddable":true,"href":"https:\/\/dtfprint.hr\/fr\/wp-json\/wp\/v2\/media\/10912"}],"wp:attachment":[{"href":"https:\/\/dtfprint.hr\/fr\/wp-json\/wp\/v2\/media?parent=10917"}],"wp:term":[{"taxonomy":"product_brand","embeddable":true,"href":"https:\/\/dtfprint.hr\/fr\/wp-json\/wp\/v2\/product_brand?post=10917"},{"taxonomy":"product_cat","embeddable":true,"href":"https:\/\/dtfprint.hr\/fr\/wp-json\/wp\/v2\/product_cat?post=10917"},{"taxonomy":"product_tag","embeddable":true,"href":"https:\/\/dtfprint.hr\/fr\/wp-json\/wp\/v2\/product_tag?post=10917"}],"curies":[{"name":"wp","href":"https:\/\/api.w.org\/{rel}","templated":true}]}}