{"id":10911,"date":"2025-10-29T05:50:52","date_gmt":"2025-10-29T04:50:52","guid":{"rendered":"https:\/\/dtfprint.hr\/proizvod\/secabo-tm1-termo-presa-za-salice\/"},"modified":"2025-11-04T09:50:54","modified_gmt":"2025-11-04T08:50:54","slug":"secabo-tm1-termo-presa-za-salice","status":"publish","type":"product","link":"https:\/\/dtfprint.hr\/fr\/proizvod\/secabo-tm1-termo-presa-za-salice\/","title":{"rendered":"Presse thermique Secabo TM1 pour tasses"},"content":{"rendered":"<p>Pre\u0161a za \u0161alice TM1 tvrtke Secabo idealna je za prakti\u010dno izvo\u0111enje sublimacijskih prijenosa na kerami\u010dke \u0161alice i sli\u010dne predmete. Secabo TM1 Heat Press pogodan je i za po\u010detnike i za profesionalne korisnike, a brz je i siguran za rukovanje zahvaljuju\u0107i digitalnom upravlja\u010du. Kontaktni pritisak mo\u017ee se lako podesiti pomo\u0107u ru\u010dnog kota\u010da. Opcijski su dostupna tri razli\u010dita grija\u0107a elementa &#8211; tako\u0111er u koni\u010dnom dizajnu. Pre\u0161a za \u0161alice Secabo TM1 isporu\u010duje se s grija\u0107im rukavcem za \u0161alice promjera 75-90 mm (grija\u0107i elementi su habaju\u0107i dijelovi). Tako\u0111er preporu\u010dujemo da pre\u0161u za \u0161alice uklju\u010dite samo za stvarnu upotrebu, a ne da je neprestano zagrijavate.<\/p>","protected":false},"excerpt":{"rendered":"<p>Pre\u0161a za \u0161alice TM1 tvrtke Secabo idealna je za prakti\u010dno izvo\u0111enje sublimacijskih prijenosa na kerami\u010dke \u0161alice i sli\u010dne predmete. Secabo TM1 Heat Press pogodan je i za po\u010detnike i za profesionalne korisnike, a brz je i siguran za rukovanje zahvaljuju\u0107i digitalnom upravlja\u010du.<\/p>","protected":false},"featured_media":10908,"template":"","meta":{"_seopress_robots_primary_cat":"none","_seopress_titles_title":"","_seopress_titles_desc":"","_seopress_robots_index":""},"product_brand":[],"product_cat":[486],"product_tag":[73,487,64,65],"class_list":{"0":"post-10911","1":"product","2":"type-product","3":"status-publish","4":"has-post-thumbnail","6":"product_cat-secabo","7":"product_tag-secabo","8":"product_tag-secabo-heat-press","9":"product_tag-termo-presa","10":"product_tag-termo-presa-za-majice","12":"first","13":"instock","14":"sale","15":"taxable","16":"shipping-taxable","17":"purchasable","18":"product-type-simple"},"tiered_pricing_type":"fixed","tiered_pricing_fixed_rules":[],"tiered_pricing_product_settings":{"layout":"default","base_unit_name":{"singular":null,"plural":null},"default_variation":null},"tiered_pricing_minimum_quantity":null,"tiered_pricing_roles_data":[],"tiered_pricing_percentage_rules":[],"tiered_pricing_maximum_quantity":null,"tiered_pricing_quantity_step":null,"_links":{"self":[{"href":"https:\/\/dtfprint.hr\/fr\/wp-json\/wp\/v2\/product\/10911","targetHints":{"allow":["GET"]}}],"collection":[{"href":"https:\/\/dtfprint.hr\/fr\/wp-json\/wp\/v2\/product"}],"about":[{"href":"https:\/\/dtfprint.hr\/fr\/wp-json\/wp\/v2\/types\/product"}],"wp:featuredmedia":[{"embeddable":true,"href":"https:\/\/dtfprint.hr\/fr\/wp-json\/wp\/v2\/media\/10908"}],"wp:attachment":[{"href":"https:\/\/dtfprint.hr\/fr\/wp-json\/wp\/v2\/media?parent=10911"}],"wp:term":[{"taxonomy":"product_brand","embeddable":true,"href":"https:\/\/dtfprint.hr\/fr\/wp-json\/wp\/v2\/product_brand?post=10911"},{"taxonomy":"product_cat","embeddable":true,"href":"https:\/\/dtfprint.hr\/fr\/wp-json\/wp\/v2\/product_cat?post=10911"},{"taxonomy":"product_tag","embeddable":true,"href":"https:\/\/dtfprint.hr\/fr\/wp-json\/wp\/v2\/product_tag?post=10911"}],"curies":[{"name":"wp","href":"https:\/\/api.w.org\/{rel}","templated":true}]}}