{"id":10907,"date":"2025-10-29T05:50:51","date_gmt":"2025-10-29T04:50:51","guid":{"rendered":"https:\/\/dtfprint.hr\/proizvod\/secabo-ts5-lite-energy-saver-modularna-termo-presa-sa-zakretanjem-38cm-x-38cm\/"},"modified":"2025-11-04T09:50:56","modified_gmt":"2025-11-04T08:50:56","slug":"secabo-ts5-lite-energy-saver-modularna-termo-presa-sa-zakretanjem-38cm-x-38cm","status":"publish","type":"product","link":"https:\/\/dtfprint.hr\/fr\/proizvod\/secabo-ts5-lite-energy-saver-modularna-termo-presa-sa-zakretanjem-38cm-x-38cm\/","title":{"rendered":"Presse \u00e0 chaud modulaire Secabo TS5 LITE Energy Saver avec rotation 38 cm x 38 cm"},"content":{"rendered":"<p>Secabo TS5 LITE Energy Saver &#8211; Vrhunska nadogradnja energetske u\u010dinkovitosti i pogodnosti prijenosa<\/p>\n<p>Pove\u0107ajte energetsku u\u010dinkovitost i revolucionirajte svoj rad uz Secabo TS5 LITE Energy Saver. Opremljena revolucionarnom grija\u0107om plo\u010dom Energy Saver ES5, ova Heat Press predstavlja nevi\u0111enu fuziju napredne tehnologije i odr\u017eivosti, posebno dizajnirana za modernu doradu tekstila i apliciranja termo preslika\u010da.<\/p>\n<p>Optimalna energetska u\u010dinkovitost susre\u0107e elitne performanse:<\/p>\n<p>TS5 LITE Energy Saver integrira inovativnu ES5 grija\u0107u plo\u010du s dodatnom izolacijom, \u0161to zna\u010dajno smanjuje potro\u0161nju energije u stanju mirovanja i obe\u0107ava u\u0161tedu do 80%. Tijekom rada, ova grija\u0107a plo\u010da radi preko 30% u\u010dinkovitije od konvencionalnih modela, \u0161to ne samo da dovodi do zna\u010dajne u\u0161tede energije, ve\u0107 i smanjuje ekolo\u0161ki otisak va\u0161eg rada.<\/p>\n<p>Sigurnost usmjerena na korisnika i jednostavnost kori\u0161tenja:<\/p>\n<p>Posebno dizajniran poklopac motora \u0161titi va\u0161e zaposlenike od mogu\u0107ih opeklina, a istovremeno smanjuje potro\u0161nju energije. Upravljanje grija\u0107om plo\u010dom je jednostavno, \u010dak i bez poklopca, a kota\u010di\u0107 omogu\u0107uje precizno pode\u0161avanje kontaktnog pritiska za brzo pokretanje.<\/p>\n<p>Toplinske pre\u0161e LITE nude sve \u0161to prijenos tekstila sa Secabom \u010dini tako prakti\u010dnim. Sve profesionalne primjene uobi\u010dajenih procesa prijenosa topline kao \u0161to su flok folije, fleks folije, sublimacija, DTF prijenosi itd. su naravno mogu\u0107e. Secabo TS5 LITE mo\u017ee se opcijski opremiti izmjenjivim plo\u010dama u razli\u010ditim formatima &#8211; uklju\u010duju\u0107i membransku osnovnu plo\u010du, sustav brze izmjene i klizni nastavak za kori\u0161tenje kao pre\u0161a s dvostrukom plo\u010dom.<\/p>\n<p>Heat Press se automatski otvara nakon isteka vremena<br \/>\nDigitalni regulator temperature i vremena<br \/>\nTemperatura i vrijeme se mogu postaviti na regulatoru pomo\u0107u tipki sa strelicama<br \/>\nModularni dizajn, komponente se lako mijenjaju<br \/>\nLako podesiv kontaktni pritisak<br \/>\nVisokokvalitetna grija\u0107a plo\u010da s dodatnom za\u0161titnom plo\u010dom<br \/>\nPrikladno za sve uobi\u010dajene procese prijenosa<br \/>\nMo\u017ee se naknadno opremiti dodacima kao \u0161to su izmjenjive plo\u010de, klizni nastavak ili membranska plo\u010da za grijanje za jo\u0161 ve\u0107u produktivnost.<\/p>","protected":false},"excerpt":{"rendered":"<p>Pove\u0107ajte energetsku u\u010dinkovitost i revolucionirajte svoj rad uz Secabo TS5 LITE Energy Saver. Opremljena revolucionarnom grija\u0107om plo\u010dom Energy Saver ES5, ova Heat Press predstavlja nevi\u0111enu fuziju napredne tehnologije i odr\u017eivosti, posebno dizajnirana za modernu doradu tekstila i apliciranja termo preslika\u010da.<\/p>","protected":false},"featured_media":10903,"template":"","meta":{"_seopress_robots_primary_cat":"none","_seopress_titles_title":"","_seopress_titles_desc":"","_seopress_robots_index":""},"product_brand":[],"product_cat":[486],"product_tag":[73,487,64,65],"class_list":{"0":"post-10907","1":"product","2":"type-product","3":"status-publish","4":"has-post-thumbnail","6":"product_cat-secabo","7":"product_tag-secabo","8":"product_tag-secabo-heat-press","9":"product_tag-termo-presa","10":"product_tag-termo-presa-za-majice","12":"first","13":"instock","14":"sale","15":"taxable","16":"shipping-taxable","17":"purchasable","18":"product-type-simple"},"tiered_pricing_type":"fixed","tiered_pricing_fixed_rules":[],"tiered_pricing_product_settings":{"layout":"default","base_unit_name":{"singular":null,"plural":null},"default_variation":null},"tiered_pricing_minimum_quantity":null,"tiered_pricing_roles_data":[],"tiered_pricing_percentage_rules":[],"tiered_pricing_maximum_quantity":null,"tiered_pricing_quantity_step":null,"_links":{"self":[{"href":"https:\/\/dtfprint.hr\/fr\/wp-json\/wp\/v2\/product\/10907","targetHints":{"allow":["GET"]}}],"collection":[{"href":"https:\/\/dtfprint.hr\/fr\/wp-json\/wp\/v2\/product"}],"about":[{"href":"https:\/\/dtfprint.hr\/fr\/wp-json\/wp\/v2\/types\/product"}],"wp:featuredmedia":[{"embeddable":true,"href":"https:\/\/dtfprint.hr\/fr\/wp-json\/wp\/v2\/media\/10903"}],"wp:attachment":[{"href":"https:\/\/dtfprint.hr\/fr\/wp-json\/wp\/v2\/media?parent=10907"}],"wp:term":[{"taxonomy":"product_brand","embeddable":true,"href":"https:\/\/dtfprint.hr\/fr\/wp-json\/wp\/v2\/product_brand?post=10907"},{"taxonomy":"product_cat","embeddable":true,"href":"https:\/\/dtfprint.hr\/fr\/wp-json\/wp\/v2\/product_cat?post=10907"},{"taxonomy":"product_tag","embeddable":true,"href":"https:\/\/dtfprint.hr\/fr\/wp-json\/wp\/v2\/product_tag?post=10907"}],"curies":[{"name":"wp","href":"https:\/\/api.w.org\/{rel}","templated":true}]}}