{"id":10902,"date":"2025-10-29T05:50:48","date_gmt":"2025-10-29T04:50:48","guid":{"rendered":"https:\/\/dtfprint.hr\/proizvod\/secabo-ts7-smart-energy-saver-modularna-termo-presa-40cm-x-50cm\/"},"modified":"2025-11-04T09:50:56","modified_gmt":"2025-11-04T08:50:56","slug":"secabo-ts7-smart-energy-saver-modularna-termo-presa-40cm-x-50cm","status":"publish","type":"product","link":"https:\/\/dtfprint.hr\/fr\/proizvod\/secabo-ts7-smart-energy-saver-modularna-termo-presa-40cm-x-50cm\/","title":{"rendered":"Presse \u00e0 chaud modulaire Secabo TS7 SMART Energy Saver 40 cm x 50 cm"},"content":{"rendered":"<p>Secabo TS7 SMART Energy Saver: Gdje profesionalnost i u\u010dinkovitost idu ruku pod ruku<\/p>\n<p>Sljede\u0107a era u svijetu toplinskih pre\u0161a je svanula i nosi pe\u010dat &#8220;Made in Germany&#8221;. Secabo TS7 SMART Energy Saver Heat Press nije samo profesionalni ure\u0111aj za doradu tekstila na najvi\u0161oj razini, ve\u0107 predstavlja i odr\u017eivu inovaciju. S integracijom zna\u010dajke Energy Saver, on je na \u010delu ekolo\u0161ke i tehnolo\u0161ke revolucije.<\/p>\n<p>TS7 SMART Energy Saver, dizajniran za elitne profesionalce, postavlja nove standarde. Njegov automatski zakretni mehanizam nudi velikodu\u0161an radni prostor koji omogu\u0107uje precizno poravnanje objekata za prijenos bez napora. Osnovna plo\u010da, dimenzija 40 cm x 50 cm u portretnom formatu, omogu\u0107uje precizno pozicioniranje materijala za prijenos bez kompromisa.<\/p>\n<p>Ali ono \u0161to zaista izdvaja TS7 SMART Energy Saver je njegova energetska u\u010dinkovitost. Integracija zna\u010dajke Energy Saver u kombinaciji s prvoklasnim funkcijama TS7 SMART ne samo da osigurava impresivne rezultate, ve\u0107 i odr\u017eive metode rada. Za\u0161tita okoli\u0161a i u\u0161teda sada idu ruku pod ruku. A za one koji misle da ovo ugro\u017eava jednostavnost kori\u0161tenja: Secabo dokazuje suprotno. Intuitivna uporaba ostaje sredi\u0161nja zna\u010dajka.<\/p>\n<p>Tome je pridodana inovativna Bluetooth tehnologija i aplikacija Secabo SMART Transfer, koja modernom profesionalcu otvara svijet mogu\u0107nosti. Upute za prijenos s vi\u0161e razina, precizna kontrola i cijeli arsenal funkcija \u010dekaju da budu otkriveni.<\/p>\n<p>A budu\u0107i da je fleksibilnost klju\u010dna, TS7 SMART Energy Saver potpuno je kompatibilan s nizom Secabo dodataka, kao \u0161to je TB7 Thermobase.<\/p>\n<p>Secabo TS7 SMART Energy Saver nije samo stroj; to je obe\u0107anje budu\u0107nosti usmjerene, u\u010dinkovite i precizne dorade tekstila. Uronite u svijet u kojem se spajaju kvaliteta i odr\u017eivost.<\/p>\n<p>Ekolo\u0161ki prihvatljiv dizajn:<\/p>\n<p>O\u010duvanje resursa kroz odr\u017eivi dizajn i smanjenu potro\u0161nju energije za smanjenje ekolo\u0161kog otiska.<\/p>\n<p>Optimizirano upravljanje energijom:<\/p>\n<p>Inteligentno upravljanje energijom osigurava manju potro\u0161nju i minimiziran gubitak topline tijekom radnog vremena.<\/p>\n<p>Analiza potro\u0161nje:<\/p>\n<p>Sposobnost pra\u0107enja potro\u0161nje energije kako bi se bolje identificirale i iskoristile potencijalne u\u0161tede.<\/p>\n<p>Du\u017ei vijek trajanja:<\/p>\n<p>Smanjena potro\u0161nja energije osigurava manje tro\u0161enja i habanja, a samim time i dulji \u017eivotni vijek ure\u0111aja.<\/p>\n<p>U\u0161teda tro\u0161kova:<\/p>\n<p>Ekonomi\u010dnost u\u0161tede energije doprinosi br\u017eoj amortizaciji tro\u0161kova nabave.<\/p>\n<p>Pove\u0107ana produktivnost:<\/p>\n<p>U\u010dinkovitije upravljanje energijom omogu\u0107uje dulje vrijeme rada i stoga pove\u0107ava produktivnost.<\/p>\n<p>Smanjene emisije CO2:<\/p>\n<p>Kori\u0161tenje energetski u\u010dinkovitih tehnologija zna\u010dajno smanjuje emisije CO2, \u010dime se poma\u017ee u za\u0161titi okoli\u0161a.<\/p>\n<p>Pobolj\u0161an prijenos topline:<\/p>\n<p>Optimizirana energetska u\u010dinkovitost osigurava ravnomjerniji i precizniji prijenos topline u toplinskim pre\u0161ama.<\/p>\n<p>Zna\u010dajke Smart Energy:<\/p>\n<p>Inovativne tehnologije poput automatskog isklju\u010divanja i mirovanja tijekom neaktivnosti \u0161tede dodatnu energiju.<\/p>\n<p>Caract\u00e9ristiques:<\/p>\n<p>Prikladno za prijenos predmeta od 0 mm do 70 mm visine<br \/>\nModularni dizajn, kompatibilan s raznim grija\u0107im i osnovnim plo\u010dama<br \/>\nBluetooth su\u010delje za aplikaciju Secabo s vlastitom bazom podataka prijenosa i brojnim dodatnim zna\u010dajkama<br \/>\nDigitalni regulator za temperaturu, vrijeme, funkciju prethodnog pre\u0161anja, brojanje i mnoge druge zna\u010dajke s inovativnim operativnim konceptom<br \/>\nVrlo veliki kut zakretanja 110\u00b0<br \/>\nMaks. Kontaktni pritisak od 250 g\/cm\u00b2 mo\u017ee se posti\u0107i s malom ru\u010dnom silom<br \/>\nMogu\u0107nost odabira smjera okretanja lijevo\/desno<br \/>\nKompatibilan s brzom spojnicom, kliznim produ\u017eetkom i drugim Secabo dodacima<\/p>","protected":false},"excerpt":{"rendered":"<p>Secabo TS7 SMART Energy Saver nije samo stroj; to je obe\u0107anje budu\u0107nosti usmjerene, u\u010dinkovite i precizne dorade tekstila. Uronite u svijet u kojem se spajaju kvaliteta i odr\u017eivost.<\/p>","protected":false},"featured_media":10897,"template":"","meta":{"_seopress_robots_primary_cat":"none","_seopress_titles_title":"","_seopress_titles_desc":"","_seopress_robots_index":""},"product_brand":[],"product_cat":[486],"product_tag":[73,487,64,65],"class_list":{"0":"post-10902","1":"product","2":"type-product","3":"status-publish","4":"has-post-thumbnail","6":"product_cat-secabo","7":"product_tag-secabo","8":"product_tag-secabo-heat-press","9":"product_tag-termo-presa","10":"product_tag-termo-presa-za-majice","12":"first","13":"instock","14":"sale","15":"taxable","16":"shipping-taxable","17":"purchasable","18":"product-type-simple"},"tiered_pricing_type":"fixed","tiered_pricing_fixed_rules":[],"tiered_pricing_product_settings":{"layout":"default","base_unit_name":{"singular":null,"plural":null},"default_variation":null},"tiered_pricing_minimum_quantity":null,"tiered_pricing_roles_data":[],"tiered_pricing_percentage_rules":[],"tiered_pricing_maximum_quantity":null,"tiered_pricing_quantity_step":null,"_links":{"self":[{"href":"https:\/\/dtfprint.hr\/fr\/wp-json\/wp\/v2\/product\/10902","targetHints":{"allow":["GET"]}}],"collection":[{"href":"https:\/\/dtfprint.hr\/fr\/wp-json\/wp\/v2\/product"}],"about":[{"href":"https:\/\/dtfprint.hr\/fr\/wp-json\/wp\/v2\/types\/product"}],"wp:featuredmedia":[{"embeddable":true,"href":"https:\/\/dtfprint.hr\/fr\/wp-json\/wp\/v2\/media\/10897"}],"wp:attachment":[{"href":"https:\/\/dtfprint.hr\/fr\/wp-json\/wp\/v2\/media?parent=10902"}],"wp:term":[{"taxonomy":"product_brand","embeddable":true,"href":"https:\/\/dtfprint.hr\/fr\/wp-json\/wp\/v2\/product_brand?post=10902"},{"taxonomy":"product_cat","embeddable":true,"href":"https:\/\/dtfprint.hr\/fr\/wp-json\/wp\/v2\/product_cat?post=10902"},{"taxonomy":"product_tag","embeddable":true,"href":"https:\/\/dtfprint.hr\/fr\/wp-json\/wp\/v2\/product_tag?post=10902"}],"curies":[{"name":"wp","href":"https:\/\/api.w.org\/{rel}","templated":true}]}}