{"id":10896,"date":"2025-10-29T05:50:45","date_gmt":"2025-10-29T04:50:45","guid":{"rendered":"https:\/\/dtfprint.hr\/proizvod\/popust-secabo-ts7-lite-modularna-termo-presa-sa-zakretanjem-40cm-x-50cm\/"},"modified":"2025-11-04T09:50:55","modified_gmt":"2025-11-04T08:50:55","slug":"popust-secabo-ts7-lite-modularna-termo-presa-sa-zakretanjem-40cm-x-50cm","status":"publish","type":"product","link":"https:\/\/dtfprint.hr\/fr\/proizvod\/popust-secabo-ts7-lite-modularna-termo-presa-sa-zakretanjem-40cm-x-50cm\/","title":{"rendered":"Remise : Presse \u00e0 chaud modulaire rotative Secabo TS7 LITE 40 cm x 50 cm"},"content":{"rendered":"<p>Najbolje performanse i visoka udobnost uz Secabo LITE seriju<\/p>\n<p>Secabo TS7 LITE predstavlja inovativnu prekretnicu u razvoju zakretnih toplinskih pre\u0161a. Kao dio Secabo nove LITE serije, TS7 LITE nudi isplativo rje\u0161enje visokih performansi za zahtjevne projekte dorade tekstila i prijenosnog tiska. S radnom povr\u0161inom od 40 cm x 50 cm, idealan je za ve\u0107e dizajne i omogu\u0107uje u\u010dinkovitu proizvodnju uz najvi\u0161u kvalitetu.<\/p>\n<p>Toplinske pre\u0161e LITE nude sve \u0161to prijenos tekstila sa Secabom \u010dini tako prakti\u010dnim. Sve profesionalne primjene uobi\u010dajenih procesa prijenosa topline kao \u0161to su flok folije, fleks folije, sublimacija, DTF prijenosi itd. su naravno mogu\u0107e. Secabo TS7 LITE mo\u017ee se opcijski opremiti izmjenjivim plo\u010dama u razli\u010ditim formatima &#8211; uklju\u010duju\u0107i membransku osnovnu plo\u010du, sustav brze izmjene i nastavak za klizanje za upotrebu kao dvostruka pre\u0161a za plo\u010de.<\/p>\n<p>Funkcije inteligentnog zaslona: Jednostavno i brzo pode\u0161avanje temperature i vremena putem digitalnog regulatora.<br \/>\nVrhunski dizajn tiska: TS7 LITE impresionira svojim inteligentnim dizajnom i upotrebom visokokvalitetnih materijala. Njegov modularni dizajn omogu\u0107uje brzu i jednostavnu prilagodbu razli\u010ditim zahtjevima.<br \/>\nOsnovni proizvod s opse\u017enim mogu\u0107nostima nadogradnje: TS7 LITE nudi brojne mogu\u0107nosti prilagodbe i nadogradnje za stvaranje va\u0161eg idealnog radnog alata. Od naknadne ugradnje temeljne plo\u010de s pasivnom membranom do integracije Secabo TB7 Thermobase za jo\u0161 preciznije prijenose &#8211; TS7 LITE prilago\u0111ava se va\u0161im potrebama.<\/p>\n<p>Secabo TS7 LITE Heat Press predstavlja novu generaciju toplinskih pre\u0161a koje omogu\u0107uju u\u010dinkovitost, fleksibilnost i najvi\u0161u kvalitetu u doradi tekstila. Otkrijte raznolike mogu\u0107nosti TS7 Lite i postavite nove standarde u svojoj proizvodnji.<\/p>\n<p>Heat Press se automatski otvara nakon isteka vremena<br \/>\nDigitalni regulator temperature i vremena<br \/>\nTemperatura i vrijeme se mogu postaviti na regulatoru pomo\u0107u tipki sa strelicama<br \/>\nModularni dizajn, komponente se lako mijenjaju<br \/>\nLako podesiv kontaktni pritisak<br \/>\nVisokokvalitetna grija\u0107a plo\u010da s dodatnom za\u0161titnom plo\u010dom<br \/>\nPrikladno za sve uobi\u010dajene procese prijenosa<br \/>\nMo\u017ee se naknadno opremiti dodacima kao \u0161to su izmjenjive plo\u010de, klizni nastavak ili membranska plo\u010da za grijanje za jo\u0161 ve\u0107u produktivnost.<\/p>","protected":false},"excerpt":{"rendered":"<p>Secabo TS7 LITE predstavlja inovativnu prekretnicu u razvoju zakretnih toplinskih pre\u0161a. Kao dio Secabo nove LITE serije, TS7 LITE nudi isplativo rje\u0161enje visokih performansi za zahtjevne projekte dorade tekstila i prijenosnog tiska. S radnom povr\u0161inom od 40 cm x 50 cm, idealan je za ve\u0107e dizajne i omogu\u0107uje u\u010dinkovitu proizvodnju uz najvi\u0161u kvalitetu.<\/p>","protected":false},"featured_media":10889,"template":"","meta":{"_seopress_robots_primary_cat":"none","_seopress_titles_title":"","_seopress_titles_desc":"","_seopress_robots_index":""},"product_brand":[],"product_cat":[486],"product_tag":[73,487,64,65],"class_list":{"0":"post-10896","1":"product","2":"type-product","3":"status-publish","4":"has-post-thumbnail","6":"product_cat-secabo","7":"product_tag-secabo","8":"product_tag-secabo-heat-press","9":"product_tag-termo-presa","10":"product_tag-termo-presa-za-majice","12":"first","13":"instock","14":"sale","15":"taxable","16":"shipping-taxable","17":"purchasable","18":"product-type-simple"},"tiered_pricing_type":"fixed","tiered_pricing_fixed_rules":[],"tiered_pricing_product_settings":{"layout":"default","base_unit_name":{"singular":null,"plural":null},"default_variation":null},"tiered_pricing_minimum_quantity":null,"tiered_pricing_roles_data":[],"tiered_pricing_percentage_rules":[],"tiered_pricing_maximum_quantity":null,"tiered_pricing_quantity_step":null,"_links":{"self":[{"href":"https:\/\/dtfprint.hr\/fr\/wp-json\/wp\/v2\/product\/10896","targetHints":{"allow":["GET"]}}],"collection":[{"href":"https:\/\/dtfprint.hr\/fr\/wp-json\/wp\/v2\/product"}],"about":[{"href":"https:\/\/dtfprint.hr\/fr\/wp-json\/wp\/v2\/types\/product"}],"wp:featuredmedia":[{"embeddable":true,"href":"https:\/\/dtfprint.hr\/fr\/wp-json\/wp\/v2\/media\/10889"}],"wp:attachment":[{"href":"https:\/\/dtfprint.hr\/fr\/wp-json\/wp\/v2\/media?parent=10896"}],"wp:term":[{"taxonomy":"product_brand","embeddable":true,"href":"https:\/\/dtfprint.hr\/fr\/wp-json\/wp\/v2\/product_brand?post=10896"},{"taxonomy":"product_cat","embeddable":true,"href":"https:\/\/dtfprint.hr\/fr\/wp-json\/wp\/v2\/product_cat?post=10896"},{"taxonomy":"product_tag","embeddable":true,"href":"https:\/\/dtfprint.hr\/fr\/wp-json\/wp\/v2\/product_tag?post=10896"}],"curies":[{"name":"wp","href":"https:\/\/api.w.org\/{rel}","templated":true}]}}