{"id":10888,"date":"2025-10-29T05:50:40","date_gmt":"2025-10-29T04:50:40","guid":{"rendered":"https:\/\/dtfprint.hr\/proizvod\/secabo-ts-5-economy-modularna-termo-presa-38cm-x-38cm\/"},"modified":"2025-11-04T09:50:55","modified_gmt":"2025-11-04T08:50:55","slug":"secabo-ts-5-economy-modularna-termo-presa-38cm-x-38cm","status":"publish","type":"product","link":"https:\/\/dtfprint.hr\/fr\/proizvod\/secabo-ts-5-economy-modularna-termo-presa-38cm-x-38cm\/","title":{"rendered":"Presse \u00e0 chaud modulaire Secabo TS 5 Economy, 38 cm x 38 cm"},"content":{"rendered":"<p>TS5 Economy kombinira najbolje od dva Secabo bestselera<\/p>\n<p>Sa svojim mehanizmom zakretanja, TS5 Economy posebno je prakti\u010dan za rukovanje, a objekti za prijenos mogu se jednostavno poravnati. Ru\u010dica brzo i prakti\u010dno regulira kontaktni pritisak, a paralelna osnovna plo\u010da za zatvaranje i plo\u010da za grijanje zna\u010de da se \u010dak i deblji predmeti za prijenos kao \u0161to su majice s kapulja\u010dom mogu pritisnuti bez ikakvih problema.<\/p>\n<p>Kompaktnost i jednostavnost kori\u0161tenja preuzeti su od sestrinskog modela u seriji TC, TC5 Lite. Kompaktna veli\u010dina od 38 cm x 38 cm \u010dini TS5 Economy \u0161tedi prostor i prenosivim &#8211; i stoga idealan tisak za sportske i kulturne doga\u0111aje ili festivale. Koncept upravljanja namjerno je jednostavan kako bi se omogu\u0107ilo u\u010dinkovito rukovanje i osiguralo intuitivno rukovanje \u010dak i za po\u010detnike.<\/p>\n<p>TS5 Economy savr\u0161en je, kompaktan osnovni proizvod koji se po potrebi mo\u017ee pro\u0161iriti zahvaljuju\u0107i svojoj modularnosti. Ako je potrebno, postolje ili grija\u0107e plo\u010de mogu se naknadno opremiti po niskoj cijeni, a komponente se mogu jednostavno zamijeniti, nude\u0107i i po\u010detnicima i profesionalcima potrebnu fleksibilnost.<\/p>\n<p>TC5 Economy Heat Press nudi sve \u0161to prijenos tekstila sa Secabom \u010dini tako prakti\u010dnim. Sve profesionalne primjene uobi\u010dajenih procesa prijenosa topline kao \u0161to su flock folije, flex folije, sublimacija, inkjet flex, itd. su naravno mogu\u0107e.<\/p>","protected":false},"excerpt":{"rendered":"<p>Sa svojim mehanizmom zakretanja, TS5 Economy posebno je prakti\u010dan za rukovanje, a objekti za prijenos mogu se jednostavno poravnati. Ru\u010dica brzo i prakti\u010dno regulira kontaktni pritisak, a paralelna osnovna plo\u010da za zatvaranje i plo\u010da za grijanje zna\u010de da se \u010dak i deblji predmeti za prijenos kao \u0161to su majice s kapulja\u010dom mogu pritisnuti bez ikakvih problema.<\/p>","protected":false},"featured_media":10880,"template":"","meta":{"_seopress_robots_primary_cat":"none","_seopress_titles_title":"","_seopress_titles_desc":"","_seopress_robots_index":""},"product_brand":[],"product_cat":[486],"product_tag":[73,487,64,65],"class_list":{"0":"post-10888","1":"product","2":"type-product","3":"status-publish","4":"has-post-thumbnail","6":"product_cat-secabo","7":"product_tag-secabo","8":"product_tag-secabo-heat-press","9":"product_tag-termo-presa","10":"product_tag-termo-presa-za-majice","12":"first","13":"instock","14":"sale","15":"taxable","16":"shipping-taxable","17":"purchasable","18":"product-type-simple"},"tiered_pricing_type":"fixed","tiered_pricing_fixed_rules":[],"tiered_pricing_product_settings":{"layout":"default","base_unit_name":{"singular":null,"plural":null},"default_variation":null},"tiered_pricing_minimum_quantity":null,"tiered_pricing_roles_data":[],"tiered_pricing_percentage_rules":[],"tiered_pricing_maximum_quantity":null,"tiered_pricing_quantity_step":null,"_links":{"self":[{"href":"https:\/\/dtfprint.hr\/fr\/wp-json\/wp\/v2\/product\/10888","targetHints":{"allow":["GET"]}}],"collection":[{"href":"https:\/\/dtfprint.hr\/fr\/wp-json\/wp\/v2\/product"}],"about":[{"href":"https:\/\/dtfprint.hr\/fr\/wp-json\/wp\/v2\/types\/product"}],"wp:featuredmedia":[{"embeddable":true,"href":"https:\/\/dtfprint.hr\/fr\/wp-json\/wp\/v2\/media\/10880"}],"wp:attachment":[{"href":"https:\/\/dtfprint.hr\/fr\/wp-json\/wp\/v2\/media?parent=10888"}],"wp:term":[{"taxonomy":"product_brand","embeddable":true,"href":"https:\/\/dtfprint.hr\/fr\/wp-json\/wp\/v2\/product_brand?post=10888"},{"taxonomy":"product_cat","embeddable":true,"href":"https:\/\/dtfprint.hr\/fr\/wp-json\/wp\/v2\/product_cat?post=10888"},{"taxonomy":"product_tag","embeddable":true,"href":"https:\/\/dtfprint.hr\/fr\/wp-json\/wp\/v2\/product_tag?post=10888"}],"curies":[{"name":"wp","href":"https:\/\/api.w.org\/{rel}","templated":true}]}}