{"id":10879,"date":"2025-10-29T05:50:35","date_gmt":"2025-10-29T04:50:35","guid":{"rendered":"https:\/\/dtfprint.hr\/proizvod\/secabo-the-beast\/"},"modified":"2025-11-04T09:50:54","modified_gmt":"2025-11-04T08:50:54","slug":"secabo-the-beast","status":"publish","type":"product","link":"https:\/\/dtfprint.hr\/fr\/proizvod\/secabo-the-beast\/","title":{"rendered":"Secabo LA B\u00caTE"},"content":{"rendered":"<p>Apsolutni profesionalni ure\u0111aj za vrhunske primjene na najvi\u0161oj razini<\/p>\n<p>THE BEAST iz Secaba kombinira novorazvijenu pametnu toplinsku pre\u0161u s grijanom donjom plo\u010dom.<br \/>\nTS7 SMART &#8211; sredi\u0161nji dio THE BEAST-a je prva Heat Press tvrtke Secabo &#8220;Made in Germany&#8221;.<br \/>\nTHE BEAST omogu\u0107uje vrhunske aplikacije i nje\u017ene prijenose tekstila.<\/p>\n<p>Zahvaljuju\u0107i svom modularnom dizajnu, novorazvijena Secabo TS7 SMART Heat Press u kombinaciji s Thermobase TB7 mo\u017ee savladati i najzahtjevnije zadatke dorade tekstila. Kombinirani proizvod &#8220;THE BEAST&#8221; djeluje brzo, nje\u017ean je prema tekstilu i rje\u0161ava tipi\u010dne probleme prijenosa.<\/p>\n<p>Tekstilna zavr\u0161na obrada na rubu rezanja<\/p>\n<p>Okretna toplinska pre\u0161a TS7 SMART tvrtke Secabo donosi modernu doradu tekstila: to je visokou\u010dinkovita pre\u0161a. Obra\u0111uje velike ispise s radnom povr\u0161inom od 40 x 50 cm i stvara transfer objekte visine do sedam centimetara.<\/p>\n<p>Novi TS7 SMART tako\u0111er se mo\u017ee kontrolirati pomo\u0107u aplikacije Secabo. Ovo ima najopse\u017eniju bazu podataka o parametrima prijenosa trenutno dostupnih na tr\u017ei\u0161tu: korisnik odabire vrstu tkanine i medij za prijenos i automatski prima odgovaraju\u0107e postavke za temperaturu, vrijeme i tlak. Jo\u0161 jedna velika prednost Secabo aplikacije su jednostavne upute za slo\u017eene procese prijenosa u vi\u0161e faza.<\/p>\n<p>Nova tehnologija grijanja za transfere<\/p>\n<p>Uz novi Thermobase TB7, Secabo nudi i grijanu donju plo\u010du kao nastavak. Ovo se posebno preporu\u010duje za osjetljive tkanine. Tako\u0111er osigurava pouzdane prijenose bijelog tonera i sublimacijske prijenose. Kada koristite Thermobase, toplina dolazi i odozdo. To omogu\u0107uje ni\u017ee ukupne temperature prijenosa, kra\u0107e vrijeme prijenosa i smanjuje tragove na tekstilu.<\/p>\n<p>Kao \u0161to biste o\u010dekivali od Secaba, THE BEAST je jednostavan za kori\u0161tenje, \u010dak i za po\u010detnike.<\/p>\n<p>THE BEAST je kompatibilan sa sustavima brze izmjene, izmjenjivim plo\u010dama i kliznim produ\u017eetkom kao i drugim Secabo dodacima.<\/p>\n<p>Secabo toplinska pre\u0161a TS7 SMART:<\/p>\n<p>Bluetooth su\u010delje za Secabo SMART Transfer App s vlastitom bazom podataka o prijenosu i brojnim dodatnim zna\u010dajkama<br \/>\nDigitalni regulator za temperaturu, vrijeme, funkciju prethodnog pre\u0161anja, brojanje i mnoge druge zna\u010dajke s inovativnim operativnim konceptom<br \/>\nVrlo veliki kut zakretanja 110\u00b0<br \/>\nPrikladno za prijenos predmeta od 0 mm do 70 mm visine<br \/>\nMaks. Kontaktni pritisak od 250 g\/cm\u00b2 mo\u017ee se posti\u0107i s malom ru\u010dnom silom<br \/>\nMogu\u0107nost odabira smjera okretanja lijevo\/desno<br \/>\nKompatibilan s brzom spojnicom i klizom<br \/>\nModularni dizajn, kompatibilan s raznim grija\u0107im i osnovnim plo\u010dama<\/p>\n<p>Secabo Thermobase TB7 40cm x 50cm:<\/p>\n<p>Temperatura TB7 se regulira vlastitim Secabo regulatorom<br \/>\nGrijana osnovna plo\u010da kao produ\u017eetak za va\u0161e Secabo modele 40cm x 50cm, kao \u0161to su TC7 SMART, TS7 SMART, TPD7 i TPD7 PREMIUM.<br \/>\nPosebno pogodan za osjetljive tkanine<br \/>\nLako se postavlja, tako\u0111er na brzu spojnicu i klizni nastavak<br \/>\nBrzo se zagrijava do temperature od 160 \u00b0C<br \/>\nMala potro\u0161nja energije<br \/>\nZa naknadnu ugradnju mnogih starih i gotovo svih novih Secabo toplinskih pre\u0161a<\/p>\n<p>Secabo brza izmjena plo\u010da za serije LITE i SMART<\/p>\n<p>Do tri izmjenjive plo\u010de mogu se montirati jedna pored druge (izmjenjive plo\u010de se moraju posebno naru\u010diti)<br \/>\nZamjenjive plo\u010de mogu se promijeniti u roku od nekoliko sekundi<br \/>\nOpseg isporuke uklju\u010duje adapter za monta\u017eu originalne osnovne plo\u010de na brzu spojnicu<\/p>","protected":false},"excerpt":{"rendered":"<p>Okretna toplinska pre\u0161a TS7 SMART tvrtke Secabo donosi modernu doradu tekstila: to je visokou\u010dinkovita pre\u0161a. Obra\u0111uje velike ispise s radnom povr\u0161inom od 40 x 50 cm i stvara transfer objekte visine do sedam centimetara.<\/p>","protected":false},"featured_media":10873,"template":"","meta":{"_seopress_robots_primary_cat":"none","_seopress_titles_title":"","_seopress_titles_desc":"","_seopress_robots_index":""},"product_brand":[],"product_cat":[486],"product_tag":[73,487,64,65],"class_list":{"0":"post-10879","1":"product","2":"type-product","3":"status-publish","4":"has-post-thumbnail","6":"product_cat-secabo","7":"product_tag-secabo","8":"product_tag-secabo-heat-press","9":"product_tag-termo-presa","10":"product_tag-termo-presa-za-majice","12":"first","13":"outofstock","14":"sale","15":"taxable","16":"shipping-taxable","17":"purchasable","18":"product-type-simple"},"tiered_pricing_type":"fixed","tiered_pricing_fixed_rules":[],"tiered_pricing_product_settings":{"layout":"default","base_unit_name":{"singular":null,"plural":null},"default_variation":null},"tiered_pricing_minimum_quantity":null,"tiered_pricing_roles_data":[],"tiered_pricing_percentage_rules":[],"tiered_pricing_maximum_quantity":null,"tiered_pricing_quantity_step":null,"_links":{"self":[{"href":"https:\/\/dtfprint.hr\/fr\/wp-json\/wp\/v2\/product\/10879","targetHints":{"allow":["GET"]}}],"collection":[{"href":"https:\/\/dtfprint.hr\/fr\/wp-json\/wp\/v2\/product"}],"about":[{"href":"https:\/\/dtfprint.hr\/fr\/wp-json\/wp\/v2\/types\/product"}],"wp:featuredmedia":[{"embeddable":true,"href":"https:\/\/dtfprint.hr\/fr\/wp-json\/wp\/v2\/media\/10873"}],"wp:attachment":[{"href":"https:\/\/dtfprint.hr\/fr\/wp-json\/wp\/v2\/media?parent=10879"}],"wp:term":[{"taxonomy":"product_brand","embeddable":true,"href":"https:\/\/dtfprint.hr\/fr\/wp-json\/wp\/v2\/product_brand?post=10879"},{"taxonomy":"product_cat","embeddable":true,"href":"https:\/\/dtfprint.hr\/fr\/wp-json\/wp\/v2\/product_cat?post=10879"},{"taxonomy":"product_tag","embeddable":true,"href":"https:\/\/dtfprint.hr\/fr\/wp-json\/wp\/v2\/product_tag?post=10879"}],"curies":[{"name":"wp","href":"https:\/\/api.w.org\/{rel}","templated":true}]}}