{"id":10872,"date":"2025-10-29T05:50:31","date_gmt":"2025-10-29T04:50:31","guid":{"rendered":"https:\/\/dtfprint.hr\/proizvod\/secabo-ts7-smart\/"},"modified":"2025-11-04T09:50:53","modified_gmt":"2025-11-04T08:50:53","slug":"secabo-ts7-smart","status":"publish","type":"product","link":"https:\/\/dtfprint.hr\/fr\/proizvod\/secabo-ts7-smart\/","title":{"rendered":"Secabo TS7 SMART"},"content":{"rendered":"<p>Profesionalni ure\u0111aj za vrhunske primjene na najvi\u0161oj razini &#8211; TS7 SMART zakretna toplinska pre\u0161a tvrtke Secabo je profesionalni ure\u0111aj za zavr\u0161nu obradu tekstila na najvi\u0161oj razini i prva toplinska pre\u0161a tvrtke Secabo proizvedena u Njema\u010dkoj. Profesionalni ure\u0111aj ima modularni dizajn i tako vam pru\u017ea optimalnu osnovu za stvaranje vlastitog osobnog &#8220;radnog konja&#8221;. Sa svojim prakti\u010dnim automatskim mehanizmom zakretanja, Secabo TS7 Heat Press nudi posebno veliko radno podru\u010dje za jednostavno poravnavanje objekata za prijenos. Velikodu\u0161na osnovna plo\u010da dimenzija 40 cm x 50 cm postavljena je u portretnom formatu, \u0161to dodatno olak\u0161ava precizno pozicioniranje objekata koji se prenose. Objekti za prijenos visine do 70 mm jednostavni su za rukovanje zahvaljuju\u0107i velikom rasponu pode\u0161avanja glave za pre\u0161anje i mogu se pre\u0161ati s maksimalnim kontaktnim pritiskom do 250 g\/cm2.<\/p>\n<p>Bilo da \u017eelite nagla\u010dati radne hla\u010de, torbe za teretanu ili majice s kapulja\u010dom, veliki raspon prilagodbe \u010dini ih potpuno fleksibilnima. S kutom zakretanja od 110\u00b0, mo\u017eete raditi u udobnom radnom polo\u017eaju. TS7 SMART mo\u017ee se zakretati udesno ili ulijevo, omogu\u0107uju\u0107i pre\u0161i da se savr\u0161eno uklopi u gotovo svako proizvodno okru\u017eenje. Automatsko otvaranje i automatsko otvaranje TS7 SMART swingaway Heat Press nakon procesa prijenosa olak\u0161ava va\u0161 rad i osigurava nesmetan tijek rada. Secabo TS7 Smart prikladan je za sve poznate procese prijenosa topline i stoga se mo\u017ee koristiti u svim podru\u010djima tehnologije prijenosa. Kao \u0161to biste o\u010dekivali od Secaba, TS7 SMART je jednostavan za rukovanje, \u010dak i za po\u010detnike. Ure\u0111aj ima digitalni upravlja\u010d, gdje se za prijenos mo\u017ee precizno unaprijed odabrati temperatura do 225 \u00b0C i maksimalno vrijeme pre\u0161anja od 999 sekundi. Kao i svi proizvodi iz serije Secabo TC SMART, TS7 SMART ima Bluetooth su\u010delje koje, zajedno s aplikacijom Secabo SMART Transfer, nudi potpune upute za prijenose u vi\u0161e faza i mnoge druge izvrsne zna\u010dajke. TS7 SMART Heat Press dostupan je s termobazom TB7, sustavima za brzu izmjenu, izmjenjivim plo\u010dama i kliznim produ\u017eetkom, kao i s drugim dodacima tvrtke Secabo.<\/p>","protected":false},"excerpt":{"rendered":"<p>Profesionalni ure\u0111aj za vrhunske primjene na najvi\u0161oj razini &#8211; TS7 SMART zakretna toplinska pre\u0161a tvrtke Secabo je profesionalni ure\u0111aj za zavr\u0161nu obradu tekstila na najvi\u0161oj razini i prva toplinska pre\u0161a tvrtke Secabo proizvedena u Njema\u010dkoj.<\/p>","protected":false},"featured_media":10864,"template":"","meta":{"_seopress_robots_primary_cat":"none","_seopress_titles_title":"","_seopress_titles_desc":"","_seopress_robots_index":""},"product_brand":[],"product_cat":[486],"product_tag":[73,487,64,65],"class_list":{"0":"post-10872","1":"product","2":"type-product","3":"status-publish","4":"has-post-thumbnail","6":"product_cat-secabo","7":"product_tag-secabo","8":"product_tag-secabo-heat-press","9":"product_tag-termo-presa","10":"product_tag-termo-presa-za-majice","12":"first","13":"instock","14":"sale","15":"taxable","16":"shipping-taxable","17":"purchasable","18":"product-type-simple"},"tiered_pricing_type":"fixed","tiered_pricing_fixed_rules":[],"tiered_pricing_product_settings":{"layout":"default","base_unit_name":{"singular":null,"plural":null},"default_variation":null},"tiered_pricing_minimum_quantity":null,"tiered_pricing_roles_data":[],"tiered_pricing_percentage_rules":[],"tiered_pricing_maximum_quantity":null,"tiered_pricing_quantity_step":null,"_links":{"self":[{"href":"https:\/\/dtfprint.hr\/fr\/wp-json\/wp\/v2\/product\/10872","targetHints":{"allow":["GET"]}}],"collection":[{"href":"https:\/\/dtfprint.hr\/fr\/wp-json\/wp\/v2\/product"}],"about":[{"href":"https:\/\/dtfprint.hr\/fr\/wp-json\/wp\/v2\/types\/product"}],"wp:featuredmedia":[{"embeddable":true,"href":"https:\/\/dtfprint.hr\/fr\/wp-json\/wp\/v2\/media\/10864"}],"wp:attachment":[{"href":"https:\/\/dtfprint.hr\/fr\/wp-json\/wp\/v2\/media?parent=10872"}],"wp:term":[{"taxonomy":"product_brand","embeddable":true,"href":"https:\/\/dtfprint.hr\/fr\/wp-json\/wp\/v2\/product_brand?post=10872"},{"taxonomy":"product_cat","embeddable":true,"href":"https:\/\/dtfprint.hr\/fr\/wp-json\/wp\/v2\/product_cat?post=10872"},{"taxonomy":"product_tag","embeddable":true,"href":"https:\/\/dtfprint.hr\/fr\/wp-json\/wp\/v2\/product_tag?post=10872"}],"curies":[{"name":"wp","href":"https:\/\/api.w.org\/{rel}","templated":true}]}}