{"id":10863,"date":"2025-10-29T05:50:26","date_gmt":"2025-10-29T04:50:26","guid":{"rendered":"https:\/\/dtfprint.hr\/proizvod\/popust-secabo-ts5-lite-modularna-termo-presa-sa-zakretanjem-swing-38cm-x-38cm\/"},"modified":"2025-11-04T09:50:53","modified_gmt":"2025-11-04T08:50:53","slug":"popust-secabo-ts5-lite-modularna-termo-presa-sa-zakretanjem-swing-38cm-x-38cm","status":"publish","type":"product","link":"https:\/\/dtfprint.hr\/fr\/proizvod\/popust-secabo-ts5-lite-modularna-termo-presa-sa-zakretanjem-swing-38cm-x-38cm\/","title":{"rendered":"Remise : Presse \u00e0 chaud modulaire Secabo TS5 LITE avec plateau pivotant \u2013 Plateau pivotant 38 cm x 38 cm"},"content":{"rendered":"<p>Najbolje performanse i visoka udobnost uz Secabo LITE seriju<\/p>\n<p>Secabo TS5 LITE predstavlja inovativni razvoj u podru\u010dju toplinskih pre\u0161a za okretanje, posebno dizajniranih za moderne poslove dorade tekstila i transfernog tiska. S ovim modelom Secabo nudi ekonomi\u010dnu, ali mo\u0107nu alternativu postoje\u0107oj SMART liniji, idealnu za novoosnovane i manje tvrtke koje \u017eele ulagati u kvalitetu bez kompromisa.<\/p>\n<p>Toplinske pre\u0161e LITE nude sve \u0161to prijenos tekstila sa Secabom \u010dini tako prakti\u010dnim. Sve profesionalne primjene uobi\u010dajenih procesa prijenosa topline kao \u0161to su flok folije, fleks folije, sublimacija, DTF prijenosi itd. su naravno mogu\u0107e. Secabo TS5 LITE mo\u017ee se opcijski opremiti izmjenjivim plo\u010dama u razli\u010ditim formatima &#8211; uklju\u010duju\u0107i membransku osnovnu plo\u010du, sustav brze izmjene i klizni nastavak za upotrebu kao dvostruka pre\u0161a za plo\u010de.<\/p>\n<p>Inteligentne funkcije zaslona: s digitalnim regulatorom temperature i vremena, \u017eeljene postavke mogu se napraviti brzo i jednostavno.<br \/>\nVrhunski dizajn tiska: TS5 LITE impresionira svojim inteligentnim dizajnom i visokokvalitetnim materijalima. Modularni dizajn omogu\u0107uje brzu i jednostavnu prilagodbu razli\u010ditim zahtjevima.<br \/>\nOsnovni proizvod s velikim mogu\u0107nostima nadogradnje: TS5 LITE mo\u017ee se dodatno opremiti izmjenjivim plo\u010dama, membranskom osnovnom plo\u010dom, sustavom za brzu izmjenu i kliznim produ\u017eetkom kako bi funkcionirao kao pre\u0161a s dvostrukom plo\u010dom ili se optimizirao za posebne primjene.<\/p>\n<p>Secabo TS5 LITE Heat Press nudi sve \u0161to vam je potrebno za u\u010dinkovite i visokokvalitetne prijenose tekstila, omogu\u0107uju\u0107i vam da svoje kreativne vizije ostvarite s precizno\u0161\u0107u i prakti\u010dno\u0161\u0107u.<\/p>\n<p>Heat Press se automatski otvara nakon isteka vremena<br \/>\nDigitalni regulator temperature i vremena<br \/>\nTemperatura i vrijeme se mogu postaviti na regulatoru pomo\u0107u tipki sa strelicama<br \/>\nModularni dizajn, komponente se lako mijenjaju<br \/>\nLako podesiv kontaktni pritisak<br \/>\nVisokokvalitetna grija\u0107a plo\u010da s dodatnom za\u0161titnom plo\u010dom<br \/>\nPrikladno za sve uobi\u010dajene procese prijenosa<br \/>\nMo\u017ee se naknadno opremiti dodacima kao \u0161to su izmjenjive plo\u010de, klizni nastavak ili membranska plo\u010da za grijanje za jo\u0161 ve\u0107u produktivnost.<\/p>","protected":false},"excerpt":{"rendered":"<p>Secabo TS5 LITE predstavlja inovativni razvoj u podru\u010dju toplinskih pre\u0161a za okretanje, posebno dizajniranih za moderne poslove dorade tekstila i transfernog tiska. S ovim modelom Secabo nudi ekonomi\u010dnu, ali mo\u0107nu alternativu postoje\u0107oj SMART liniji, idealnu za novoosnovane i manje tvrtke koje \u017eele ulagati u kvalitetu bez kompromisa.<\/p>","protected":false},"featured_media":10853,"template":"","meta":{"_seopress_robots_primary_cat":"none","_seopress_titles_title":"","_seopress_titles_desc":"","_seopress_robots_index":""},"product_brand":[],"product_cat":[486],"product_tag":[73,487,64,65],"class_list":{"0":"post-10863","1":"product","2":"type-product","3":"status-publish","4":"has-post-thumbnail","6":"product_cat-secabo","7":"product_tag-secabo","8":"product_tag-secabo-heat-press","9":"product_tag-termo-presa","10":"product_tag-termo-presa-za-majice","12":"first","13":"instock","14":"sale","15":"taxable","16":"shipping-taxable","17":"purchasable","18":"product-type-simple"},"tiered_pricing_type":"fixed","tiered_pricing_fixed_rules":[],"tiered_pricing_product_settings":{"layout":"default","base_unit_name":{"singular":null,"plural":null},"default_variation":null},"tiered_pricing_minimum_quantity":null,"tiered_pricing_roles_data":[],"tiered_pricing_percentage_rules":[],"tiered_pricing_maximum_quantity":null,"tiered_pricing_quantity_step":null,"_links":{"self":[{"href":"https:\/\/dtfprint.hr\/fr\/wp-json\/wp\/v2\/product\/10863","targetHints":{"allow":["GET"]}}],"collection":[{"href":"https:\/\/dtfprint.hr\/fr\/wp-json\/wp\/v2\/product"}],"about":[{"href":"https:\/\/dtfprint.hr\/fr\/wp-json\/wp\/v2\/types\/product"}],"wp:featuredmedia":[{"embeddable":true,"href":"https:\/\/dtfprint.hr\/fr\/wp-json\/wp\/v2\/media\/10853"}],"wp:attachment":[{"href":"https:\/\/dtfprint.hr\/fr\/wp-json\/wp\/v2\/media?parent=10863"}],"wp:term":[{"taxonomy":"product_brand","embeddable":true,"href":"https:\/\/dtfprint.hr\/fr\/wp-json\/wp\/v2\/product_brand?post=10863"},{"taxonomy":"product_cat","embeddable":true,"href":"https:\/\/dtfprint.hr\/fr\/wp-json\/wp\/v2\/product_cat?post=10863"},{"taxonomy":"product_tag","embeddable":true,"href":"https:\/\/dtfprint.hr\/fr\/wp-json\/wp\/v2\/product_tag?post=10863"}],"curies":[{"name":"wp","href":"https:\/\/api.w.org\/{rel}","templated":true}]}}