{"id":10852,"date":"2025-10-29T05:50:21","date_gmt":"2025-10-29T04:50:21","guid":{"rendered":"https:\/\/dtfprint.hr\/proizvod\/secabo-tcc-lite-termo-presa-za-kape\/"},"modified":"2025-11-04T09:50:55","modified_gmt":"2025-11-04T08:50:55","slug":"secabo-tcc-lite-termo-presa-za-kape","status":"publish","type":"product","link":"https:\/\/dtfprint.hr\/fr\/proizvod\/secabo-tcc-lite-termo-presa-za-kape\/","title":{"rendered":"Presse \u00e0 chaud Secabo TCC LITE pour casquettes"},"content":{"rendered":"<p>Uz Secabo LITE seriju, korisnici dobivaju najbolju izvedbu i maksimalnu pogodnost pri doradi bejzbolskih kapa, \u0161e\u0161ira i sli\u010dnih proizvoda. Inovativna TCC LITE pre\u0161a za kape omogu\u0107uje jo\u0161 bolju izvedbu zahvaljuju\u0107i novim na\u010dinima dorade.<\/p>\n<p>Korisnici mogu obavljati i druge aktivnosti tijekom procesa prijenosa jer ne moraju \u010dekati pored tiskare. Automatsko otvaranje pre\u0161e nakon isteka pode\u0161enog vremena signalizira se zvu\u010dnim signalom.<\/p>\n<p>Temperatura i vrijeme pre\u0161anja mogu se jednostavno unaprijed odabrati putem digitalnog upravlja\u010da. Kontaktni pritisak se pode\u0161ava pomo\u0107u ru\u010dnog kota\u010di\u0107a na donjoj strani lako izmjenjivih osnovnih elemenata. Automatski otvaraju\u0107i TCC LITE ima veliki kut otvaranja. Osim toga, osnovni elementi u razli\u010ditim veli\u010dinama tako\u0111er omogu\u0107uju savr\u0161enu obradu posebno malih ili posebno velikih kapa i \u0161e\u0161ira u pre\u0161i.<\/p>\n<p>LITE pre\u0161e za kape nude sve profesionalne primjene uobi\u010dajenih procesa prijenosa topline kao \u0161to su flock folije, flex folije, sublimacija, DTF, itd. Uz Secabo LITE seriju, korisnici dobivaju najbolju izvedbu i maksimalnu pogodnost pri doradi kapa, \u0161e\u0161ira i sli\u010dnih proizvoda.<\/p>\n<p>Lako podesiv kontaktni pritisak<br \/>\nModularni dizajn<br \/>\nPrikladno za sve uobi\u010dajene procese prijenosa<\/p>","protected":false},"excerpt":{"rendered":"<p>LITE pre\u0161e za kape nude sve profesionalne primjene uobi\u010dajenih procesa prijenosa topline kao \u0161to su flock folije, flex folije, sublimacija, DTF, itd. Uz Secabo LITE seriju, korisnici dobivaju najbolju izvedbu i maksimalnu pogodnost pri doradi kapa, \u0161e\u0161ira i sli\u010dnih proizvoda.<\/p>","protected":false},"featured_media":10848,"template":"","meta":{"_seopress_robots_primary_cat":"none","_seopress_titles_title":"","_seopress_titles_desc":"","_seopress_robots_index":""},"product_brand":[],"product_cat":[486],"product_tag":[73,487,64,65],"class_list":{"0":"post-10852","1":"product","2":"type-product","3":"status-publish","4":"has-post-thumbnail","6":"product_cat-secabo","7":"product_tag-secabo","8":"product_tag-secabo-heat-press","9":"product_tag-termo-presa","10":"product_tag-termo-presa-za-majice","12":"first","13":"instock","14":"sale","15":"taxable","16":"shipping-taxable","17":"purchasable","18":"product-type-simple"},"tiered_pricing_type":"fixed","tiered_pricing_fixed_rules":[],"tiered_pricing_product_settings":{"layout":"default","base_unit_name":{"singular":null,"plural":null},"default_variation":null},"tiered_pricing_minimum_quantity":null,"tiered_pricing_roles_data":[],"tiered_pricing_percentage_rules":[],"tiered_pricing_maximum_quantity":null,"tiered_pricing_quantity_step":null,"_links":{"self":[{"href":"https:\/\/dtfprint.hr\/fr\/wp-json\/wp\/v2\/product\/10852","targetHints":{"allow":["GET"]}}],"collection":[{"href":"https:\/\/dtfprint.hr\/fr\/wp-json\/wp\/v2\/product"}],"about":[{"href":"https:\/\/dtfprint.hr\/fr\/wp-json\/wp\/v2\/types\/product"}],"wp:featuredmedia":[{"embeddable":true,"href":"https:\/\/dtfprint.hr\/fr\/wp-json\/wp\/v2\/media\/10848"}],"wp:attachment":[{"href":"https:\/\/dtfprint.hr\/fr\/wp-json\/wp\/v2\/media?parent=10852"}],"wp:term":[{"taxonomy":"product_brand","embeddable":true,"href":"https:\/\/dtfprint.hr\/fr\/wp-json\/wp\/v2\/product_brand?post=10852"},{"taxonomy":"product_cat","embeddable":true,"href":"https:\/\/dtfprint.hr\/fr\/wp-json\/wp\/v2\/product_cat?post=10852"},{"taxonomy":"product_tag","embeddable":true,"href":"https:\/\/dtfprint.hr\/fr\/wp-json\/wp\/v2\/product_tag?post=10852"}],"curies":[{"name":"wp","href":"https:\/\/api.w.org\/{rel}","templated":true}]}}