{"id":10847,"date":"2025-10-29T05:50:18","date_gmt":"2025-10-29T04:50:18","guid":{"rendered":"https:\/\/dtfprint.hr\/proizvod\/secabo-tcc-smart-automatska-termo-presa-za-kape\/"},"modified":"2025-11-04T09:50:54","modified_gmt":"2025-11-04T08:50:54","slug":"secabo-tcc-smart-automatska-termo-presa-za-kape","status":"publish","type":"product","link":"https:\/\/dtfprint.hr\/fr\/proizvod\/secabo-tcc-smart-automatska-termo-presa-za-kape\/","title":{"rendered":"Presse \u00e0 chaud automatique Secabo TCC SMART pour casquettes"},"content":{"rendered":"<p>S novom TCC SMART pre\u0161om za kape, Secabo otvara inovativne puteve i time jo\u0161 bolje performanse u doradi kapa, \u0161e\u0161ira i sli\u010dnih proizvoda. Kontroler TCC SMART-a opremljen je Bluetooth su\u010deljem koje omogu\u0107uje upravljanje strojem pomo\u0107u besplatne aplikacije Secabo SMART Transfer, dok u isto vrijeme omogu\u0107uje pristup sveobuhvatnoj bazi podataka funkcija. Za korisnika to zna\u010di: jednostavno unesite vrstu tkanine i materijal za prijenos i mogu\u0107e je pozvati odgovaraju\u0107e kombinacije za temperaturu, vrijeme i tlak. Dodatne funkcije kao \u0161to su izra\u010dun vremena zagrijavanja i funkcije upozorenja \u010dine aplikaciju dragocjenom pomo\u0107i za sve uobi\u010dajene procese prijenosa topline. Kontaktni pritisak nove Secabo TCC SMART toplinske pre\u0161e za kapice postavlja se pomo\u0107u ru\u010dnog kota\u010di\u0107a na donjoj strani lako izmjenjivih osnovnih elemenata, a postavljena kapica se ste\u017ee odozdo pomo\u0107u stezaljke. Automatsko otvaranje TCC SMART ima veliki kut otvaranja i gumb za ru\u010dno otvaranje prije isteka pode\u0161enog vremena. Pogodan je za profesionalnu upotrebu svih uobi\u010dajenih procesa prijenosa topline kao \u0161to su flock folije, flex folije, sublimacija, transfer, inkjet flex, itd.<\/p>","protected":false},"excerpt":{"rendered":"<p>S novom TCC SMART pre\u0161om za kape, Secabo otvara inovativne puteve i time jo\u0161 bolje performanse u doradi kapa, \u0161e\u0161ira i sli\u010dnih proizvoda. Kontroler TCC SMART-a opremljen je Bluetooth su\u010deljem koje omogu\u0107uje upravljanje strojem pomo\u0107u besplatne aplikacije Secabo SMART Transfer.<\/p>","protected":false},"featured_media":10841,"template":"","meta":{"_seopress_robots_primary_cat":"none","_seopress_titles_title":"","_seopress_titles_desc":"","_seopress_robots_index":""},"product_brand":[],"product_cat":[486],"product_tag":[73,487,64,65],"class_list":{"0":"post-10847","1":"product","2":"type-product","3":"status-publish","4":"has-post-thumbnail","6":"product_cat-secabo","7":"product_tag-secabo","8":"product_tag-secabo-heat-press","9":"product_tag-termo-presa","10":"product_tag-termo-presa-za-majice","12":"first","13":"instock","14":"sale","15":"taxable","16":"shipping-taxable","17":"purchasable","18":"product-type-simple"},"tiered_pricing_type":"fixed","tiered_pricing_fixed_rules":[],"tiered_pricing_product_settings":{"layout":"default","base_unit_name":{"singular":null,"plural":null},"default_variation":null},"tiered_pricing_minimum_quantity":null,"tiered_pricing_roles_data":[],"tiered_pricing_percentage_rules":[],"tiered_pricing_maximum_quantity":null,"tiered_pricing_quantity_step":null,"_links":{"self":[{"href":"https:\/\/dtfprint.hr\/fr\/wp-json\/wp\/v2\/product\/10847","targetHints":{"allow":["GET"]}}],"collection":[{"href":"https:\/\/dtfprint.hr\/fr\/wp-json\/wp\/v2\/product"}],"about":[{"href":"https:\/\/dtfprint.hr\/fr\/wp-json\/wp\/v2\/types\/product"}],"wp:featuredmedia":[{"embeddable":true,"href":"https:\/\/dtfprint.hr\/fr\/wp-json\/wp\/v2\/media\/10841"}],"wp:attachment":[{"href":"https:\/\/dtfprint.hr\/fr\/wp-json\/wp\/v2\/media?parent=10847"}],"wp:term":[{"taxonomy":"product_brand","embeddable":true,"href":"https:\/\/dtfprint.hr\/fr\/wp-json\/wp\/v2\/product_brand?post=10847"},{"taxonomy":"product_cat","embeddable":true,"href":"https:\/\/dtfprint.hr\/fr\/wp-json\/wp\/v2\/product_cat?post=10847"},{"taxonomy":"product_tag","embeddable":true,"href":"https:\/\/dtfprint.hr\/fr\/wp-json\/wp\/v2\/product_tag?post=10847"}],"curies":[{"name":"wp","href":"https:\/\/api.w.org\/{rel}","templated":true}]}}