{"id":10840,"date":"2025-10-29T05:47:12","date_gmt":"2025-10-29T04:47:12","guid":{"rendered":"https:\/\/dtfprint.hr\/proizvod\/secabo-tpd7-premium-automatska-termo-presa-s-dvije-stanice\/"},"modified":"2025-11-04T09:50:55","modified_gmt":"2025-11-04T08:50:55","slug":"secabo-tpd7-premium-automatska-termo-presa-s-dvije-stanice","status":"publish","type":"product","link":"https:\/\/dtfprint.hr\/fr\/proizvod\/secabo-tpd7-premium-automatska-termo-presa-s-dvije-stanice\/","title":{"rendered":"Presse \u00e0 chaud automatique \u00e0 deux stations Secabo TPD7 PREMIUM"},"content":{"rendered":"<p>Vrhunska izvedba s visokim kontaktnim pritiskom, impresivnom snagom grijanja i raspodjelom topline: to je tvrdnja nove TPD7 PREMIUM toplinske pre\u0161e tvrtke Secabo. Pneumatska pre\u0161a s dvostrukom plo\u010dom impresionira automatskim kretanjem glave pre\u0161e, raznovrsnim zna\u010dajkama i modularnim dizajnom. Prijenosi s izuzetno visokim kontaktnim pritiskom od 12 kN pri 10 bara (600 g\/cm2 ili 1,2 t) mogu se izvesti na velikodu\u0161no dimenzioniranim osnovnim plo\u010dama, svaka dimenzija 40 cm x 50 cm. Inteligentne funkcije \u010dine aplikaciju prakti\u010dnom i u\u010dinkovitom, uklju\u010duju\u0107i funkciju pripreme za tisak s podesivim vremenom pripreme za tisak, zasebno podesiva vremena za obje osnovne plo\u010de i setove vremena i temperature koji se mogu pohraniti. Grija\u0107a plo\u010da s potro\u0161njom energije od 2,5 kW osigurava visok toplinski kapacitet s profesionalnom raspodjelom temperature. Lako podesivi, ponovljivi pneumatski tlak mo\u017ee se optimalno prilagoditi svim objektima prijenosa. Korisnici imaju koristi od dodatne fleksibilnosti zahvaljuju\u0107i lako izmjenjivim komponentama i kompatibilnosti sa Secabo sustavima brze izmjene, izmjenjivim plo\u010dama i membranskim osnovnim plo\u010dama. Toplinska pre\u0161a TPD7 PREMIUM tvrtke Secabo u skladu je s njema\u010dkim sigurnosnim standardima. Stabilna baza podr\u017eava ergonomsku radnu visinu. Isporu\u010deni no\u017eni prekida\u010d \u010dini upravljanje pre\u0161nom glavom dje\u010djom igrom.<\/p>\n<p>Ekstremno visok kontaktni pritisak od 12kN pri 10bar (600g\/cm2 ili 1,2t)<br \/>\nAutomatsko kretanje glave pre\u0161e<br \/>\nFunkcija pripreme za tisak s podesivim vremenom pripreme za tisak<br \/>\nZasebno podesiva vremena za obje osnovne plo\u010de<br \/>\nSetovi vremena i temperatura koji se mogu pamtiti<br \/>\nIzuzetno veliki toplinski u\u010din i toplinski kapacitet grija\u0107e plo\u010de, te profesionalna distribucija topline<br \/>\nUklju\u010duje stabilno postolje za ergonomsku radnu visinu<br \/>\nUklju\u010duje 2 kri\u017ena lasera za jednostavno pozicioniranje predmeta<\/p>","protected":false},"excerpt":{"rendered":"<p>Pneumatska pre\u0161a s dvostrukom plo\u010dom impresionira automatskim kretanjem glave pre\u0161e, raznovrsnim zna\u010dajkama i modularnim dizajnom. Prijenosi s izuzetno visokim kontaktnim pritiskom od 12 kN pri 10 bara (600 g\/cm2 ili 1,2 t) mogu se izvesti na plo\u010dama dimenzija 40 cm x 50 cm.<\/p>","protected":false},"featured_media":10835,"template":"","meta":{"_seopress_robots_primary_cat":"none","_seopress_titles_title":"","_seopress_titles_desc":"","_seopress_robots_index":""},"product_brand":[],"product_cat":[486],"product_tag":[73,487,64,65],"class_list":{"0":"post-10840","1":"product","2":"type-product","3":"status-publish","4":"has-post-thumbnail","6":"product_cat-secabo","7":"product_tag-secabo","8":"product_tag-secabo-heat-press","9":"product_tag-termo-presa","10":"product_tag-termo-presa-za-majice","12":"first","13":"instock","14":"sale","15":"taxable","16":"shipping-taxable","17":"purchasable","18":"product-type-simple"},"tiered_pricing_type":"fixed","tiered_pricing_fixed_rules":[],"tiered_pricing_product_settings":{"layout":"default","base_unit_name":{"singular":null,"plural":null},"default_variation":null},"tiered_pricing_minimum_quantity":null,"tiered_pricing_roles_data":[],"tiered_pricing_percentage_rules":[],"tiered_pricing_maximum_quantity":null,"tiered_pricing_quantity_step":null,"_links":{"self":[{"href":"https:\/\/dtfprint.hr\/fr\/wp-json\/wp\/v2\/product\/10840","targetHints":{"allow":["GET"]}}],"collection":[{"href":"https:\/\/dtfprint.hr\/fr\/wp-json\/wp\/v2\/product"}],"about":[{"href":"https:\/\/dtfprint.hr\/fr\/wp-json\/wp\/v2\/types\/product"}],"wp:featuredmedia":[{"embeddable":true,"href":"https:\/\/dtfprint.hr\/fr\/wp-json\/wp\/v2\/media\/10835"}],"wp:attachment":[{"href":"https:\/\/dtfprint.hr\/fr\/wp-json\/wp\/v2\/media?parent=10840"}],"wp:term":[{"taxonomy":"product_brand","embeddable":true,"href":"https:\/\/dtfprint.hr\/fr\/wp-json\/wp\/v2\/product_brand?post=10840"},{"taxonomy":"product_cat","embeddable":true,"href":"https:\/\/dtfprint.hr\/fr\/wp-json\/wp\/v2\/product_cat?post=10840"},{"taxonomy":"product_tag","embeddable":true,"href":"https:\/\/dtfprint.hr\/fr\/wp-json\/wp\/v2\/product_tag?post=10840"}],"curies":[{"name":"wp","href":"https:\/\/api.w.org\/{rel}","templated":true}]}}