{"id":10823,"date":"2025-10-29T05:45:54","date_gmt":"2025-10-29T04:45:54","guid":{"rendered":"https:\/\/dtfprint.hr\/proizvod\/secabo-tps7-smart\/"},"modified":"2025-11-04T09:50:57","modified_gmt":"2025-11-04T08:50:57","slug":"secabo-tps7-smart","status":"publish","type":"product","link":"https:\/\/dtfprint.hr\/fr\/proizvod\/secabo-tps7-smart\/","title":{"rendered":"Secabo TPS7 SMART"},"content":{"rendered":"<p>Pametna pneumatska prijenosna pre\u0161a za maksimalnu u\u010dinkovitost<\/p>\n<p>Secabo TPS7 Smart je savr\u0161eno rje\u0161enje za svakoga tko cijeni u\u010dinkovitost, preciznost i fleksibilnost. Ova pneumatska toplinska pre\u0161a impresionira svojim modularnim dizajnom i inteligentnim upravljanjem putem aplikacije, \u0161to proces rada \u010dini mnogo lak\u0161im.<\/p>\n<p>Bilo da se radi o DTF transferima, flex ili flock folijama ili sublimaciji &#8211; s TPS7 Smart mo\u017eete obraditi \u0161iroku paletu materijala brzo, pouzdano i uz stalno visoku kvalitetu. Pneumatski kontaktni pritisak osigurava ponovljive rezultate bez ru\u010dnog napora, idealno za serijsku proizvodnju i profesionalnu doradu tekstila.<br \/>\nModularnost se susre\u0107e s inteligentnom kontrolom<\/p>\n<p>TPS7 Smart dio je dokazanog Secabo modularnog sustava. Komponente kao \u0161to su grija\u0107e plo\u010de, osnovne plo\u010de ili regulator su me\u0111usobno zamjenjive i mogu se nadopuniti priborom kao \u0161to je termobaza ili sustav brze izmjene. To omogu\u0107uje da se pre\u0161a fleksibilno prilagodi va\u0161im proizvodnim zahtjevima.<\/p>\n<p>Prakti\u010dno se upravlja putem aplikacije Secabo Smart putem Bluetootha. To vam omogu\u0107uje digitalnu kontrolu temperature, vremena i tlaka i u\u010dinkovito upravljanje ponavljaju\u0107im poslovima.<br \/>\nPrednosti Secabo TPS7 Smart<\/p>\n<p>Pneumatska glava za pre\u0161u za ravnomjeran kontaktni pritisak bez napora<\/p>\n<p>Pametna kontrola aplikacije za preciznu kontrolu i digitalne tijekove rada<\/p>\n<p>Dodatna ladica za udoban i siguran rad<\/p>\n<p>Modularni dizajn &#8211; kompatibilan s cijelim Secabo sustavom dodatne opreme<\/p>\n<p>Sigurnosno rukovanje s dvije ruke za profesionalnu upotrebu<\/p>\n<p>Robusna konstrukcija s inkapsuliranim vodilicama za minimalno odr\u017eavanje<\/p>\n<p>Tipi\u010dna podru\u010dja primjene<\/p>\n<p>DTF transfer proizvodnja srednjih koli\u010dina<\/p>\n<p>Flex i flock zavr\u0161na obrada u reklamnoj tehnici<\/p>\n<p>Sublimacijski tisak na tekstil, torbe i druge materijale<\/p>\n<p>Personalizirana serijska proizvodnja u tisku na tekstil<\/p>\n<p>Zaklju\u010dak<br \/>\nSecabo TPS7 Smart nudi vam profesionalno rje\u0161enje za fleksibilne proizvodne zahtjeve. Sa svojim inteligentnim sustavom upravljanja, pneumatskim sustavom i modularnom pro\u0161irivo\u0161\u0107u, to je idealna pre\u0161a za rastu\u0107e tvrtke kojima su u\u010dinkovitost i kvaliteta prioritet.<\/p>","protected":false},"excerpt":{"rendered":"<p>Secabo TPS7 Smart je savr\u0161eno rje\u0161enje za svakoga tko cijeni u\u010dinkovitost, preciznost i fleksibilnost. Ova pneumatska toplinska pre\u0161a impresionira svojim modularnim dizajnom i inteligentnim upravljanjem putem aplikacije, \u0161to proces rada \u010dini mnogo lak\u0161im.<\/p>","protected":false},"featured_media":10815,"template":"","meta":{"_seopress_robots_primary_cat":"none","_seopress_titles_title":"","_seopress_titles_desc":"","_seopress_robots_index":""},"product_brand":[],"product_cat":[486],"product_tag":[73,487,64,65],"class_list":{"0":"post-10823","1":"product","2":"type-product","3":"status-publish","4":"has-post-thumbnail","6":"product_cat-secabo","7":"product_tag-secabo","8":"product_tag-secabo-heat-press","9":"product_tag-termo-presa","10":"product_tag-termo-presa-za-majice","12":"first","13":"instock","14":"sale","15":"taxable","16":"shipping-taxable","17":"purchasable","18":"product-type-simple"},"tiered_pricing_type":"fixed","tiered_pricing_fixed_rules":[],"tiered_pricing_product_settings":{"layout":"default","base_unit_name":{"singular":null,"plural":null},"default_variation":null},"tiered_pricing_minimum_quantity":null,"tiered_pricing_roles_data":[],"tiered_pricing_percentage_rules":[],"tiered_pricing_maximum_quantity":null,"tiered_pricing_quantity_step":null,"_links":{"self":[{"href":"https:\/\/dtfprint.hr\/fr\/wp-json\/wp\/v2\/product\/10823","targetHints":{"allow":["GET"]}}],"collection":[{"href":"https:\/\/dtfprint.hr\/fr\/wp-json\/wp\/v2\/product"}],"about":[{"href":"https:\/\/dtfprint.hr\/fr\/wp-json\/wp\/v2\/types\/product"}],"wp:featuredmedia":[{"embeddable":true,"href":"https:\/\/dtfprint.hr\/fr\/wp-json\/wp\/v2\/media\/10815"}],"wp:attachment":[{"href":"https:\/\/dtfprint.hr\/fr\/wp-json\/wp\/v2\/media?parent=10823"}],"wp:term":[{"taxonomy":"product_brand","embeddable":true,"href":"https:\/\/dtfprint.hr\/fr\/wp-json\/wp\/v2\/product_brand?post=10823"},{"taxonomy":"product_cat","embeddable":true,"href":"https:\/\/dtfprint.hr\/fr\/wp-json\/wp\/v2\/product_cat?post=10823"},{"taxonomy":"product_tag","embeddable":true,"href":"https:\/\/dtfprint.hr\/fr\/wp-json\/wp\/v2\/product_tag?post=10823"}],"curies":[{"name":"wp","href":"https:\/\/api.w.org\/{rel}","templated":true}]}}