{"id":10814,"date":"2025-10-29T05:45:28","date_gmt":"2025-10-29T04:45:28","guid":{"rendered":"https:\/\/dtfprint.hr\/proizvod\/secabo-tpd7-smart-x-laser\/"},"modified":"2025-11-04T09:50:56","modified_gmt":"2025-11-04T08:50:56","slug":"secabo-tpd7-smart-x-laser","status":"publish","type":"product","link":"https:\/\/dtfprint.hr\/fr\/proizvod\/secabo-tpd7-smart-x-laser\/","title":{"rendered":"Secabo TPD7 SMART x Laser"},"content":{"rendered":"<p>Preciznost i u\u010dinkovitost za profesionalnu doradu tekstila<\/p>\n<p>Secabo TPD7 Smart x Laser vode\u0107i je model Secabo nove generacije toplinskih pre\u0161a. Ova pneumatska pre\u0161a s dvostrukom plo\u010dom posebno je razvijena kako bi zadovoljila zahtjeve modernih proizvodnih operacija koje zahtijevaju maksimalnu preciznost, fleksibilnost i u\u010dinkovitost.<\/p>\n<p>Sa svojim integriranim laserskim pozicioniranjem, TPD7 Smart x Laser omogu\u0107uje to\u010dno postavljanje transfera &#8211; idealno za DTF transfere, flex i flock filmove i sublimacijski ispis. Dvostruka radna povr\u0161ina osigurava nesmetan proizvodni proces: dok se jedna plo\u010da pre\u0161a, druga se ve\u0107 mo\u017ee ponovno puniti.<br \/>\nModularnost koja se isplati<\/p>\n<p>Modularni dizajn TPD7 Smart x Lasera nudi jasne prednosti: komponente kao \u0161to su grija\u0107a plo\u010da, osnovna plo\u010da ili kontroler mogu se jednostavno zamijeniti ili pro\u0161iriti prema potrebi. Dodaci poput termobaze ili sustava za brzu izmjenu \u010dine pre\u0161u prilagodljivom za \u0161irok raspon primjena. Ovaj koncept omogu\u0107uje sigurnost ulaganja, brzo odr\u017eavanje i ni\u017ee tro\u0161kove skladi\u0161tenja.<br \/>\nInteligentna kontrola za u\u010dinkovite procese<\/p>\n<p>Aplikacijom Secabo Smart prakti\u010dno se upravlja putem Bluetootha. To vam omogu\u0107uje digitalno upravljanje temperaturom, vremenom i tlakom i spremanje ponavljaju\u0107ih poslova kao unaprijed postavljenih postavki. Ovo optimizira va\u0161 tijek rada i smanjuje izvore pogre\u0161aka.<br \/>\nPrednosti Secabo TPD7 Smart x Laser<\/p>\n<p>Precizno lasersko pozicioniranje za rezultate ispisa bez gre\u0161aka<\/p>\n<p>Pneumatska pre\u0161a s dvostrukom plo\u010dom za postojanu kvalitetu s velikim koli\u010dinama<\/p>\n<p>Modularni dizajn: mo\u017ee se brzo i fleksibilno prilagoditi novim zahtjevima<\/p>\n<p>Kontrola putem aplikacije Secabo Smart za maksimalnu kontrolu<\/p>\n<p>Veliko radno podru\u010dje &#8211; pogodno i za debele tkanine kao \u0161to su majice s kapulja\u010dom ili jakne<\/p>\n<p>Sigurnosno rukovanje s dvije ruke i inkapsulirane vodilice za sigurnu upotrebu bez odr\u017eavanja<\/p>\n<p>Uspje\u0161no pro\u0161ao test optere\u0107enja s 50 000 ciklusa pre\u0161anja &#8211; razvijen za kontinuiranu upotrebu<\/p>\n<p>Tipi\u010dna podru\u010dja primjene<\/p>\n<p>Izrada DTF transfera<\/p>\n<p>Flex i flock aplikacije u doradi tekstila<\/p>\n<p>Sublimacijski tisak na tekstil<\/p>\n<p>Serijska proizvodnja radne, sportske i trgova\u010dke robe<br \/>\nZaklju\u010dak<br \/>\nSecabo TPD7 Smart x Laser idealan je izbor za tvrtke koje cijene preciznost, u\u010dinkovitost i fleksibilnost. Sa svojim modularnim dizajnom, inteligentnom kontrolom i dokazanom Secabo kvalitetom, nudi rje\u0161enje za budu\u0107nost za sva podru\u010dja profesionalne dorade tekstila.<\/p>","protected":false},"excerpt":{"rendered":"<p>Secabo TPD7 Smart x Laser vode\u0107i je model Secabo nove generacije toplinskih pre\u0161a. Ova pneumatska pre\u0161a s dvostrukom plo\u010dom posebno je razvijena kako bi zadovoljila zahtjeve modernih proizvodnih operacija koje zahtijevaju maksimalnu preciznost, fleksibilnost i u\u010dinkovitost.<\/p>","protected":false},"featured_media":10804,"template":"","meta":{"_seopress_robots_primary_cat":"none","_seopress_titles_title":"","_seopress_titles_desc":"","_seopress_robots_index":""},"product_brand":[],"product_cat":[486],"product_tag":[73,487,64,65],"class_list":{"0":"post-10814","1":"product","2":"type-product","3":"status-publish","4":"has-post-thumbnail","6":"product_cat-secabo","7":"product_tag-secabo","8":"product_tag-secabo-heat-press","9":"product_tag-termo-presa","10":"product_tag-termo-presa-za-majice","12":"first","13":"outofstock","14":"sale","15":"taxable","16":"shipping-taxable","17":"purchasable","18":"product-type-simple"},"tiered_pricing_type":"fixed","tiered_pricing_fixed_rules":[],"tiered_pricing_product_settings":{"layout":"default","base_unit_name":{"singular":null,"plural":null},"default_variation":null},"tiered_pricing_minimum_quantity":null,"tiered_pricing_roles_data":[],"tiered_pricing_percentage_rules":[],"tiered_pricing_maximum_quantity":null,"tiered_pricing_quantity_step":null,"_links":{"self":[{"href":"https:\/\/dtfprint.hr\/fr\/wp-json\/wp\/v2\/product\/10814","targetHints":{"allow":["GET"]}}],"collection":[{"href":"https:\/\/dtfprint.hr\/fr\/wp-json\/wp\/v2\/product"}],"about":[{"href":"https:\/\/dtfprint.hr\/fr\/wp-json\/wp\/v2\/types\/product"}],"wp:featuredmedia":[{"embeddable":true,"href":"https:\/\/dtfprint.hr\/fr\/wp-json\/wp\/v2\/media\/10804"}],"wp:attachment":[{"href":"https:\/\/dtfprint.hr\/fr\/wp-json\/wp\/v2\/media?parent=10814"}],"wp:term":[{"taxonomy":"product_brand","embeddable":true,"href":"https:\/\/dtfprint.hr\/fr\/wp-json\/wp\/v2\/product_brand?post=10814"},{"taxonomy":"product_cat","embeddable":true,"href":"https:\/\/dtfprint.hr\/fr\/wp-json\/wp\/v2\/product_cat?post=10814"},{"taxonomy":"product_tag","embeddable":true,"href":"https:\/\/dtfprint.hr\/fr\/wp-json\/wp\/v2\/product_tag?post=10814"}],"curies":[{"name":"wp","href":"https:\/\/api.w.org\/{rel}","templated":true}]}}