{"id":10803,"date":"2025-10-29T05:44:56","date_gmt":"2025-10-29T04:44:56","guid":{"rendered":"https:\/\/dtfprint.hr\/proizvod\/secabo-tpd7-pneumatska-termo-presa-s-dvije-stanice\/"},"modified":"2025-11-04T09:50:53","modified_gmt":"2025-11-04T08:50:53","slug":"secabo-tpd7-pneumatska-termo-presa-s-dvije-stanice","status":"publish","type":"product","link":"https:\/\/dtfprint.hr\/fr\/proizvod\/secabo-tpd7-pneumatska-termo-presa-s-dvije-stanice\/","title":{"rendered":"Presse \u00e0 chaud pneumatique \u00e0 deux stations Secabo TPD7"},"content":{"rendered":"<p>Novi TPD7 Heat Press tvrtke Secabo savr\u0161eno je rje\u0161enje za velike formate i opse\u017ene prijenose sa svim uobi\u010dajenim procesima prijenosa u velikim nakladama. Ova toplinska pre\u0161a s dvostrukom plo\u010dom radi s komprimiranim zrakom, \u0161to osigurava jednostavan rad s dosljednim i ponovljivim rezultatima. S veli\u010dinom od 40 cm x 50 cm svaka, dvije radne plo\u010de nude posebno velikodu\u0161no radno podru\u010dje za prakti\u010dno poravnavanje objekata za prijenos. Zahvaljuju\u0107i okomitom rasporedu osnovnih plo\u010da, za razliku od prethodnog modela, jo\u0161 je lak\u0161e to\u010dno pozicioniranje predmeta koji se prenose. Prikladna radna povr\u0161ina na izlo\u017eenoj osnovnoj plo\u010di pove\u0107ava kvalitetu i preciznost prijenosa. Horizontalno pomi\u010dna glava grija\u0107e plo\u010de mo\u017ee se lako poravnati preko odgovaraju\u0107e radne plo\u010de, a okomiti kontaktni pritisak omogu\u0107uje prijenos \u0161irokog raspona materijala bez gre\u0161aka bez u\u010dinaka pomaka.<\/p>\n<p>Posebne karakteristike TPD7 toplinske pre\u0161e:<\/p>\n<p>Visok toplinski u\u010dinak i toplinski kapacitet grija\u0107e plo\u010de, dobra distribucija topline<br \/>\nLako podesiv i ponovljiv pneumatski tlak<br \/>\nDostupan \u0161irok izbor dodatne opreme<br \/>\nSiguran rad zahvaljuju\u0107i upravljanju s 2 ruke<br \/>\nPrikladno za rukovanje velikim koli\u010dinama narud\u017ebi<br \/>\nSavr\u0161ena pre\u0161a za DTF prijenose i proces pre\u0161anja DTF-a<\/p>","protected":false},"excerpt":{"rendered":"<p>Novi TPD7 Heat Press tvrtke Secabo savr\u0161eno je rje\u0161enje za velike formate i opse\u017ene prijenose sa svim uobi\u010dajenim procesima prijenosa u velikim nakladama. Ova toplinska pre\u0161a s dvostrukom plo\u010dom radi s komprimiranim zrakom, \u0161to osigurava jednostavan rad s dosljednim i ponovljivim rezultatima. S veli\u010dinom od 40 cm x 50 cm svaka, dvije radne plo\u010de nude posebno velikodu\u0161no radno podru\u010dje za prakti\u010dno poravnavanje objekata za prijenos.<\/p>","protected":false},"featured_media":10800,"template":"","meta":{"_seopress_robots_primary_cat":"none","_seopress_titles_title":"","_seopress_titles_desc":"","_seopress_robots_index":""},"product_brand":[],"product_cat":[486],"product_tag":[73,487,64,65],"class_list":{"0":"post-10803","1":"product","2":"type-product","3":"status-publish","4":"has-post-thumbnail","6":"product_cat-secabo","7":"product_tag-secabo","8":"product_tag-secabo-heat-press","9":"product_tag-termo-presa","10":"product_tag-termo-presa-za-majice","12":"first","13":"instock","14":"sale","15":"taxable","16":"shipping-taxable","17":"purchasable","18":"product-type-simple"},"tiered_pricing_type":"fixed","tiered_pricing_fixed_rules":[],"tiered_pricing_product_settings":{"layout":"default","base_unit_name":{"singular":null,"plural":null},"default_variation":null},"tiered_pricing_minimum_quantity":null,"tiered_pricing_roles_data":[],"tiered_pricing_percentage_rules":[],"tiered_pricing_maximum_quantity":null,"tiered_pricing_quantity_step":null,"_links":{"self":[{"href":"https:\/\/dtfprint.hr\/fr\/wp-json\/wp\/v2\/product\/10803","targetHints":{"allow":["GET"]}}],"collection":[{"href":"https:\/\/dtfprint.hr\/fr\/wp-json\/wp\/v2\/product"}],"about":[{"href":"https:\/\/dtfprint.hr\/fr\/wp-json\/wp\/v2\/types\/product"}],"wp:featuredmedia":[{"embeddable":true,"href":"https:\/\/dtfprint.hr\/fr\/wp-json\/wp\/v2\/media\/10800"}],"wp:attachment":[{"href":"https:\/\/dtfprint.hr\/fr\/wp-json\/wp\/v2\/media?parent=10803"}],"wp:term":[{"taxonomy":"product_brand","embeddable":true,"href":"https:\/\/dtfprint.hr\/fr\/wp-json\/wp\/v2\/product_brand?post=10803"},{"taxonomy":"product_cat","embeddable":true,"href":"https:\/\/dtfprint.hr\/fr\/wp-json\/wp\/v2\/product_cat?post=10803"},{"taxonomy":"product_tag","embeddable":true,"href":"https:\/\/dtfprint.hr\/fr\/wp-json\/wp\/v2\/product_tag?post=10803"}],"curies":[{"name":"wp","href":"https:\/\/api.w.org\/{rel}","templated":true}]}}