{"id":10799,"date":"2025-10-29T05:44:54","date_gmt":"2025-10-29T04:44:54","guid":{"rendered":"https:\/\/dtfprint.hr\/proizvod\/secabo-td7-lite\/"},"modified":"2025-11-04T09:50:56","modified_gmt":"2025-11-04T08:50:56","slug":"secabo-td7-lite","status":"publish","type":"product","link":"https:\/\/dtfprint.hr\/fr\/proizvod\/secabo-td7-lite\/","title":{"rendered":"Secabo TD7 LITE"},"content":{"rendered":"<p>Modularni ulazak u profesionalnu doradu tekstila<\/p>\n<p>Secabo TD7 Lite idealna je pre\u0161a s dvostrukom plo\u010dom za po\u010detnike i tvrtke sa srednjim obujmom proizvodnje. Kombinira dokazanu Secabo kvalitetu s nenadma\u0161nim omjerom cijene i u\u010dinka i punu prednost modularnog dizajna &#8211; ba\u0161 kao i ve\u0107i modeli.<\/p>\n<p>Ru\u010dna tehnologija dvostrukih plo\u010da omogu\u0107uje u\u010dinkovit rad: Dok se vr\u0161i pre\u0161anje s jedne strane, na drugoj se ve\u0107 mo\u017ee pripremiti sljede\u0107i tekstil. To osigurava visoke stope protoka uz minimalan gubitak vremena &#8211; i uz jednostavan rad.<br \/>\nModularan i fleksibilan &#8211; \u010dak iu po\u010detnom segmentu<\/p>\n<p>Kao i sve trenutne Secabo toplinske pre\u0161e, TD7 Lite ima potpuno modularni dizajn. Komponente kao \u0161to su grija\u0107a plo\u010da, osnovna plo\u010da ili regulator mogu se lako zamijeniti ako je potrebno. TD7 Lite tako\u0111er je kompatibilan sa \u0161irokim rasponom dodataka &#8211; od termobaze do sustava izmjenjivih plo\u010da.<\/p>\n<p>To zna\u010di da mo\u017eete po\u010deti s malim &#8211; i nadograditi u bilo kojem trenutku ako je potrebno. TD7 Lite raste s va\u0161im poslovanjem.<br \/>\nKompaktan dizajn, velika radna povr\u0161ina<\/p>\n<p>S radnom povr\u0161inom od 40 x 50 cm, TD7 Lite nudi dovoljno prostora za \u0161irok izbor tekstila &#8211; od majica kratkih rukava i majica s kapulja\u010dom do radne odje\u0107e. Robusna konstrukcija s inkapsuliranim vodilicama jam\u010di dugotrajnu izvedbu, \u010dak i uz redovitu upotrebu u proizvodnom okru\u017eenju.<br \/>\nPrednosti Secabo TD7 Lite<\/p>\n<p>Pre\u0161a s dvostrukom plo\u010dom s ru\u010dnim upravljanjem &#8211; u\u010dinkovit rad uz malo truda<\/p>\n<p>Modularni dizajn: izmjenjive komponente, kompatibilne s priborom iz Secabo svemira<\/p>\n<p>Lite kontroler za jednostavno, intuitivno upravljanje temperaturom i vremenom<\/p>\n<p>Veliko radno podru\u010dje &#8211; pogodno i za glomazni tekstil<\/p>\n<p>Maksimalna visina predmeta od 70 mm &#8211; idealno za deblje materijale<\/p>\n<p>Inkapsulirane vodilice za \u010dist rad i malo odr\u017eavanja<\/p>\n<p>Tipi\u010dna podru\u010dja primjene<\/p>\n<p>Dorada tekstila flex i flock folijama<\/p>\n<p>Sublimacijski prijenosi na majice, torbe, podloge za mi\u0161a i jo\u0161 mnogo toga.<\/p>\n<p>Priprema DTF-a u manjim proizvodnim koli\u010dinama<\/p>\n<p>Proizvodnja personaliziranih proizvoda u sektoru reklamnih medija<br \/>\nZaklju\u010dak<br \/>\nSecabo TD7 Lite idealan je ulaz u svijet profesionalne dorade tekstila &#8211; kompaktan, sna\u017ean i fleksibilan. Zahvaljuju\u0107i svom modularnom dizajnu, nije pravi izbor samo danas, ve\u0107 i sutra: kako va\u0161i zahtjevi rastu, TD7 Lite jednostavno raste s vama<\/p>","protected":false},"excerpt":{"rendered":"<p>Secabo TD7 Lite idealna je pre\u0161a s dvostrukom plo\u010dom za po\u010detnike i tvrtke sa srednjim obujmom proizvodnje. Kombinira dokazanu Secabo kvalitetu s nenadma\u0161nim omjerom cijene i u\u010dinka i punu prednost modularnog dizajna &#8211; ba\u0161 kao i ve\u0107i modeli.<\/p>","protected":false},"featured_media":10791,"template":"","meta":{"_seopress_robots_primary_cat":"none","_seopress_titles_title":"","_seopress_titles_desc":"","_seopress_robots_index":""},"product_brand":[],"product_cat":[486],"product_tag":[73,487,64,65],"class_list":{"0":"post-10799","1":"product","2":"type-product","3":"status-publish","4":"has-post-thumbnail","6":"product_cat-secabo","7":"product_tag-secabo","8":"product_tag-secabo-heat-press","9":"product_tag-termo-presa","10":"product_tag-termo-presa-za-majice","12":"first","13":"outofstock","14":"sale","15":"taxable","16":"shipping-taxable","17":"purchasable","18":"product-type-simple"},"tiered_pricing_type":"fixed","tiered_pricing_fixed_rules":[],"tiered_pricing_product_settings":{"layout":"default","base_unit_name":{"singular":null,"plural":null},"default_variation":null},"tiered_pricing_minimum_quantity":null,"tiered_pricing_roles_data":[],"tiered_pricing_percentage_rules":[],"tiered_pricing_maximum_quantity":null,"tiered_pricing_quantity_step":null,"_links":{"self":[{"href":"https:\/\/dtfprint.hr\/fr\/wp-json\/wp\/v2\/product\/10799","targetHints":{"allow":["GET"]}}],"collection":[{"href":"https:\/\/dtfprint.hr\/fr\/wp-json\/wp\/v2\/product"}],"about":[{"href":"https:\/\/dtfprint.hr\/fr\/wp-json\/wp\/v2\/types\/product"}],"wp:featuredmedia":[{"embeddable":true,"href":"https:\/\/dtfprint.hr\/fr\/wp-json\/wp\/v2\/media\/10791"}],"wp:attachment":[{"href":"https:\/\/dtfprint.hr\/fr\/wp-json\/wp\/v2\/media?parent=10799"}],"wp:term":[{"taxonomy":"product_brand","embeddable":true,"href":"https:\/\/dtfprint.hr\/fr\/wp-json\/wp\/v2\/product_brand?post=10799"},{"taxonomy":"product_cat","embeddable":true,"href":"https:\/\/dtfprint.hr\/fr\/wp-json\/wp\/v2\/product_cat?post=10799"},{"taxonomy":"product_tag","embeddable":true,"href":"https:\/\/dtfprint.hr\/fr\/wp-json\/wp\/v2\/product_tag?post=10799"}],"curies":[{"name":"wp","href":"https:\/\/api.w.org\/{rel}","templated":true}]}}