{"id":10784,"date":"2025-10-29T05:44:26","date_gmt":"2025-10-29T04:44:26","guid":{"rendered":"https:\/\/dtfprint.hr\/proizvod\/popust-secabo-tc7-lite-modularna-termo-presa-40cm-x-50cm\/"},"modified":"2026-03-12T09:55:23","modified_gmt":"2026-03-12T08:55:23","slug":"popust-secabo-tc7-lite-modularna-termo-presa-40cm-x-50cm","status":"publish","type":"product","link":"https:\/\/dtfprint.hr\/fr\/proizvod\/popust-secabo-tc7-lite-modularna-termo-presa-40cm-x-50cm\/","title":{"rendered":"Remise : Presse \u00e0 chaud modulaire Secabo TC7 LITE 40 cm x 50 cm"},"content":{"rendered":"<p>Najbolja izvedba i velika pogodnost sa serijom Secabo LITE &#8211; S ovim novim razvojem uspje\u0161ne pre\u0161e Secabo TC7, Secabo lansira unosan modularni sustav na tr\u017ei\u0161te koji korisnicima otvara \u0161irok raspon novih mogu\u0107nosti. Prednost u fleksibilnosti zahvaljuju\u0107i lako zamjenjivim komponentama, ukratko osnovni proizvod s velikim mogu\u0107nostima nadogradnje. Novi LITE modeli stoga imaju prednost jer mogu naknadno ugraditi pojedina\u010dne osnovne plo\u010de ili grija\u0107e plo\u010de po niskoj cijeni i lako zamijeniti komponente prema potrebi. Toplinska pre\u0161a TC7 LITE tvrtke Secabo je modularna pre\u0161a s automatskim otvaranjem. Korisnik ne mora \u010dekati pored tiska za vrijeme prijenosa, ve\u0107 mo\u017ee obavljati druge aktivnosti. Nakon isteka pode\u0161enog vremena, pre\u0161a se automatski otvara i to tri sekunde unaprijed najavljuje zvu\u010dnim signalom. Proces pre\u0161anja mo\u017ee se prekinuti u bilo kojem trenutku pritiskom na gumb &#8211; na primjer za pretpre\u0161anje tekstila. Temperatura i vrijeme pre\u0161anja prikladno su unaprijed odabrani pomo\u0107u digitalnog upravlja\u010da. Kontaktni tlak se postavlja pomo\u0107u velikog ru\u010dnog kota\u010da na vrhu grija\u0107e plo\u010de. TC7 LITE Heat Press, radne povr\u0161ine 40cm x 50cm, ima dodatnu pokrovnu plo\u010du na grija\u0107oj plo\u010di za za\u0161titu korisnika od opeklina. Dizajn TC7 LITE potpuno je modularan; upravlja\u010dka jedinica, grija\u0107a plo\u010da, osnovna plo\u010da i osnovni okvir mogu se ukloniti i zamijeniti u nekoliko jednostavnih koraka. To tako\u0111er omogu\u0107uje kori\u0161tenje drugih grija\u0107ih plo\u010da, na primjer. Toplinske pre\u0161e LITE nude sve \u0161to prijenos tekstila sa Secabom \u010dini tako prakti\u010dnim. Sve profesionalne primjene uobi\u010dajenih procesa prijenosa topline kao \u0161to su flock folije, flex folije, sublimacija, inkjet flex, itd. su naravno mogu\u0107e. Secabo TC7 LITE mo\u017ee se opcijski opremiti izmjenjivim plo\u010dama u razli\u010ditim formatima &#8211; uklju\u010duju\u0107i membransku osnovnu plo\u010du, sustav brze izmjene i klizni nastavak za upotrebu kao dvostruka pre\u0161a za plo\u010de. Tako\u0111er imate mogu\u0107nost nadogradnje TC7 LITE na na\u0161u Secabo TC-SMART seriju.<\/p>","protected":false},"excerpt":{"rendered":"<p>Toplinska pre\u0161a TC7 LITE tvrtke Secabo je modularna pre\u0161a s automatskim otvaranjem. Korisnik ne mora \u010dekati pored tiska za vrijeme prijenosa, ve\u0107 mo\u017ee obavljati druge aktivnosti. Nakon isteka pode\u0161enog vremena, pre\u0161a se automatski otvara i to tri sekunde unaprijed najavljuje zvu\u010dnim signalom.<\/p>","protected":false},"featured_media":10775,"template":"","meta":{"_seopress_robots_primary_cat":"none","_seopress_titles_title":"","_seopress_titles_desc":"","_seopress_robots_index":""},"product_brand":[],"product_cat":[486],"product_tag":[73,487,64,65],"class_list":{"0":"post-10784","1":"product","2":"type-product","3":"status-publish","4":"has-post-thumbnail","6":"product_cat-secabo","7":"product_tag-secabo","8":"product_tag-secabo-heat-press","9":"product_tag-termo-presa","10":"product_tag-termo-presa-za-majice","12":"first","13":"instock","14":"sale","15":"taxable","16":"shipping-taxable","17":"purchasable","18":"product-type-simple"},"tiered_pricing_type":"fixed","tiered_pricing_fixed_rules":[],"tiered_pricing_product_settings":{"layout":"default","base_unit_name":{"singular":null,"plural":null},"default_variation":null},"tiered_pricing_minimum_quantity":null,"tiered_pricing_roles_data":[],"tiered_pricing_percentage_rules":[],"tiered_pricing_maximum_quantity":null,"tiered_pricing_quantity_step":null,"_links":{"self":[{"href":"https:\/\/dtfprint.hr\/fr\/wp-json\/wp\/v2\/product\/10784","targetHints":{"allow":["GET"]}}],"collection":[{"href":"https:\/\/dtfprint.hr\/fr\/wp-json\/wp\/v2\/product"}],"about":[{"href":"https:\/\/dtfprint.hr\/fr\/wp-json\/wp\/v2\/types\/product"}],"wp:featuredmedia":[{"embeddable":true,"href":"https:\/\/dtfprint.hr\/fr\/wp-json\/wp\/v2\/media\/10775"}],"wp:attachment":[{"href":"https:\/\/dtfprint.hr\/fr\/wp-json\/wp\/v2\/media?parent=10784"}],"wp:term":[{"taxonomy":"product_brand","embeddable":true,"href":"https:\/\/dtfprint.hr\/fr\/wp-json\/wp\/v2\/product_brand?post=10784"},{"taxonomy":"product_cat","embeddable":true,"href":"https:\/\/dtfprint.hr\/fr\/wp-json\/wp\/v2\/product_cat?post=10784"},{"taxonomy":"product_tag","embeddable":true,"href":"https:\/\/dtfprint.hr\/fr\/wp-json\/wp\/v2\/product_tag?post=10784"}],"curies":[{"name":"wp","href":"https:\/\/api.w.org\/{rel}","templated":true}]}}