{"id":10768,"date":"2025-10-29T05:42:55","date_gmt":"2025-10-29T04:42:55","guid":{"rendered":"https:\/\/dtfprint.hr\/proizvod\/secabo-tc7-smart-modularna-termo-presa-40cm-x-50cm-s-bluetooth-om\/"},"modified":"2025-11-04T09:50:54","modified_gmt":"2025-11-04T08:50:54","slug":"secabo-tc7-smart-modularna-termo-presa-40cm-x-50cm-s-bluetooth-om","status":"publish","type":"product","link":"https:\/\/dtfprint.hr\/fr\/proizvod\/secabo-tc7-smart-modularna-termo-presa-40cm-x-50cm-s-bluetooth-om\/","title":{"rendered":"Presse \u00e0 chaud modulaire Secabo TC7 SMART 40 cm x 50 cm avec Bluetooth"},"content":{"rendered":"<p>Nova Secabo TC7 SMART Heat Press otvara inovativne na\u010dine za postizanje jo\u0161 boljih performansi. Ovaj novi razvoj uspje\u0161ne automatske pre\u0161e Secabo TC7 donosi prvi na svijetu na tr\u017ei\u0161te, otvaraju\u0107i \u0161irok raspon novih mogu\u0107nosti za korisnike: Po prvi put, kontroler TC7 SMART opremljen je Bluetooth su\u010deljem koje, uz besplatnu aplikaciju Secabo Smart Transfer, omogu\u0107uje upravljanje pre\u0161om dok istovremeno pristupa sveobuhvatnoj bazi podataka funkcija. Za korisnika to zna\u010di: jednostavno unesite vrstu tkanine i materijal za prijenos i mogu\u0107e je pozvati odgovaraju\u0107e kombinacije za temperaturu, vrijeme i tlak. Dodatne funkcije kao \u0161to su izra\u010dun vremena zagrijavanja i funkcije upozorenja \u010dine aplikaciju dragocjenom pomo\u0107i za sve uobi\u010dajene procese prijenosa topline. Nova Secabo TC7 SMART Heat Press nudi radnu povr\u0161inu od 40 cm x 50 cm, jednostavna je za rukovanje i robusna tijekom rada. Modularni dizajn omogu\u0107uje brzu i jednostavnu ugradnju izmjenjivih plo\u010da u razli\u010ditim formatima, sustav brze izmjene i klizni nastavak.<\/p>","protected":false},"excerpt":{"rendered":"<p>Nova Secabo TC7 SMART Heat Press otvara inovativne na\u010dine za postizanje jo\u0161 boljih performansi. Ovaj novi razvoj uspje\u0161ne automatske pre\u0161e Secabo TC7 donosi prvi na svijetu na tr\u017ei\u0161te, otvaraju\u0107i \u0161irok raspon novih mogu\u0107nosti za korisnike: Po prvi put, kontroler TC7 SMART opremljen je Bluetooth su\u010deljem koje, uz besplatnu aplikaciju Secabo Smart Transfer, omogu\u0107uje upravljanje pre\u0161om [&hellip;]<\/p>\n","protected":false},"featured_media":10761,"template":"","meta":{"_seopress_robots_primary_cat":"none","_seopress_titles_title":"","_seopress_titles_desc":"","_seopress_robots_index":""},"product_brand":[],"product_cat":[486],"product_tag":[73,487,64,65],"class_list":{"0":"post-10768","1":"product","2":"type-product","3":"status-publish","4":"has-post-thumbnail","6":"product_cat-secabo","7":"product_tag-secabo","8":"product_tag-secabo-heat-press","9":"product_tag-termo-presa","10":"product_tag-termo-presa-za-majice","12":"first","13":"instock","14":"sale","15":"taxable","16":"shipping-taxable","17":"purchasable","18":"product-type-simple"},"tiered_pricing_type":"fixed","tiered_pricing_fixed_rules":[],"tiered_pricing_product_settings":{"layout":"default","base_unit_name":{"singular":null,"plural":null},"default_variation":null},"tiered_pricing_minimum_quantity":null,"tiered_pricing_roles_data":[],"tiered_pricing_percentage_rules":[],"tiered_pricing_maximum_quantity":null,"tiered_pricing_quantity_step":null,"_links":{"self":[{"href":"https:\/\/dtfprint.hr\/fr\/wp-json\/wp\/v2\/product\/10768","targetHints":{"allow":["GET"]}}],"collection":[{"href":"https:\/\/dtfprint.hr\/fr\/wp-json\/wp\/v2\/product"}],"about":[{"href":"https:\/\/dtfprint.hr\/fr\/wp-json\/wp\/v2\/types\/product"}],"wp:featuredmedia":[{"embeddable":true,"href":"https:\/\/dtfprint.hr\/fr\/wp-json\/wp\/v2\/media\/10761"}],"wp:attachment":[{"href":"https:\/\/dtfprint.hr\/fr\/wp-json\/wp\/v2\/media?parent=10768"}],"wp:term":[{"taxonomy":"product_brand","embeddable":true,"href":"https:\/\/dtfprint.hr\/fr\/wp-json\/wp\/v2\/product_brand?post=10768"},{"taxonomy":"product_cat","embeddable":true,"href":"https:\/\/dtfprint.hr\/fr\/wp-json\/wp\/v2\/product_cat?post=10768"},{"taxonomy":"product_tag","embeddable":true,"href":"https:\/\/dtfprint.hr\/fr\/wp-json\/wp\/v2\/product_tag?post=10768"}],"curies":[{"name":"wp","href":"https:\/\/api.w.org\/{rel}","templated":true}]}}