{"id":10754,"date":"2025-10-29T05:40:19","date_gmt":"2025-10-29T04:40:19","guid":{"rendered":"https:\/\/dtfprint.hr\/proizvod\/secabo-tc5-smart-modularna-termo-presa-38cm-x-38cm-s-bluetooth-om\/"},"modified":"2025-11-04T09:50:53","modified_gmt":"2025-11-04T08:50:53","slug":"secabo-tc5-smart-modularna-termo-presa-38cm-x-38cm-s-bluetooth-om","status":"publish","type":"product","link":"https:\/\/dtfprint.hr\/fr\/proizvod\/secabo-tc5-smart-modularna-termo-presa-38cm-x-38cm-s-bluetooth-om\/","title":{"rendered":"Presse \u00e0 chaud modulaire Secabo TC5 SMART 38 cm x 38 cm avec Bluetooth"},"content":{"rendered":"<p>Nova Secabo TC5 SMART Heat Press otvara inovativne na\u010dine za postizanje jo\u0161 boljih performansi. Ovaj novi razvoj uspje\u0161ne automatske pre\u0161e Secabo TC5 donosi prvi na svijetu na tr\u017ei\u0161te, otvaraju\u0107i \u0161irok raspon novih mogu\u0107nosti za korisnike: Po prvi put, kontroler TC5 SMART opremljen je Bluetooth su\u010deljem koje, uz besplatnu aplikaciju Secabo Smart Transfer, omogu\u0107uje upravljanje pre\u0161om uz istovremeni pristup sveobuhvatnoj bazi podataka funkcija. Za korisnika to zna\u010di: jednostavno unesite vrstu tkanine i materijal za prijenos i mogu\u0107e je pozvati odgovaraju\u0107e kombinacije za temperaturu, vrijeme i tlak. Dodatne funkcije kao \u0161to su izra\u010dun vremena zagrijavanja i funkcije upozorenja \u010dine aplikaciju dragocjenom pomo\u0107i za sve uobi\u010dajene procese prijenosa topline. Nova Secabo TC5 SMART Heat Press nudi radnu povr\u0161inu od 38 cm x 38 cm, jednostavna je za rukovanje i robusna tijekom rada. Modularni dizajn omogu\u0107uje brzu i jednostavnu ugradnju izmjenjivih plo\u010da u razli\u010ditim formatima, sustav brze izmjene i klizni nastavak.<\/p>\n<p>Inovativni Secabo TC7 SMART Heat Press revolucionira tehnologiju prijenosa topline i nudi izvanredne performanse. Ova najnovija evolucija popularne automatske pre\u0161e Secabo TC7 ima revolucionarno Bluetooth su\u010delje koje, u kombinaciji s besplatnom aplikacijom Secabo Smart Transfer, omogu\u0107uje jednostavno upravljanje pre\u0161om. Korisnici mogu bez napora unijeti vrstu tkanine i prenijeti materijal kako bi trenutno dohvatili optimalne postavke za temperaturu, vrijeme i tlak. Dodatne funkcije kao \u0161to su izra\u010dun vremena zagrijavanja i upozorenja \u010dine aplikaciju nezamjenjivim alatom za sve uobi\u010dajene procese prijenosa topline. S velikodu\u0161nom radnom povr\u0161inom od 40 cm x 50 cm, Secabo TC7 SMART jednostavan je za kori\u0161tenje i robustan u svakodnevnoj uporabi. Modularni dizajn omogu\u0107uje brzu i jednostavnu zamjenu izmjenjivih plo\u010da u razli\u010ditim formatima kao i u\u010dinkovit sustav brze izmjene i produ\u017eetak kliza\u010da. Inteligentne funkcije zaslona i intuitivni koncept upravljanja<\/p>\n<p>Na\u0161i SMART modeli opremljeni su novom elektronikom razvijenom na temelju Secabovog opse\u017enog stru\u010dnog znanja u industriji. Po prvi put, digitalni upravlja\u010d pre\u0161a za automatsko otvaranje ima Bluetooth su\u010delje i mo\u017ee se njime upravljati putem besplatne aplikacije Secabo Smart Transfer. Revidirane zna\u010dajke kontrolera jo\u0161 su jedna inovacija. Uz poznate postavke kao \u0161to su temperatura i vrijeme, raspon funkcija je pro\u0161iren tako da uklju\u010duje postavke za pretpre\u0161anje, funkciju brojanja, na\u010din mirovanja i automatskog isklju\u010divanja, 10 memorijskih mjesta za parametre prijenosa i mnoge druge zna\u010dajke. Koncept upravljanja potpuno je revidiran kako bi korisniku omogu\u0107io jo\u0161 bolje rukovanje pritiskom &#8211; nova rotacijska tipka i veliki zaslon tome zna\u010dajno pridonose.<\/p>","protected":false},"excerpt":{"rendered":"<p>Nova Secabo TC5 SMART Heat Press nudi radnu povr\u0161inu od 38 cm x 38 cm, jednostavna je za rukovanje i robusna tijekom rada. Modularni dizajn omogu\u0107uje brzu i jednostavnu ugradnju izmjenjivih plo\u010da u razli\u010ditim formatima, sustav brze izmjene i klizni nastavak.<\/p>","protected":false},"featured_media":10747,"template":"","meta":{"_seopress_robots_primary_cat":"none","_seopress_titles_title":"","_seopress_titles_desc":"","_seopress_robots_index":""},"product_brand":[],"product_cat":[486],"product_tag":[73,487,64,65],"class_list":{"0":"post-10754","1":"product","2":"type-product","3":"status-publish","4":"has-post-thumbnail","6":"product_cat-secabo","7":"product_tag-secabo","8":"product_tag-secabo-heat-press","9":"product_tag-termo-presa","10":"product_tag-termo-presa-za-majice","12":"first","13":"instock","14":"sale","15":"taxable","16":"shipping-taxable","17":"purchasable","18":"product-type-simple"},"tiered_pricing_type":"fixed","tiered_pricing_fixed_rules":[],"tiered_pricing_product_settings":{"layout":"default","base_unit_name":{"singular":null,"plural":null},"default_variation":null},"tiered_pricing_minimum_quantity":null,"tiered_pricing_roles_data":[],"tiered_pricing_percentage_rules":[],"tiered_pricing_maximum_quantity":null,"tiered_pricing_quantity_step":null,"_links":{"self":[{"href":"https:\/\/dtfprint.hr\/fr\/wp-json\/wp\/v2\/product\/10754","targetHints":{"allow":["GET"]}}],"collection":[{"href":"https:\/\/dtfprint.hr\/fr\/wp-json\/wp\/v2\/product"}],"about":[{"href":"https:\/\/dtfprint.hr\/fr\/wp-json\/wp\/v2\/types\/product"}],"wp:featuredmedia":[{"embeddable":true,"href":"https:\/\/dtfprint.hr\/fr\/wp-json\/wp\/v2\/media\/10747"}],"wp:attachment":[{"href":"https:\/\/dtfprint.hr\/fr\/wp-json\/wp\/v2\/media?parent=10754"}],"wp:term":[{"taxonomy":"product_brand","embeddable":true,"href":"https:\/\/dtfprint.hr\/fr\/wp-json\/wp\/v2\/product_brand?post=10754"},{"taxonomy":"product_cat","embeddable":true,"href":"https:\/\/dtfprint.hr\/fr\/wp-json\/wp\/v2\/product_cat?post=10754"},{"taxonomy":"product_tag","embeddable":true,"href":"https:\/\/dtfprint.hr\/fr\/wp-json\/wp\/v2\/product_tag?post=10754"}],"curies":[{"name":"wp","href":"https:\/\/api.w.org\/{rel}","templated":true}]}}