{"id":10746,"date":"2025-10-29T05:39:20","date_gmt":"2025-10-29T04:39:20","guid":{"rendered":"https:\/\/dtfprint.hr\/proizvod\/secabo-tc2-termo-presa-23cm-x-33cm\/"},"modified":"2025-11-04T09:50:53","modified_gmt":"2025-11-04T08:50:53","slug":"secabo-tc2-termo-presa-23cm-x-33cm","status":"publish","type":"product","link":"https:\/\/dtfprint.hr\/fr\/proizvod\/secabo-tc2-termo-presa-23cm-x-33cm\/","title":{"rendered":"Presse thermique Secabo TC2 23 cm x 33 cm"},"content":{"rendered":"<p>Uz TC2, Secabo ima pravu toplinsku pre\u0161u za po\u010detak dorade tekstila i drugih tehnika prijenosa. Vrijeme i temperatura prijenosa mogu se unaprijed odabrati na digitalnom upravlja\u010du Secabo TC2. Kada istekne postavljeno vrijeme, ogla\u0161ava se zvu\u010dni signal. Kontaktni tlak se pode\u0161ava pomo\u0107u ru\u010dnog kota\u010di\u0107a na vrhu grija\u0107e plo\u010de. Proces pre\u0161anja zapo\u010dinje zatvaranjem poluge za pre\u0161anje. Veliki kut otvaranja omogu\u0107uje prakti\u010dnu pripremu objekata za prijenos na osnovnoj plo\u010di. TC2 ima radnu povr\u0161inu od 23 cm x 33 cm i grija\u0107u plo\u010du s potro\u0161njom energije od 1000 W.<\/p>","protected":false},"excerpt":{"rendered":"<p>Toplinska pre\u0161a za po\u010detak dorade tekstila i drugih tehnika prijenosa. Vrijeme i temperatura prijenosa mogu se unaprijed odabrati na digitalnom upravlja\u010du Secabo TC2. Kada istekne postavljeno vrijeme, ogla\u0161ava se zvu\u010dni signal. Kontaktni tlak se pode\u0161ava pomo\u0107u ru\u010dnog kota\u010di\u0107a na vrhu grija\u0107e plo\u010de.<\/p>","protected":false},"featured_media":10741,"template":"","meta":{"_seopress_robots_primary_cat":"none","_seopress_titles_title":"","_seopress_titles_desc":"","_seopress_robots_index":""},"product_brand":[],"product_cat":[486],"product_tag":[73,487,64,65],"class_list":{"0":"post-10746","1":"product","2":"type-product","3":"status-publish","4":"has-post-thumbnail","6":"product_cat-secabo","7":"product_tag-secabo","8":"product_tag-secabo-heat-press","9":"product_tag-termo-presa","10":"product_tag-termo-presa-za-majice","12":"first","13":"instock","14":"sale","15":"taxable","16":"shipping-taxable","17":"purchasable","18":"product-type-simple"},"tiered_pricing_type":"fixed","tiered_pricing_fixed_rules":[],"tiered_pricing_product_settings":{"layout":"default","base_unit_name":{"singular":null,"plural":null},"default_variation":null},"tiered_pricing_minimum_quantity":null,"tiered_pricing_roles_data":[],"tiered_pricing_percentage_rules":[],"tiered_pricing_maximum_quantity":null,"tiered_pricing_quantity_step":null,"_links":{"self":[{"href":"https:\/\/dtfprint.hr\/fr\/wp-json\/wp\/v2\/product\/10746","targetHints":{"allow":["GET"]}}],"collection":[{"href":"https:\/\/dtfprint.hr\/fr\/wp-json\/wp\/v2\/product"}],"about":[{"href":"https:\/\/dtfprint.hr\/fr\/wp-json\/wp\/v2\/types\/product"}],"wp:featuredmedia":[{"embeddable":true,"href":"https:\/\/dtfprint.hr\/fr\/wp-json\/wp\/v2\/media\/10741"}],"wp:attachment":[{"href":"https:\/\/dtfprint.hr\/fr\/wp-json\/wp\/v2\/media?parent=10746"}],"wp:term":[{"taxonomy":"product_brand","embeddable":true,"href":"https:\/\/dtfprint.hr\/fr\/wp-json\/wp\/v2\/product_brand?post=10746"},{"taxonomy":"product_cat","embeddable":true,"href":"https:\/\/dtfprint.hr\/fr\/wp-json\/wp\/v2\/product_cat?post=10746"},{"taxonomy":"product_tag","embeddable":true,"href":"https:\/\/dtfprint.hr\/fr\/wp-json\/wp\/v2\/product_tag?post=10746"}],"curies":[{"name":"wp","href":"https:\/\/api.w.org\/{rel}","templated":true}]}}