{"id":10740,"date":"2025-10-29T05:39:18","date_gmt":"2025-10-29T04:39:18","guid":{"rendered":"https:\/\/dtfprint.hr\/proizvod\/secabo-tc1-termo-presa-15cm-x-15cm\/"},"modified":"2025-11-04T09:50:53","modified_gmt":"2025-11-04T08:50:53","slug":"secabo-tc1-termo-presa-15cm-x-15cm","status":"publish","type":"product","link":"https:\/\/dtfprint.hr\/fr\/proizvod\/secabo-tc1-termo-presa-15cm-x-15cm\/","title":{"rendered":"Presse thermique Secabo TC1 15 cm x 15 cm"},"content":{"rendered":"<p>TC1 Heat Press tvrtke Secabo ima radnu povr\u0161inu od 15 x 15 cm. To ga \u010dini savr\u0161enim za zavr\u0161nu obradu tekstila, npr. za ambleme, zakrpe, naljepnice, markiranje ili ozna\u010davanje proizvoda. TC1 je lagan i vrlo kompaktan, \u0161to ga \u010dini idealnim za mobilnu upotrebu na doga\u0111ajima. Na\u0161 &#8220;mali&#8221; tako\u0111er je povoljan po\u010detni model. TC1 svladava transfere na te\u0161ko dostupnim mjestima, priti\u0161\u0107e to\u010dno tamo gdje se \u017eeli i treba. Iznad svega, ovo sprje\u010dava resublimaciju i migraciju boje. Plo\u010da se brzo zagrijava i ima malu potro\u0161nju energije. Kao \u0161to biste o\u010dekivali od Secaba, TC1 je jednostavan za rukovanje, \u010dak i za po\u010detnike. Veliki kut otvaranja olak\u0161ava pripremu objekata za prijenos na osnovnu plo\u010du. Vrijeme i temperatura prijenosa mogu se precizno unaprijed odabrati na digitalnom upravlja\u010du. Kontaktni pritisak se pode\u0161ava pomo\u0107u ru\u010dnog kota\u010da. Zatvaranjem poluge za pre\u0161anje zapo\u010dinje proces pre\u0161anja.<\/p>","protected":false},"excerpt":{"rendered":"<p>TC1 Heat Press tvrtke Secabo ima radnu povr\u0161inu od 15 x 15 cm. To ga \u010dini savr\u0161enim za zavr\u0161nu obradu tekstila, npr. za ambleme, zakrpe, naljepnice, markiranje ili ozna\u010davanje proizvoda.<\/p>","protected":false},"featured_media":10735,"template":"","meta":{"_seopress_robots_primary_cat":"none","_seopress_titles_title":"","_seopress_titles_desc":"","_seopress_robots_index":""},"product_brand":[],"product_cat":[486],"product_tag":[73,487,64,65],"class_list":{"0":"post-10740","1":"product","2":"type-product","3":"status-publish","4":"has-post-thumbnail","6":"product_cat-secabo","7":"product_tag-secabo","8":"product_tag-secabo-heat-press","9":"product_tag-termo-presa","10":"product_tag-termo-presa-za-majice","12":"first","13":"instock","14":"sale","15":"taxable","16":"shipping-taxable","17":"purchasable","18":"product-type-simple"},"tiered_pricing_type":"fixed","tiered_pricing_fixed_rules":[],"tiered_pricing_product_settings":{"layout":"default","base_unit_name":{"singular":null,"plural":null},"default_variation":null},"tiered_pricing_minimum_quantity":null,"tiered_pricing_roles_data":[],"tiered_pricing_percentage_rules":[],"tiered_pricing_maximum_quantity":null,"tiered_pricing_quantity_step":null,"_links":{"self":[{"href":"https:\/\/dtfprint.hr\/fr\/wp-json\/wp\/v2\/product\/10740","targetHints":{"allow":["GET"]}}],"collection":[{"href":"https:\/\/dtfprint.hr\/fr\/wp-json\/wp\/v2\/product"}],"about":[{"href":"https:\/\/dtfprint.hr\/fr\/wp-json\/wp\/v2\/types\/product"}],"wp:featuredmedia":[{"embeddable":true,"href":"https:\/\/dtfprint.hr\/fr\/wp-json\/wp\/v2\/media\/10735"}],"wp:attachment":[{"href":"https:\/\/dtfprint.hr\/fr\/wp-json\/wp\/v2\/media?parent=10740"}],"wp:term":[{"taxonomy":"product_brand","embeddable":true,"href":"https:\/\/dtfprint.hr\/fr\/wp-json\/wp\/v2\/product_brand?post=10740"},{"taxonomy":"product_cat","embeddable":true,"href":"https:\/\/dtfprint.hr\/fr\/wp-json\/wp\/v2\/product_cat?post=10740"},{"taxonomy":"product_tag","embeddable":true,"href":"https:\/\/dtfprint.hr\/fr\/wp-json\/wp\/v2\/product_tag?post=10740"}],"curies":[{"name":"wp","href":"https:\/\/api.w.org\/{rel}","templated":true}]}}