{"id":10734,"date":"2025-10-29T05:38:58","date_gmt":"2025-10-29T04:38:58","guid":{"rendered":"https:\/\/dtfprint.hr\/proizvod\/secabo-c5-termo-presa-38cm-x-38cm\/"},"modified":"2025-11-04T09:50:53","modified_gmt":"2025-11-04T08:50:53","slug":"secabo-c5-termo-presa-38cm-x-38cm","status":"publish","type":"product","link":"https:\/\/dtfprint.hr\/fr\/proizvod\/secabo-c5-termo-presa-38cm-x-38cm\/","title":{"rendered":"Presse \u00e0 chaud Secabo C5 38 cm x 38 cm"},"content":{"rendered":"<p>Uz C5 Clam, Secabo ima pravu toplinsku pre\u0161u za po\u010detak dorade tekstila i drugih tehnika prijenosa. Svi uobi\u010dajeni procesi prijenosa topline (flock, flex, sublimacija, itd.) mogu se provesti s Clam Pressom. Digitalni regulator temperature i vremena omogu\u0107uje brzo i jednostavno postavljanje potrebnih postavki. Pritisak se pode\u0161ava pomo\u0107u prakti\u010dnog ru\u010dnog kota\u010di\u0107a. Secabo C5 Clam ima radnu povr\u0161inu od 38 cm x 38 cm.<\/p>\n<p>Jeftina termo pre\u0161a za po\u010detnike<br \/>\nVelika radna povr\u0161ina 38cm x 38cm<br \/>\nDigitalni regulator temperature i vremena<br \/>\nLako podesiv kontaktni pritisak<\/p>","protected":false},"excerpt":{"rendered":"<p>Uz C5 Clam, Secabo ima pravu toplinsku pre\u0161u za po\u010detak dorade tekstila i drugih tehnika prijenosa. Svi uobi\u010dajeni procesi prijenosa topline (flock, flex, sublimacija, itd.) mogu se provesti s Clam Pressom. Digitalni regulator temperature i vremena omogu\u0107uje brzo i jednostavno postavljanje potrebnih postavki. Pritisak se pode\u0161ava pomo\u0107u prakti\u010dnog ru\u010dnog kota\u010di\u0107a. Secabo C5 Clam ima radnu povr\u0161inu od 38 cm x 38 cm.<\/p>","protected":false},"featured_media":10730,"template":"","meta":{"_seopress_robots_primary_cat":"none","_seopress_titles_title":"","_seopress_titles_desc":"","_seopress_robots_index":""},"product_brand":[],"product_cat":[486],"product_tag":[73,487,64,65],"class_list":{"0":"post-10734","1":"product","2":"type-product","3":"status-publish","4":"has-post-thumbnail","6":"product_cat-secabo","7":"product_tag-secabo","8":"product_tag-secabo-heat-press","9":"product_tag-termo-presa","10":"product_tag-termo-presa-za-majice","12":"first","13":"instock","14":"sale","15":"taxable","16":"shipping-taxable","17":"purchasable","18":"product-type-simple"},"tiered_pricing_type":"fixed","tiered_pricing_fixed_rules":[],"tiered_pricing_product_settings":{"layout":"default","base_unit_name":{"singular":null,"plural":null},"default_variation":null},"tiered_pricing_minimum_quantity":null,"tiered_pricing_roles_data":[],"tiered_pricing_percentage_rules":[],"tiered_pricing_maximum_quantity":null,"tiered_pricing_quantity_step":null,"_links":{"self":[{"href":"https:\/\/dtfprint.hr\/fr\/wp-json\/wp\/v2\/product\/10734","targetHints":{"allow":["GET"]}}],"collection":[{"href":"https:\/\/dtfprint.hr\/fr\/wp-json\/wp\/v2\/product"}],"about":[{"href":"https:\/\/dtfprint.hr\/fr\/wp-json\/wp\/v2\/types\/product"}],"wp:featuredmedia":[{"embeddable":true,"href":"https:\/\/dtfprint.hr\/fr\/wp-json\/wp\/v2\/media\/10730"}],"wp:attachment":[{"href":"https:\/\/dtfprint.hr\/fr\/wp-json\/wp\/v2\/media?parent=10734"}],"wp:term":[{"taxonomy":"product_brand","embeddable":true,"href":"https:\/\/dtfprint.hr\/fr\/wp-json\/wp\/v2\/product_brand?post=10734"},{"taxonomy":"product_cat","embeddable":true,"href":"https:\/\/dtfprint.hr\/fr\/wp-json\/wp\/v2\/product_cat?post=10734"},{"taxonomy":"product_tag","embeddable":true,"href":"https:\/\/dtfprint.hr\/fr\/wp-json\/wp\/v2\/product_tag?post=10734"}],"curies":[{"name":"wp","href":"https:\/\/api.w.org\/{rel}","templated":true}]}}