{"id":10729,"date":"2025-10-29T05:38:56","date_gmt":"2025-10-29T04:38:56","guid":{"rendered":"https:\/\/dtfprint.hr\/proizvod\/ljetni-popust-secabo-tc5-smart-energy-saver-modularna-termo-presa-38cm-x-38cm\/"},"modified":"2025-11-04T09:50:53","modified_gmt":"2025-11-04T08:50:53","slug":"ljetni-popust-secabo-tc5-smart-energy-saver-modularna-termo-presa-38cm-x-38cm","status":"publish","type":"product","link":"https:\/\/dtfprint.hr\/fr\/proizvod\/ljetni-popust-secabo-tc5-smart-energy-saver-modularna-termo-presa-38cm-x-38cm\/","title":{"rendered":"Offre d&#039;\u00e9t\u00e9 : Presse \u00e0 chaud modulaire Secabo TC5 SMART Energy Saver 38 cm x 38 cm"},"content":{"rendered":"<p>Revolucija u tehnologiji toplinskog pre\u0161anja<\/p>\n<p>Integrirajte odr\u017eivost i u\u010dinkovitost izravno u svoje poslovanje uz novi Secabo TC5 SMART Energy Saver. Ovaj napredni sustav kombinira vrhunsku tehnologiju s energetski u\u010dinkovitom platformom kako bi vam pru\u017eio prvoklasno iskustvo prijenosa.<\/p>\n<p>Redefinirana u\u0161teda energije:<\/p>\n<p>Integrirana grija\u0107a plo\u010da Energy Saver HP5 u srcu je ovog revolucionarnog razvoja. Uz dodatnu izolaciju, ova grija\u0107a plo\u010da zna\u010dajno smanjuje potro\u0161nju energije u stanju mirovanja. A posebno razvijeni pokrov ne samo da osigurava sigurnost i za\u0161titu od opeklina, ve\u0107 i daljnju u\u0161tedu energije. To nije samo pitanje tro\u0161kova, ve\u0107 i okoli\u0161a, s potencijalnim u\u0161tedama do 374 eura godi\u0161nje i zna\u010dajno smanjenim uglji\u010dnim otiskom.<\/p>\n<p>Fleksibilnost i prilagodljivost:<\/p>\n<p>Zahvaljuju\u0107i svom modularnom dizajnu i sustavu brze izmjene, TC5 SMART Energy Saver idealan je za tvrtke koje zahtijevaju prilagodljivost i skalabilnost.<\/p>\n<p>Secabo TC5 SMART Energy Saver vi\u0161e je od obi\u010dne toplinske pre\u0161e. To je cjelovito rje\u0161enje koje spaja energetsku u\u010dinkovitost, vrhunsku tehnologiju i prvoklasne performanse. Otkrijte brojne prednosti i mogu\u0107nosti za optimizaciju va\u0161eg rada.<\/p>\n<p>Ekolo\u0161ki prihvatljiv dizajn:<\/p>\n<p>O\u010duvajte resurse odr\u017eivim dizajnom i smanjenom potro\u0161njom energije kako biste smanjili svoj utjecaj na okoli\u0161.<\/p>\n<p>Optimizirano upravljanje energijom:<\/p>\n<p>Inteligentno upravljanje energijom osigurava manju potro\u0161nju i minimiziran gubitak topline tijekom radnog vremena.<\/p>\n<p>Analiza potro\u0161nje:<\/p>\n<p>Sposobnost pra\u0107enja potro\u0161nje energije kako bi se bolje identificirale i iskoristile potencijalne u\u0161tede.<\/p>\n<p>Du\u017ei vijek trajanja:<\/p>\n<p>Smanjena potro\u0161nja energije osigurava manje tro\u0161enja i habanja, a samim time i produljeni vijek trajanja ure\u0111aja.<\/p>\n<p>U\u0161teda tro\u0161kova:<\/p>\n<p>Ekonomi\u010dnost u\u0161tede energije doprinosi br\u017eoj amortizaciji tro\u0161kova nabave.<\/p>\n<p>Pove\u0107ana produktivnost:<\/p>\n<p>U\u010dinkovitije upravljanje energijom omogu\u0107uje dulje vrijeme rada i stoga pove\u0107ava produktivnost.<\/p>\n<p>Smanjene emisije CO2:<\/p>\n<p>Kori\u0161tenje energetski u\u010dinkovitih tehnologija zna\u010dajno smanjuje emisije CO2, \u010dime se poma\u017ee u za\u0161titi okoli\u0161a.<\/p>\n<p>Pobolj\u0161an prijenos topline:<\/p>\n<p>Optimizirana energetska u\u010dinkovitost osigurava ravnomjerniji i precizniji prijenos topline u toplinskim pre\u0161ama.<\/p>\n<p>Zna\u010dajke Smart Energy:<\/p>\n<p>Inovativne tehnologije poput automatskog isklju\u010divanja i mirovanja tijekom neaktivnosti \u0161tede dodatnu energiju.<\/p>\n<p>Caract\u00e9ristiques:<\/p>\n<p>Bluetooth su\u010delje za aplikaciju Secabo Smart Transfer s vlastitom bazom podataka o prijenosu i brojnim dodatnim zna\u010dajkama<br \/>\nDigitalni regulator za temperaturu, vrijeme, prethodno pre\u0161anje, funkciju brojanja i mnoge druge zna\u010dajke<br \/>\n100% novi dizajn i nova elektronika uklj. koncept prikaza i upravljanja<br \/>\nHeat Press se automatski otvara nakon isteka vremena<br \/>\nLako podesiv kontaktni pritisak<br \/>\nPodesiva sila za otvaranje i zatvaranje pre\u0161e<br \/>\nGrija\u0107a plo\u010da s dodatnom za\u0161titnom plo\u010dom<br \/>\nModularni dizajn, kompaktne dimenzije, lagani paketi<br \/>\nPrikladno za sve uobi\u010dajene procese prijenosa<br \/>\nMo\u017ee se naknadno opremiti dodacima kao \u0161to su izmjenjive plo\u010de, klizni nastavak ili membranska plo\u010da za grijanje za jo\u0161 ve\u0107u produktivnost.<\/p>","protected":false},"excerpt":{"rendered":"<p>Integrirana grija\u0107a plo\u010da Energy Saver HP5 u srcu je ovog revolucionarnog razvoja. Uz dodatnu izolaciju, ova grija\u0107a plo\u010da zna\u010dajno smanjuje potro\u0161nju energije u stanju mirovanja. A posebno razvijeni pokrov ne samo da osigurava sigurnost i za\u0161titu od opeklina, ve\u0107 i daljnju u\u0161tedu energije.<\/p>","protected":false},"featured_media":10725,"template":"","meta":{"_seopress_robots_primary_cat":"none","_seopress_titles_title":"","_seopress_titles_desc":"","_seopress_robots_index":""},"product_brand":[],"product_cat":[486],"product_tag":[73,487,64,65],"class_list":{"0":"post-10729","1":"product","2":"type-product","3":"status-publish","4":"has-post-thumbnail","6":"product_cat-secabo","7":"product_tag-secabo","8":"product_tag-secabo-heat-press","9":"product_tag-termo-presa","10":"product_tag-termo-presa-za-majice","12":"first","13":"instock","14":"sale","15":"taxable","16":"shipping-taxable","17":"purchasable","18":"product-type-simple"},"tiered_pricing_type":"fixed","tiered_pricing_fixed_rules":[],"tiered_pricing_product_settings":{"layout":"default","base_unit_name":{"singular":null,"plural":null},"default_variation":null},"tiered_pricing_minimum_quantity":null,"tiered_pricing_roles_data":[],"tiered_pricing_percentage_rules":[],"tiered_pricing_maximum_quantity":null,"tiered_pricing_quantity_step":null,"_links":{"self":[{"href":"https:\/\/dtfprint.hr\/fr\/wp-json\/wp\/v2\/product\/10729","targetHints":{"allow":["GET"]}}],"collection":[{"href":"https:\/\/dtfprint.hr\/fr\/wp-json\/wp\/v2\/product"}],"about":[{"href":"https:\/\/dtfprint.hr\/fr\/wp-json\/wp\/v2\/types\/product"}],"wp:featuredmedia":[{"embeddable":true,"href":"https:\/\/dtfprint.hr\/fr\/wp-json\/wp\/v2\/media\/10725"}],"wp:attachment":[{"href":"https:\/\/dtfprint.hr\/fr\/wp-json\/wp\/v2\/media?parent=10729"}],"wp:term":[{"taxonomy":"product_brand","embeddable":true,"href":"https:\/\/dtfprint.hr\/fr\/wp-json\/wp\/v2\/product_brand?post=10729"},{"taxonomy":"product_cat","embeddable":true,"href":"https:\/\/dtfprint.hr\/fr\/wp-json\/wp\/v2\/product_cat?post=10729"},{"taxonomy":"product_tag","embeddable":true,"href":"https:\/\/dtfprint.hr\/fr\/wp-json\/wp\/v2\/product_tag?post=10729"}],"curies":[{"name":"wp","href":"https:\/\/api.w.org\/{rel}","templated":true}]}}