{"id":10724,"date":"2025-10-29T05:38:54","date_gmt":"2025-10-29T04:38:54","guid":{"rendered":"https:\/\/dtfprint.hr\/proizvod\/ljetni-popust-secabo-tc5-lite-modularna-termo-presa-38cm-x-38cm\/"},"modified":"2025-11-04T09:50:53","modified_gmt":"2025-11-04T08:50:53","slug":"presse-a-chaud-modulaire-secabo-tc5-lite-38-cm-x-38-cm-offre-dete","status":"publish","type":"product","link":"https:\/\/dtfprint.hr\/fr\/proizvod\/ljetni-popust-secabo-tc5-lite-modularna-termo-presa-38cm-x-38cm\/","title":{"rendered":"Offre d&#039;\u00e9t\u00e9 : Presse \u00e0 chaud modulaire Secabo TC5 LITE 38 cm x 38 cm"},"content":{"rendered":"<p>Performances optimales et grande facilit\u00e9 d&#039;utilisation avec la s\u00e9rie Secabo LITE \u2013 Avec cette nouvelle \u00e9volution de la presse \u00e0 succ\u00e8s Secabo TC5, Secabo lance sur le march\u00e9 un syst\u00e8me modulaire avantageux offrant de nombreuses possibilit\u00e9s aux utilisateurs. Une flexibilit\u00e9 accrue gr\u00e2ce \u00e0 des composants facilement rempla\u00e7ables \u2013 en bref, un produit de base avec de nombreuses options d&#039;am\u00e9lioration. Les nouveaux mod\u00e8les LITE pr\u00e9sentent ainsi l&#039;avantage de pouvoir ajouter individuellement des plaques de base ou des plaques chauffantes \u00e0 moindre co\u00fbt et de remplacer facilement les composants selon les besoins. La presse \u00e0 chaud TC5 LITE de Secabo est une presse modulaire \u00e0 ouverture automatique. L&#039;utilisateur n&#039;a pas besoin d&#039;attendre \u00e0 c\u00f4t\u00e9 de la presse pendant le transfert et peut ainsi vaquer \u00e0 d&#039;autres occupations. Une fois le temps programm\u00e9 \u00e9coul\u00e9, la presse s&#039;ouvre automatiquement et un signal sonore l&#039;annonce trois secondes \u00e0 l&#039;avance. Le processus de pressage peut \u00eatre interrompu \u00e0 tout moment par simple pression sur un bouton \u2013 par exemple pour le pr\u00e9-pressage des textiles. La temp\u00e9rature et la dur\u00e9e de pressage sont pr\u00e9r\u00e9gl\u00e9es facilement gr\u00e2ce \u00e0 la commande num\u00e9rique. La pression de contact est r\u00e9gl\u00e9e \u00e0 l&#039;aide d&#039;une grande molette situ\u00e9e sur le dessus de la plaque chauffante. La presse \u00e0 chaud TC5 LITE, avec sa surface de travail de 38 cm x 38 cm, est \u00e9quip\u00e9e d&#039;une plaque de protection suppl\u00e9mentaire sur le plateau chauffant afin de pr\u00e9venir les br\u00fblures. Enti\u00e8rement modulaire, la TC5 LITE permet le d\u00e9montage et le remontage ais\u00e9s de son unit\u00e9 de commande, de son plateau chauffant, de son plateau de base et de son ch\u00e2ssis. Cette modularit\u00e9 permet \u00e9galement l&#039;utilisation d&#039;autres plateaux chauffants. Les presses \u00e0 chaud LITE offrent tous les avantages qui rendent le transfert textile avec Secabo si pratique. Toutes les applications professionnelles des proc\u00e9d\u00e9s de transfert thermique courants, tels que le flocage, le flex, la sublimation, l&#039;impression jet d&#039;encre flex, etc., sont bien entendu possibles. La Secabo TC5 LITE peut \u00eatre \u00e9quip\u00e9e en option de plateaux interchangeables de diff\u00e9rents formats, notamment un plateau de base \u00e0 membrane, un syst\u00e8me de changement rapide et une extension coulissante pour une utilisation en presse double plateau. Vous pouvez \u00e9galement opter pour la gamme Secabo TC-SMART.<\/p>","protected":false},"excerpt":{"rendered":"<p>La presse \u00e0 chaud TC5 LITE de Secabo est une presse modulaire \u00e0 ouverture automatique. Ce syst\u00e8me modulaire offre une multitude de nouvelles possibilit\u00e9s aux utilisateurs. Sa flexibilit\u00e9 accrue est assur\u00e9e par des composants facilement rempla\u00e7ables\u00a0: en bref, un produit de base aux nombreuses options d\u2019\u00e9volution.<\/p>","protected":false},"featured_media":10715,"template":"","meta":{"_seopress_robots_primary_cat":"none","_seopress_titles_title":"","_seopress_titles_desc":"","_seopress_robots_index":""},"product_brand":[],"product_cat":[486],"product_tag":[73,487,64,65],"class_list":{"0":"post-10724","1":"product","2":"type-product","3":"status-publish","4":"has-post-thumbnail","6":"product_cat-secabo","7":"product_tag-secabo","8":"product_tag-secabo-heat-press","9":"product_tag-termo-presa","10":"product_tag-termo-presa-za-majice","12":"first","13":"instock","14":"sale","15":"taxable","16":"shipping-taxable","17":"purchasable","18":"product-type-simple"},"tiered_pricing_type":"fixed","tiered_pricing_fixed_rules":[],"tiered_pricing_product_settings":{"layout":"default","base_unit_name":{"singular":null,"plural":null},"default_variation":null},"tiered_pricing_minimum_quantity":null,"tiered_pricing_roles_data":[],"tiered_pricing_percentage_rules":[],"tiered_pricing_maximum_quantity":null,"tiered_pricing_quantity_step":null,"_links":{"self":[{"href":"https:\/\/dtfprint.hr\/fr\/wp-json\/wp\/v2\/product\/10724","targetHints":{"allow":["GET"]}}],"collection":[{"href":"https:\/\/dtfprint.hr\/fr\/wp-json\/wp\/v2\/product"}],"about":[{"href":"https:\/\/dtfprint.hr\/fr\/wp-json\/wp\/v2\/types\/product"}],"wp:featuredmedia":[{"embeddable":true,"href":"https:\/\/dtfprint.hr\/fr\/wp-json\/wp\/v2\/media\/10715"}],"wp:attachment":[{"href":"https:\/\/dtfprint.hr\/fr\/wp-json\/wp\/v2\/media?parent=10724"}],"wp:term":[{"taxonomy":"product_brand","embeddable":true,"href":"https:\/\/dtfprint.hr\/fr\/wp-json\/wp\/v2\/product_brand?post=10724"},{"taxonomy":"product_cat","embeddable":true,"href":"https:\/\/dtfprint.hr\/fr\/wp-json\/wp\/v2\/product_cat?post=10724"},{"taxonomy":"product_tag","embeddable":true,"href":"https:\/\/dtfprint.hr\/fr\/wp-json\/wp\/v2\/product_tag?post=10724"}],"curies":[{"name":"wp","href":"https:\/\/api.w.org\/{rel}","templated":true}]}}