{"id":10709,"date":"2025-10-29T05:38:46","date_gmt":"2025-10-29T04:38:46","guid":{"rendered":"https:\/\/dtfprint.hr\/proizvod\/secabo-tc7-lite-energy-saver-modularna-termo-presa-40cm-x-50cm\/"},"modified":"2025-11-04T09:50:56","modified_gmt":"2025-11-04T08:50:56","slug":"secabo-tc7-lite-energy-saver-modularna-termo-presa-40cm-x-50cm","status":"publish","type":"product","link":"https:\/\/dtfprint.hr\/fr\/proizvod\/secabo-tc7-lite-energy-saver-modularna-termo-presa-40cm-x-50cm\/","title":{"rendered":"Presse \u00e0 chaud modulaire Secabo TC7 LITE Energy Saver 40 cm x 50 cm"},"content":{"rendered":"<p>Vrhunska nadogradnja energetske u\u010dinkovitosti i prakti\u010dnosti prijenosa<\/p>\n<p>Pove\u0107ajte energetsku u\u010dinkovitost i revolucionirajte svoj rad uz Secabo TC7 LITE Energy Saver. Opremljena revolucionarnom Secabo Energy Saver HP5 grija\u0107om plo\u010dom, ova Heat Press predstavlja spoj tehnologije i odr\u017eivosti bez presedana.<\/p>\n<p>Optimalna energetska u\u010dinkovitost susre\u0107e elitne performanse:<\/p>\n<p>Integrirana grija\u0107a plo\u010da HP5 ES impresionira svojom dodatnom izolacijom koja zna\u010dajno smanjuje potro\u0161nju energije u stanju mirovanja i obe\u0107ava u\u0161tedu do 80%. Kada radi, ova grija\u0107a plo\u010da dizajnirana je za vi\u0161e od 30% u\u010dinkovitiji rad, \u0161to ne samo da vam donosi zna\u010dajne u\u0161tede energije, ve\u0107 tako\u0111er poma\u017ee smanjiti utjecaj va\u0161eg rada na okoli\u0161.<\/p>\n<p>Sigurnost usmjerena na korisnika i jednostavnost kori\u0161tenja:<\/p>\n<p>Zahvaljuju\u0107i posebno dizajniranom poklopcu, va\u0161i su zaposlenici za\u0161ti\u0107eni od potencijalnih opeklina uz dodatno smanjenje potro\u0161nje energije. Upravljanje grija\u0107om plo\u010dom bez poklopca je iznimno jednostavno. Ru\u010dni kota\u010d omogu\u0107uje vam precizno pode\u0161avanje kontaktnog pritiska tako da mo\u017eete zapo\u010deti u trenu.<\/p>\n<p>Maksimalna tro\u0161kovna u\u010dinkovitost za va\u0161e poslovanje:<\/p>\n<p>Zamislite da mo\u017eete u\u0161tedjeti do 374 EUR godi\u0161nje na tro\u0161kovima energije samo kori\u0161tenjem Secabo TC7 LITE Energy Saver za 8-satni radni dan i cijenu elektri\u010dne energije od 0,4 EUR\/kWh. To nije samo impresivna u\u0161teda tro\u0161kova, ve\u0107 i korak prema ekolo\u0161ki prihvatljivijem radu.<\/p>\n<p>Secabo TC7 LITE Energy Saver predstavlja budu\u0107nost Heat Press tehnologije. Kombinira prvoklasne performanse, energetsku u\u010dinkovitost i jednostavnost kori\u0161tenja u jednom impresivnom paketu. Vrijeme je da poduzmete sljede\u0107i korak i optimizirate svoj rad sa Secabo revolucionarnom tehnologijom. Otkrijte bezbrojne prednosti i pove\u0107ajte u\u010dinkovitost i odr\u017eivost svog poslovanja.<\/p>\n<p>Ekolo\u0161ki prihvatljiv dizajn:<\/p>\n<p>O\u010duvajte resurse odr\u017eivim dizajnom i smanjenom potro\u0161njom energije kako biste smanjili svoj utjecaj na okoli\u0161.<\/p>\n<p>Optimizirano upravljanje energijom:<\/p>\n<p>Inteligentno upravljanje energijom osigurava manju potro\u0161nju i minimiziran gubitak topline tijekom radnog vremena.<\/p>\n<p>Analiza potro\u0161nje:<\/p>\n<p>Sposobnost pra\u0107enja potro\u0161nje energije kako bi se bolje identificirale i iskoristile potencijalne u\u0161tede.<\/p>\n<p>Du\u017ei vijek trajanja:<\/p>\n<p>Smanjena potro\u0161nja energije osigurava manje tro\u0161enja i habanja, a samim time i dulji \u017eivotni vijek ure\u0111aja.<\/p>\n<p>U\u0161teda tro\u0161kova:<\/p>\n<p>Ekonomi\u010dnost u\u0161tede energije doprinosi br\u017eoj amortizaciji tro\u0161kova nabave.<\/p>\n<p>Pove\u0107ana produktivnost:<\/p>\n<p>U\u010dinkovitije upravljanje energijom omogu\u0107uje dulje vrijeme rada i stoga pove\u0107ava produktivnost.<\/p>\n<p>Smanjene emisije CO2:<\/p>\n<p>Kori\u0161tenje energetski u\u010dinkovitih tehnologija zna\u010dajno smanjuje emisije CO2, \u010dime se poma\u017ee u za\u0161titi okoli\u0161a.<\/p>\n<p>Pobolj\u0161an prijenos topline:<\/p>\n<p>Optimizirana energetska u\u010dinkovitost osigurava ravnomjerniji i precizniji prijenos topline u toplinskim pre\u0161ama.<\/p>\n<p>Zna\u010dajke Smart Energy:<\/p>\n<p>Inovativne tehnologije poput automatskog isklju\u010divanja i mirovanja tijekom neaktivnosti \u0161tede dodatnu energiju.<\/p>\n<p>Caract\u00e9ristiques:<\/p>\n<p>Termo pre\u0161a se automatski otvara nakon isteka vremena<br \/>\nDigitalni regulator temperature i vremena<br \/>\nTemperatura (maks. 250\u00b0C) i vrijeme mogu se postaviti na regulatoru pomo\u0107u tipki sa strelicama<br \/>\nModularni dizajn, komponente se lako mijenjaju<br \/>\nNadogradnja na verziju Secabo SMART mogu\u0107a u bilo kojem trenutku<br \/>\nLako podesiv kontaktni pritisak<br \/>\nVisokokvalitetna grija\u0107a plo\u010da s dodatnom za\u0161titnom plo\u010dom<br \/>\nPrikladno za sve uobi\u010dajene metode prijenosa<br \/>\nMo\u017ee se naknadno opremiti dodacima kao \u0161to su izmjenjive plo\u010de, klizni nastavak ili membranska plo\u010da za grijanje za jo\u0161 ve\u0107u produktivnost.<\/p>","protected":false},"excerpt":{"rendered":"<p>Pove\u0107ajte energetsku u\u010dinkovitost i revolucionirajte svoj rad uz Secabo TC7 LITE Energy Saver. Opremljena revolucionarnom Secabo Energy Saver HP5 grija\u0107om plo\u010dom, ova Heat Press predstavlja spoj tehnologije i odr\u017eivosti bez presedana.<\/p>","protected":false},"featured_media":10703,"template":"","meta":{"_seopress_robots_primary_cat":"none","_seopress_titles_title":"","_seopress_titles_desc":"","_seopress_robots_index":""},"product_brand":[],"product_cat":[486],"product_tag":[73,487,64,65],"class_list":{"0":"post-10709","1":"product","2":"type-product","3":"status-publish","4":"has-post-thumbnail","6":"product_cat-secabo","7":"product_tag-secabo","8":"product_tag-secabo-heat-press","9":"product_tag-termo-presa","10":"product_tag-termo-presa-za-majice","12":"first","13":"instock","14":"sale","15":"taxable","16":"shipping-taxable","17":"purchasable","18":"product-type-simple"},"tiered_pricing_type":"fixed","tiered_pricing_fixed_rules":[],"tiered_pricing_product_settings":{"layout":"default","base_unit_name":{"singular":null,"plural":null},"default_variation":null},"tiered_pricing_minimum_quantity":null,"tiered_pricing_roles_data":[],"tiered_pricing_percentage_rules":[],"tiered_pricing_maximum_quantity":null,"tiered_pricing_quantity_step":null,"_links":{"self":[{"href":"https:\/\/dtfprint.hr\/fr\/wp-json\/wp\/v2\/product\/10709","targetHints":{"allow":["GET"]}}],"collection":[{"href":"https:\/\/dtfprint.hr\/fr\/wp-json\/wp\/v2\/product"}],"about":[{"href":"https:\/\/dtfprint.hr\/fr\/wp-json\/wp\/v2\/types\/product"}],"wp:featuredmedia":[{"embeddable":true,"href":"https:\/\/dtfprint.hr\/fr\/wp-json\/wp\/v2\/media\/10703"}],"wp:attachment":[{"href":"https:\/\/dtfprint.hr\/fr\/wp-json\/wp\/v2\/media?parent=10709"}],"wp:term":[{"taxonomy":"product_brand","embeddable":true,"href":"https:\/\/dtfprint.hr\/fr\/wp-json\/wp\/v2\/product_brand?post=10709"},{"taxonomy":"product_cat","embeddable":true,"href":"https:\/\/dtfprint.hr\/fr\/wp-json\/wp\/v2\/product_cat?post=10709"},{"taxonomy":"product_tag","embeddable":true,"href":"https:\/\/dtfprint.hr\/fr\/wp-json\/wp\/v2\/product_tag?post=10709"}],"curies":[{"name":"wp","href":"https:\/\/api.w.org\/{rel}","templated":true}]}}