{"id":104,"date":"2024-09-04T02:32:26","date_gmt":"2024-09-04T00:32:26","guid":{"rendered":"https:\/\/dtfprint.hr\/shop\/?post_type=product&#038;p=104"},"modified":"2025-09-16T09:54:26","modified_gmt":"2025-09-16T07:54:26","slug":"film-de-transfert-dtf-antistatique-double-face-pelable-a-chaud-75-%c2%b5m-rouleau-de-100-m","status":"publish","type":"product","link":"https:\/\/dtfprint.hr\/fr\/proizvod\/dtf-transfer-folija-antistaticna-duplo-premazana-vruce-odljepljivanje-75%c2%b5m-100m-rola\/","title":{"rendered":"Film de transfert DTF, antistatique, double face, pelable \u00e0 chaud, 75 \u00b5m, largeur 60 cm, rouleau de 2 x 100 m"},"content":{"rendered":"<div class=\"flex-shrink-0 flex flex-col relative items-end\">\n<div>\n<div class=\"pt-0\">\n<div class=\"gizmo-bot-avatar flex h-8 w-8 items-center justify-center overflow-hidden rounded-full\">\n<div class=\"relative p-1 rounded-sm flex items-center justify-center bg-token-main-surface-primary text-token-text-primary h-8 w-8\">Le film de transfert DTF, antistatique et double face, est id\u00e9al pour r\u00e9aliser des transferts de haute qualit\u00e9 sur t-shirts. Le pack comprend deux rouleaux mats de 60 cm de large et 100 m de long, pour une \u00e9paisseur de 75 microns. Ce film stable permet un d\u00e9collement facile \u00e0 chaud de l&#039;imageur et est compatible avec les couleurs DTF et DTG. La temp\u00e9rature de pressage recommand\u00e9e est de 150 \u00b0C avec une pression moyenne, ce qui garantit une adh\u00e9rence parfaite au textile.<\/div>\n<\/div>\n<\/div>\n<\/div>\n<\/div>\n<p>2 rouleaux de 100 m\u00e8tres par colis.<\/p>\n<p>Le mod\u00e8le M75\/HP-2-DTF est un film de transfert DTF antistatique, mat sur les deux faces, avec une couche ext\u00e9rieure pour le d\u00e9collement \u00e0 chaud. Ce film est destin\u00e9 \u00e0 l&#039;impression num\u00e9rique de couleurs pigmentaires (DTG\/DTF). D&#039;une \u00e9paisseur de 75 microns, il offre une stabilit\u00e9 \u00e0 haute temp\u00e9rature et une r\u00e9sistance au d\u00e9collement moyenne. Les instructions de pressage recommandent une temp\u00e9rature de 150 \u00b0C pendant 10 secondes. Gr\u00e2ce \u00e0 ses propri\u00e9t\u00e9s antistatiques, le film est facile \u00e0 manipuler sans temps d&#039;arr\u00eat et offre une adh\u00e9rence parfaite lors du transfert sur textile, cr\u00e9ant un effet mat sur le produit final.<\/p>\n<table class=\"table table--striped\">\n<tbody>\n<tr>\n<td>Mod\u00e8le en aluminium<\/td>\n<td>Mod\u00e8le M75\/HP-2-DTF<\/td>\n<\/tr>\n<tr>\n<td width=\"30%\">Mat\u00e9riel<\/td>\n<td>Plastique\/Papier<\/td>\n<\/tr>\n<tr>\n<td width=\"30%\">Rev\u00eatement<\/td>\n<td>Mat sur les deux faces, couche ext\u00e9rieure pour le d\u00e9moulage<\/td>\n<\/tr>\n<tr>\n<td width=\"30%\">Type de couleur<\/td>\n<td>Encres pigmentaires pour imprimantes num\u00e9riques (DTG\/DTF)<\/td>\n<\/tr>\n<tr>\n<td width=\"30%\">R\u00e9sistance au pelage<\/td>\n<td>Moyen<\/td>\n<\/tr>\n<tr>\n<td width=\"30%\">Type de pelage<\/td>\n<td>Peeling \u00e0 chaud<\/td>\n<\/tr>\n<tr>\n<td width=\"30%\">Instructions de pressage<\/td>\n<td>150 \u00b0C \u2013 10 secondes<\/td>\n<\/tr>\n<tr>\n<td width=\"30%\">Page imprimable<\/td>\n<td>Externe<\/td>\n<\/tr>\n<tr>\n<td width=\"30%\">Propri\u00e9t\u00e9s<\/td>\n<td>Thermiquement stable avec des propri\u00e9t\u00e9s antistatiques<\/td>\n<\/tr>\n<tr>\n<td width=\"30%\">\u00c9paisseur<\/td>\n<td>75 microns<\/td>\n<\/tr>\n<tr>\n<td width=\"30%\">Effet<\/td>\n<td>Mat<\/td>\n<\/tr>\n<\/tbody>\n<\/table>\n<p>&nbsp;<\/p>","protected":false},"excerpt":{"rendered":"<p>Le film de transfert DTF, antistatique et double face, est id\u00e9al pour r\u00e9aliser des transferts de haute qualit\u00e9 sur t-shirts. Le pack comprend deux rouleaux mats de 60 cm de large et 100 m de long, pour une \u00e9paisseur de 75 microns. Ce film stable permet un d\u00e9collement facile \u00e0 chaud de l&#039;imageur et est compatible avec les couleurs DTF et DTG. La temp\u00e9rature de pressage recommand\u00e9e est de 150 \u00b0C avec une pression moyenne, ce qui garantit une adh\u00e9rence parfaite au textile.<\/p>","protected":false},"featured_media":168,"template":"","meta":{"_seopress_robots_primary_cat":"none","_seopress_titles_title":"","_seopress_titles_desc":"","_seopress_robots_index":""},"product_brand":[],"product_cat":[17,24],"product_tag":[19,20,18],"class_list":{"0":"post-104","1":"product","2":"type-product","3":"status-publish","4":"has-post-thumbnail","6":"product_cat-dtf-repromaterijal","7":"product_cat-dtf-folije","8":"product_tag-dtf-papir","9":"product_tag-dtf-preslikac","10":"product_tag-dtf-rola","11":"product_shipping_class-dostava-iz-poslovnice","13":"first","14":"outofstock","15":"sale","16":"taxable","17":"shipping-taxable","18":"purchasable","19":"product-type-simple"},"tiered_pricing_type":"fixed","tiered_pricing_fixed_rules":[],"tiered_pricing_product_settings":{"layout":"default","base_unit_name":{"singular":null,"plural":null},"default_variation":null},"tiered_pricing_minimum_quantity":null,"tiered_pricing_roles_data":[],"tiered_pricing_percentage_rules":[],"tiered_pricing_maximum_quantity":null,"tiered_pricing_quantity_step":null,"_links":{"self":[{"href":"https:\/\/dtfprint.hr\/fr\/wp-json\/wp\/v2\/product\/104","targetHints":{"allow":["GET"]}}],"collection":[{"href":"https:\/\/dtfprint.hr\/fr\/wp-json\/wp\/v2\/product"}],"about":[{"href":"https:\/\/dtfprint.hr\/fr\/wp-json\/wp\/v2\/types\/product"}],"wp:featuredmedia":[{"embeddable":true,"href":"https:\/\/dtfprint.hr\/fr\/wp-json\/wp\/v2\/media\/168"}],"wp:attachment":[{"href":"https:\/\/dtfprint.hr\/fr\/wp-json\/wp\/v2\/media?parent=104"}],"wp:term":[{"taxonomy":"product_brand","embeddable":true,"href":"https:\/\/dtfprint.hr\/fr\/wp-json\/wp\/v2\/product_brand?post=104"},{"taxonomy":"product_cat","embeddable":true,"href":"https:\/\/dtfprint.hr\/fr\/wp-json\/wp\/v2\/product_cat?post=104"},{"taxonomy":"product_tag","embeddable":true,"href":"https:\/\/dtfprint.hr\/fr\/wp-json\/wp\/v2\/product_tag?post=104"}],"curies":[{"name":"wp","href":"https:\/\/api.w.org\/{rel}","templated":true}]}}