{"id":1028,"date":"2024-11-10T14:34:08","date_gmt":"2024-11-10T13:34:08","guid":{"rendered":"https:\/\/dtfprint.hr\/proizvod\/gildan-gi64000-softstyle-majica-kratkih-rukava-za-odrasle\/"},"modified":"2026-04-09T12:31:53","modified_gmt":"2026-04-09T10:31:53","slug":"gildan-gi64000-softstyle-majica-kratkih-rukava-za-odrasle","status":"publish","type":"product","link":"https:\/\/dtfprint.hr\/fr\/proizvod\/gildan-gi64000-softstyle-majica-kratkih-rukava-za-odrasle\/","title":{"rendered":"T-SHIRT \u00c0 MANCHES COURTES POUR ADULTE SOFTSTYLE GI64000 de Gildan"},"content":{"rendered":"<p>Proizvo\u0111a\u010d: Gildan<\/p>\n<p>Sastav: 100% Pamuk<\/p>\n<p>Odr\u017eavanje: <img decoding=\"async\" src=\"https:\/\/images.promotekstil.hr\/other-images\/care-labels\/mw_30c.jpg\" style=\"height: 20px;margin-right: 5px\" alt=\"Normal agitation at 30 \u00b0C\" title=\"Normal agitation at 30 \u00b0C\" \/><img decoding=\"async\" src=\"https:\/\/images.promotekstil.hr\/other-images\/care-labels\/td_nor_l.jpg\" style=\"height: 20px;margin-right: 5px\" alt=\"Normalno su\u0161enje u su\u0161ilici na niskoj temperaturi\" title=\"Normalno su\u0161enje u su\u0161ilici na niskoj temperaturi\" \/><img decoding=\"async\" src=\"https:\/\/images.promotekstil.hr\/other-images\/care-labels\/ir_dontt.jpg\" style=\"height: 20px;margin-right: 5px\" alt=\"Ne peglati\" title=\"Ne peglati\" \/><img decoding=\"async\" src=\"https:\/\/images.promotekstil.hr\/other-images\/care-labels\/dc_donot.jpg\" style=\"height: 20px;margin-right: 5px\" alt=\"Ne \u010distiti kemijski\" title=\"Ne \u010distiti kemijski\" \/><img decoding=\"async\" src=\"https:\/\/images.promotekstil.hr\/other-images\/care-labels\/b_nonchl.jpg\" style=\"height: 20px;margin-right: 5px\" alt=\"Izbjeljiva\u010d bez klora kada je to potrebno\" title=\"Izbjeljiva\u010d bez klora kada je to potrebno\" \/><\/p>\n<p>Izrez i ostale specifikacije: Kratki rukav; Okrugli izrez; Cjevast<\/p>\n<p><img decoding=\"async\" src=\"https:\/\/images.promotekstil.hr\/brands-logo\/gildan.png\" alt=\"Gildan\" \/><\/p>\n<p>Caract\u00e9ristiques:<\/p>\n<p>153.0 G\/SqM (White 144.0 G\/SqM)<br \/>\n100% Ring Spun Cotton<br \/>\nIn transition to 100% Combed Ring Spun Cotton<br \/>\nCotton\/polyester mix for several colors<br \/>\nEurofit &#8211; sleeker fit in shoulder and sleeve<br \/>\nSemi-fitted<br \/>\nHigh stitch density for smoother printing surface<br \/>\nTaped neck and shoulders<br \/>\nTearaway label<br \/>\nRolled forward shoulder<br \/>\nTwin needle sleeve and bottom hems<br \/>\nQuarter-turned to eliminate center crease<br \/>\nNeck rib changes from twin needle to no topstich and neck rib height 1.9 to 1.6 cm<br \/>\nOur stock is mixed<\/p>\n<p><img decoding=\"async\" src=\"https:\/\/images.promotekstil.hr\/other-images\/specimages\/5gozfr_tshirt.png\" \/><\/p>\n<table class=\"size_table\">\n<tbody>\n<tr>\n<td><\/td>\n<td>XS<\/td>\n<td>S<\/td>\n<td>M<\/td>\n<td>L<\/td>\n<td>XL<\/td>\n<td>2XL<\/td>\n<td>3XL<\/td>\n<td>4XL<\/td>\n<td>5XL<\/td>\n<\/tr>\n<tr>\n<td>Duljina tijela (A)<\/td>\n<td>0<\/td>\n<td>71<\/td>\n<td>74<\/td>\n<td>77<\/td>\n<td>79<\/td>\n<td>83<\/td>\n<td>85<\/td>\n<td>88<\/td>\n<td>0<\/td>\n<\/tr>\n<tr>\n<td>\u0160irina prsa (B)<\/td>\n<td>0<\/td>\n<td>46<\/td>\n<td>51<\/td>\n<td>56<\/td>\n<td>61<\/td>\n<td>66<\/td>\n<td>71<\/td>\n<td>76<\/td>\n<td>0<\/td>\n<\/tr>\n<tr>\n<td>Sredi\u0161nja duljina rukava (C)<\/td>\n<td>0<\/td>\n<td>40<\/td>\n<td>43<\/td>\n<td>46<\/td>\n<td>50<\/td>\n<td>53<\/td>\n<td>56<\/td>\n<td>58<\/td>\n<td>0<\/td>\n<\/tr>\n<\/tbody>\n<\/table>\n<p>&nbsp;<\/p>","protected":false},"excerpt":{"rendered":"<p>SOFTSTYLE\u00ae MAJICA KRATKIH RUKAVA ZA ODRASLE<\/p>","protected":false},"featured_media":0,"template":"","meta":{"_seopress_robots_primary_cat":"","_seopress_titles_title":"","_seopress_titles_desc":"","_seopress_robots_index":""},"product_brand":[],"product_cat":[303,304,301],"product_tag":[322,315,319],"class_list":{"0":"post-1028","1":"product","2":"type-product","3":"status-publish","5":"product_cat-gildan","6":"product_cat-majica","7":"product_cat-unisex-odjeca","8":"product_tag-gi64000","9":"product_tag-gildan","10":"product_tag-majica","11":"product_shipping_class-dvije-dostave","13":"first","14":"instock","15":"taxable","16":"shipping-taxable","17":"purchasable","18":"product-type-variable"},"tiered_pricing_type":"fixed","tiered_pricing_fixed_rules":[],"tiered_pricing_product_settings":{"layout":"default","base_unit_name":{"singular":null,"plural":null},"default_variation":null},"tiered_pricing_minimum_quantity":null,"tiered_pricing_roles_data":[],"tiered_pricing_percentage_rules":[],"tiered_pricing_maximum_quantity":null,"tiered_pricing_quantity_step":null,"_links":{"self":[{"href":"https:\/\/dtfprint.hr\/fr\/wp-json\/wp\/v2\/product\/1028","targetHints":{"allow":["GET"]}}],"collection":[{"href":"https:\/\/dtfprint.hr\/fr\/wp-json\/wp\/v2\/product"}],"about":[{"href":"https:\/\/dtfprint.hr\/fr\/wp-json\/wp\/v2\/types\/product"}],"wp:attachment":[{"href":"https:\/\/dtfprint.hr\/fr\/wp-json\/wp\/v2\/media?parent=1028"}],"wp:term":[{"taxonomy":"product_brand","embeddable":true,"href":"https:\/\/dtfprint.hr\/fr\/wp-json\/wp\/v2\/product_brand?post=1028"},{"taxonomy":"product_cat","embeddable":true,"href":"https:\/\/dtfprint.hr\/fr\/wp-json\/wp\/v2\/product_cat?post=1028"},{"taxonomy":"product_tag","embeddable":true,"href":"https:\/\/dtfprint.hr\/fr\/wp-json\/wp\/v2\/product_tag?post=1028"}],"curies":[{"name":"wp","href":"https:\/\/api.w.org\/{rel}","templated":true}]}}