{"id":10171,"date":"2025-10-24T22:49:57","date_gmt":"2025-10-24T20:49:57","guid":{"rendered":"https:\/\/dtfprint.hr\/?post_type=product&#038;p=10171"},"modified":"2025-10-24T23:26:12","modified_gmt":"2025-10-24T21:26:12","slug":"film-de-transfert-dtf-instantane-a-pelage-a-chaud-double-couche-mat-60-cm-100-m","status":"publish","type":"product","link":"https:\/\/dtfprint.hr\/fr\/proizvod\/dtfprint-dtf-transfer-film-instant-hot-peel-duplo-premazan-mat-60cm-100m\/","title":{"rendered":"Film de transfert DTF DTFPrint\u00ae \u2013 D\u00e9collage instantan\u00e9 \u00e0 chaud, double couche, mat, 60 cm, 100 m"},"content":{"rendered":"<h3>Avantages<\/h3>\n<ul>\n<li>Film DTF \u00e0 pelage instantan\u00e9 \u00e0 chaud \u2014 pelage instantan\u00e9 \u00e0 chaud<\/li>\n<li>Double rev\u00eatement pour une meilleure adh\u00e9rence et une meilleure reproduction des couleurs<\/li>\n<li>Finition mate<\/li>\n<li>Produit selon les sp\u00e9cifications DTFPrint.hr \u2014 qualit\u00e9 constante et fiable<\/li>\n<li>Compatible avec toutes les imprimantes \u00e0 jet d&#039;encre DTF et les encres pigment\u00e9es DTF<\/li>\n<li>DTFprint.hr est un choix dans notre production d&#039;impression par transfert<\/li>\n<li>Rouleau de 100 m, largeur 60 cm<\/li>\n<\/ul>\n<p><!-- Specification table --><\/p>\n<h3>Sp\u00e9cification<\/h3>\n<table class=\"specs\" cellspacing=\"0\" cellpadding=\"6\">\n<tbody>\n<tr>\n<th align=\"left\">Type de produit<\/th>\n<td>Film de transfert DTF (rouleau)<\/td>\n<\/tr>\n<tr>\n<th align=\"left\">Surface<\/th>\n<td>Mat<\/td>\n<\/tr>\n<tr>\n<th align=\"left\">Rev\u00eatement<\/th>\n<td>Double rev\u00eatement<\/td>\n<\/tr>\n<tr>\n<th align=\"left\">Type de t\u00e9l\u00e9chargement<\/th>\n<td>Peeling instantan\u00e9 \u00e0 chaud<\/td>\n<\/tr>\n<tr>\n<th align=\"left\">Compatibilit\u00e9<\/th>\n<td>Toutes les imprimantes \u00e0 jet d&#039;encre DTF et encres pigment\u00e9es DTF<\/td>\n<\/tr>\n<tr>\n<th align=\"left\">\u00c9paisseur du film<\/th>\n<td>75 \u00b5m \u00b15 \u00b5m<\/td>\n<\/tr>\n<tr>\n<th align=\"left\">Largeur du rouleau<\/th>\n<td>60 cm<\/td>\n<\/tr>\n<tr>\n<th align=\"left\">Longueur du rouleau<\/th>\n<td>100 m\u00e8tres<\/td>\n<\/tr>\n<tr>\n<th align=\"left\">Couleur du film<\/th>\n<td>Blanc transparent (finition mate)<\/td>\n<\/tr>\n<tr>\n<th align=\"left\">Temp\u00e9rature de pressage recommand\u00e9e<\/th>\n<td>150\u2013160 \u00b0C<\/td>\n<\/tr>\n<tr>\n<th align=\"left\">Temps de pressage<\/th>\n<td>10 \u00e0 15 secondes<\/td>\n<\/tr>\n<tr>\n<th align=\"left\">Pression<\/th>\n<td>Moyen (3\u20134 bars)<\/td>\n<\/tr>\n<tr>\n<th align=\"left\">Fabriqu\u00e9 selon les sp\u00e9cifications<\/th>\n<td>DTFPrint.hr<\/td>\n<\/tr>\n<\/tbody>\n<\/table>\n<p><!-- SKU and product meta --><\/p>\n<p><!-- Call-to-action \/ notes --><\/p>\n<p><!-- Simple CSS to improve display in product page (optional) --><\/p>","protected":false},"excerpt":{"rendered":"<p class=\"short-description\"><strong>Rouleau de film de transfert DTF professionnel <\/strong>avec double rev\u00eatement et finition mate. Retrait instantan\u00e9 \u00e0 chaud pour une production rapide de copies de haute qualit\u00e9, produit par <em>DTFPrint.hr<\/em> sp\u00e9cification.<\/p>","protected":false},"featured_media":10175,"template":"","meta":{"_seopress_robots_primary_cat":"none","_seopress_titles_title":"","_seopress_titles_desc":"","_seopress_robots_index":""},"product_brand":[],"product_cat":[17,24],"product_tag":[484,467,19,20,18,483],"class_list":{"0":"post-10171","1":"product","2":"type-product","3":"status-publish","4":"has-post-thumbnail","6":"product_cat-dtf-repromaterijal","7":"product_cat-dtf-folije","8":"product_tag-dtf-foil","9":"product_tag-dtf-folija","10":"product_tag-dtf-papir","11":"product_tag-dtf-preslikac","12":"product_tag-dtf-rola","13":"product_tag-dtf-roll","14":"product_shipping_class-dostava-iz-poslovnice","16":"first","17":"instock","18":"taxable","19":"shipping-taxable","20":"purchasable","21":"product-type-simple"},"tiered_pricing_type":"fixed","tiered_pricing_fixed_rules":{"10":69.9,"20":64.9,"50":59.9},"tiered_pricing_product_settings":{"layout":"default","base_unit_name":{"singular":null,"plural":null},"default_variation":null},"tiered_pricing_minimum_quantity":null,"tiered_pricing_roles_data":[],"tiered_pricing_percentage_rules":[],"tiered_pricing_maximum_quantity":null,"tiered_pricing_quantity_step":null,"_links":{"self":[{"href":"https:\/\/dtfprint.hr\/fr\/wp-json\/wp\/v2\/product\/10171","targetHints":{"allow":["GET"]}}],"collection":[{"href":"https:\/\/dtfprint.hr\/fr\/wp-json\/wp\/v2\/product"}],"about":[{"href":"https:\/\/dtfprint.hr\/fr\/wp-json\/wp\/v2\/types\/product"}],"wp:featuredmedia":[{"embeddable":true,"href":"https:\/\/dtfprint.hr\/fr\/wp-json\/wp\/v2\/media\/10175"}],"wp:attachment":[{"href":"https:\/\/dtfprint.hr\/fr\/wp-json\/wp\/v2\/media?parent=10171"}],"wp:term":[{"taxonomy":"product_brand","embeddable":true,"href":"https:\/\/dtfprint.hr\/fr\/wp-json\/wp\/v2\/product_brand?post=10171"},{"taxonomy":"product_cat","embeddable":true,"href":"https:\/\/dtfprint.hr\/fr\/wp-json\/wp\/v2\/product_cat?post=10171"},{"taxonomy":"product_tag","embeddable":true,"href":"https:\/\/dtfprint.hr\/fr\/wp-json\/wp\/v2\/product_tag?post=10171"}],"curies":[{"name":"wp","href":"https:\/\/api.w.org\/{rel}","templated":true}]}}