{"id":1014,"date":"2024-11-10T00:06:22","date_gmt":"2024-11-09T23:06:22","guid":{"rendered":"https:\/\/dtfprint.hr\/?post_type=product&#038;p=1014"},"modified":"2024-11-13T22:54:34","modified_gmt":"2024-11-13T21:54:34","slug":"presse-a-chaud-automatique-stahls-hotronix-pour-t-shirts-plaque-40-x-50-cm-1-750-w","status":"publish","type":"product","link":"https:\/\/dtfprint.hr\/fr\/proizvod\/stahls-hotronix-auto-open-termo-presa-za-majice-ploca-40x50cm-1750w\/","title":{"rendered":"Presse \u00e0 chaud pour t-shirts Stahls Hotronix\u00ae Auto Open, plaque 40 x 50 cm, 1\u00a0750 W"},"content":{"rendered":"<p><strong>Presse \u00e0 chaud pour t-shirts Stahls Hotronix\u00ae Auto Open<\/strong> \u2013 Presse \u00e0 chaud professionnelle de 40 x 50 cm avec ouverture automatique et commande num\u00e9rique. Dot\u00e9e d&#039;une fermeture magn\u00e9tique innovante, elle est facile \u00e0 utiliser et id\u00e9ale pour des impressions de haute qualit\u00e9.<\/p>\n<p><strong>Presse \u00e0 chaud pour t-shirts Stahls Hotronix\u00ae Auto Open, 40 \u00d7 50 cm, 1\u00a0750 W<\/strong> Offre une technologie innovante pour une impression textile pr\u00e9cise et facile. Cette presse \u00e0 chaud est dot\u00e9e d&#039;un syst\u00e8me de d\u00e9clenchement automatique sans compresseur, pour une utilisation rapide et pratique, tandis que la fermeture magn\u00e9tique assure une pression uniforme sans effort suppl\u00e9mentaire. Les syst\u00e8mes de contr\u00f4le num\u00e9rique du temps et de la temp\u00e9rature offrent une pr\u00e9cision optimale, avec une option de double temporisation pour les applications plus complexes. Son design compact et compact permet de multiples configurations de machine et une production maximale.<\/p>\n<h3>Sp\u00e9cifications du produit<\/h3>\n<ul>\n<li><strong>Fermeture magn\u00e9tique brevet\u00e9e<\/strong> avec d\u00e9clenchement automatique<\/li>\n<li><strong>Affichage num\u00e9rique de l&#039;heure et de la temp\u00e9rature<\/strong> avec une pr\u00e9cision au degr\u00e9 pr\u00e8s<\/li>\n<li><strong>Compte \u00e0 rebours en deux phases<\/strong> pour les applications complexes, avec un temps maximum de 999 secondes<\/li>\n<li><strong>\u00c9paisseur de la plaque sup\u00e9rieure<\/strong> 2 cm avec rev\u00eatement antiadh\u00e9sif<\/li>\n<li><strong>R\u00e9gulation de pression brevet\u00e9e par le milieu<\/strong> pour une pression uniforme<\/li>\n<li><strong>Compatible avec diff\u00e9rentes plaques de fond<\/strong> pour des applications personnalis\u00e9es<\/li>\n<li><strong>Large ouverture<\/strong> pour un placement facile des v\u00eatements et un positionnement de transfert<\/li>\n<li><strong>Certificats \u00e9cologiques<\/strong>: UL\/ULC\/CE\/RoHS<\/li>\n<\/ul>\n<h3>Caract\u00e9ristiques techniques<\/h3>\n<ul>\n<li><strong>Dimensions de la plaque chauffante<\/strong>: 40\u00d750 cm<\/li>\n<li><strong>Forcer<\/strong>: 1750W<\/li>\n<li><strong>Tension<\/strong>: 220 V<\/li>\n<li><strong>Poids<\/strong>: 44 kg<\/li>\n<li><strong>Dimensions<\/strong> (pour l&#039;exp\u00e9dition) : 89 cm (L) x 62 cm (l) x 52 cm (H)<\/li>\n<\/ul>\n<h3>Garantie<\/h3>\n<ul>\n<li><strong>30 ans<\/strong> sur l&#039;\u00e9l\u00e9ment chauffant<\/li>\n<li><strong>5 ans<\/strong> sur le cadre<\/li>\n<li><strong>2 ans<\/strong> sur la carte \u00e9lectronique<\/li>\n<li><strong>1 an<\/strong> pour les pi\u00e8ces et la main d&#039;\u0153uvre<\/li>\n<\/ul>","protected":false},"excerpt":{"rendered":"<p><strong>Presse \u00e0 chaud pour t-shirts Stahls Hotronix\u00ae Auto Open<\/strong> \u2013 Presse \u00e0 chaud professionnelle de 40 x 50 cm avec ouverture automatique et commande num\u00e9rique. Dot\u00e9e d&#039;une fermeture magn\u00e9tique innovante, elle est facile \u00e0 utiliser et id\u00e9ale pour des impressions de haute qualit\u00e9.<\/p>","protected":false},"featured_media":1015,"template":"","meta":{"_seopress_robots_primary_cat":"none","_seopress_titles_title":"","_seopress_titles_desc":"","_seopress_robots_index":""},"product_brand":[],"product_cat":[89,61],"product_tag":[382,90,86,64,65],"class_list":{"0":"post-1014","1":"product","2":"type-product","3":"status-publish","4":"has-post-thumbnail","6":"product_cat-stahls","7":"product_cat-termo-prese","8":"product_tag-auto-open","9":"product_tag-hotronix","10":"product_tag-stahls","11":"product_tag-termo-presa","12":"product_tag-termo-presa-za-majice","13":"product_shipping_class-teza-dostava","15":"first","16":"onbackorder","17":"sale","18":"taxable","19":"shipping-taxable","20":"purchasable","21":"product-type-simple"},"tiered_pricing_type":"fixed","tiered_pricing_fixed_rules":[],"tiered_pricing_product_settings":{"layout":"default","base_unit_name":{"singular":null,"plural":null},"default_variation":null},"tiered_pricing_minimum_quantity":null,"tiered_pricing_roles_data":[],"tiered_pricing_percentage_rules":[],"tiered_pricing_maximum_quantity":null,"tiered_pricing_quantity_step":null,"_links":{"self":[{"href":"https:\/\/dtfprint.hr\/fr\/wp-json\/wp\/v2\/product\/1014","targetHints":{"allow":["GET"]}}],"collection":[{"href":"https:\/\/dtfprint.hr\/fr\/wp-json\/wp\/v2\/product"}],"about":[{"href":"https:\/\/dtfprint.hr\/fr\/wp-json\/wp\/v2\/types\/product"}],"wp:featuredmedia":[{"embeddable":true,"href":"https:\/\/dtfprint.hr\/fr\/wp-json\/wp\/v2\/media\/1015"}],"wp:attachment":[{"href":"https:\/\/dtfprint.hr\/fr\/wp-json\/wp\/v2\/media?parent=1014"}],"wp:term":[{"taxonomy":"product_brand","embeddable":true,"href":"https:\/\/dtfprint.hr\/fr\/wp-json\/wp\/v2\/product_brand?post=1014"},{"taxonomy":"product_cat","embeddable":true,"href":"https:\/\/dtfprint.hr\/fr\/wp-json\/wp\/v2\/product_cat?post=1014"},{"taxonomy":"product_tag","embeddable":true,"href":"https:\/\/dtfprint.hr\/fr\/wp-json\/wp\/v2\/product_tag?post=1014"}],"curies":[{"name":"wp","href":"https:\/\/api.w.org\/{rel}","templated":true}]}}