{"id":8902,"date":"2024-11-29T01:50:13","date_gmt":"2024-11-29T00:50:13","guid":{"rendered":"https:\/\/dtfprint.hr\/?page_id=8902"},"modified":"2024-11-29T01:52:54","modified_gmt":"2024-11-29T00:52:54","slug":"zaposljavamo-otvorene-pozicije-za-posao","status":"publish","type":"page","link":"https:\/\/dtfprint.hr\/fr\/zaposljavamo-otvorene-pozicije-za-posao\/","title":{"rendered":"Zapo\u0161ljavamo &#8211; Otvorene pozicije za posao"},"content":{"rendered":"<section class=\"bde-section-8902-100 bde-section\">\n  \n  \n\t\n\n\n\n<div class=\"section-container\"><div class=\"bde-text-8902-101 bde-text\">\n\n<\/div><div class=\"bde-columns-8902-102 bde-columns\"><div class=\"bde-column-8902-103 bde-column\">\n  \n  \n\t\n\n\n\n<img decoding=\"async\" class=\"bde-image2-8902-104 bde-image2\" src=\"https:\/\/promotekstil.hr\/wp-content\/uploads\/2024\/11\/posao_ikona.svg\" loading=\"lazy\" sizes=\"(max-width: 500px) 100vw, 500px\">\n<\/div><div class=\"bde-column-8902-105 bde-column\">\n  \n  \n\t\n\n\n\n<h1 class=\"bde-heading-8902-106 bde-heading\">\nPridru\u017eite se na\u0161em timu!<br>\n<\/h1><div class=\"bde-text-8902-107 bde-text\">\nTra\u017eite dinami\u010dan posao u kreativnom i brzorastu\u0107em okru\u017eenju? Na\u0161a tvrtka, specijalizirana za distribuciju promotivnih tekstilnih proizvoda, grafi\u010dku pripremu i brendiranje, tra\u017ei nove \u010dlanove tima! Ako vas zanima rad u tiskarskoj industriji i \u017eelite usavr\u0161iti svoje vje\u0161tine u modernim tehnikama printanja, ovo je prava prilika za vas.\n<\/div>\n<\/div><\/div><\/div>\n<\/section><section class=\"bde-section-8902-108 bde-section\">\n  \n  \n\t\n\n\n\n<div class=\"section-container\"><div class=\"bde-columns-8902-109 bde-columns\"><div class=\"bde-column-8902-110 bde-column\">\n  \n  \n\t\n\n\n\n<div class=\"bde-div-8902-111 bde-div\">\n  \n  \n\t\n\n\n\n<h3 class=\"bde-heading-8902-112 bde-heading\">\n1. Otvorena pozicija: Djelatnik u tiskari\n<\/h3>\n<\/div><div class=\"bde-rich-text-8902-113 bde-rich-text breakdance-rich-text-styles\">\n<p><strong>Mjesto rada:<\/strong> Na\u0161a tiskara na adresi Josipa Lenca Spodol\u010deva 5, Rijeka<br \/><strong>Tip posla:<\/strong> Puno radno vrijeme<\/p><hr \/><h4><strong>Opis posla<\/strong><\/h4><p>Kao dio na\u0161eg tima, bit \u0107ete uklju\u010deni u raznovrsne aktivnosti koje obuhva\u0107aju cijeli proces brendiranja tekstilnih proizvoda:<\/p><ul><li><strong>Priprema za tisak<\/strong> \u2013 postavljanje i pode\u0161avanje dizajna za razli\u010dite vrste tiska.<\/li><li><strong>Tiskanje<\/strong> \u2013 rad na modernim tiskarskim strojevima.<\/li><li><strong>Rad na termo pre\u0161i (pre\u0161anje)<\/strong> \u2013 zavr\u0161ni korak u procesu personalizacije tekstilnih proizvoda.<\/li><li><strong>Sitotisak<\/strong> \u2013 precizno i kreativno nano\u0161enje dizajna na tekstil.<\/li><li><strong>Rad na DTF printeru<\/strong> \u2013 upravljanje ure\u0111ajem za direktni tisak preslika\u010da na foliju.<\/li><li><strong>Komunikacija s klijentima<\/strong> \u2013 pru\u017eanje podr\u0161ke i savjetovanje u vezi s dizajnom i tehnikama tiska.<\/li><\/ul><hr \/><h4><strong>\u0160to tra\u017eimo od kandidata?<\/strong><\/h4><ul><li>Minimalno <strong>srednja stru\u010dna sprema<\/strong>.<\/li><li>Voza\u010dka dozvola <strong>B kategorije<\/strong>.<\/li><li><strong>\u017delja za u\u010denjem<\/strong> rada u programima CorelDraw i Adobe Illustrator.<\/li><li>Organiziranost, preciznost i sposobnost timskog rada.<\/li><li>Iskustvo u tiskarstvu je prednost, ali nije uvjet.<\/li><\/ul><hr \/><h4><strong>\u0160to nudimo?<\/strong><\/h4><ul><li>Rad u poticajnom i modernom okru\u017eenju.<\/li><li>Mogu\u0107nost usavr\u0161avanja i stjecanja novih znanja i vje\u0161tina.<\/li><li>Stabilno zaposlenje s prilikama za napredovanje.<\/li><li>Konkurentnu pla\u0107u i povoljne uvjete rada.<\/li><\/ul><hr \/><h3><strong>Kako se prijaviti?<\/strong><\/h3><p>Ako \u017eelite postati dio na\u0161eg tima, po\u0161aljite svoj \u017eivotopis i motivacijsko pismo na na\u0161 e-mail: info@dtfprint.hr<\/p>\n<\/div>\n<\/div><div class=\"bde-column-8902-114 bde-column\">\n  \n  \n\t\n\n\n\n<h3 class=\"bde-heading-8902-115 bde-heading\">\n2. Vi\u0161e otvorenih pozicija: Studentska pomo\u0107 u tiskari\n<\/h3><div class=\"bde-rich-text-8902-116 bde-rich-text breakdance-rich-text-styles\">\n<p><strong>Mjesto rada:<\/strong> Na\u0161a tiskara na adresi Josipa Lenca Spodol\u010deva 5, Rijeka<br \/><strong>Tip posla:<\/strong> Radno vrijeme po dogovoru<br \/><strong>Lokacija rada:<\/strong> Na\u0161 moderni proizvodni pogon<br \/><strong>Trajanje:<\/strong> 4. i 5. mjesec 2025.<br \/><strong>Radno vrijeme:<\/strong> Fleksibilno, prilago\u0111eno studentskim obavezama<\/p><hr \/><p>Tra\u017eite fleksibilan i dinami\u010dan studentski posao? Na\u0161a tvrtka, koja se bavi distribucijom promotivnih tekstilnih proizvoda, grafi\u010dkom pripremom, brendiranjem i tiskom na tekstil, otvara nekoliko pozicija za studente u periodu <strong>travanj \u2013 svibanj 2025.<\/strong> Ako \u017eelite ste\u0107i prakti\u010dno iskustvo i nau\u010diti ne\u0161to novo, ovo je prava prilika za vas!<\/p><hr \/><h4><strong>\u0160to \u0107ete raditi?<\/strong><\/h4><ul><li><strong>Priprema za tisak<\/strong> \u2013 pomaganje u postavljanju i pripremi materijala za tisak.<\/li><li><strong>Tiskanje i rad na strojevima<\/strong> \u2013 podr\u0161ka u realizaciji tiska na promotivne tekstilne proizvode.<\/li><li><strong>Rad na termo pre\u0161i<\/strong> \u2013 zavr\u0161na obrada proizvoda putem pre\u0161anja.<\/li><li><strong>Sitotisak i DTF tisak<\/strong> \u2013 asistencija u razli\u010ditim tehnikama personalizacije tekstila.<\/li><li><strong>Komunikacija s timom i klijentima<\/strong> \u2013 pomo\u0107 u koordinaciji narud\u017ebi i isporuka.<\/li><\/ul><hr \/><h4><strong>\u0160to tra\u017eimo od vas?<\/strong><\/h4><ul><li>Status redovnog studenta.<\/li><li>Minimalno 18 godina starosti.<\/li><li>Sposobnost za timski rad i spremnost na u\u010denje novih vje\u0161tina.<\/li><li>Voza\u010dka dozvola B kategorije je prednost, ali nije uvjet.<\/li><\/ul><hr \/><h4><strong>\u0160to nudimo?<\/strong><\/h4><ul><li>Fleksibilno radno vrijeme prilago\u0111eno va\u0161im obavezama na fakultetu.<\/li><li>Priliku za stjecanje prakti\u010dnog iskustva u tiskarskoj industriji.<\/li><li>Prijateljsko radno okru\u017eenje i podr\u0161ku iskusnog tima.<\/li><li>Satnicu prilago\u0111enu studentskom radu i dodatne bonuse za uspje\u0161nost. <strong>Satnice: 4.70\u20ac\/h Nedjeljom 6.70\u20ac\/h<\/strong><\/li><\/ul><h3><strong>Kako se prijaviti?<\/strong><\/h3><p>Ako \u017eelite postati dio na\u0161eg tima, po\u0161aljite nam va\u0161e podatke i upit na info@dtfprint.hr, tako\u0111er pratite na\u0161e oglase na Student Servisu Rijeka.<\/p>\n<\/div>\n<\/div><\/div><\/div>\n<\/section>","protected":false},"excerpt":{"rendered":"<p>Pridru\u017eite se na\u0161em timu! Tra\u017eite dinami\u010dan posao u kreativnom i brzorastu\u0107em okru\u017eenju? Na\u0161a tvrtka, specijalizirana za distribuciju promotivnih tekstilnih proizvoda, grafi\u010dku pripremu i brendiranje, tra\u017ei nove \u010dlanove tima! Ako vas zanima rad u tiskarskoj industriji i \u017eelite usavr\u0161iti svoje vje\u0161tine u modernim tehnikama printanja, ovo je prava prilika za vas. 1. Otvorena pozicija: Djelatnik u [&hellip;]<\/p>\n","protected":false},"author":1,"featured_media":8905,"parent":0,"menu_order":0,"comment_status":"closed","ping_status":"closed","template":"","meta":{"_seopress_robots_primary_cat":"","_seopress_titles_title":"","_seopress_titles_desc":"","_seopress_robots_index":"","_breakdance_hide_in_design_set":false,"_breakdance_tags":"","footnotes":""},"class_list":["post-8902","page","type-page","status-publish","has-post-thumbnail","hentry"],"_links":{"self":[{"href":"https:\/\/dtfprint.hr\/fr\/wp-json\/wp\/v2\/pages\/8902","targetHints":{"allow":["GET"]}}],"collection":[{"href":"https:\/\/dtfprint.hr\/fr\/wp-json\/wp\/v2\/pages"}],"about":[{"href":"https:\/\/dtfprint.hr\/fr\/wp-json\/wp\/v2\/types\/page"}],"author":[{"embeddable":true,"href":"https:\/\/dtfprint.hr\/fr\/wp-json\/wp\/v2\/users\/1"}],"replies":[{"embeddable":true,"href":"https:\/\/dtfprint.hr\/fr\/wp-json\/wp\/v2\/comments?post=8902"}],"version-history":[{"count":2,"href":"https:\/\/dtfprint.hr\/fr\/wp-json\/wp\/v2\/pages\/8902\/revisions"}],"predecessor-version":[{"id":8907,"href":"https:\/\/dtfprint.hr\/fr\/wp-json\/wp\/v2\/pages\/8902\/revisions\/8907"}],"wp:featuredmedia":[{"embeddable":true,"href":"https:\/\/dtfprint.hr\/fr\/wp-json\/wp\/v2\/media\/8905"}],"wp:attachment":[{"href":"https:\/\/dtfprint.hr\/fr\/wp-json\/wp\/v2\/media?parent=8902"}],"curies":[{"name":"wp","href":"https:\/\/api.w.org\/{rel}","templated":true}]}}