{"id":855,"date":"2024-10-25T01:43:22","date_gmt":"2024-10-24T23:43:22","guid":{"rendered":"https:\/\/dtfprint.hr\/?page_id=855"},"modified":"2024-10-28T03:29:21","modified_gmt":"2024-10-28T02:29:21","slug":"ou-acheter-des-transferts-pour-t-shirts","status":"publish","type":"page","link":"https:\/\/dtfprint.hr\/fr\/gdje-kupiti-preslikace-za-majice\/","title":{"rendered":"O\u00f9 acheter des transferts pour T-shirts ?"},"content":{"rendered":"<section class=\"bde-section-855-127 bde-section\">\n  \n  \n\t\n\n\n\n<div class=\"section-container\"><h1 class=\"bde-heading-855-101 bde-heading\">\nO\u00f9 acheter des transferts pour T-shirts ?\n<\/h1><div class=\"bde-div-855-137 bde-div\">\n  \n  \n\t\n\n\n\n<div class=\"bde-div-855-138 bde-div\">\n  \n  \n\t\n\n\n\n<div class=\"bde-icon-855-139 bde-icon\">\n\n    \n            <div class=\"bde-icon-icon breakdance-icon-atom\" >\n    \n                    <svg xmlns=\"http:\/\/www.w3.org\/2000\/svg\" viewbox=\"0 0 496 512\"><!-- Font Awesome Free 5.15.1 by @fontawesome - https:\/\/fontawesome.com License - https:\/\/fontawesome.com\/license\/free (Icons: CC BY 4.0, Fonts: SIL OFL 1.1, Code: MIT License) --><path d=\"M248 8C111 8 0 119 0 256s111 248 248 248 248-111 248-248S385 8 248 8zm0 96c48.6 0 88 39.4 88 88s-39.4 88-88 88-88-39.4-88-88 39.4-88 88-88zm0 344c-58.7 0-111.3-26.6-146.5-68.2 18.8-35.4 55.6-59.8 98.5-59.8 2.4 0 4.8.4 7.1 1.1 13 4.2 26.6 6.9 40.9 6.9 14.3 0 28-2.7 40.9-6.9 2.3-.7 4.7-1.1 7.1-1.1 42.9 0 79.7 24.4 98.5 59.8C359.3 421.4 306.7 448 248 448z\"\/><\/svg>\n        \n        \n        \n            <\/div>\n    \n\n\n<\/div><a class=\"bde-container-link-855-140 bde-container-link breakdance-link\" href=\"mailto:info@megamajice.com\" target=\"_self\" data-type=\"url\">\n  \n  \n\t\n\n\n\n<div class=\"bde-text-855-141 bde-text\">\n\u00c9crit par : Mirza Hodzic\n<\/div>\n\n<\/a>\n<\/div><div class=\"bde-div-855-142 bde-div\">\n  \n  \n\t\n\n\n\n<div class=\"bde-icon-855-143 bde-icon\">\n\n    \n            <div class=\"bde-icon-icon breakdance-icon-atom\" >\n    \n                    <svg xmlns=\"http:\/\/www.w3.org\/2000\/svg\" viewbox=\"0 0 512 512\"><!-- Font Awesome Free 5.15.1 by @fontawesome - https:\/\/fontawesome.com License - https:\/\/fontawesome.com\/license\/free (Icons: CC BY 4.0, Fonts: SIL OFL 1.1, Code: MIT License) --><path d=\"M256,8C119,8,8,119,8,256S119,504,256,504,504,393,504,256,393,8,256,8Zm92.49,313h0l-20,25a16,16,0,0,1-22.49,2.5h0l-67-49.72a40,40,0,0,1-15-31.23V112a16,16,0,0,1,16-16h32a16,16,0,0,1,16,16V256l58,42.5A16,16,0,0,1,348.49,321Z\"\/><\/svg>\n        \n        \n        \n            <\/div>\n    \n\n\n<\/div><a class=\"bde-container-link-855-144 bde-container-link breakdance-link\" href=\"mailto:info@megamajice.com\" target=\"_self\" data-type=\"url\">\n  \n  \n\t\n\n\n\n<div class=\"bde-text-855-145 bde-text\">\nPubli\u00e9 le 01.10.2024.\n<\/div>\n\n<\/a>\n<\/div>\n<\/div><div class=\"bde-columns-855-128 bde-columns\"><div class=\"bde-column-855-129 bde-column\">\n  \n  \n\t\n\n\n\n<img decoding=\"async\" class=\"bde-image2-855-131 bde-image2\" src=\"https:\/\/dtfprint.hr\/wp-content\/uploads\/2024\/10\/preslikaci_za_majice_hudice_torbe_ostali_tekstiljpg.jpg\" alt=\"Mappeurs DTF\" loading=\"lazy\" srcset=\"https:\/\/dtfprint.hr\/wp-content\/uploads\/2024\/10\/preslikaci_za_majice_hudice_torbe_ostali_tekstiljpg.jpg 650w, https:\/\/dtfprint.hr\/wp-content\/uploads\/2024\/10\/preslikaci_za_majice_hudice_torbe_ostali_tekstiljpg-200x300.jpg 200w, https:\/\/dtfprint.hr\/wp-content\/uploads\/2024\/10\/preslikaci_za_majice_hudice_torbe_ostali_tekstiljpg-8x12.jpg 8w, https:\/\/dtfprint.hr\/wp-content\/uploads\/2024\/10\/preslikaci_za_majice_hudice_torbe_ostali_tekstiljpg-600x900.jpg 600w\" sizes=\"(max-width: 650px) 100vw, 650px\">\n<\/div><div class=\"bde-column-855-130 bde-column\">\n  \n  \n\t\n\n\n\n<div class=\"bde-code-block-855-132 bde-code-block\">\n\n      <p>Vous recherchez des imprimantes de qualit\u00e9 pour t-shirts et autres produits textiles\u00a0? La personnalisation de v\u00eatements est plus populaire que jamais, et les imprimantes DTF (impression directe sur film) sont l&#039;une des meilleures options. Elles offrent de nombreux avantages par rapport aux autres m\u00e9thodes d&#039;impression. Dans cet article, nous vous guiderons pour trouver des imprimantes de qualit\u00e9 pour t-shirts et vous expliquerons pourquoi les imprimantes DTF sont le choix id\u00e9al.<\/p>\n\n    <h2>DTFprint.hr \u2013 Votre partenaire pour des transferts DTF de qualit\u00e9<\/h2>\n    <p>Si vous recherchez des autocollants DTF haut de gamme, poursuivez votre lecture. Vous y trouverez des autocollants de qualit\u00e9 sup\u00e9rieure, fabriqu\u00e9s avec des encres, des films et des adh\u00e9sifs haut de gamme, garantissant durabilit\u00e9 et qualit\u00e9 d&#039;impression irr\u00e9prochable.<\/p>\n    \n    <h3>Commander est facile.<\/h3>\n    <p>Vous pouvez facilement commander des autocollants DTF chez nous de deux mani\u00e8res\u00a0:<\/p>\n    <ul>\n        <li><a href=\"https:\/\/dtfprint.hr\/fr\/produit\/telecharger-et-commander-une-copie-pdf-dtf\/\">Envoyez votre pr\u00e9paration<\/a> \u2013 Si vous avez d\u00e9j\u00e0 un graphique pr\u00e9par\u00e9, soumettez-le simplement via ce lien.<\/li>\n        <li><a href=\"https:\/\/dtfprint.hr\/fr\/produit\/creer-une-feuille-de-route-dtf-en-ligne\/\">Utilisez notre application \u00ab\u00a0Concepteur DTF en ligne\u00a0\u00bb<\/a> \u2013 Cr\u00e9ez votre propre design \u00e0 l\u2019aide de notre outil en ligne qui vous permet de cr\u00e9er et de personnaliser facilement des d\u00e9calcomanies.<\/li>\n        <li><a href=\"mailto:info@dtfprint.hr\">En envoyant des graphiques\/pr\u00e9parations \u00e0 notre email info@dtfprint.hr<\/a> \u2013 Joignez votre conception graphique ou vos graphiques ainsi que les d\u00e9tails sur les dimensions et les quantit\u00e9s et nous pouvons vous aider \u00e0 cr\u00e9er la conception graphique.<\/li>\n    <\/ul>\n\n\n<h2 class=\"translation-block\">Pourquoi choisir les autocollants DTF ?<\/h2>\n    <p class=\"translation-block\">Les autocollants DTF sont de plus en plus populaires en raison de leurs nombreux avantages. Voici quelques raisons principales qui font d&#039;eux un choix id\u00e9al\u00a0:<\/p>\n\n    <ul>\n        <li class=\"translation-block\"><strong>Durabilit\u00e9 et r\u00e9sistance au lavage :<\/strong> les autocollants DTF sont tr\u00e8s durables et r\u00e9sistants au lavage, ce qui signifie que vos motifs personnalis\u00e9s restent clairs et permanents pendant longtemps, m\u00eame apr\u00e8s plusieurs lavages.<\/li>\n        <li><strong>Aucune commande minimum :<\/strong> Contrairement \u00e0 d&#039;autres m\u00e9thodes d&#039;impression, les imprimantes DTF ne n\u00e9cessitent aucune quantit\u00e9 minimum de commande. Vous pouvez commander autant de r\u00e9pliques que n\u00e9cessaire, qu&#039;il s&#039;agisse d&#039;une seule pi\u00e8ce ou de grandes quantit\u00e9s.<\/li>\n        <li><strong>Plusieurs mod\u00e8les dans une seule commande :<\/strong> L&#039;un des principaux avantages de la technologie DTF est la possibilit\u00e9 de commander plusieurs mod\u00e8les simultan\u00e9ment. C&#039;est une excellente option si vous avez besoin de diff\u00e9rentes variantes pour diff\u00e9rents produits.<\/li>\n          <li><strong>Autocollants avec support blanc :<\/strong> Les d\u00e9calcomanies DTF sont imprim\u00e9es avec une couleur de base blanche, ce qui vous permet d&#039;appliquer les d\u00e9calcomanies aussi bien sur des textiles blancs que fonc\u00e9s.<\/li>\n    <\/ul>\n\n\n<\/div>\n<\/div><\/div><\/div>\n<\/section><section class=\"bde-section-855-100 bde-section\">\n  \n  \n\t\n\n\n\n<div class=\"section-container\"><div class=\"bde-columns-855-133 bde-columns\"><div class=\"bde-column-855-134 bde-column\">\n  \n  \n\t\n\n\n\n<div class=\"bde-code-block-855-103 bde-code-block\">\n\n      <h2>Transferts de t-shirts avec production Express ou standard<\/h2>\n    <p>Selon vos besoins, vous pouvez choisir entre deux options de production :<\/p>\n    <ul>\n        <li><strong>Production express sous 24 heures<\/strong> \u2013 moyennant un suppl\u00e9ment de +15%, votre commande sera trait\u00e9e dans un d\u00e9lai d\u2019un jour ouvrable.<\/li>\n        <li><strong>Production standard sous 2 \u00e0 3 jours ouvr\u00e9s<\/strong> \u2013 sans frais suppl\u00e9mentaires, vos exemplaires seront pr\u00eats dans quelques jours ouvrables.<\/li>\n    <\/ul>\n\n    <h2>Application du transfert DTF<\/h2>\n    <p>Les imprimantes DTF sont tr\u00e8s polyvalentes et peuvent \u00eatre appliqu\u00e9es non seulement aux t-shirts, mais \u00e9galement \u00e0 d&#039;autres produits textiles tels que :<\/p>\n    <ul>\n        <li>Polos<\/li>\n        <li>Hudice<\/li>\n        <li>Sacs<\/li>\n     \t<li>Parapluies<\/li>\n      \t<li>Autres produits textiles<\/li>\n    <\/ul>\n    <p>L&#039;application est simple \u00e0 l&#039;aide d&#039;une presse thermique, et des instructions d\u00e9taill\u00e9es pour l&#039;application correcte de l&#039;imageur peuvent \u00eatre trouv\u00e9es sur le lien suivant : <a href=\"https:\/\/dtfprint.hr\/fr\/instructions\/application-de-copies-dtf-sur-des-t-shirts-des-sacs-et-dautres-produits-textiles\/\" target=\"_blank\">Instructions pour l&#039;application de l&#039;imageur DTF<\/a>.<\/p>\n\n    <p>Si vous recherchez une solution fiable et de haute qualit\u00e9 pour la personnalisation de produits textiles, les imprimantes DTF sont le meilleur choix. <a href=\"https:\/\/dtfprint.hr\/fr\/\" target=\"_blank\">DTFprint.hr<\/a> Nous proposons des autocollants de qualit\u00e9 sup\u00e9rieure fabriqu\u00e9s \u00e0 partir de mat\u00e9riaux haut de gamme, la possibilit\u00e9 de commander sans quantit\u00e9 minimale et des options de production flexibles. Que vous ayez besoin d&#039;autocollants pour t-shirts, sweats \u00e0 capuche ou sacs, commandez-les rapidement, facilement et \u00e0 prix abordable\u00a0!<\/p>\n\n\n<\/div>\n<\/div><div class=\"bde-column-855-135 bde-column\">\n  \n  \n\t\n\n\n\n<img decoding=\"async\" class=\"bde-image2-855-136 bde-image2\" src=\"https:\/\/dtfprint.hr\/wp-content\/uploads\/2024\/10\/majice_preslikaci_dtf_preslikaci_za_majice.jpg\" alt=\"Autocollants pour t-shirts\" loading=\"lazy\" srcset=\"https:\/\/dtfprint.hr\/wp-content\/uploads\/2024\/10\/majice_preslikaci_dtf_preslikaci_za_majice.jpg 650w, https:\/\/dtfprint.hr\/wp-content\/uploads\/2024\/10\/majice_preslikaci_dtf_preslikaci_za_majice-200x300.jpg 200w, https:\/\/dtfprint.hr\/wp-content\/uploads\/2024\/10\/majice_preslikaci_dtf_preslikaci_za_majice-8x12.jpg 8w, https:\/\/dtfprint.hr\/wp-content\/uploads\/2024\/10\/majice_preslikaci_dtf_preslikaci_za_majice-600x900.jpg 600w\" sizes=\"(max-width: 650px) 100vw, 650px\">\n<\/div><\/div><\/div>\n<\/section><section class=\"bde-section-855-104 bde-section\">\n  \n  \n\t\n\n\n\n<div class=\"section-container\"><div class=\"bde-div-855-105 bde-div\">\n  \n  \n\t\n\n\n\n<div class=\"bde-icon-855-106 bde-icon\">\n\n    \n            <div class=\"bde-icon-icon breakdance-icon-atom\" >\n    \n                    <svg xmlns=\"http:\/\/www.w3.org\/2000\/svg\" viewbox=\"0 0 448 512\"><!-- Font Awesome Free 5.15.1 by @fontawesome - https:\/\/fontawesome.com License - https:\/\/fontawesome.com\/license\/free (Icons: CC BY 4.0, Fonts: SIL OFL 1.1, Code: MIT License) --><path d=\"M446.2 270.4c-6.2-19-26.9-29.1-46-22.9l-45.4 15.1-30.3-90 45.4-15.1c19.1-6.2 29.1-26.8 23-45.9-6.2-19-26.9-29.1-46-22.9l-45.4 15.1-15.7-47c-6.2-19-26.9-29.1-46-22.9-19.1 6.2-29.1 26.8-23 45.9l15.7 47-93.4 31.2-15.7-47c-6.2-19-26.9-29.1-46-22.9-19.1 6.2-29.1 26.8-23 45.9l15.7 47-45.3 15c-19.1 6.2-29.1 26.8-23 45.9 5 14.5 19.1 24 33.6 24.6 6.8 1 12-1.6 57.7-16.8l30.3 90L78 354.8c-19 6.2-29.1 26.9-23 45.9 5 14.5 19.1 24 33.6 24.6 6.8 1 12-1.6 57.7-16.8l15.7 47c5.9 16.9 24.7 29 46 22.9 19.1-6.2 29.1-26.8 23-45.9l-15.7-47 93.6-31.3 15.7 47c5.9 16.9 24.7 29 46 22.9 19.1-6.2 29.1-26.8 23-45.9l-15.7-47 45.4-15.1c19-6 29.1-26.7 22.9-45.7zm-254.1 47.2l-30.3-90.2 93.5-31.3 30.3 90.2-93.5 31.3z\"\/><\/svg>\n        \n        \n        \n            <\/div>\n    \n\n\n<\/div><div class=\"bde-text-855-107 bde-text\">\n\u00c9tiquettes\n<\/div>\n<\/div><div class=\"bde-div-855-108 bde-div\">\n  \n  \n\t\n\n\n\n<div class=\"bde-div-855-109 bde-div\">\n  \n  \n\t\n\n\n\n<a class=\"bde-container-link-855-110 bde-container-link breakdance-link\" href=\"https:\/\/dtfprint.hr\/fr\/produit\/creer-une-feuille-de-route-dtf-en-ligne\/\" target=\"_self\" data-type=\"url\">\n  \n  \n\t\n\n\n\n<h4 class=\"bde-heading-855-111 bde-heading\">\nTransfert DTF\n<\/h4>\n\n<\/a>\n<\/div><div class=\"bde-div-855-112 bde-div\">\n  \n  \n\t\n\n\n\n<a class=\"bde-container-link-855-113 bde-container-link breakdance-link\" href=\"https:\/\/dtfprint.hr\/fr\/produit\/telecharger-et-commander-une-copie-pdf-dtf\/\" target=\"_self\" data-type=\"url\">\n  \n  \n\t\n\n\n\n<h4 class=\"bde-heading-855-114 bde-heading\">\nMappeurs DTF\n<\/h4>\n\n<\/a>\n<\/div><div class=\"bde-div-855-115 bde-div\">\n  \n  \n\t\n\n\n\n<a class=\"bde-container-link-855-116 bde-container-link breakdance-link\" href=\"https:\/\/dtfprint.hr\/fr\/instructions\/quest-ce-que-le-dtf-direct-to-film\/\" target=\"_self\" data-type=\"url\">\n  \n  \n\t\n\n\n\n<h4 class=\"bde-heading-855-117 bde-heading\">\nAutocollants pour t-shirts\n<\/h4>\n\n<\/a>\n<\/div><div class=\"bde-div-855-118 bde-div\">\n  \n  \n\t\n\n\n\n<a class=\"bde-container-link-855-119 bde-container-link breakdance-link\" href=\"https:\/\/dtfprint.hr\/fr\/instructions\/video-expliquant-comment-utiliser-le-concepteur-dtf-en-ligne-pour-creer-un-rouleau-dtf-gangsheet\/\" target=\"_self\" data-type=\"url\">\n  \n  \n\t\n\n\n\n<h4 class=\"bde-heading-855-120 bde-heading\">\nImpression DTF\n<\/h4>\n\n<\/a>\n<\/div><div class=\"bde-div-855-121 bde-div\">\n  \n  \n\t\n\n\n\n<a class=\"bde-container-link-855-122 bde-container-link breakdance-link\" href=\"https:\/\/dtfprint.hr\/fr\/instructions\/comment-preparer-un-pdf-pour-limpression-dimages-dtf-dtfprint-hr\/\" target=\"_self\" data-type=\"url\">\n  \n  \n\t\n\n\n\n<h4 class=\"bde-heading-855-123 bde-heading\">\nImpression DTF\n<\/h4>\n\n<\/a>\n<\/div><div class=\"bde-div-855-124 bde-div\">\n  \n  \n\t\n\n\n\n<a class=\"bde-container-link-855-125 bde-container-link breakdance-link\" href=\"https:\/\/dtfprint.hr\/fr\/instructions\/application-de-copies-dtf-sur-des-t-shirts-des-sacs-et-dautres-produits-textiles\/\" target=\"_self\" data-type=\"url\">\n  \n  \n\t\n\n\n\n<h4 class=\"bde-heading-855-126 bde-heading\">\nImageurs thermiques pour T-shirts\n<\/h4>\n\n<\/a>\n<\/div>\n<\/div><\/div>\n<\/section>","protected":false},"excerpt":{"rendered":"<p>Gdje kupiti preslika\u010de za majice? Pi\u0161e: Mirza Hod\u017ei\u0107 Objavljeno 01.10.2024. Tra\u017eite kvalitetne preslika\u010de za majice i druge tekstilne proizvode? Danas je personalizacija odje\u0107e popularnija nego ikad, a jedna od najboljih opcija za to su DTF (Direct to Film) preslika\u010di. Oni nude brojne prednosti u odnosu na druge metode tiska, a u ovom \u010dlanku \u0107emo vas [&hellip;]<\/p>\n","protected":false},"author":1,"featured_media":866,"parent":0,"menu_order":0,"comment_status":"closed","ping_status":"closed","template":"","meta":{"_seopress_robots_primary_cat":"","_seopress_titles_title":"Gdje kupiti preslika\u010de za majice?","_seopress_titles_desc":"Tra\u017eite kvalitetne preslika\u010de za majice? Gdje nabaviti kvalitetne preslika\u010de za majice, hudice, torbe i ostale tekstilne proizvode?","_seopress_robots_index":"","_breakdance_hide_in_design_set":false,"_breakdance_tags":"","footnotes":""},"class_list":["post-855","page","type-page","status-publish","has-post-thumbnail","hentry"],"_links":{"self":[{"href":"https:\/\/dtfprint.hr\/fr\/wp-json\/wp\/v2\/pages\/855","targetHints":{"allow":["GET"]}}],"collection":[{"href":"https:\/\/dtfprint.hr\/fr\/wp-json\/wp\/v2\/pages"}],"about":[{"href":"https:\/\/dtfprint.hr\/fr\/wp-json\/wp\/v2\/types\/page"}],"author":[{"embeddable":true,"href":"https:\/\/dtfprint.hr\/fr\/wp-json\/wp\/v2\/users\/1"}],"replies":[{"embeddable":true,"href":"https:\/\/dtfprint.hr\/fr\/wp-json\/wp\/v2\/comments?post=855"}],"version-history":[{"count":9,"href":"https:\/\/dtfprint.hr\/fr\/wp-json\/wp\/v2\/pages\/855\/revisions"}],"predecessor-version":[{"id":934,"href":"https:\/\/dtfprint.hr\/fr\/wp-json\/wp\/v2\/pages\/855\/revisions\/934"}],"wp:featuredmedia":[{"embeddable":true,"href":"https:\/\/dtfprint.hr\/fr\/wp-json\/wp\/v2\/media\/866"}],"wp:attachment":[{"href":"https:\/\/dtfprint.hr\/fr\/wp-json\/wp\/v2\/media?parent=855"}],"curies":[{"name":"wp","href":"https:\/\/api.w.org\/{rel}","templated":true}]}}