{"id":46,"date":"2024-07-31T17:27:30","date_gmt":"2024-07-31T15:27:30","guid":{"rendered":"https:\/\/dtfprint.hr\/shop\/?page_id=46"},"modified":"2024-10-21T04:15:58","modified_gmt":"2024-10-21T02:15:58","slug":"contact","status":"publish","type":"page","link":"https:\/\/dtfprint.hr\/fr\/kontakt\/","title":{"rendered":"Contact"},"content":{"rendered":"<section class=\"bde-section-46-100 bde-section\">\n  \n  \n\t\n\n\n\n<div class=\"section-container\"><div class=\"bde-columns-46-101 bde-columns\"><div class=\"bde-column-46-102 bde-column\">\n  \n  \n\t\n\n\n\n<h2 class=\"bde-heading-46-103 bde-heading\">\nPo\u0161aljite direktan upit\n<\/h2><div class=\"bde-form-builder-46-104 bde-form-builder\">\n\n<form id=\"contact-form104\" class=\"breakdance-form breakdance-form--vertical\" data-options=\"{&quot;slug&quot;:&quot;custom&quot;,&quot;name&quot;:&quot;Contact Form&quot;,&quot;ajaxUrl&quot;:&quot;https:\\\/\\\/dtfprint.hr\\\/wp-admin\\\/admin-ajax.php&quot;,&quot;clearOnSuccess&quot;:true,&quot;hideOnSuccess&quot;:false,&quot;successMessage&quot;:&quot;Va\\u0161 upit je uspje\\u0161no zaprimljen. Uskoro o\\u010dekujte na\\u0161 odgovor. Prosje\\u010dno vrijeme odgovora je 3-5h tijekom radnih dana.&quot;,&quot;errorMessage&quot;:&quot;Dogodila se pogre\\u0161ka. Kontaktirajte nas na mail info@megamajice.com ili pozivom na broj 091\\\/460-70-10&quot;,&quot;redirect&quot;:false,&quot;redirectUrl&quot;:&quot;&quot;,&quot;customJavaScript&quot;:&quot;&quot;,&quot;recaptcha&quot;:{&quot;key&quot;:&quot;&quot;,&quot;enabled&quot;:false},&quot;honeypot_enabled&quot;:false,&quot;popupsOnSuccess&quot;:[],&quot;popupsOnError&quot;:[]}\" data-steps=\"0\" >\n  \n  \n  \n<div class=\"breakdance-form-field breakdance-form-field--text\" >\n    \n    \n            <label class=\"breakdance-form-field__label\" for=\"name\">\n            Va\u0161e ime i prezime<span class=\"breakdance-form-field__required\">*<\/span>\n        <\/label>\n    \n    <input\n    class=\"breakdance-form-field__input\"\n    id=\"name\"\n    aria-describedby=\"name\"\n    type=\"text\"\n    name=\"fields[name]\"\n    placeholder=\"\"\n    value=\"\"\n                \n        \n        \n    required\n    \n    \n    \n>\n\n\n    \n    \n<\/div>\n\n\n<div class=\"breakdance-form-field breakdance-form-field--email\" >\n    \n    \n            <label class=\"breakdance-form-field__label\" for=\"email\">\n            Va\u0161 Email<span class=\"breakdance-form-field__required\">*<\/span>\n        <\/label>\n    \n    <input\n    class=\"breakdance-form-field__input\"\n    id=\"email\"\n    aria-describedby=\"email\"\n    type=\"email\"\n    name=\"fields[email]\"\n    placeholder=\"\"\n    value=\"\"\n                \n        \n        \n    required\n    \n    \n    \n>\n\n\n    \n    \n<\/div>\n\n\n<div class=\"breakdance-form-field breakdance-form-field--tel\" >\n    \n    \n            <label class=\"breakdance-form-field__label\" for=\"jyqpsc\">\n            Kontakt telefon<span class=\"breakdance-form-field__required\">*<\/span>\n        <\/label>\n    \n    <input\n    class=\"breakdance-form-field__input\"\n    id=\"jyqpsc\"\n    aria-describedby=\"jyqpsc\"\n    type=\"tel\"\n    name=\"fields[jyqpsc]\"\n    placeholder=\"+385\"\n    value=\"\"\n                \n        \n        \n    required\n    \n    \n    \n>\n\n\n    \n    \n<\/div>\n\n\n<div class=\"breakdance-form-field breakdance-form-field--textarea\" >\n    \n    \n            <label class=\"breakdance-form-field__label\" for=\"message\">\n            Va\u0161 upit<span class=\"breakdance-form-field__required\">*<\/span>\n        <\/label>\n    \n    <textarea\n    class=\"breakdance-form-field__input\"\n    id=\"message\"\n    aria-describedby=\"message\"\n    type=\"textarea\"\n    name=\"fields[message]\"\n        placeholder=\"Upi\u0161ite va\u0161 upit\"\n    required\n    >\n<\/textarea>\n\n\n    \n    \n<\/div>\n\n\n<div class=\"breakdance-form-field breakdance-form-field--file\" >\n    \n    \n            <label class=\"breakdance-form-field__label\" for=\"vkvqkc\">\n            Uploadajte grafiku\/pripremu\n        <\/label>\n    \n    <label for=\"vkvqkc\" class=\"breakdance-form-file-upload breakdance-form-file-upload--draggable\">\n\n            <span class=\"breakdance-form-dropzone\" tabindex=\"0\">\n            <svg class=\"breakdance-form-dropzone__icon\" width=\"48\" stroke=\"currentColor\" fill=\"none\" viewBox=\"0 0 48 48\" aria-hidden=\"true\">\n                <path d=\"M28 8H12a4 4 0 00-4 4v20m32-12v8m0 0v8a4 4 0 01-4 4H12a4 4 0 01-4-4v-4m32-4l-3.172-3.172a4 4 0 00-5.656 0L28 28M8 32l9.172-9.172a4 4 0 015.656 0L28 28m0 0l4 4m4-24h8m-4-4v8m-12 4h.02\" stroke-width=\"2\" stroke-linecap=\"round\" stroke-linejoin=\"round\"><\/path>\n            <\/svg>\n\n            <span class=\"breakdance-form-dropzone__title\">\n                <span>Upload a file<\/span> or drag and drop.\n            <\/span>\n            <span class=\"breakdance-form-dropzone__accepts\">\n                              jpg, jpeg, jpe, png, pdf, zip\n                            up to 10MB\n            <\/span>\n        <\/span>\n    \n    <input\n        id=\"vkvqkc\"\n        name=\"fields[vkvqkc][]\"\n        type=\"file\"\n        class=\"breakdance-form-file-upload__input\"\n        accept=\"image\/jpeg,image\/png,application\/pdf,application\/zip\"\n        multiple\n        \n                data-max-files=\"2\"\n        data-i18n-empty-text=\"No file chosen\"\n        data-i18n-filled-text=\"%n files\"\n        data-i18n-error-text=\"Only %n file(s) allowed.\"\n    >\n<\/label>\n\n    <ul class=\"breakdance-form-files-list\"><\/ul>\n\n\n    \n    \n<\/div>\n\n\n<div class=\"breakdance-form-field breakdance-form-field--html\" >\n    \n    \n    \n    <div class=\"form-input-html\"\n    >\n  Upload grafike nije obavezan.\n<\/div>\n\n\n    \n    \n<\/div>\n\n\n  \n\n<div class=\"breakdance-form-field breakdance-form-footer\">\n    \n    \n                                    \n    \n    \n    \n    \n            \n            <button type=\"submit\" class=\"button-atom button-atom--primary breakdance-form-button breakdance-form-button__submit\"  >\n    \n        <span class=\"button-atom__text\">Po\u0161alji upit<\/span>\n\n        \n        \n            <\/button>\n    \n    <input type=\"hidden\" name=\"form_id\" value=\"104\">\n    <input type=\"hidden\" name=\"post_id\" value=\"46\">\n<\/div>\n\n  \n<\/form>\n\n\n<\/div>\n<\/div><div class=\"bde-column-46-105 bde-column\">\n  \n  \n\t\n\n\n\n<h2 class=\"bde-heading-46-106 bde-heading\">\nPo\u0161aljite nam mail\n<\/h2><div class=\"bde-div-46-107 bde-div\">\n  \n  \n\t\n\n\n\n<a class=\"bde-container-link-46-108 bde-container-link breakdance-link\" href=\"mailto:info@dtfprint.hr\" target=\"_self\" data-type=\"url\">\n  \n  \n\t\n\n\n\n<div class=\"bde-text-46-109 bde-text\">\ninfo@dtfprint.hr\n<\/div>\n\n<\/a>\n<\/div><h2 class=\"bde-heading-46-110 bde-heading\">\nNazovite nas\n<\/h2><a class=\"bde-container-link-46-119 bde-container-link breakdance-link\" href=\"tel:+385916122823\" target=\"_self\" data-type=\"url\">\n  \n  \n\t\n\n\n\n<div class=\"bde-text-46-120 bde-text\">\n091 612 28 23\n<\/div>\n\n<\/a><a class=\"bde-container-link-46-111 bde-container-link breakdance-link\" href=\"tel:+385914607010\" target=\"_self\" data-type=\"url\">\n  \n  \n\t\n\n\n\n<div class=\"bde-text-46-112 bde-text\">\n091 460 70 10\n<\/div>\n\n<\/a><h2 class=\"bde-heading-46-113 bde-heading\">\nPo\u0161aljite nam poruku\n<\/h2><div class=\"bde-text-46-114 bde-text\">\nPo\u0161aljite nam poruku klikom na ikonu:\n<\/div><div class=\"bde-div-46-115 bde-div\">\n  \n  \n\t\n\n\n\n<div class=\"bde-image-46-116 bde-image\">\n<figure class=\"breakdance-image breakdance-image--310\">\n\t<div class=\"breakdance-image-container\">\n\t\t<div class=\"breakdance-image-clip\"><a class=\"breakdance-image-link breakdance-image-link--url\" href=\"https:\/\/wa.me\/385914607010\" target=\"_self\" rel=\"noopener\" data-sub-html=\"\" data-lg-size=\"-\"><img loading=\"lazy\" decoding=\"async\" class=\"breakdance-image-object\" src=\"https:\/\/megamajice.com\/wp-content\/uploads\/2023\/01\/whatsapp_color.svg\" width=\"200\" height=\"200\" sizes=\"auto, (max-width: 200px) 100vw, 200px\" alt=\"Kontaktiraj nas putem Whatsappa\"><\/a><\/div>\n\t<\/div><\/figure>\n\n<\/div><div class=\"bde-image-46-117 bde-image\">\n<figure class=\"breakdance-image breakdance-image--309\">\n\t<div class=\"breakdance-image-container\">\n\t\t<div class=\"breakdance-image-clip\"><a class=\"breakdance-image-link breakdance-image-link--url\" href=\"viber:\/\/chat?number=%2B385914607010\" target=\"_self\" rel=\"noopener\" data-sub-html=\"\" data-lg-size=\"-\"><img loading=\"lazy\" decoding=\"async\" class=\"breakdance-image-object\" src=\"https:\/\/megamajice.com\/wp-content\/uploads\/2023\/01\/viber_color.svg\" width=\"200\" height=\"200\" sizes=\"auto, (max-width: 200px) 100vw, 200px\" alt=\"Kontaktiraj nas putem Vibera\"><\/a><\/div>\n\t<\/div><\/figure>\n\n<\/div>\n<\/div><div class=\"bde-text-46-121 bde-text\">\nTvrtka:<br>Studio A5 j.d.o.o.<br>Josipa Lenca Spodol\u010deva 5<br>51000 Rijeka<br>OIB:\u00a043566265122\n<\/div>\n<\/div><\/div><\/div>\n<\/section><section class=\"bde-section-46-123 bde-section\">\n  \n  \n\t\n\n\n\n<div class=\"section-container\"><h2 class=\"bde-heading-46-124 bde-heading\">\nNa\u0161a lokacija\n<\/h2><div class=\"bde-google-map-46-122 bde-google-map\">\r\n<iframe width=\"100%\" height=\"100%\" style=\"border:0\" loading=\"lazy\" title=\"Map\" src=\"https:\/\/maps.google.com\/maps?q=DTFprint.hr+-+DTF+Preslika%C4%8Di%2C+Ul.+Josipa+Lenca+Spodol%C4%8Deva+5%2C+51000%2C+Rijeka&t=m&z=10&output=embed&iwloc=near\" allowfullscreen><\/iframe>\n<\/div><\/div>\n<\/section>","protected":false},"excerpt":{"rendered":"<p>Po\u0161aljite direktan upit Va\u0161e ime i prezime* Va\u0161 Email* Kontakt telefon* Va\u0161 upit* Uploadajte grafiku\/pripremu Upload a file or drag and drop. jpg, jpeg, jpe, png, pdf, zip up to 10MB Upload grafike nije obavezan. Po\u0161alji upit Po\u0161aljite nam mail info@dtfprint.hr Nazovite nas 091 612 28 23 091 460 70 10 Po\u0161aljite nam poruku Po\u0161aljite [&hellip;]<\/p>\n","protected":false},"author":1,"featured_media":0,"parent":0,"menu_order":0,"comment_status":"closed","ping_status":"closed","template":"","meta":{"_seopress_robots_primary_cat":"","_seopress_titles_title":"","_seopress_titles_desc":"","_seopress_robots_index":"","_breakdance_hide_in_design_set":false,"_breakdance_tags":"","footnotes":""},"class_list":["post-46","page","type-page","status-publish","hentry"],"_links":{"self":[{"href":"https:\/\/dtfprint.hr\/fr\/wp-json\/wp\/v2\/pages\/46","targetHints":{"allow":["GET"]}}],"collection":[{"href":"https:\/\/dtfprint.hr\/fr\/wp-json\/wp\/v2\/pages"}],"about":[{"href":"https:\/\/dtfprint.hr\/fr\/wp-json\/wp\/v2\/types\/page"}],"author":[{"embeddable":true,"href":"https:\/\/dtfprint.hr\/fr\/wp-json\/wp\/v2\/users\/1"}],"replies":[{"embeddable":true,"href":"https:\/\/dtfprint.hr\/fr\/wp-json\/wp\/v2\/comments?post=46"}],"version-history":[{"count":7,"href":"https:\/\/dtfprint.hr\/fr\/wp-json\/wp\/v2\/pages\/46\/revisions"}],"predecessor-version":[{"id":758,"href":"https:\/\/dtfprint.hr\/fr\/wp-json\/wp\/v2\/pages\/46\/revisions\/758"}],"wp:attachment":[{"href":"https:\/\/dtfprint.hr\/fr\/wp-json\/wp\/v2\/media?parent=46"}],"curies":[{"name":"wp","href":"https:\/\/api.w.org\/{rel}","templated":true}]}}