{"id":404,"date":"2024-09-25T21:45:26","date_gmt":"2024-09-25T19:45:26","guid":{"rendered":"https:\/\/dtfprint.hr\/?page_id=404"},"modified":"2024-10-28T03:23:06","modified_gmt":"2024-10-28T02:23:06","slug":"application-de-copies-dtf-sur-des-t-shirts-des-sacs-et-dautres-produits-textiles","status":"publish","type":"page","link":"https:\/\/dtfprint.hr\/fr\/upute\/apliciranje-dtf-preslikaca-na-majice-hudice-torbe-i-ostale-tekstilne-proizvode\/","title":{"rendered":"Apliciranje DTF preslika\u010da na majice, hudice, torbe i ostale tekstilne proizvode"},"content":{"rendered":"<section class=\"bde-section-404-110 bde-section\">\n  \n  \n\t\n\n\n\n<div class=\"section-container\"><h1 class=\"bde-heading-404-111 bde-heading\">\nEn quelques \u00e9tapes simples pour une impression de premier ordre\n<\/h1><div class=\"bde-div-404-210 bde-div\">\n  \n  \n\t\n\n\n\n<div class=\"bde-div-404-211 bde-div\">\n  \n  \n\t\n\n\n\n<div class=\"bde-icon-404-212 bde-icon\">\n\n    \n            <div class=\"bde-icon-icon breakdance-icon-atom\" >\n    \n                    <svg xmlns=\"http:\/\/www.w3.org\/2000\/svg\" viewbox=\"0 0 496 512\"><!-- Font Awesome Free 5.15.1 by @fontawesome - https:\/\/fontawesome.com License - https:\/\/fontawesome.com\/license\/free (Icons: CC BY 4.0, Fonts: SIL OFL 1.1, Code: MIT License) --><path d=\"M248 8C111 8 0 119 0 256s111 248 248 248 248-111 248-248S385 8 248 8zm0 96c48.6 0 88 39.4 88 88s-39.4 88-88 88-88-39.4-88-88 39.4-88 88-88zm0 344c-58.7 0-111.3-26.6-146.5-68.2 18.8-35.4 55.6-59.8 98.5-59.8 2.4 0 4.8.4 7.1 1.1 13 4.2 26.6 6.9 40.9 6.9 14.3 0 28-2.7 40.9-6.9 2.3-.7 4.7-1.1 7.1-1.1 42.9 0 79.7 24.4 98.5 59.8C359.3 421.4 306.7 448 248 448z\"\/><\/svg>\n        \n        \n        \n            <\/div>\n    \n\n\n<\/div><a class=\"bde-container-link-404-213 bde-container-link breakdance-link\" href=\"mailto:info@megamajice.com\" target=\"_self\" data-type=\"url\">\n  \n  \n\t\n\n\n\n<div class=\"bde-text-404-214 bde-text\">\n\u00c9crit par : Mirza Hodzic\n<\/div>\n\n<\/a>\n<\/div><div class=\"bde-div-404-215 bde-div\">\n  \n  \n\t\n\n\n\n<div class=\"bde-icon-404-216 bde-icon\">\n\n    \n            <div class=\"bde-icon-icon breakdance-icon-atom\" >\n    \n                    <svg xmlns=\"http:\/\/www.w3.org\/2000\/svg\" viewbox=\"0 0 512 512\"><!-- Font Awesome Free 5.15.1 by @fontawesome - https:\/\/fontawesome.com License - https:\/\/fontawesome.com\/license\/free (Icons: CC BY 4.0, Fonts: SIL OFL 1.1, Code: MIT License) --><path d=\"M256,8C119,8,8,119,8,256S119,504,256,504,504,393,504,256,393,8,256,8Zm92.49,313h0l-20,25a16,16,0,0,1-22.49,2.5h0l-67-49.72a40,40,0,0,1-15-31.23V112a16,16,0,0,1,16-16h32a16,16,0,0,1,16,16V256l58,42.5A16,16,0,0,1,348.49,321Z\"\/><\/svg>\n        \n        \n        \n            <\/div>\n    \n\n\n<\/div><a class=\"bde-container-link-404-217 bde-container-link breakdance-link\" href=\"mailto:info@megamajice.com\" target=\"_self\" data-type=\"url\">\n  \n  \n\t\n\n\n\n<div class=\"bde-text-404-218 bde-text\">\nPubli\u00e9 le 28.09.2024.\n<\/div>\n\n<\/a>\n<\/div>\n<\/div><div class=\"bde-text-404-140 bde-text\">\nCi-dessous, lisez les instructions sur la fa\u00e7on d&#039;appliquer nos autocollants sur des t-shirts, mais il en va de m\u00eame pour d&#039;autres produits tels que des sweats \u00e0 capuche, des sacs, des parapluies et d&#039;autres produits promotionnels.\n<\/div><div class=\"bde-columns-404-112 bde-columns\"><div class=\"bde-column-404-113 bde-column\">\n  \n  \n\t\n\n\n\n<h3 class=\"bde-heading-404-114 bde-heading translation-block\">1. D\u00e9coupez les autocollants<\/h3><div class=\"bde-image-404-115 bde-image\">\n<figure class=\"breakdance-image breakdance-image--408\">\n\t<div class=\"breakdance-image-container\">\n\t\t<div class=\"breakdance-image-clip\"><img loading=\"lazy\" decoding=\"async\" class=\"breakdance-image-object\" src=\"https:\/\/dtfprint.hr\/wp-content\/uploads\/2024\/09\/izrezi_dtf_preslikace.jpg\" width=\"1000\" height=\"1000\" srcset=\"https:\/\/dtfprint.hr\/wp-content\/uploads\/2024\/09\/izrezi_dtf_preslikace.jpg 1000w, https:\/\/dtfprint.hr\/wp-content\/uploads\/2024\/09\/izrezi_dtf_preslikace-300x300.jpg 300w, https:\/\/dtfprint.hr\/wp-content\/uploads\/2024\/09\/izrezi_dtf_preslikace-150x150.jpg 150w, https:\/\/dtfprint.hr\/wp-content\/uploads\/2024\/09\/izrezi_dtf_preslikace-768x768.jpg 768w, https:\/\/dtfprint.hr\/wp-content\/uploads\/2024\/09\/izrezi_dtf_preslikace-600x600.jpg 600w\" sizes=\"auto, (max-width: 1000px) 100vw, 1000px\"><\/div>\n\t<\/div><\/figure>\n\n<\/div><div class=\"bde-text-404-116 bde-text\">\nD\u00e9ballez vos d\u00e9calcomanies et d\u00e9coupez les motifs avec des ciseaux.\n<\/div>\n<\/div><div class=\"bde-column-404-117 bde-column\">\n  \n  \n\t\n\n\n\n<h3 class=\"bde-heading-404-118 bde-heading\">\n2. Chauffer la presse\n<\/h3><div class=\"bde-image-404-119 bde-image\">\n<figure class=\"breakdance-image breakdance-image--413\">\n\t<div class=\"breakdance-image-container\">\n\t\t<div class=\"breakdance-image-clip\"><img loading=\"lazy\" decoding=\"async\" class=\"breakdance-image-object\" src=\"https:\/\/dtfprint.hr\/wp-content\/uploads\/2024\/09\/zagrijana_termo_presa_dtf_print.jpg\" width=\"1000\" height=\"1000\" srcset=\"https:\/\/dtfprint.hr\/wp-content\/uploads\/2024\/09\/zagrijana_termo_presa_dtf_print.jpg 1000w, https:\/\/dtfprint.hr\/wp-content\/uploads\/2024\/09\/zagrijana_termo_presa_dtf_print-300x300.jpg 300w, https:\/\/dtfprint.hr\/wp-content\/uploads\/2024\/09\/zagrijana_termo_presa_dtf_print-150x150.jpg 150w, https:\/\/dtfprint.hr\/wp-content\/uploads\/2024\/09\/zagrijana_termo_presa_dtf_print-768x768.jpg 768w, https:\/\/dtfprint.hr\/wp-content\/uploads\/2024\/09\/zagrijana_termo_presa_dtf_print-600x600.jpg 600w\" sizes=\"auto, (max-width: 1000px) 100vw, 1000px\"><\/div>\n\t<\/div><\/figure>\n\n<\/div><div class=\"bde-text-404-136 bde-text\">\nChauffer la presse thermo \u00e0 150\u00b0C, r\u00e9gler la minuterie sur 10 secondes.\n<\/div>\n<\/div><div class=\"bde-column-404-122 bde-column\">\n  \n  \n\t\n\n\n\n<h3 class=\"bde-heading-404-123 bde-heading\">\n3. Position\n<\/h3><div class=\"bde-image-404-124 bde-image\">\n<figure class=\"breakdance-image breakdance-image--411\">\n\t<div class=\"breakdance-image-container\">\n\t\t<div class=\"breakdance-image-clip\"><img loading=\"lazy\" decoding=\"async\" class=\"breakdance-image-object\" src=\"https:\/\/dtfprint.hr\/wp-content\/uploads\/2024\/09\/pozicioniraj_dtf_preslikac_na_majicu.jpg\" width=\"1000\" height=\"1000\" srcset=\"https:\/\/dtfprint.hr\/wp-content\/uploads\/2024\/09\/pozicioniraj_dtf_preslikac_na_majicu.jpg 1000w, https:\/\/dtfprint.hr\/wp-content\/uploads\/2024\/09\/pozicioniraj_dtf_preslikac_na_majicu-300x300.jpg 300w, https:\/\/dtfprint.hr\/wp-content\/uploads\/2024\/09\/pozicioniraj_dtf_preslikac_na_majicu-150x150.jpg 150w, https:\/\/dtfprint.hr\/wp-content\/uploads\/2024\/09\/pozicioniraj_dtf_preslikac_na_majicu-768x768.jpg 768w, https:\/\/dtfprint.hr\/wp-content\/uploads\/2024\/09\/pozicioniraj_dtf_preslikac_na_majicu-600x600.jpg 600w\" sizes=\"auto, (max-width: 1000px) 100vw, 1000px\"><\/div>\n\t<\/div><\/figure>\n\n<\/div><div class=\"bde-text-404-137 bde-text\">\nPositionnez l&#039;impression \u00e0 l&#039;endroit souhait\u00e9. Abaissez la presse.\n<\/div>\n<\/div><div class=\"bde-column-404-127 bde-column\">\n  \n  \n\t\n\n\n\n<h3 class=\"bde-heading-404-128 bde-heading\">\n4. D\u00e9coller\n<\/h3><div class=\"bde-image-404-129 bde-image\">\n<figure class=\"breakdance-image breakdance-image--410\">\n\t<div class=\"breakdance-image-container\">\n\t\t<div class=\"breakdance-image-clip\"><img loading=\"lazy\" decoding=\"async\" class=\"breakdance-image-object\" src=\"https:\/\/dtfprint.hr\/wp-content\/uploads\/2024\/09\/odlijepi_dtf_preslikac.jpg\" width=\"1000\" height=\"1000\" srcset=\"https:\/\/dtfprint.hr\/wp-content\/uploads\/2024\/09\/odlijepi_dtf_preslikac.jpg 1000w, https:\/\/dtfprint.hr\/wp-content\/uploads\/2024\/09\/odlijepi_dtf_preslikac-300x300.jpg 300w, https:\/\/dtfprint.hr\/wp-content\/uploads\/2024\/09\/odlijepi_dtf_preslikac-150x150.jpg 150w, https:\/\/dtfprint.hr\/wp-content\/uploads\/2024\/09\/odlijepi_dtf_preslikac-768x768.jpg 768w, https:\/\/dtfprint.hr\/wp-content\/uploads\/2024\/09\/odlijepi_dtf_preslikac-600x600.jpg 600w\" sizes=\"auto, (max-width: 1000px) 100vw, 1000px\"><\/div>\n\t<\/div><\/figure>\n\n<\/div><div class=\"bde-text-404-138 bde-text\">\nSoulevez la presse et d\u00e9collez imm\u00e9diatement votre autocollant.\n<\/div>\n<\/div><div class=\"bde-column-404-132 bde-column\">\n  \n  \n\t\n\n\n\n<h3 class=\"bde-heading-404-133 bde-heading\">\n5. C&#039;est fait !\n<\/h3><div class=\"bde-image-404-134 bde-image\">\n<figure class=\"breakdance-image breakdance-image--409\">\n\t<div class=\"breakdance-image-container\">\n\t\t<div class=\"breakdance-image-clip\"><img loading=\"lazy\" decoding=\"async\" class=\"breakdance-image-object\" src=\"https:\/\/dtfprint.hr\/wp-content\/uploads\/2024\/09\/majica_s_otisnutim_preslikacom.jpg\" width=\"1000\" height=\"1000\" srcset=\"https:\/\/dtfprint.hr\/wp-content\/uploads\/2024\/09\/majica_s_otisnutim_preslikacom.jpg 1000w, https:\/\/dtfprint.hr\/wp-content\/uploads\/2024\/09\/majica_s_otisnutim_preslikacom-300x300.jpg 300w, https:\/\/dtfprint.hr\/wp-content\/uploads\/2024\/09\/majica_s_otisnutim_preslikacom-150x150.jpg 150w, https:\/\/dtfprint.hr\/wp-content\/uploads\/2024\/09\/majica_s_otisnutim_preslikacom-768x768.jpg 768w, https:\/\/dtfprint.hr\/wp-content\/uploads\/2024\/09\/majica_s_otisnutim_preslikacom-600x600.jpg 600w\" sizes=\"auto, (max-width: 1000px) 100vw, 1000px\"><\/div>\n\t<\/div><\/figure>\n\n<\/div><div class=\"bde-text-404-139 bde-text\">\nL&#039;autocollant est fix\u00e9 sur la chemise.\n<\/div>\n<\/div><\/div><div class=\"bde-div-404-200 bde-div\">\n  \n  \n\t\n\n\n\n<div class=\"bde-div-404-191 bde-div\">\n  \n  \n\t\n\n\n\n<div class=\"bde-div-404-189 bde-div\">\n  \n  \n\t\n\n\n\n<div class=\"bde-text-404-190 bde-text\">\nConseil\n<\/div>\n<\/div><div class=\"bde-text-404-192 bde-text\">\nIl est d\u00e9conseill\u00e9 d&#039;exercer une pression excessive sur la presse \u00e0 chaud. En principe, plus la pression est forte, meilleure est l&#039;impression.\n<\/div>\n<\/div><div class=\"bde-div-404-201 bde-div\">\n  \n  \n\t\n\n\n\n<div class=\"bde-div-404-202 bde-div\">\n  \n  \n\t\n\n\n\n<div class=\"bde-text-404-203 bde-text\">\nConseil\n<\/div>\n<\/div><div class=\"bde-text-404-204 bde-text\">\nPour de meilleurs r\u00e9sultats et une sensation plus douce, retournez le papier transfert et appuyez sur le transfert pendant 5 secondes suppl\u00e9mentaires.\n<\/div>\n<\/div><div class=\"bde-div-404-205 bde-div\">\n  \n  \n\t\n\n\n\n<div class=\"bde-div-404-206 bde-div\">\n  \n  \n\t\n\n\n\n<div class=\"bde-text-404-207 bde-text\">\nConseil\n<\/div>\n<\/div><div class=\"bde-text-404-208 bde-text\">\nAvant d&#039;appliquer l&#039;imageur sur le t-shirt, pr\u00e9-pressez le t-shirt pendant quelques secondes pour \u00e9liminer l&#039;humidit\u00e9\n<\/div>\n<\/div>\n<\/div><\/div>\n<\/section><section class=\"bde-section-404-143 bde-section\">\n  \n  \n\t\n\n\n\n<div class=\"section-container\"><h1 class=\"bde-heading-404-144 bde-heading\">\nSur quoi les autocollants DTF peuvent-ils \u00eatre appliqu\u00e9s\u00a0?\n<\/h1><div class=\"bde-text-404-145 bde-text\">\nLes imprimantes DTF (Direct-to-Film) peuvent \u00eatre utilis\u00e9es sur divers supports et mat\u00e9riaux. Voici les plus courants\u00a0:<br><br>\n<\/div><div class=\"bde-columns-404-146 bde-columns\"><div class=\"bde-column-404-147 bde-column\">\n  \n  \n\t\n\n\n\n<h3 class=\"bde-heading-404-150 bde-heading\">\nTextile\n<\/h3><div class=\"bde-rich-text-404-151 bde-rich-text breakdance-rich-text-styles\">\n<ul>\n<li style=\"text-align: left;\">Coton<\/li>\n<li style=\"text-align: left;\">Polyester<\/li>\n<li style=\"text-align: left;\">M\u00e9langes de coton et de polyester<\/li>\n<li style=\"text-align: left;\">Nylon<\/li>\n<li style=\"text-align: left;\">Spandex (\u00e9lastine)<\/li>\n<li style=\"text-align: left;\">Serg\u00e9 et toile<\/li>\n<li style=\"text-align: left;\">Denim<\/li>\n<\/ul>\n<\/div>\n<\/div><div class=\"bde-column-404-156 bde-column\">\n  \n  \n\t\n\n\n\n<h3 class=\"bde-heading-404-157 bde-heading\">\nV\u00eatements\n<\/h3><div class=\"bde-rich-text-404-158 bde-rich-text breakdance-rich-text-styles\">\n<ul>\n<li>T-shirts<\/li>\n<li>Sweatshirts et sweats \u00e0 capuche<\/li>\n<li>Chapeaux<\/li>\n<li>Vestes<\/li>\n<li>Shorts et pantalons longs<\/li>\n<li>\u00c9quipements sportifs<\/li>\n<li>V\u00eatements de travail<\/li>\n<\/ul>\n\n<\/div>\n<\/div><div class=\"bde-column-404-159 bde-column\">\n  \n  \n\t\n\n\n\n<h3 class=\"bde-heading-404-160 bde-heading\">\nAutres produits\n<\/h3><div class=\"bde-rich-text-404-161 bde-rich-text breakdance-rich-text-styles\">\n<ul>\n<li>Sacs et sacs \u00e0 dos<\/li>\n<li>Masques faciaux en textile<\/li>\n<li>Foulards et bandeaux pour cheveux<\/li>\n<li>Parapluies<\/li>\n<li>Taies d&#039;oreiller<\/li>\n<li>Draps de lit<\/li>\n<li>Rideaux et stores<\/li>\n<li>Nappes<\/li>\n<\/ul>\n<\/div>\n<\/div><\/div><\/div>\n<\/section><section class=\"bde-section-404-162 bde-section\">\n  \n  \n\t\n\n\n\n<div class=\"section-container\"><h1 class=\"bde-heading-404-163 bde-heading\">\nComment stocker correctement les autocollants DTF pour une utilisation \u00e0 long terme<br>\n<\/h1><div class=\"bde-text-404-164 bde-text\">\nLes transferts DTF sont extr\u00eamement sensibles aux conditions de stockage, notamment \u00e0 l&#039;humidit\u00e9. Si les transferts sont expos\u00e9s \u00e0 l&#039;air et absorbent de l&#039;humidit\u00e9, la qualit\u00e9 du transfert final peut en \u00eatre affect\u00e9e, car des traces d&#039;humidit\u00e9 peuvent appara\u00eetre lors du pressage. Pour \u00e9viter ces probl\u00e8mes, il est important de stocker les transferts correctement. Voici quelques recommandations pour leur conservation\u00a0:<br>\n<\/div><div class=\"bde-columns-404-175 bde-columns\"><div class=\"bde-column-404-176 bde-column\">\n  \n  \n\t\n\n\n\n<h3 class=\"bde-heading-404-180 bde-heading\">\nConserver dans un endroit sec.\n<\/h3><div class=\"bde-text-404-179 bde-text\">\nLes autocollants DTF doivent \u00eatre stock\u00e9s dans une pi\u00e8ce peu humide, id\u00e9alement dans des sacs ou des contenants herm\u00e9tiques. Investir dans un syst\u00e8me de contr\u00f4le de l&#039;humidit\u00e9, comme des sacs de gel de silice, peut contribuer \u00e0 prot\u00e9ger vos autocollants.\n<\/div>\n<\/div><div class=\"bde-column-404-181 bde-column\">\n  \n  \n\t\n\n\n\n<h3 class=\"bde-heading-404-182 bde-heading\">\n\u00c9viter l&#039;exposition \u00e0 l&#039;air\n<\/h3><div class=\"bde-text-404-183 bde-text\">\nSi les autocollants restent longtemps \u00e0 l&#039;ext\u00e9rieur, ils risquent davantage d&#039;absorber l&#039;humidit\u00e9 de l&#039;air. Il est recommand\u00e9 de les remettre dans leur emballage de protection imm\u00e9diatement apr\u00e8s utilisation.\n<\/div>\n<\/div><div class=\"bde-column-404-184 bde-column\">\n  \n  \n\t\n\n\n\n<h3 class=\"bde-heading-404-185 bde-heading\">\nTemp\u00e9rature optimale\n<\/h3><div class=\"bde-text-404-186 bde-text\">\nConservez les autocollants \u00e0 temp\u00e9rature ambiante, loin des sources de chaleur ou du froid extr\u00eame, car de telles conditions peuvent \u00e9galement affecter leur qualit\u00e9.\n<\/div>\n<\/div><\/div><h3 class=\"bde-heading-404-187 bde-heading\">\nQue faire si les autocollants sont mouill\u00e9s\u00a0:<br>\n<\/h3><div class=\"bde-text-404-188 bde-text\">\nSi les autocollants ont absorb\u00e9 de l&#039;humidit\u00e9, des traces d&#039;humidit\u00e9 peuvent subsister lors du premier pressage. Dans ce cas, vous pouvez les presser \u00e0 nouveau avec du papier sulfuris\u00e9, du papier sulfuris\u00e9 ou une feuille de T\u00e9flon.<br><br>Ce pressage suppl\u00e9mentaire permettra d&#039;\u00e9liminer l&#039;exc\u00e8s d&#039;humidit\u00e9 et de restaurer l&#039;aspect lisse de l&#039;impression. En stockant et en utilisant ces techniques correctement, vous garantissez \u00e0 vos transferts DTF une qualit\u00e9 et une durabilit\u00e9 optimales, m\u00eame apr\u00e8s un stockage prolong\u00e9.\n<\/div><div class=\"bde-globalblock-404-209 bde-globalblock\"><section class=\"bde-section-450-118-450-1 bde-section bde-section-450-118\">\n  \n  \n\t\n\n\n\n<div class=\"section-container\"><h2 class=\"bde-heading-450-101-450-1 bde-heading bde-heading-450-101\">\nCommandez des imprimantes DTF en ligne au meilleur prix en Croatie\n<\/h2><h2 class=\"bde-heading-450-119-450-1 bde-heading bde-heading-450-119\">\nListe de prix des imprimantes DTF au m\u00e8tre long (largeur 58 cm)\n<\/h2><div class=\"bde-columns-450-121-450-1 bde-columns bde-columns-450-121\"><div class=\"bde-column-450-122-450-1 bde-column bde-column-450-122\">\n  \n  \n\t\n\n\n\n<div class=\"bde-div-450-124-450-1 bde-div bde-div-450-124\">\n  \n  \n\t\n\n\n\n<div class=\"bde-fancy-divider-450-125-450-1 bde-fancy-divider bde-fancy-divider-450-125\">\n\n\n<div class=\"bde-fancy-divider__wrapper\">\n  <div class=\"bde-fancy-divider__separator has-content has-content-flex-start\">\n  \t    \t    \t          <div class=\"bde-fancy-divider__content bde-fancy-divider__content--text\">\n          1 m\u00e8tre d\u00fb\n          <\/div>\n    \t      <\/div>\n<\/div>\n\n<\/div><div class=\"bde-text-450-126-450-1 bde-text bde-text-450-126\">\n14,90\u20ac\n<\/div>\n<\/div><div class=\"bde-div-450-127-450-1 bde-div bde-div-450-127\">\n  \n  \n\t\n\n\n\n<div class=\"bde-fancy-divider-450-128-450-1 bde-fancy-divider bde-fancy-divider-450-128\">\n\n\n<div class=\"bde-fancy-divider__wrapper\">\n  <div class=\"bde-fancy-divider__separator has-content has-content-flex-start\">\n  \t    \t    \t          <div class=\"bde-fancy-divider__content bde-fancy-divider__content--text\">\n          de 1dm \u00e0 10dm\n          <\/div>\n    \t      <\/div>\n<\/div>\n\n<\/div><div class=\"bde-text-450-204-450-1 bde-text bde-text-450-204\">\n11,90\u20ac\n<\/div>\n<\/div><div class=\"bde-div-450-130-450-1 bde-div bde-div-450-130\">\n  \n  \n\t\n\n\n\n<div class=\"bde-fancy-divider-450-131-450-1 bde-fancy-divider bde-fancy-divider-450-131\">\n\n\n<div class=\"bde-fancy-divider__wrapper\">\n  <div class=\"bde-fancy-divider__separator has-content has-content-flex-start\">\n  \t    \t    \t          <div class=\"bde-fancy-divider__content bde-fancy-divider__content--text\">\n          10 m\u00e8tres et plus\n          <\/div>\n    \t      <\/div>\n<\/div>\n\n<\/div><div class=\"bde-text-450-205-450-1 bde-text bde-text-450-205\">\n8,90\u20ac\n<\/div>\n<\/div><div class=\"bde-div-450-140-450-1 bde-div bde-div-450-140\">\n  \n  \n\t\n\n\n\n<div class=\"bde-text-450-207-450-1 bde-text bde-text-450-207\">\nU cijenu je uklju\u010deno pakiranje u vodootporni PELD omot i za\u0161titna kartonska kutija.\n<\/div><div class=\"bde-text-450-208-450-1 bde-text bde-text-450-208\">\nLe prix n&#039;inclut pas la TVA.\n<\/div>\n<\/div>\n<\/div><\/div><\/div>\n<\/section><section class=\"bde-section-450-100-450-1 bde-section bde-section-450-100\">\n  \n  \n\t\n\n\n\n<div class=\"section-container\"><div class=\"bde-columns-450-102-450-1 bde-columns bde-columns-450-102\"><div class=\"bde-column-450-103-450-1 bde-column bde-column-450-103\">\n  \n  \n\t\n\n\n\n<h2 class=\"bde-heading-450-104-450-1 bde-heading bde-heading-450-104\">\nConcepteur DTF en ligne\n<\/h2><div class=\"bde-div-450-105-450-1 bde-div bde-div-450-105\">\n  \n  \n\t\n\n\n\n<div class=\"bde-text-450-106-450-1 bde-text bde-text-450-106\">\nPour les d\u00e9butants\n<\/div>\n<\/div><div class=\"bde-image-450-107-450-1 bde-image bde-image-450-107\">\n<figure class=\"breakdance-image breakdance-image--269\">\n\t<div class=\"breakdance-image-container\">\n\t\t<div class=\"breakdance-image-clip\"><img loading=\"lazy\" decoding=\"async\" class=\"breakdance-image-object\" src=\"https:\/\/dtfprint.hr\/wp-content\/uploads\/2024\/09\/CTA_Dtfprint_PC8bit.png\" width=\"1200\" height=\"750\" srcset=\"https:\/\/dtfprint.hr\/wp-content\/uploads\/2024\/09\/CTA_Dtfprint_PC8bit.png 1200w, https:\/\/dtfprint.hr\/wp-content\/uploads\/2024\/09\/CTA_Dtfprint_PC8bit-300x188.png 300w, https:\/\/dtfprint.hr\/wp-content\/uploads\/2024\/09\/CTA_Dtfprint_PC8bit-1024x640.png 1024w, https:\/\/dtfprint.hr\/wp-content\/uploads\/2024\/09\/CTA_Dtfprint_PC8bit-768x480.png 768w, https:\/\/dtfprint.hr\/wp-content\/uploads\/2024\/09\/CTA_Dtfprint_PC8bit-600x375.png 600w\" sizes=\"auto, (max-width: 1200px) 100vw, 1200px\" alt=\"Feuille de gang DTF - Concepteur DTF en ligne\"><\/div>\n\t<\/div><\/figure>\n\n<\/div><div class=\"bde-text-450-108-450-1 bde-text bde-text-450-108\">\nPour les d\u00e9butants ou ceux qui ne disposent pas de logiciel de conception, le concepteur de rouleaux d&#039;impression en ligne DTFprint.hr est la solution parfaite. Avec une interface conviviale et une gamme d&#039;outils de personnalisation, cr\u00e9er un mappeur n&#039;a jamais \u00e9t\u00e9 aussi simple.\n<\/div><div class=\"bde-button-450-109-450-1 bde-button bde-button-450-109\">\n    \n                                    \n    \n    \n    \n    \n            \n                    \n            \n            \n\n    \n    \n    \n    \n    \n    <a class=\"breakdance-link button-atom button-atom--primary bde-button__button\" href=\"https:\/\/dtfprint.hr\/fr\/produit\/creer-une-feuille-de-route-dtf-en-ligne\/\" target=\"_self\" data-type=\"url\"  >\n\n    \n        <span class=\"button-atom__text\">Concepteur en ligne ouvert<\/span>\n\n        \n        \n                <\/a>\n\n    \n\n\n<\/div>\n<\/div><div class=\"bde-column-450-110-450-1 bde-column bde-column-450-110\">\n  \n  \n\t\n\n\n\n<h2 class=\"bde-heading-450-111-450-1 bde-heading bde-heading-450-111\">\nT\u00e9l\u00e9chargez la pr\u00e9paration PDF\n<\/h2><div class=\"bde-div-450-112-450-1 bde-div bde-div-450-112\">\n  \n  \n\t\n\n\n\n<div class=\"bde-text-450-113-450-1 bde-text bde-text-450-113\">\nPour les exp\u00e9riment\u00e9s\n<\/div>\n<\/div><div class=\"bde-image-450-114-450-1 bde-image bde-image-450-114\">\n<figure class=\"breakdance-image breakdance-image--280\">\n\t<div class=\"breakdance-image-container\">\n\t\t<div class=\"breakdance-image-clip\"><img loading=\"lazy\" decoding=\"async\" class=\"breakdance-image-object\" src=\"https:\/\/dtfprint.hr\/wp-content\/uploads\/2024\/09\/naruci_dtf_pdf_online.png\" width=\"1000\" height=\"777\" srcset=\"https:\/\/dtfprint.hr\/wp-content\/uploads\/2024\/09\/naruci_dtf_pdf_online.png 1000w, https:\/\/dtfprint.hr\/wp-content\/uploads\/2024\/09\/naruci_dtf_pdf_online-300x233.png 300w, https:\/\/dtfprint.hr\/wp-content\/uploads\/2024\/09\/naruci_dtf_pdf_online-768x597.png 768w, https:\/\/dtfprint.hr\/wp-content\/uploads\/2024\/09\/naruci_dtf_pdf_online-600x466.png 600w\" sizes=\"auto, (max-width: 1000px) 100vw, 1000px\" alt=\"Imageurs DTF d&#039;une largeur de 58 cm et d&#039;une longueur allant jusqu&#039;\u00e0 100 m\"><\/div>\n\t<\/div><\/figure>\n\n<\/div><div class=\"bde-text-450-115-450-1 bde-text bde-text-450-115\">\nT\u00e9l\u00e9chargez une ou plusieurs pr\u00e9parations pdf pr\u00eates \u00e0 imprimer, saisissez les dimensions et commandez des exemplaires DTF pour produits textiles avec calcul automatique du prix en fonction de la longueur command\u00e9e. Plus de compteurs \u2013 plus d&#039;\u00e9conomies !\n<\/div><div class=\"bde-button-450-116-450-1 bde-button bde-button-450-116\">\n    \n                                    \n    \n    \n    \n    \n            \n                    \n            \n            \n\n    \n    \n    \n    \n    \n    <a class=\"breakdance-link button-atom button-atom--primary bde-button__button\" href=\"https:\/\/dtfprint.hr\/fr\/produit\/telecharger-et-commander-une-copie-pdf-dtf\/\" target=\"_self\" data-type=\"url\"  >\n\n    \n        <span class=\"button-atom__text\">T\u00e9l\u00e9chargez la pr\u00e9paration PDF<\/span>\n\n        \n        \n                <\/a>\n\n    \n\n\n<\/div>\n<\/div><\/div><\/div>\n<\/section><\/div><\/div>\n<\/section>","protected":false},"excerpt":{"rendered":"<p>U par jednostavnih koraka do vrhunskog otiska Pi\u0161e: Mirza Hod\u017ei\u0107 Objavljeno 28.09.2024. U nastavku pro\u010ditajte upute o tome kako aplicirati na\u0161e preslika\u010de na majice, no isto vrijedi i za ostale proizvode poput hudica, torbi, ki\u0161obrana i ostalih promotivnih proizvoda. 1. Izre\u017ei preslika\u010de Raspakirajte va\u0161e preslika\u010de i \u0161karama odre\u017eite dizajneve. 2. Ugrij pre\u0161u Ugrijte termo pre\u0161u [&hellip;]<\/p>\n","protected":false},"author":1,"featured_media":412,"parent":396,"menu_order":0,"comment_status":"closed","ping_status":"closed","template":"","meta":{"_seopress_robots_primary_cat":"","_seopress_titles_title":"Kako zapre\u0161ati DTF transfer na majicu? Vodi\u010d sa fotografijama.","_seopress_titles_desc":"Vodi\u010d za apliciranje DTF preslika\u010da na majice i ostale tekstilne proizvode. U par koraka napravite odli\u010dnu majicu s dugotrajnim otiskom.","_seopress_robots_index":"","_breakdance_hide_in_design_set":false,"_breakdance_tags":"","footnotes":""},"class_list":["post-404","page","type-page","status-publish","has-post-thumbnail","hentry"],"_links":{"self":[{"href":"https:\/\/dtfprint.hr\/fr\/wp-json\/wp\/v2\/pages\/404","targetHints":{"allow":["GET"]}}],"collection":[{"href":"https:\/\/dtfprint.hr\/fr\/wp-json\/wp\/v2\/pages"}],"about":[{"href":"https:\/\/dtfprint.hr\/fr\/wp-json\/wp\/v2\/types\/page"}],"author":[{"embeddable":true,"href":"https:\/\/dtfprint.hr\/fr\/wp-json\/wp\/v2\/users\/1"}],"replies":[{"embeddable":true,"href":"https:\/\/dtfprint.hr\/fr\/wp-json\/wp\/v2\/comments?post=404"}],"version-history":[{"count":11,"href":"https:\/\/dtfprint.hr\/fr\/wp-json\/wp\/v2\/pages\/404\/revisions"}],"predecessor-version":[{"id":931,"href":"https:\/\/dtfprint.hr\/fr\/wp-json\/wp\/v2\/pages\/404\/revisions\/931"}],"up":[{"embeddable":true,"href":"https:\/\/dtfprint.hr\/fr\/wp-json\/wp\/v2\/pages\/396"}],"wp:featuredmedia":[{"embeddable":true,"href":"https:\/\/dtfprint.hr\/fr\/wp-json\/wp\/v2\/media\/412"}],"wp:attachment":[{"href":"https:\/\/dtfprint.hr\/fr\/wp-json\/wp\/v2\/media?parent=404"}],"curies":[{"name":"wp","href":"https:\/\/api.w.org\/{rel}","templated":true}]}}