{"id":32,"date":"2024-09-25T23:40:43","date_gmt":"2024-09-25T21:40:43","guid":{"rendered":"https:\/\/dtfprint.hr\/shop\/?page_id=32"},"modified":"2024-10-28T03:27:14","modified_gmt":"2024-10-28T02:27:14","slug":"comment-preparer-un-pdf-pour-limpression-dimages-dtf-dtfprint-hr","status":"publish","type":"page","link":"https:\/\/dtfprint.hr\/fr\/upute\/kako-pripremiti-pdf-za-print-dtf-preslikaca-dtfprint-hr\/","title":{"rendered":"Kako pripremiti PDF za print DTF preslika\u010da"},"content":{"rendered":"<section class=\"bde-section-32-103 bde-section\">\n  \n  \n\t\n\n\n\n<div class=\"section-container\"><h1 class=\"bde-heading-32-104 bde-heading\">\nComment pr\u00e9parer un PDF pour les transferts DTF\n<\/h1><div class=\"bde-div-32-263 bde-div\">\n  \n  \n\t\n\n\n\n<div class=\"bde-div-32-264 bde-div\">\n  \n  \n\t\n\n\n\n<div class=\"bde-icon-32-265 bde-icon\">\n\n    \n            <div class=\"bde-icon-icon breakdance-icon-atom\" >\n    \n                    <svg xmlns=\"http:\/\/www.w3.org\/2000\/svg\" viewbox=\"0 0 496 512\"><!-- Font Awesome Free 5.15.1 by @fontawesome - https:\/\/fontawesome.com License - https:\/\/fontawesome.com\/license\/free (Icons: CC BY 4.0, Fonts: SIL OFL 1.1, Code: MIT License) --><path d=\"M248 8C111 8 0 119 0 256s111 248 248 248 248-111 248-248S385 8 248 8zm0 96c48.6 0 88 39.4 88 88s-39.4 88-88 88-88-39.4-88-88 39.4-88 88-88zm0 344c-58.7 0-111.3-26.6-146.5-68.2 18.8-35.4 55.6-59.8 98.5-59.8 2.4 0 4.8.4 7.1 1.1 13 4.2 26.6 6.9 40.9 6.9 14.3 0 28-2.7 40.9-6.9 2.3-.7 4.7-1.1 7.1-1.1 42.9 0 79.7 24.4 98.5 59.8C359.3 421.4 306.7 448 248 448z\"\/><\/svg>\n        \n        \n        \n            <\/div>\n    \n\n\n<\/div><a class=\"bde-container-link-32-266 bde-container-link breakdance-link\" href=\"mailto:info@megamajice.com\" target=\"_self\" data-type=\"url\">\n  \n  \n\t\n\n\n\n<div class=\"bde-text-32-267 bde-text\">\n\u00c9crit par : Mirza Hodzic\n<\/div>\n\n<\/a>\n<\/div><div class=\"bde-div-32-268 bde-div\">\n  \n  \n\t\n\n\n\n<div class=\"bde-icon-32-269 bde-icon\">\n\n    \n            <div class=\"bde-icon-icon breakdance-icon-atom\" >\n    \n                    <svg xmlns=\"http:\/\/www.w3.org\/2000\/svg\" viewbox=\"0 0 512 512\"><!-- Font Awesome Free 5.15.1 by @fontawesome - https:\/\/fontawesome.com License - https:\/\/fontawesome.com\/license\/free (Icons: CC BY 4.0, Fonts: SIL OFL 1.1, Code: MIT License) --><path d=\"M256,8C119,8,8,119,8,256S119,504,256,504,504,393,504,256,393,8,256,8Zm92.49,313h0l-20,25a16,16,0,0,1-22.49,2.5h0l-67-49.72a40,40,0,0,1-15-31.23V112a16,16,0,0,1,16-16h32a16,16,0,0,1,16,16V256l58,42.5A16,16,0,0,1,348.49,321Z\"\/><\/svg>\n        \n        \n        \n            <\/div>\n    \n\n\n<\/div><a class=\"bde-container-link-32-270 bde-container-link breakdance-link\" href=\"mailto:info@megamajice.com\" target=\"_self\" data-type=\"url\">\n  \n  \n\t\n\n\n\n<div class=\"bde-text-32-271 bde-text\">\nPubli\u00e9 le 28.09.2024.\n<\/div>\n\n<\/a>\n<\/div>\n<\/div><div class=\"bde-text-32-105 bde-text\">\nUne pr\u00e9paration graphique de qualit\u00e9 pour les transferts DTF est essentielle pour obtenir des r\u00e9sultats d&#039;impression optimaux. Bien que la pr\u00e9paration PDF puisse \u00eatre r\u00e9alis\u00e9e dans divers logiciels graphiques, DTFprint.hr recommande l&#039;utilisation de <b>CorelDraw<\/b> ou <b>Adobe Illustrator<\/b> Pour une pr\u00e9cision et un contr\u00f4le optimaux. Nous vous guiderons \u00e9tape par \u00e9tape dans la pr\u00e9paration des transferts DTF.<br>\n<\/div><h3 class=\"bde-heading-32-117 bde-heading\">\nLignes directrices cl\u00e9s pour la pr\u00e9paration des PDF\u00a0:<br>\n<\/h3><div class=\"bde-columns-32-118 bde-columns\"><div class=\"bde-column-32-119 bde-column\">\n  \n  \n\t\n\n\n\n<div class=\"bde-text-32-121 bde-text\">\nDimensions de pr\u00e9paration :\n<\/div><div class=\"bde-text-32-124 bde-text\">\nDimensions de pr\u00e9paration : La largeur du document PDF doit \u00eatre de 58 cm, tandis que la longueur peut aller jusqu&#039;\u00e0 100 m\u00e8tres, mais il est recommand\u00e9 de diviser les fichiers plus longs en segments allant jusqu&#039;\u00e0 15 m\u00e8tres pour une manipulation plus facile et de meilleures performances informatiques.\n<\/div>\n<\/div><div class=\"bde-column-32-122 bde-column\">\n  \n  \n\t\n\n\n\n<div class=\"bde-text-32-125 bde-text\">\nFormats et couleurs\n<\/div><div class=\"bde-text-32-123 bde-text\">\nFormats et couleurs\u00a0: Il est id\u00e9al de pr\u00e9parer des fichiers vectoriels (courbes) et d&#039;utiliser la palette CMJN. Vous pouvez \u00e9galement travailler avec la palette RVB, car le logiciel de rip que nous utilisons prend en charge le RVB et reproduit correctement les couleurs. Pour un r\u00e9sultat optimal, une r\u00e9solution de 300\u00a0DPI est recommand\u00e9e. Une combinaison de formats vectoriel et matriciel est possible.\n<\/div>\n<\/div><\/div><\/div>\n<\/section><section class=\"bde-section-32-129 bde-section\">\n  \n  \n\t\n\n\n\n<div class=\"section-container\"><h1 class=\"bde-heading-32-130 bde-heading\">\nGuide de pr\u00e9paration de fichiers PDF pour l&#039;impression dans CorelDraw\n<\/h1><div class=\"bde-columns-32-131 bde-columns\"><div class=\"bde-column-32-133 bde-column\">\n  \n  \n\t\n\n\n\n<h2 class=\"bde-heading-32-142 bde-heading\">\n1. Nouveau fichier de 58 cm de large<br>\n<\/h2><div class=\"bde-text-32-149 bde-text\">\nCr\u00e9ez un nouveau fichier dans CorelDraw. Id\u00e9alement, la palette de couleurs doit \u00eatre dans le spectre CMJN, avec une r\u00e9solution de 300 ppp.<br><br>S\u00e9lectionnez 58 cm comme largeur de document. Dans notre exemple, nous utiliserons une longueur de 3,5 m\u00e8tres (3\u00a0500 mm), mais vous pouvez saisir la longueur souhait\u00e9e. Gardez \u00e0 l&#039;esprit que le programme peut ralentir si vous avez beaucoup d&#039;\u00e9l\u00e9ments\u00a0; nous vous recommandons donc de cr\u00e9er des fichiers d&#039;une longueur maximale de 15\u00a0m\u00e8tres.\n<\/div>\n<\/div><div class=\"bde-column-32-132 bde-column\">\n  \n  \n\t\n\n\n\n<div class=\"bde-image-32-138 bde-image\">\n<figure class=\"breakdance-image breakdance-image--423\">\n\t<div class=\"breakdance-image-container\">\n\t\t<div class=\"breakdance-image-clip\"><img loading=\"lazy\" decoding=\"async\" class=\"breakdance-image-object\" src=\"https:\/\/dtfprint.hr\/wp-content\/uploads\/2024\/09\/novi_dokument.jpg\" width=\"413\" height=\"470\" srcset=\"https:\/\/dtfprint.hr\/wp-content\/uploads\/2024\/09\/novi_dokument.jpg 413w, https:\/\/dtfprint.hr\/wp-content\/uploads\/2024\/09\/novi_dokument-264x300.jpg 264w\" sizes=\"auto, (max-width: 413px) 100vw, 413px\"><\/div>\n\t<\/div><\/figure>\n\n<\/div>\n<\/div><\/div><\/div>\n<\/section><section class=\"bde-section-32-261 bde-section\">\n  \n  \n\t\n\n\n\n<div class=\"section-container\"><div class=\"bde-columns-32-144 bde-columns\"><div class=\"bde-column-32-147 bde-column\">\n  \n  \n\t\n\n\n\n<h2 class=\"bde-heading-32-148 bde-heading\">\n2.a - Si vous combinez plusieurs graphiques diff\u00e9rents dans un seul fichier\n<\/h2><h4 class=\"bde-heading-32-216 bde-heading\">\nCr\u00e9ation d&#039;une feuille de gang pouvant contenir de nombreux motifs diff\u00e9rents\n<\/h4><div class=\"bde-rich-text-32-150 bde-rich-text breakdance-rich-text-styles\">\n<ul>\n<li>Placez des \u00e9l\u00e9ments comme <strong>JPEG<\/strong>, <strong>PNG<\/strong>, <strong>SVG<\/strong> fichier dans l&#039;espace de travail. Assurez-vous que les \u00e9l\u00e9ments ne se chevauchent pas et qu&#039;il n&#039;y a pas de lignes fines\u00a0; la ligne la plus fine que nous puissions imprimer est <strong>0,5 mm<\/strong>.<\/li>\n<li>Si vous utilisez du texte, assurez-vous de <strong>le convertir en courbes<\/strong> pour \u00e9viter les probl\u00e8mes de police.<\/li>\n<li><strong>Ne faites pas de miroir.<\/strong> \u00e9l\u00e9ments - envoyez-les comme quelque chose de positif.<\/li>\n<li>Assurez-vous que les dimensions de vos \u00e9l\u00e9ments sont d\u00e9finies aux dimensions dont vous avez besoin.<\/li>\n<\/ul>\n<\/div><div class=\"bde-div-32-159 bde-div\">\n  \n  \n\t\n\n\n\n<div class=\"bde-div-32-161 bde-div\">\n  \n  \n\t\n\n\n\n<div class=\"bde-image-32-158 bde-image\">\n<figure class=\"breakdance-image breakdance-image--422\">\n\t<div class=\"breakdance-image-container\">\n\t\t<div class=\"breakdance-image-clip\"><img loading=\"lazy\" decoding=\"async\" class=\"breakdance-image-object\" src=\"https:\/\/dtfprint.hr\/wp-content\/uploads\/2024\/09\/bijela_grafika.jpg\" width=\"732\" height=\"769\" srcset=\"https:\/\/dtfprint.hr\/wp-content\/uploads\/2024\/09\/bijela_grafika.jpg 732w, https:\/\/dtfprint.hr\/wp-content\/uploads\/2024\/09\/bijela_grafika-286x300.jpg 286w, https:\/\/dtfprint.hr\/wp-content\/uploads\/2024\/09\/bijela_grafika-600x630.jpg 600w\" sizes=\"auto, (max-width: 732px) 100vw, 732px\"><\/div>\n\t<\/div><\/figure>\n\n<\/div><div class=\"bde-text-32-215 bde-text\">\nSi vous travaillez avec des \u00e9l\u00e9ments blancs, il est utile de dessiner temporairement un carr\u00e9 sur fond gris et de le placer derri\u00e8re tous les calques afin que les \u00e9l\u00e9ments blancs soient visibles. Une fois les \u00e9l\u00e9ments dispos\u00e9s comme vous le souhaitez, vous pouvez supprimer le carr\u00e9.\n<\/div>\n<\/div>\n<\/div>\n<\/div><div class=\"bde-column-32-145 bde-column\">\n  \n  \n\t\n\n\n\n<div class=\"bde-image-32-146 bde-image\">\n<figure class=\"breakdance-image breakdance-image--424\">\n\t<div class=\"breakdance-image-container\">\n\t\t<div class=\"breakdance-image-clip\"><img loading=\"lazy\" decoding=\"async\" class=\"breakdance-image-object\" src=\"https:\/\/dtfprint.hr\/wp-content\/uploads\/2024\/09\/poslozite_elemente.jpg\" width=\"345\" height=\"769\" srcset=\"https:\/\/dtfprint.hr\/wp-content\/uploads\/2024\/09\/poslozite_elemente.jpg 345w, https:\/\/dtfprint.hr\/wp-content\/uploads\/2024\/09\/poslozite_elemente-135x300.jpg 135w\" sizes=\"auto, (max-width: 345px) 100vw, 345px\"><\/div>\n\t<\/div><\/figure>\n\n<\/div><div class=\"bde-text-32-217 bde-text\">\nExemple de graphiques dispos\u00e9s pr\u00eats \u00e0 \u00eatre imprim\u00e9s\n<\/div>\n<\/div><\/div><\/div>\n<\/section><section class=\"bde-section-32-224 bde-section\">\n  \n  \n\t\n\n\n\n<div class=\"section-container\"><h2 class=\"bde-heading-32-204 bde-heading\">\n2.b - Si vous souhaitez imprimer une plus grande quantit\u00e9 du m\u00eame graphique\n<\/h2><div class=\"bde-text-32-210 bde-text\">\nDans l&#039;exemple suivant, nous vous montrerons comment vous pr\u00e9parer si vous avez besoin d&#039;une plus grande quantit\u00e9 du m\u00eame graphique sans avoir \u00e0 dupliquer les \u00e9l\u00e9ments d&#039;innombrables fois. \n<\/div><div class=\"bde-text-32-219 bde-text\">\nSupposons que vous ayez besoin de 300 miroirs identiques de 8,5 cm de large. Il n&#039;est pas n\u00e9cessaire de dupliquer les 300\u00a0duplicatas\u00a0: il suffit de cr\u00e9er une ligne de duplicatas en ouvrant un nouveau document PDF et d&#039;ajuster sa longueur pour qu&#039;il puisse contenir 6\u00a0duplicatas.<br><br>Dans notre exemple, nous avons cr\u00e9\u00e9 une pr\u00e9paration de 58 cm de large et 9 cm de long, et sur laquelle s&#039;adaptent 6 r\u00e9pliques de 8,5 cm de large.\n<\/div><div class=\"bde-image-32-220 bde-image\">\n<figure class=\"breakdance-image breakdance-image--427\">\n\t<div class=\"breakdance-image-container\">\n\t\t<div class=\"breakdance-image-clip\"><img loading=\"lazy\" decoding=\"async\" class=\"breakdance-image-object\" src=\"https:\/\/dtfprint.hr\/wp-content\/uploads\/2024\/09\/vise_preslikaca.jpg\" width=\"1451\" height=\"283\" srcset=\"https:\/\/dtfprint.hr\/wp-content\/uploads\/2024\/09\/vise_preslikaca.jpg 1451w, https:\/\/dtfprint.hr\/wp-content\/uploads\/2024\/09\/vise_preslikaca-300x59.jpg 300w, https:\/\/dtfprint.hr\/wp-content\/uploads\/2024\/09\/vise_preslikaca-1024x200.jpg 1024w, https:\/\/dtfprint.hr\/wp-content\/uploads\/2024\/09\/vise_preslikaca-768x150.jpg 768w, https:\/\/dtfprint.hr\/wp-content\/uploads\/2024\/09\/vise_preslikaca-600x117.jpg 600w\" sizes=\"auto, (max-width: 1451px) 100vw, 1451px\"><\/div>\n\t<\/div><\/figure>\n\n<\/div><div class=\"bde-text-32-222 bde-text\">\nPuisque nous voulons commander 300 d\u00e9calcomanies, nous devons imprimer la pr\u00e9paration ci-dessus 50 fois. (300\/6=50)<br><br>Comment savoir combien de fois imprimer votre fichier PDF <b>enregistrer sous le nom : &quot;dtfpriprema_printati_50x&quot; ou &quot;dtfpriprema_50x&quot;.<\/b>\n<\/div><h2 class=\"bde-heading-32-226 bde-heading\">\n3. Enregistrer et t\u00e9l\u00e9charger un fichier PDF\n<\/h2><div class=\"bde-text-32-228 bde-text\">\nVous pouvez t\u00e9l\u00e9charger et commander vos fichiers sur notre site Web en cliquant sur <a href=\"https:\/\/dtfprint.hr\/fr\/produit\/telecharger-et-commander-une-copie-pdf-dtf\/\">ici<\/a>.<br>\n<\/div><div class=\"bde-text-32-238 bde-text\">\nLe prix de votre miroir est calcul\u00e9 en fonction du nombre total de m\u00e8tres ou de centim\u00e8tres que vous commandez selon le tableau suivant :\n<\/div><div class=\"bde-image-32-239 bde-image\">\n<figure class=\"breakdance-image breakdance-image--633\">\n\t<div class=\"breakdance-image-container\">\n\t\t<div class=\"breakdance-image-clip\"><img decoding=\"async\" class=\"breakdance-image-object\" src=\"https:\/\/dtfprint.hr\/wp-content\/uploads\/2024\/10\/cjenik_novi_2024_dtf_preslikaci_duzni_metri.svg\" width=\"\" height=\"\"><\/div>\n\t<\/div><\/figure>\n\n<\/div><div class=\"bde-text-32-221 bde-text\">\n\n<\/div><div class=\"bde-columns-32-230 bde-columns\"><div class=\"bde-column-32-231 bde-column\">\n  \n  \n\t\n\n\n\n<div class=\"bde-image-32-233 bde-image\">\n<figure class=\"breakdance-image breakdance-image--428\">\n\t<div class=\"breakdance-image-container\">\n\t\t<div class=\"breakdance-image-clip\"><img loading=\"lazy\" decoding=\"async\" class=\"breakdance-image-object\" src=\"https:\/\/dtfprint.hr\/wp-content\/uploads\/2024\/09\/uploadanje_pripreme.jpg\" width=\"684\" height=\"800\" srcset=\"https:\/\/dtfprint.hr\/wp-content\/uploads\/2024\/09\/uploadanje_pripreme.jpg 684w, https:\/\/dtfprint.hr\/wp-content\/uploads\/2024\/09\/uploadanje_pripreme-257x300.jpg 257w, https:\/\/dtfprint.hr\/wp-content\/uploads\/2024\/09\/uploadanje_pripreme-600x702.jpg 600w\" sizes=\"auto, (max-width: 684px) 100vw, 684px\"><\/div>\n\t<\/div><\/figure>\n\n<\/div>\n<\/div><div class=\"bde-column-32-232 bde-column\">\n  \n  \n\t\n\n\n\n<div class=\"bde-text-32-227 bde-text\">\nUne fois votre pr\u00e9paration termin\u00e9e, enregistrez le fichier et attribuez-lui un nom adapt\u00e9 au nombre d&#039;impressions pr\u00e9vues. Si le nombre d&#039;impressions n&#039;est pas indiqu\u00e9, nous consid\u00e9rerons que le graphique n&#039;a \u00e9t\u00e9 imprim\u00e9 qu&#039;une seule fois.\n<\/div><div class=\"bde-text-32-234 bde-text\">\nS\u00e9lectionnez un ou plusieurs fichiers PDF et t\u00e9l\u00e9chargez les fichiers en les faisant glisser dans la zone pr\u00e9vue \u00e0 cet effet ou cliquez simplement sur :\n<\/div><div class=\"bde-image-32-235 bde-image\">\n<figure class=\"breakdance-image breakdance-image--429\">\n\t<div class=\"breakdance-image-container\">\n\t\t<div class=\"breakdance-image-clip\"><img loading=\"lazy\" decoding=\"async\" class=\"breakdance-image-object\" src=\"https:\/\/dtfprint.hr\/wp-content\/uploads\/2024\/09\/odvuci.jpg\" width=\"333\" height=\"82\" srcset=\"https:\/\/dtfprint.hr\/wp-content\/uploads\/2024\/09\/odvuci.jpg 333w, https:\/\/dtfprint.hr\/wp-content\/uploads\/2024\/09\/odvuci-300x74.jpg 300w\" sizes=\"auto, (max-width: 333px) 100vw, 333px\"><\/div>\n\t<\/div><\/figure>\n\n<\/div><div class=\"bde-text-32-237 bde-text\">\nLes fichiers seront t\u00e9l\u00e9charg\u00e9s. Ensuite, dans le champ \u00ab\u00a0Entrez la longueur totale de la pr\u00e9paration PDF en centim\u00e8tres (largeur\u00a0: 58\u00a0cm)\u00a0\u00bb, indiquez la somme des longueurs de toutes vos pr\u00e9parations.<br><br>Le prix sera indiqu\u00e9 en bas de la page en fonction de la longueur saisie. Veuillez v\u00e9rifier que vous avez bien additionn\u00e9 toutes vos pr\u00e9parations.<br><br>Dans notre exemple, nous avons t\u00e9l\u00e9charg\u00e9 : (6m*2) + (4,7m*3) + (0,2m*22) + (3,1*1) = 33,60m = 3360cm<br>\n<\/div><div class=\"bde-image-32-240 bde-image\">\n<figure class=\"breakdance-image breakdance-image--430\">\n\t<div class=\"breakdance-image-container\">\n\t\t<div class=\"breakdance-image-clip\"><img loading=\"lazy\" decoding=\"async\" class=\"breakdance-image-object\" src=\"https:\/\/dtfprint.hr\/wp-content\/uploads\/2024\/09\/koliko_puta_printati.jpg\" width=\"281\" height=\"126\" sizes=\"auto, (max-width: 281px) 100vw, 281px\"><\/div>\n\t<\/div><\/figure>\n\n<\/div>\n<\/div><\/div><div class=\"bde-text-32-243 bde-text\">\nIl ne vous reste plus qu&#039;\u00e0 cliquer sur \u00ab\u00a0Ajouter au panier\u00a0\u00bb et \u00e0 proc\u00e9der au paiement. D\u00e8s r\u00e9ception de votre paiement, nous proc\u00e9derons \u00e0 la v\u00e9rification, \u00e0 l&#039;impression et \u00e0 la livraison de vos autocollants.\n<\/div><\/div>\n<\/section><div class=\"bde-globalblock-32-262 bde-globalblock\"><section class=\"bde-section-450-118-450-1 bde-section bde-section-450-118\">\n  \n  \n\t\n\n\n\n<div class=\"section-container\"><h2 class=\"bde-heading-450-101-450-1 bde-heading bde-heading-450-101\">\nCommandez des imprimantes DTF en ligne au meilleur prix en Croatie\n<\/h2><h2 class=\"bde-heading-450-119-450-1 bde-heading bde-heading-450-119\">\nListe de prix des imprimantes DTF au m\u00e8tre long (largeur 58 cm)\n<\/h2><div class=\"bde-columns-450-121-450-1 bde-columns bde-columns-450-121\"><div class=\"bde-column-450-122-450-1 bde-column bde-column-450-122\">\n  \n  \n\t\n\n\n\n<div class=\"bde-div-450-124-450-1 bde-div bde-div-450-124\">\n  \n  \n\t\n\n\n\n<div class=\"bde-fancy-divider-450-125-450-1 bde-fancy-divider bde-fancy-divider-450-125\">\n\n\n<div class=\"bde-fancy-divider__wrapper\">\n  <div class=\"bde-fancy-divider__separator has-content has-content-flex-start\">\n  \t    \t    \t          <div class=\"bde-fancy-divider__content bde-fancy-divider__content--text\">\n          1 m\u00e8tre d\u00fb\n          <\/div>\n    \t      <\/div>\n<\/div>\n\n<\/div><div class=\"bde-text-450-126-450-1 bde-text bde-text-450-126\">\n14,90\u20ac\n<\/div>\n<\/div><div class=\"bde-div-450-127-450-1 bde-div bde-div-450-127\">\n  \n  \n\t\n\n\n\n<div class=\"bde-fancy-divider-450-128-450-1 bde-fancy-divider bde-fancy-divider-450-128\">\n\n\n<div class=\"bde-fancy-divider__wrapper\">\n  <div class=\"bde-fancy-divider__separator has-content has-content-flex-start\">\n  \t    \t    \t          <div class=\"bde-fancy-divider__content bde-fancy-divider__content--text\">\n          de 1dm \u00e0 10dm\n          <\/div>\n    \t      <\/div>\n<\/div>\n\n<\/div><div class=\"bde-text-450-204-450-1 bde-text bde-text-450-204\">\n11,90\u20ac\n<\/div>\n<\/div><div class=\"bde-div-450-130-450-1 bde-div bde-div-450-130\">\n  \n  \n\t\n\n\n\n<div class=\"bde-fancy-divider-450-131-450-1 bde-fancy-divider bde-fancy-divider-450-131\">\n\n\n<div class=\"bde-fancy-divider__wrapper\">\n  <div class=\"bde-fancy-divider__separator has-content has-content-flex-start\">\n  \t    \t    \t          <div class=\"bde-fancy-divider__content bde-fancy-divider__content--text\">\n          10 m\u00e8tres et plus\n          <\/div>\n    \t      <\/div>\n<\/div>\n\n<\/div><div class=\"bde-text-450-205-450-1 bde-text bde-text-450-205\">\n8,90\u20ac\n<\/div>\n<\/div><div class=\"bde-div-450-140-450-1 bde-div bde-div-450-140\">\n  \n  \n\t\n\n\n\n<div class=\"bde-text-450-207-450-1 bde-text bde-text-450-207\">\nU cijenu je uklju\u010deno pakiranje u vodootporni PELD omot i za\u0161titna kartonska kutija.\n<\/div><div class=\"bde-text-450-208-450-1 bde-text bde-text-450-208\">\nLe prix n&#039;inclut pas la TVA.\n<\/div>\n<\/div>\n<\/div><\/div><\/div>\n<\/section><section class=\"bde-section-450-100-450-1 bde-section bde-section-450-100\">\n  \n  \n\t\n\n\n\n<div class=\"section-container\"><div class=\"bde-columns-450-102-450-1 bde-columns bde-columns-450-102\"><div class=\"bde-column-450-103-450-1 bde-column bde-column-450-103\">\n  \n  \n\t\n\n\n\n<h2 class=\"bde-heading-450-104-450-1 bde-heading bde-heading-450-104\">\nConcepteur DTF en ligne\n<\/h2><div class=\"bde-div-450-105-450-1 bde-div bde-div-450-105\">\n  \n  \n\t\n\n\n\n<div class=\"bde-text-450-106-450-1 bde-text bde-text-450-106\">\nPour les d\u00e9butants\n<\/div>\n<\/div><div class=\"bde-image-450-107-450-1 bde-image bde-image-450-107\">\n<figure class=\"breakdance-image breakdance-image--269\">\n\t<div class=\"breakdance-image-container\">\n\t\t<div class=\"breakdance-image-clip\"><img loading=\"lazy\" decoding=\"async\" class=\"breakdance-image-object\" src=\"https:\/\/dtfprint.hr\/wp-content\/uploads\/2024\/09\/CTA_Dtfprint_PC8bit.png\" width=\"1200\" height=\"750\" srcset=\"https:\/\/dtfprint.hr\/wp-content\/uploads\/2024\/09\/CTA_Dtfprint_PC8bit.png 1200w, https:\/\/dtfprint.hr\/wp-content\/uploads\/2024\/09\/CTA_Dtfprint_PC8bit-300x188.png 300w, https:\/\/dtfprint.hr\/wp-content\/uploads\/2024\/09\/CTA_Dtfprint_PC8bit-1024x640.png 1024w, https:\/\/dtfprint.hr\/wp-content\/uploads\/2024\/09\/CTA_Dtfprint_PC8bit-768x480.png 768w, https:\/\/dtfprint.hr\/wp-content\/uploads\/2024\/09\/CTA_Dtfprint_PC8bit-600x375.png 600w\" sizes=\"auto, (max-width: 1200px) 100vw, 1200px\" alt=\"Feuille de gang DTF - Concepteur DTF en ligne\"><\/div>\n\t<\/div><\/figure>\n\n<\/div><div class=\"bde-text-450-108-450-1 bde-text bde-text-450-108\">\nPour les d\u00e9butants ou ceux qui ne disposent pas de logiciel de conception, le concepteur de rouleaux d&#039;impression en ligne DTFprint.hr est la solution parfaite. Avec une interface conviviale et une gamme d&#039;outils de personnalisation, cr\u00e9er un mappeur n&#039;a jamais \u00e9t\u00e9 aussi simple.\n<\/div><div class=\"bde-button-450-109-450-1 bde-button bde-button-450-109\">\n    \n                                    \n    \n    \n    \n    \n            \n                    \n            \n            \n\n    \n    \n    \n    \n    \n    <a class=\"breakdance-link button-atom button-atom--primary bde-button__button\" href=\"https:\/\/dtfprint.hr\/fr\/produit\/creer-une-feuille-de-route-dtf-en-ligne\/\" target=\"_self\" data-type=\"url\"  >\n\n    \n        <span class=\"button-atom__text\">Concepteur en ligne ouvert<\/span>\n\n        \n        \n                <\/a>\n\n    \n\n\n<\/div>\n<\/div><div class=\"bde-column-450-110-450-1 bde-column bde-column-450-110\">\n  \n  \n\t\n\n\n\n<h2 class=\"bde-heading-450-111-450-1 bde-heading bde-heading-450-111\">\nT\u00e9l\u00e9chargez la pr\u00e9paration PDF\n<\/h2><div class=\"bde-div-450-112-450-1 bde-div bde-div-450-112\">\n  \n  \n\t\n\n\n\n<div class=\"bde-text-450-113-450-1 bde-text bde-text-450-113\">\nPour les exp\u00e9riment\u00e9s\n<\/div>\n<\/div><div class=\"bde-image-450-114-450-1 bde-image bde-image-450-114\">\n<figure class=\"breakdance-image breakdance-image--280\">\n\t<div class=\"breakdance-image-container\">\n\t\t<div class=\"breakdance-image-clip\"><img loading=\"lazy\" decoding=\"async\" class=\"breakdance-image-object\" src=\"https:\/\/dtfprint.hr\/wp-content\/uploads\/2024\/09\/naruci_dtf_pdf_online.png\" width=\"1000\" height=\"777\" srcset=\"https:\/\/dtfprint.hr\/wp-content\/uploads\/2024\/09\/naruci_dtf_pdf_online.png 1000w, https:\/\/dtfprint.hr\/wp-content\/uploads\/2024\/09\/naruci_dtf_pdf_online-300x233.png 300w, https:\/\/dtfprint.hr\/wp-content\/uploads\/2024\/09\/naruci_dtf_pdf_online-768x597.png 768w, https:\/\/dtfprint.hr\/wp-content\/uploads\/2024\/09\/naruci_dtf_pdf_online-600x466.png 600w\" sizes=\"auto, (max-width: 1000px) 100vw, 1000px\" alt=\"Imageurs DTF d&#039;une largeur de 58 cm et d&#039;une longueur allant jusqu&#039;\u00e0 100 m\"><\/div>\n\t<\/div><\/figure>\n\n<\/div><div class=\"bde-text-450-115-450-1 bde-text bde-text-450-115\">\nT\u00e9l\u00e9chargez une ou plusieurs pr\u00e9parations pdf pr\u00eates \u00e0 imprimer, saisissez les dimensions et commandez des exemplaires DTF pour produits textiles avec calcul automatique du prix en fonction de la longueur command\u00e9e. Plus de compteurs \u2013 plus d&#039;\u00e9conomies !\n<\/div><div class=\"bde-button-450-116-450-1 bde-button bde-button-450-116\">\n    \n                                    \n    \n    \n    \n    \n            \n                    \n            \n            \n\n    \n    \n    \n    \n    \n    <a class=\"breakdance-link button-atom button-atom--primary bde-button__button\" href=\"https:\/\/dtfprint.hr\/fr\/produit\/telecharger-et-commander-une-copie-pdf-dtf\/\" target=\"_self\" data-type=\"url\"  >\n\n    \n        <span class=\"button-atom__text\">T\u00e9l\u00e9chargez la pr\u00e9paration PDF<\/span>\n\n        \n        \n                <\/a>\n\n    \n\n\n<\/div>\n<\/div><\/div><\/div>\n<\/section><\/div>","protected":false},"excerpt":{"rendered":"<p>Kako pripremiti PDF pripremu za DTF preslika\u010de Pi\u0161e: Mirza Hod\u017ei\u0107 Objavljeno 28.09.2024. Izrada kvalitetne grafi\u010dke pripreme za DTF preslika\u010de klju\u010dna je za postizanje optimalnih rezultata u tisku. Iako se PDF priprema mo\u017ee izraditi u razli\u010ditim grafi\u010dkim programima, DTFprint.hr preporu\u010duje kori\u0161tenje CorelDraw-a ili Adobe Illustratora za najbolju preciznost i kontrolu. Ovdje \u0107emo vas korak po korak [&hellip;]<\/p>\n","protected":false},"author":1,"featured_media":370,"parent":396,"menu_order":0,"comment_status":"closed","ping_status":"closed","template":"","meta":{"_seopress_robots_primary_cat":"","_seopress_titles_title":"Upute za izradu PDF pripreme za DTF printanje","_seopress_titles_desc":"Izrada kvalitetne grafi\u010dke pripreme za DTF preslika\u010de. \u0160irina PDF dokumenta za DTF printer treba biti 58 cm, dok duljina mo\u017ee biti do 100 metara.","_seopress_robots_index":"","_breakdance_hide_in_design_set":false,"_breakdance_tags":"","footnotes":""},"class_list":["post-32","page","type-page","status-publish","has-post-thumbnail","hentry"],"_links":{"self":[{"href":"https:\/\/dtfprint.hr\/fr\/wp-json\/wp\/v2\/pages\/32","targetHints":{"allow":["GET"]}}],"collection":[{"href":"https:\/\/dtfprint.hr\/fr\/wp-json\/wp\/v2\/pages"}],"about":[{"href":"https:\/\/dtfprint.hr\/fr\/wp-json\/wp\/v2\/types\/page"}],"author":[{"embeddable":true,"href":"https:\/\/dtfprint.hr\/fr\/wp-json\/wp\/v2\/users\/1"}],"replies":[{"embeddable":true,"href":"https:\/\/dtfprint.hr\/fr\/wp-json\/wp\/v2\/comments?post=32"}],"version-history":[{"count":20,"href":"https:\/\/dtfprint.hr\/fr\/wp-json\/wp\/v2\/pages\/32\/revisions"}],"predecessor-version":[{"id":933,"href":"https:\/\/dtfprint.hr\/fr\/wp-json\/wp\/v2\/pages\/32\/revisions\/933"}],"up":[{"embeddable":true,"href":"https:\/\/dtfprint.hr\/fr\/wp-json\/wp\/v2\/pages\/396"}],"wp:featuredmedia":[{"embeddable":true,"href":"https:\/\/dtfprint.hr\/fr\/wp-json\/wp\/v2\/media\/370"}],"wp:attachment":[{"href":"https:\/\/dtfprint.hr\/fr\/wp-json\/wp\/v2\/media?parent=32"}],"curies":[{"name":"wp","href":"https:\/\/api.w.org\/{rel}","templated":true}]}}