{"id":9845,"date":"2025-06-26T03:36:33","date_gmt":"2025-06-26T01:36:33","guid":{"rendered":"https:\/\/dtfprint.hr\/?post_type=product&#038;p=9845"},"modified":"2026-01-30T08:16:27","modified_gmt":"2026-01-30T07:16:27","slug":"xtreme-dtf-cleaning-solution","status":"publish","type":"product","link":"https:\/\/dtfprint.hr\/en\/proizvod\/xtreme-dtf-cleaning-solution\/","title":{"rendered":"XTREME DTF cleaning liquid"},"content":{"rendered":"<h2>Detailed description<\/h2>\n<p>XTREME DTF Cleaning Solution is <strong data-start=\"228\" data-end=\"260\">industrial strength agent<\/strong> for cleaning stubborn blockages in the head of DTF or DTG printers and for completely flushing the ink system (tubing). Ideal for situations when regular cleaner does not help or when changing ink type. <strong data-start=\"450\" data-end=\"517\">It is not for constant use as a liquid for wet dipping (capping) but for shorter periods of time in case of more severe head blockages.<\/strong><\/p>\n<p data-start=\"1639\" data-end=\"1932\"><strong data-start=\"1639\" data-end=\"1671\">XTREME DTF Cleaning Solution<\/strong> is a specially developed formula for advanced cleaning <strong data-start=\"1722\" data-end=\"1764\">Stubborn or extreme blockages<\/strong> in the DTF printer head and for complete <strong data-start=\"1798\" data-end=\"1837\">flushing ink hoses (tubing)<\/strong> \u2013 especially useful for more severe blockages when a standard daily cleaner does not help.<\/p>\n<p data-start=\"1934\" data-end=\"2178\">Used to clean the print heads <strong data-start=\"1970\" data-end=\"1996\">only as a last resort<\/strong>, after a standard cleaner is not effective. It can be used in systems with dampers (direct injection) or with <strong data-start=\"2116\" data-end=\"2138\">cleaning cartridge<\/strong> cartridges through up to three cleaning cycles, after which the system should be flushed with a standard cleaner.<\/p>\n<p data-start=\"1934\" data-end=\"2178\">The liquid can be soaked in a swab and used to clean the channels\/nozzles on the head.<\/p>\n<blockquote data-start=\"2180\" data-end=\"2312\">\n<p data-start=\"2182\" data-end=\"2312\"><strong data-start=\"2182\" data-end=\"2192\">IMPORTANT:<\/strong> This solution is not intended for long-term wet capping. The agent may be corrosive to head parts. Use with caution.<\/p>\n<\/blockquote>\n<p data-start=\"2182\" data-end=\"2312\">For daily cleaning and wet capping use\u00a0<a href=\"https:\/\/dtfprint.hr\/en\/product\/xtreme-dtf-cleaning-solution\/\">DTF Cleaner 3 in 1 liquid \u2013 universal head cleaning for DTF printers and wet capping<\/a><\/p>\n<table>\n<thead>\n<tr>\n<th>Characteristics<\/th>\n<th>Details<\/th>\n<\/tr>\n<\/thead>\n<tbody>\n<tr>\n<td><strong>Name<\/strong><\/td>\n<td>XTREME DTF CLEANING SOLUTION<\/td>\n<\/tr>\n<tr>\n<td><strong>Purpose<\/strong><\/td>\n<td>Flushing ink tubes \/ resolving stubborn blockages in the printer head with short-term immersion<\/td>\n<\/tr>\n<tr>\n<td><strong>Compatibility<\/strong><\/td>\n<td>Epson i3200\/A1, i1600, XP\u2011600, DX5, L1800, TX800, XP\u201115000, 4720 and other DTF\/DTG print heads<\/td>\n<\/tr>\n<tr>\n<td><strong>Ink type<\/strong><\/td>\n<td>Compatible with water-based DTF pigment inks<\/td>\n<\/tr>\n<tr>\n<td><strong>System type<\/strong><\/td>\n<td>Suitable for systems with dampers (CIS) or cleaning cartridges<\/td>\n<\/tr>\n<tr>\n<td><strong>Using<\/strong><\/td>\n<td>Up to 3 cleaning cycles with filled &quot;cleaning cartridge&quot; cartridges or direct injection with the CIS system or short-term immersion (wet capping)<\/td>\n<\/tr>\n<tr>\n<td><strong>The power of the formula<\/strong><\/td>\n<td>Extra strong formula \u2013 used as <em>last option<\/em> after regular cleaner<\/td>\n<\/tr>\n<tr>\n<td><strong>Capping function<\/strong><\/td>\n<td><strong>NOT<\/strong> suitable for long-term wet capping<\/td>\n<\/tr>\n<tr>\n<td><strong>Safety measures<\/strong><\/td>\n<td>Wear protective gloves; wear safety glasses; do not mix with other chemicals; use in a well-ventilated area, do not inhale; in case of skin contact, rinse immediately and contact a doctor; corrosive<\/td>\n<\/tr>\n<\/tbody>\n<\/table>","protected":false},"excerpt":{"rendered":"<p><strong data-start=\"1639\" data-end=\"1671\">XTREME DTF Cleaning Solution<\/strong> is a specially developed formula for advanced cleaning <strong data-start=\"1722\" data-end=\"1764\">Stubborn or extreme blockages<\/strong> in the DTF printer head and for complete <strong data-start=\"1798\" data-end=\"1837\">flushing ink hoses (tubing)<\/strong> \u2013 especially useful for more severe blockages when a standard daily cleaner does not help.<\/p>","protected":false},"featured_media":9846,"template":"","meta":{"_seopress_robots_primary_cat":"17","_seopress_titles_title":"XTREME DTF cleaning teku\u0107ina za te\u017ea za\u010depljenja glave DTF\/DTG printera","_seopress_titles_desc":"1l sna\u017ene teku\u0107ine za \u010di\u0161\u0107enje DTF i DTG glava pisa\u010da. Dizajnirana da otopi naslage bijele i pigmentne tinte. Za kori\u0161tenje kod te\u017eih za\u010depljenja.","_seopress_robots_index":""},"product_brand":[],"product_cat":[466,17],"product_tag":[457,456,461,465,460,463,462,459,464,458],"class_list":{"0":"post-9845","1":"product","2":"type-product","3":"status-publish","4":"has-post-thumbnail","6":"product_cat-ciscenje-i-odrzavanje-dtf-printera","7":"product_cat-dtf-repromaterijal","8":"product_tag-ciscenje-dtf-glave-pisaca","9":"product_tag-dtf-cleaner-tekucina","10":"product_tag-dtf-head-cleaning-solution","11":"product_tag-dtf-maintenance-fluid","12":"product_tag-dtf-printer-cistac","13":"product_tag-preventive-ciscenje-mlaznica-dtf","14":"product_tag-profesionalno-ciscenje-glave-epson","15":"product_tag-tekucina-za-odrzavanje-dtf-print-head","16":"product_tag-tekucina-za-otapanje-bijele-tinte","17":"product_tag-univerzalni-cleaner-epson-i3200","18":"product_shipping_class-dostava-iz-poslovnice","20":"first","21":"instock","22":"sale","23":"taxable","24":"shipping-taxable","25":"purchasable","26":"product-type-simple"},"tiered_pricing_type":"fixed","tiered_pricing_fixed_rules":[],"tiered_pricing_product_settings":{"layout":"default","base_unit_name":{"singular":null,"plural":null},"default_variation":null},"tiered_pricing_minimum_quantity":null,"tiered_pricing_roles_data":[],"tiered_pricing_percentage_rules":[],"tiered_pricing_maximum_quantity":null,"tiered_pricing_quantity_step":null,"_links":{"self":[{"href":"https:\/\/dtfprint.hr\/en\/wp-json\/wp\/v2\/product\/9845","targetHints":{"allow":["GET"]}}],"collection":[{"href":"https:\/\/dtfprint.hr\/en\/wp-json\/wp\/v2\/product"}],"about":[{"href":"https:\/\/dtfprint.hr\/en\/wp-json\/wp\/v2\/types\/product"}],"wp:featuredmedia":[{"embeddable":true,"href":"https:\/\/dtfprint.hr\/en\/wp-json\/wp\/v2\/media\/9846"}],"wp:attachment":[{"href":"https:\/\/dtfprint.hr\/en\/wp-json\/wp\/v2\/media?parent=9845"}],"wp:term":[{"taxonomy":"product_brand","embeddable":true,"href":"https:\/\/dtfprint.hr\/en\/wp-json\/wp\/v2\/product_brand?post=9845"},{"taxonomy":"product_cat","embeddable":true,"href":"https:\/\/dtfprint.hr\/en\/wp-json\/wp\/v2\/product_cat?post=9845"},{"taxonomy":"product_tag","embeddable":true,"href":"https:\/\/dtfprint.hr\/en\/wp-json\/wp\/v2\/product_tag?post=9845"}],"curies":[{"name":"wp","href":"https:\/\/api.w.org\/{rel}","templated":true}]}}