{"id":9840,"date":"2025-06-26T03:15:37","date_gmt":"2025-06-26T01:15:37","guid":{"rendered":"https:\/\/dtfprint.hr\/?post_type=product&#038;p=9840"},"modified":"2025-07-28T03:41:28","modified_gmt":"2025-07-28T01:41:28","slug":"dtf-cleaner-3-in-1-liquid-universal-head-cleaning-for-dtf-printers-and-wet-capping","status":"publish","type":"product","link":"https:\/\/dtfprint.hr\/en\/proizvod\/dtf-cleaner-3-u-1-tekucina-univerzalno-ciscenje-glava-za-dtf-printere-i-wet-capping\/","title":{"rendered":"DTF Cleaner 3 in 1 liquid \u2013 universal head cleaning for DTF printers and wet capping"},"content":{"rendered":"<h2>Detailed description<\/h2>\n<p><strong data-start=\"89\" data-end=\"345\">DTF Cleaning Solution ensures that your DTF printer runs smoothly, with clean and flowing ink channels, providing consistent and reliable results. It is a powerful 3-in-1 solution for cleaning, rinsing and wet capping of the DTF or DTF printer:<\/strong><\/p>\n<ul data-start=\"347\" data-end=\"855\">\n<li data-start=\"347\" data-end=\"540\">\n<p data-start=\"349\" data-end=\"540\"><strong data-start=\"349\" data-end=\"362\">Cleaning:<\/strong> Effectively removes ink residue from DTF print heads, ink hoses, capping stations and other printer parts, prevents clogging and maintains smooth operation.<\/p>\n<\/li>\n<li data-start=\"541\" data-end=\"685\">\n<p data-start=\"543\" data-end=\"685\"><strong data-start=\"543\" data-end=\"557\">Rinse:<\/strong> Safely flushes ink channels to remove blockages and ensure smooth flow, keeping the printer in optimal condition.<\/p>\n<\/li>\n<li data-start=\"686\" data-end=\"855\">\n<p data-start=\"688\" data-end=\"855\"><strong data-start=\"688\" data-end=\"713\">Wet capping:<\/strong> It acts as a printer head dampening fluid, keeping the print heads hydrated during inactivity or extended printer shutdowns, protecting them from drying out and damage.<\/p>\n<\/li>\n<\/ul>\n<p>DTF Cleaner is a water-based, environmentally friendly liquid for cleaning and maintaining printheads using DTF \/ DTG technology. It is suitable for a wide range of models, especially Epson i3200\/A1, DX5, XP-600, L1800 and similar, and helps dissolve dry ink and prevent nozzle clogging. It is ideal for regular maintenance and deep cleaning, without the risk of damaging the head or piping.<\/p>\n<p><strong>Use for pushing through the head:<\/strong><\/p>\n<ul>\n<li>Put on gloves and prepare the syringe and attachments.<\/li>\n<li>Connect the syringe to the head using the tubing and adapter.<\/li>\n<li>Inject the liquid into the head until the liquid comes out clean.<\/li>\n<li>Leave on for 10\u201315 minutes for deep dissolution.<\/li>\n<li>For larger blockages, you can use our <a href=\"https:\/\/dtfprint.hr\/en\/product\/xtreme-dtf-cleaning-solution\/\"><strong>XTREME<\/strong> <\/a>solution<\/li>\n<\/ul>\n<p>For multi-day print head immersion, pour liquid into the capping station and immerse the head.<\/p>\n<table>\n<thead>\n<tr>\n<th>Characteristics<\/th>\n<th>Details<\/th>\n<\/tr>\n<\/thead>\n<tbody>\n<tr>\n<td><strong>Package contents<\/strong><\/td>\n<td>1000ml bottle<\/td>\n<\/tr>\n<tr>\n<td><strong>Compatibility<\/strong><\/td>\n<td>Epson i3200\/A1, i1600, XP\u2011600, DX5, XP\u2011600, 4720, TX800, L1800, XP\u201115000, R1390, P600, P800, 7880, 7800, P6000, 3880, 3800 and other &quot;water\u2011based&quot; DTF\/DTG print heads.<\/td>\n<\/tr>\n<tr>\n<td><strong>Ink type<\/strong><\/td>\n<td>Compatible with water-based pigment \/ DTF inks. Safe for original and replacement inks (not aggressive to other components)<\/td>\n<\/tr>\n<tr>\n<td><strong>Basic formulation<\/strong><\/td>\n<td>Water-based, free of harmful solvents (allergens, acids or abrasives) \u2014 environmentally friendly, non-toxic<\/td>\n<\/tr>\n<tr>\n<td><strong>Color and smell<\/strong><\/td>\n<td>Clear liquid, odorless<\/td>\n<\/tr>\n<tr>\n<td><strong>Efficiency<\/strong><\/td>\n<td>Effectively dissolves dried ink and reduces nozzle clogging without damaging the heads<\/td>\n<\/tr>\n<tr>\n<td><strong>Packaging options<\/strong><\/td>\n<td>1000 ml<\/td>\n<\/tr>\n<tr>\n<td><strong>Package add-on<\/strong><\/td>\n<td>Waterproof packaging with a double lock - reduces the risk of leakage<\/td>\n<\/tr>\n<tr>\n<td><strong>Safety measures<\/strong><\/td>\n<td>Use gloves, use safety glasses, avoid contact with electronic circuits. Do not use on damaged or new heads without need.<\/td>\n<\/tr>\n<\/tbody>\n<\/table>","protected":false},"excerpt":{"rendered":"<p><span class=\"relative -mx-px my-[-0.2rem] rounded px-px py-[0.2rem] transition-colors duration-100 ease-in-out\">Sna\u017ena, ali nje\u017ena teku\u0107ina za \u010di\u0161\u0107enje DTF i DTG glava pisa\u010da. Dizajnirana da otopi i ukloni naslage bijele i pigmentne tinte, sprje\u010dava su\u0161enje mlaznica te produ\u017euje trajnost glave za Epson i3200\/A1 i druge popularne modele (DX5, XP\u2011600, L1800, 4720 i sl.)<\/span><\/p>\n","protected":false},"featured_media":9842,"template":"","meta":{"_seopress_robots_primary_cat":"17","_seopress_titles_title":"DTF Cleaner 3 u 1 teku\u0107ina za DTF\/DTG glave printera","_seopress_titles_desc":"1l teku\u0107ine za \u010di\u0161\u0107enje DTF i DTG glava pisa\u010da. Dizajnirana da otopi i ukloni naslage bijele i pigmentne tinte, sprje\u010dava su\u0161enje mlaznica.","_seopress_robots_index":""},"product_brand":[],"product_cat":[466,17],"product_tag":[457,456,461,465,460,463,462,459,464,458],"class_list":{"0":"post-9840","1":"product","2":"type-product","3":"status-publish","4":"has-post-thumbnail","6":"product_cat-ciscenje-i-odrzavanje-dtf-printera","7":"product_cat-dtf-repromaterijal","8":"product_tag-ciscenje-dtf-glave-pisaca","9":"product_tag-dtf-cleaner-tekucina","10":"product_tag-dtf-head-cleaning-solution","11":"product_tag-dtf-maintenance-fluid","12":"product_tag-dtf-printer-cistac","13":"product_tag-preventive-ciscenje-mlaznica-dtf","14":"product_tag-profesionalno-ciscenje-glave-epson","15":"product_tag-tekucina-za-odrzavanje-dtf-print-head","16":"product_tag-tekucina-za-otapanje-bijele-tinte","17":"product_tag-univerzalni-cleaner-epson-i3200","18":"product_shipping_class-dostava-iz-poslovnice","20":"first","21":"instock","22":"sale","23":"taxable","24":"shipping-taxable","25":"purchasable","26":"product-type-simple"},"tiered_pricing_type":"fixed","tiered_pricing_fixed_rules":[],"tiered_pricing_product_settings":{"layout":"default","base_unit_name":{"singular":null,"plural":null},"default_variation":null},"tiered_pricing_minimum_quantity":null,"tiered_pricing_roles_data":[],"tiered_pricing_percentage_rules":[],"tiered_pricing_maximum_quantity":null,"tiered_pricing_quantity_step":null,"_links":{"self":[{"href":"https:\/\/dtfprint.hr\/en\/wp-json\/wp\/v2\/product\/9840","targetHints":{"allow":["GET"]}}],"collection":[{"href":"https:\/\/dtfprint.hr\/en\/wp-json\/wp\/v2\/product"}],"about":[{"href":"https:\/\/dtfprint.hr\/en\/wp-json\/wp\/v2\/types\/product"}],"wp:featuredmedia":[{"embeddable":true,"href":"https:\/\/dtfprint.hr\/en\/wp-json\/wp\/v2\/media\/9842"}],"wp:attachment":[{"href":"https:\/\/dtfprint.hr\/en\/wp-json\/wp\/v2\/media?parent=9840"}],"wp:term":[{"taxonomy":"product_brand","embeddable":true,"href":"https:\/\/dtfprint.hr\/en\/wp-json\/wp\/v2\/product_brand?post=9840"},{"taxonomy":"product_cat","embeddable":true,"href":"https:\/\/dtfprint.hr\/en\/wp-json\/wp\/v2\/product_cat?post=9840"},{"taxonomy":"product_tag","embeddable":true,"href":"https:\/\/dtfprint.hr\/en\/wp-json\/wp\/v2\/product_tag?post=9840"}],"curies":[{"name":"wp","href":"https:\/\/api.w.org\/{rel}","templated":true}]}}