{"id":10760,"date":"2025-10-29T05:41:38","date_gmt":"2025-10-29T04:41:38","guid":{"rendered":"https:\/\/dtfprint.hr\/proizvod\/secabo-tc5-smart-modularna-termo-presa-s-membranom-38cm-x-38cm-s-bluetooth-om\/"},"modified":"2025-11-04T09:50:53","modified_gmt":"2025-11-04T08:50:53","slug":"secabo-tc5-smart-modularna-termo-presa-s-membranom-38cm-x-38cm-s-bluetooth-om","status":"publish","type":"product","link":"https:\/\/dtfprint.hr\/en\/proizvod\/secabo-tc5-smart-modularna-termo-presa-s-membranom-38cm-x-38cm-s-bluetooth-om\/","title":{"rendered":"Secabo TC5 SMART modular heat press with membrane 38cm x 38cm with Bluetooth"},"content":{"rendered":"<p>Ovaj novi razvoj uspje\u0161ne automatske pre\u0161e Secabo TC5 MEMBRAN donosi prvi na svijetu na tr\u017ei\u0161te, otvaraju\u0107i niz novih mogu\u0107nosti za korisnike: Po prvi put, kontroler TC5 SMART MEMBRAN opremljen je Bluetooth su\u010deljem koje, uz besplatnu aplikaciju Secabo Smart Transfer, omogu\u0107uje upravljanje pre\u0161om uz istovremeni pristup sveobuhvatnoj bazi podataka funkcija. Za korisnika to zna\u010di: jednostavno unesite vrstu tkanine i materijal za prijenos i mogu\u0107e je pozvati odgovaraju\u0107e kombinacije za temperaturu, vrijeme i tlak. Dodatne funkcije kao \u0161to su izra\u010dun vremena zagrijavanja i funkcije upozorenja \u010dine aplikaciju dragocjenom pomo\u0107i za sve uobi\u010dajene procese prijenosa topline. Nova Secabo TC5 SMART MEMBRAN Heat Press nudi radnu povr\u0161inu od 38 cm x 38 cm, jednostavna je za rukovanje i robusna tijekom rada. Osnovna plo\u010da Heat Pressa ima pasivnu membranu. Otvara mnoge nove mogu\u0107nosti primjene &#8211; posebno za prijenosne objekte s velikim razlikama u visini i neravninama. Membrana se mo\u017ee lako napuhati pomo\u0107u male kuglice za puhanje. To korisniku omogu\u0107uje odre\u0111ivanje maksimalne visine izravnavanja membrane za prijenos. Kontaktni pritisak se mo\u017ee podesiti pomo\u0107u velikog ru\u010dnog kota\u010da na vrhu grija\u0107e plo\u010de. Kada je Heat Press zatvoren, mjera\u010d tlaka pouzdano pokazuje trenutni kontaktni tlak &#8211; u gramima po kvadratnom centimetru. Tijekom procesa pre\u0161anja mogu\u0107e je dodatno fino pode\u0161avanje pomo\u0107u kuglice za puhanje i otpu\u0161taju\u0107eg ventila. S TC5 SMART MEMBRANOM, ne samo da se stvarni tlak prijenosa mo\u017ee o\u010ditati, ve\u0107 se tako\u0111er mo\u017ee reproducibilno postaviti uvijek iznova. Modularni dizajn omogu\u0107uje brzu i jednostavnu ugradnju izmjenjivih plo\u010da u razli\u010ditim formatima, sustav brze izmjene i klizni nastavak. Konvencionalna temeljna plo\u010da uklju\u010dena je u opseg isporuke uz membransku plo\u010du.<\/p>","protected":false},"excerpt":{"rendered":"<p>Secabo TC5 MEMBRAN donosi prvi na svijetu na tr\u017ei\u0161te, otvaraju\u0107i niz novih mogu\u0107nosti za korisnike: Po prvi put, kontroler TC5 SMART MEMBRAN opremljen je Bluetooth su\u010deljem koje, uz besplatnu aplikaciju Secabo Smart Transfer, omogu\u0107uje upravljanje pre\u0161om uz istovremeni pristup sveobuhvatnoj bazi podataka funkcija.<\/p>","protected":false},"featured_media":10755,"template":"","meta":{"_seopress_robots_primary_cat":"none","_seopress_titles_title":"","_seopress_titles_desc":"","_seopress_robots_index":""},"product_brand":[],"product_cat":[486],"product_tag":[73,487,64,65],"class_list":{"0":"post-10760","1":"product","2":"type-product","3":"status-publish","4":"has-post-thumbnail","6":"product_cat-secabo","7":"product_tag-secabo","8":"product_tag-secabo-heat-press","9":"product_tag-termo-presa","10":"product_tag-termo-presa-za-majice","12":"first","13":"outofstock","14":"sale","15":"taxable","16":"shipping-taxable","17":"purchasable","18":"product-type-simple"},"tiered_pricing_type":"fixed","tiered_pricing_fixed_rules":[],"tiered_pricing_product_settings":{"layout":"default","base_unit_name":{"singular":null,"plural":null},"default_variation":null},"tiered_pricing_minimum_quantity":null,"tiered_pricing_roles_data":[],"tiered_pricing_percentage_rules":[],"tiered_pricing_maximum_quantity":null,"tiered_pricing_quantity_step":null,"_links":{"self":[{"href":"https:\/\/dtfprint.hr\/en\/wp-json\/wp\/v2\/product\/10760","targetHints":{"allow":["GET"]}}],"collection":[{"href":"https:\/\/dtfprint.hr\/en\/wp-json\/wp\/v2\/product"}],"about":[{"href":"https:\/\/dtfprint.hr\/en\/wp-json\/wp\/v2\/types\/product"}],"wp:featuredmedia":[{"embeddable":true,"href":"https:\/\/dtfprint.hr\/en\/wp-json\/wp\/v2\/media\/10755"}],"wp:attachment":[{"href":"https:\/\/dtfprint.hr\/en\/wp-json\/wp\/v2\/media?parent=10760"}],"wp:term":[{"taxonomy":"product_brand","embeddable":true,"href":"https:\/\/dtfprint.hr\/en\/wp-json\/wp\/v2\/product_brand?post=10760"},{"taxonomy":"product_cat","embeddable":true,"href":"https:\/\/dtfprint.hr\/en\/wp-json\/wp\/v2\/product_cat?post=10760"},{"taxonomy":"product_tag","embeddable":true,"href":"https:\/\/dtfprint.hr\/en\/wp-json\/wp\/v2\/product_tag?post=10760"}],"curies":[{"name":"wp","href":"https:\/\/api.w.org\/{rel}","templated":true}]}}