{"id":10709,"date":"2025-10-29T05:38:46","date_gmt":"2025-10-29T04:38:46","guid":{"rendered":"https:\/\/dtfprint.hr\/proizvod\/secabo-tc7-lite-energy-saver-modularna-termo-presa-40cm-x-50cm\/"},"modified":"2025-11-04T09:50:56","modified_gmt":"2025-11-04T08:50:56","slug":"secabo-tc7-lite-energy-saver-modularna-termo-presa-40cm-x-50cm","status":"publish","type":"product","link":"https:\/\/dtfprint.hr\/en\/proizvod\/secabo-tc7-lite-energy-saver-modularna-termo-presa-40cm-x-50cm\/","title":{"rendered":"Secabo TC7 LITE Energy Saver modular heat press 40cm x 50cm"},"content":{"rendered":"<p>Vrhunska nadogradnja energetske u\u010dinkovitosti i prakti\u010dnosti prijenosa<\/p>\n<p>Pove\u0107ajte energetsku u\u010dinkovitost i revolucionirajte svoj rad uz Secabo TC7 LITE Energy Saver. Opremljena revolucionarnom Secabo Energy Saver HP5 grija\u0107om plo\u010dom, ova Heat Press predstavlja spoj tehnologije i odr\u017eivosti bez presedana.<\/p>\n<p>Optimal energy efficiency meets elite performance:<\/p>\n<p>Integrirana grija\u0107a plo\u010da HP5 ES impresionira svojom dodatnom izolacijom koja zna\u010dajno smanjuje potro\u0161nju energije u stanju mirovanja i obe\u0107ava u\u0161tedu do 80%. Kada radi, ova grija\u0107a plo\u010da dizajnirana je za vi\u0161e od 30% u\u010dinkovitiji rad, \u0161to ne samo da vam donosi zna\u010dajne u\u0161tede energije, ve\u0107 tako\u0111er poma\u017ee smanjiti utjecaj va\u0161eg rada na okoli\u0161.<\/p>\n<p>User-centric security and ease of use:<\/p>\n<p>Zahvaljuju\u0107i posebno dizajniranom poklopcu, va\u0161i su zaposlenici za\u0161ti\u0107eni od potencijalnih opeklina uz dodatno smanjenje potro\u0161nje energije. Upravljanje grija\u0107om plo\u010dom bez poklopca je iznimno jednostavno. Ru\u010dni kota\u010d omogu\u0107uje vam precizno pode\u0161avanje kontaktnog pritiska tako da mo\u017eete zapo\u010deti u trenu.<\/p>\n<p>Maksimalna tro\u0161kovna u\u010dinkovitost za va\u0161e poslovanje:<\/p>\n<p>Zamislite da mo\u017eete u\u0161tedjeti do 374 EUR godi\u0161nje na tro\u0161kovima energije samo kori\u0161tenjem Secabo TC7 LITE Energy Saver za 8-satni radni dan i cijenu elektri\u010dne energije od 0,4 EUR\/kWh. To nije samo impresivna u\u0161teda tro\u0161kova, ve\u0107 i korak prema ekolo\u0161ki prihvatljivijem radu.<\/p>\n<p>Secabo TC7 LITE Energy Saver predstavlja budu\u0107nost Heat Press tehnologije. Kombinira prvoklasne performanse, energetsku u\u010dinkovitost i jednostavnost kori\u0161tenja u jednom impresivnom paketu. Vrijeme je da poduzmete sljede\u0107i korak i optimizirate svoj rad sa Secabo revolucionarnom tehnologijom. Otkrijte bezbrojne prednosti i pove\u0107ajte u\u010dinkovitost i odr\u017eivost svog poslovanja.<\/p>\n<p>Eco-friendly design:<\/p>\n<p>Conserve resources with sustainable design and reduced energy consumption to reduce your impact on the environment.<\/p>\n<p>Optimized energy management:<\/p>\n<p>Intelligent energy management ensures lower consumption and minimized heat loss during working hours.<\/p>\n<p>Consumption analysis:<\/p>\n<p>The ability to monitor energy consumption to better identify and take advantage of potential savings.<\/p>\n<p>Longer lifespan:<\/p>\n<p>Reduced energy consumption ensures less wear and tear, and thus a longer life of the device.<\/p>\n<p>Cost savings:<\/p>\n<p>The economy of energy saving contributes to faster amortization of purchase costs.<\/p>\n<p>Increased productivity:<\/p>\n<p>More efficient energy management allows for longer operating times and therefore increases productivity.<\/p>\n<p>Reduced CO2 emissions:<\/p>\n<p>The use of energy-efficient technologies significantly reduces CO2 emissions, thereby helping to protect the environment.<\/p>\n<p>Improved heat transfer:<\/p>\n<p>Optimized energy efficiency ensures more even and precise heat transfer in heat presses.<\/p>\n<p>Smart Energy features:<\/p>\n<p>Innovative technologies like automatic power off and sleep during inactivity save additional energy.<\/p>\n<p>Features:<\/p>\n<p>Termo pre\u0161a se automatski otvara nakon isteka vremena<br \/>\nDigital temperature and time controller<br \/>\nTemperatura (maks. 250\u00b0C) i vrijeme mogu se postaviti na regulatoru pomo\u0107u tipki sa strelicama<br \/>\nModular design, components are easy to change<br \/>\nNadogradnja na verziju Secabo SMART mogu\u0107a u bilo kojem trenutku<br \/>\nEasily adjustable contact pressure<br \/>\nHigh-quality heating plate with additional protective plate<br \/>\nPrikladno za sve uobi\u010dajene metode prijenosa<br \/>\nIt can be retrofitted with accessories such as interchangeable plates, a sliding extension or a membrane heating plate for even greater productivity.<\/p>","protected":false},"excerpt":{"rendered":"<p>Pove\u0107ajte energetsku u\u010dinkovitost i revolucionirajte svoj rad uz Secabo TC7 LITE Energy Saver. Opremljena revolucionarnom Secabo Energy Saver HP5 grija\u0107om plo\u010dom, ova Heat Press predstavlja spoj tehnologije i odr\u017eivosti bez presedana.<\/p>","protected":false},"featured_media":10703,"template":"","meta":{"_seopress_robots_primary_cat":"none","_seopress_titles_title":"","_seopress_titles_desc":"","_seopress_robots_index":""},"product_brand":[],"product_cat":[486],"product_tag":[73,487,64,65],"class_list":{"0":"post-10709","1":"product","2":"type-product","3":"status-publish","4":"has-post-thumbnail","6":"product_cat-secabo","7":"product_tag-secabo","8":"product_tag-secabo-heat-press","9":"product_tag-termo-presa","10":"product_tag-termo-presa-za-majice","12":"first","13":"instock","14":"sale","15":"taxable","16":"shipping-taxable","17":"purchasable","18":"product-type-simple"},"tiered_pricing_type":"fixed","tiered_pricing_fixed_rules":[],"tiered_pricing_product_settings":{"layout":"default","base_unit_name":{"singular":null,"plural":null},"default_variation":null},"tiered_pricing_minimum_quantity":null,"tiered_pricing_roles_data":[],"tiered_pricing_percentage_rules":[],"tiered_pricing_maximum_quantity":null,"tiered_pricing_quantity_step":null,"_links":{"self":[{"href":"https:\/\/dtfprint.hr\/en\/wp-json\/wp\/v2\/product\/10709","targetHints":{"allow":["GET"]}}],"collection":[{"href":"https:\/\/dtfprint.hr\/en\/wp-json\/wp\/v2\/product"}],"about":[{"href":"https:\/\/dtfprint.hr\/en\/wp-json\/wp\/v2\/types\/product"}],"wp:featuredmedia":[{"embeddable":true,"href":"https:\/\/dtfprint.hr\/en\/wp-json\/wp\/v2\/media\/10703"}],"wp:attachment":[{"href":"https:\/\/dtfprint.hr\/en\/wp-json\/wp\/v2\/media?parent=10709"}],"wp:term":[{"taxonomy":"product_brand","embeddable":true,"href":"https:\/\/dtfprint.hr\/en\/wp-json\/wp\/v2\/product_brand?post=10709"},{"taxonomy":"product_cat","embeddable":true,"href":"https:\/\/dtfprint.hr\/en\/wp-json\/wp\/v2\/product_cat?post=10709"},{"taxonomy":"product_tag","embeddable":true,"href":"https:\/\/dtfprint.hr\/en\/wp-json\/wp\/v2\/product_tag?post=10709"}],"curies":[{"name":"wp","href":"https:\/\/api.w.org\/{rel}","templated":true}]}}