{"id":8902,"date":"2024-11-29T01:50:13","date_gmt":"2024-11-29T00:50:13","guid":{"rendered":"https:\/\/dtfprint.hr\/?page_id=8902"},"modified":"2024-11-29T01:52:54","modified_gmt":"2024-11-29T00:52:54","slug":"we-are-hiring-open-job-positions","status":"publish","type":"page","link":"https:\/\/dtfprint.hr\/en\/zaposljavamo-otvorene-pozicije-za-posao\/","title":{"rendered":"Zapo\u0161ljavamo &#8211; Otvorene pozicije za posao"},"content":{"rendered":"<section class=\"bde-section-8902-100 bde-section\">\n  \n  \n\t\n\n\n\n<div class=\"section-container\"><div class=\"bde-text-8902-101 bde-text\">\n\n<\/div><div class=\"bde-columns-8902-102 bde-columns\"><div class=\"bde-column-8902-103 bde-column\">\n  \n  \n\t\n\n\n\n<img decoding=\"async\" class=\"bde-image2-8902-104 bde-image2\" src=\"https:\/\/promotekstil.hr\/wp-content\/uploads\/2024\/11\/posao_ikona.svg\" loading=\"lazy\" sizes=\"(max-width: 500px) 100vw, 500px\">\n<\/div><div class=\"bde-column-8902-105 bde-column\">\n  \n  \n\t\n\n\n\n<h1 class=\"bde-heading-8902-106 bde-heading\">\nJoin our team!<br>\n<\/h1><div class=\"bde-text-8902-107 bde-text\">\nAre you looking for a dynamic job in a creative and fast-growing environment? Our company, specialized in the distribution of promotional textile products, graphic preparation and branding, is looking for new team members! If you are interested in working in the printing industry and want to improve your skills in modern printing techniques, this is the right opportunity for you.\n<\/div>\n<\/div><\/div><\/div>\n<\/section><section class=\"bde-section-8902-108 bde-section\">\n  \n  \n\t\n\n\n\n<div class=\"section-container\"><div class=\"bde-columns-8902-109 bde-columns\"><div class=\"bde-column-8902-110 bde-column\">\n  \n  \n\t\n\n\n\n<div class=\"bde-div-8902-111 bde-div\">\n  \n  \n\t\n\n\n\n<h3 class=\"bde-heading-8902-112 bde-heading\">\n1. Open position: Employee in a printing house\n<\/h3>\n<\/div><div class=\"bde-rich-text-8902-113 bde-rich-text breakdance-rich-text-styles\">\n<p><strong>Place of work:<\/strong> Our printing office at Josipa Lenca Spodol\u010deva 5, Rijeka<br \/><strong>Job type:<\/strong> Full time<\/p><hr \/><h4><strong>Job description<\/strong><\/h4><p>As part of our team, you will be involved in a variety of activities that encompass the entire process of branding textile products:<\/p><ul><li><strong>Preparation for printing<\/strong> \u2013 setting up and adjusting the design for different types of printing.<\/li><li><strong>Printing<\/strong> - working on modern printing machines.<\/li><li><strong>Working on a thermal press (pressing)<\/strong> \u2013 the final step in the process of personalizing textile products.<\/li><li><strong>Screen printing<\/strong> \u2013 precise and creative application of designs on textiles.<\/li><li><strong>Work on a DTF printer<\/strong> - control of the device for direct printing of the imager on the film.<\/li><li><strong>Communication with clients<\/strong> \u2013 providing support and consulting regarding design and printing techniques.<\/li><\/ul><hr \/><h4><strong>What do we look for from candidates?<\/strong><\/h4><ul><li>Minimally <strong>secondary vocational education<\/strong>.<\/li><li>Driver&#039;s license <strong>B category<\/strong>.<\/li><li><strong>Desire to learn<\/strong> working in CorelDraw and Adobe Illustrator programs.<\/li><li>Organization, precision and ability to work in a team.<\/li><li>Experience in printing is an advantage, but not a requirement.<\/li><\/ul><hr \/><h4><strong>What do we offer?<\/strong><\/h4><ul><li>Work in a stimulating and modern environment.<\/li><li>The possibility of improving and acquiring new knowledge and skills.<\/li><li>Stable employment with opportunities for advancement.<\/li><li>Competitive salary and favorable working conditions.<\/li><\/ul><hr \/><h3><strong>How to register?<\/strong><\/h3><p>If you want to become part of our team, send your CV and motivation letter to our e-mail: info@dtfprint.hr<\/p>\n<\/div>\n<\/div><div class=\"bde-column-8902-114 bde-column\">\n  \n  \n\t\n\n\n\n<h3 class=\"bde-heading-8902-115 bde-heading\">\n2. More open positions: Student help in the printing house\n<\/h3><div class=\"bde-rich-text-8902-116 bde-rich-text breakdance-rich-text-styles\">\n<p><strong>Place of work:<\/strong> Our printing office at Josipa Lenca Spodol\u010deva 5, Rijeka<br \/><strong>Job type:<\/strong> Working hours by agreement<br \/><strong>Work location:<\/strong> Our modern production facility<br \/><strong>Duration:<\/strong> 4th and 5th month of 2025.<br \/><strong>Working hours:<\/strong> Flexible, adapted to student obligations<\/p><hr \/><p>Are you looking for a flexible and dynamic student job? Our company, which deals with the distribution of promotional textile products, graphic preparation, branding and printing on textiles, is opening several positions for students in the period <strong>April \u2013 May 2025.<\/strong> If you want to gain practical experience and learn something new, this is the right opportunity for you!<\/p><hr \/><h4><strong>What are you going to do?<\/strong><\/h4><ul><li><strong>Preparation for printing<\/strong> - assisting in setting up and preparing press materials.<\/li><li><strong>Printing and working on machines<\/strong> \u2013 support in the implementation of printing on promotional textile products.<\/li><li><strong>Working on a thermal press<\/strong> \u2013 final processing of the product by pressing.<\/li><li><strong>Screen printing and DTF printing<\/strong> \u2013 assistance in various techniques of textile personalization.<\/li><li><strong>Communication with the team and clients<\/strong> \u2013 assistance in coordinating orders and deliveries.<\/li><\/ul><hr \/><h4><strong>What do we ask of you?<\/strong><\/h4><ul><li>Full-time student status.<\/li><li>Minimum 18 years of age.<\/li><li>Ability to work in a team and willingness to learn new skills.<\/li><li>Driving license category B is an advantage, but not a requirement.<\/li><\/ul><hr \/><h4><strong>What do we offer?<\/strong><\/h4><ul><li>Flexible working hours adapted to your university obligations.<\/li><li>An opportunity to gain practical experience in the printing industry.<\/li><li>Friendly working environment and support from an experienced team.<\/li><li>Hourly rate adapted to student work and additional bonuses for success. <strong>Hourly rates: \u20ac4.70\/h Sundays \u20ac6.70\/h<\/strong><\/li><\/ul><h3><strong>How to register?<\/strong><\/h3><p>If you want to become part of our team, send us your information and inquiry to info@dtfprint.hr, also follow our ads on Student Service Rijeka.<\/p>\n<\/div>\n<\/div><\/div><\/div>\n<\/section>","protected":false},"excerpt":{"rendered":"<p>Pridru\u017eite se na\u0161em timu! Tra\u017eite dinami\u010dan posao u kreativnom i brzorastu\u0107em okru\u017eenju? Na\u0161a tvrtka, specijalizirana za distribuciju promotivnih tekstilnih proizvoda, grafi\u010dku pripremu i brendiranje, tra\u017ei nove \u010dlanove tima! Ako vas zanima rad u tiskarskoj industriji i \u017eelite usavr\u0161iti svoje vje\u0161tine u modernim tehnikama printanja, ovo je prava prilika za vas. 1. Otvorena pozicija: Djelatnik u [&hellip;]<\/p>\n","protected":false},"author":1,"featured_media":8905,"parent":0,"menu_order":0,"comment_status":"closed","ping_status":"closed","template":"","meta":{"_seopress_robots_primary_cat":"","_seopress_titles_title":"","_seopress_titles_desc":"","_seopress_robots_index":"","_breakdance_hide_in_design_set":false,"_breakdance_tags":"","footnotes":""},"class_list":["post-8902","page","type-page","status-publish","has-post-thumbnail","hentry"],"_links":{"self":[{"href":"https:\/\/dtfprint.hr\/en\/wp-json\/wp\/v2\/pages\/8902","targetHints":{"allow":["GET"]}}],"collection":[{"href":"https:\/\/dtfprint.hr\/en\/wp-json\/wp\/v2\/pages"}],"about":[{"href":"https:\/\/dtfprint.hr\/en\/wp-json\/wp\/v2\/types\/page"}],"author":[{"embeddable":true,"href":"https:\/\/dtfprint.hr\/en\/wp-json\/wp\/v2\/users\/1"}],"replies":[{"embeddable":true,"href":"https:\/\/dtfprint.hr\/en\/wp-json\/wp\/v2\/comments?post=8902"}],"version-history":[{"count":2,"href":"https:\/\/dtfprint.hr\/en\/wp-json\/wp\/v2\/pages\/8902\/revisions"}],"predecessor-version":[{"id":8907,"href":"https:\/\/dtfprint.hr\/en\/wp-json\/wp\/v2\/pages\/8902\/revisions\/8907"}],"wp:featuredmedia":[{"embeddable":true,"href":"https:\/\/dtfprint.hr\/en\/wp-json\/wp\/v2\/media\/8905"}],"wp:attachment":[{"href":"https:\/\/dtfprint.hr\/en\/wp-json\/wp\/v2\/media?parent=8902"}],"curies":[{"name":"wp","href":"https:\/\/api.w.org\/{rel}","templated":true}]}}